{"id":1165,"date":"2020-05-11T20:44:43","date_gmt":"2020-05-12T00:44:43","guid":{"rendered":"http:\/\/westnipissing.ca\/?page_id=1165"},"modified":"2025-04-23T16:39:38","modified_gmt":"2025-04-23T20:39:38","slug":"temples-de-la-renommee-des-sports-de-nipissing-ouest","status":"publish","type":"page","link":"https:\/\/www.westnipissing.ca\/fr\/culture-loisirs\/arts-et-culture\/temples-de-la-renommee-des-sports-de-nipissing-ouest\/","title":{"rendered":"Temple de la renomm\u00e9e des sports de Nipissing Ouest"},"content":{"rendered":"\t\t<div data-elementor-type=\"wp-page\" data-elementor-id=\"1165\" class=\"elementor elementor-1165 elementor-1154\" data-elementor-post-type=\"page\">\n\t\t\t\t<div class=\"elementor-element elementor-element-dc7e42b e-flex e-con-boxed e-con e-parent\" data-id=\"dc7e42b\" data-element_type=\"container\" data-e-type=\"container\">\n\t\t\t\t\t<div class=\"e-con-inner\">\n\t\t\t\t<div class=\"elementor-element elementor-element-d27e227 elementor-widget elementor-widget-text-editor\" data-id=\"d27e227\" data-element_type=\"widget\" data-e-type=\"widget\" data-widget_type=\"text-editor.default\">\n\t\t\t\t\t\t\t\t\t<h5>Le mandat du Temple de la renomm\u00e9e des sports est de c\u00e9l\u00e9brer les noms et les exploits des gens qui se sont d\u00e9marqu\u00e9s gr\u00e2ce au sport et qui ont apport\u00e9s de la gloire \u00e0 leurs communaut\u00e9s ainsi que ceux qui contribuent \u00e0 l\u2019essor d\u2019un climat athl\u00e9tique b\u00e9n\u00e9fique \u00e0 Nipissing Ouest.<\/h5>\n<p class=\"has-text-align-left\">Le Temple de la renomm\u00e9e des sports est situ\u00e9 au Centre communautaire et r\u00e9cr\u00e9atif (porte arri\u00e8re) \u00e0 210, rue Clark, Sturgeon Falls.<\/p>\n<p class=\"has-text-align-left\">Pour des questions au sujet du local ou pour proposer le nom d\u2019une personne qui se distingue dans le monde des sports, veuillez joindre l\u2019\u00e9quipe communautaire et r\u00e9cr\u00e9ative au\u00a0<a href=\"tel:7057530160\">705-753-0160<\/a>\u00a0ou au\u00a0<a href=\"mailto:reccenterstaff@westnipissing.ca\">reccenterstaff@westnipissing.ca<\/a>.<\/p>\t\t\t\t\t\t\t\t<\/div>\n\t\t\t\t<div class=\"elementor-element elementor-element-7c4df8e elementor-widget elementor-widget-image\" data-id=\"7c4df8e\" data-element_type=\"widget\" data-e-type=\"widget\" data-widget_type=\"image.default\">\n\t\t\t\t\t\t\t\t\t\t\t\t<figure class=\"wp-caption\">\n\t\t\t\t\t\t\t\t\t\t<img fetchpriority=\"high\" decoding=\"async\" width=\"2560\" height=\"1287\" src=\"https:\/\/www.westnipissing.ca\/wp-content\/uploads\/2025\/04\/Inductees_4x8_2020_v1-scaled-1.jpg\" class=\"attachment-full size-full wp-image-47625\" alt=\"\" srcset=\"https:\/\/www.westnipissing.ca\/wp-content\/uploads\/2025\/04\/Inductees_4x8_2020_v1-scaled-1.jpg 2560w, https:\/\/www.westnipissing.ca\/wp-content\/uploads\/2025\/04\/Inductees_4x8_2020_v1-scaled-1-300x151.jpg 300w, https:\/\/www.westnipissing.ca\/wp-content\/uploads\/2025\/04\/Inductees_4x8_2020_v1-scaled-1-1024x515.jpg 1024w, https:\/\/www.westnipissing.ca\/wp-content\/uploads\/2025\/04\/Inductees_4x8_2020_v1-scaled-1-768x386.jpg 768w, https:\/\/www.westnipissing.ca\/wp-content\/uploads\/2025\/04\/Inductees_4x8_2020_v1-scaled-1-1536x772.jpg 1536w, https:\/\/www.westnipissing.ca\/wp-content\/uploads\/2025\/04\/Inductees_4x8_2020_v1-scaled-1-2048x1030.jpg 2048w\" sizes=\"(max-width: 2560px) 100vw, 2560px\" \/>\t\t\t\t\t\t\t\t\t\t\t<figcaption class=\"widget-image-caption wp-caption-text\">Illustration of inductees from 2001-2020<\/figcaption>\n\t\t\t\t\t\t\t\t\t\t<\/figure>\n\t\t\t\t\t\t\t\t\t<\/div>\n\t\t\t\t<div class=\"elementor-element elementor-element-18f5276 elementor-widget elementor-widget-gallery\" data-id=\"18f5276\" data-element_type=\"widget\" data-e-type=\"widget\" data-settings=\"{&quot;gallery_layout&quot;:&quot;justified&quot;,&quot;gap&quot;:{&quot;unit&quot;:&quot;px&quot;,&quot;size&quot;:20,&quot;sizes&quot;:[]},&quot;lazyload&quot;:&quot;yes&quot;,&quot;ideal_row_height&quot;:{&quot;unit&quot;:&quot;px&quot;,&quot;size&quot;:200,&quot;sizes&quot;:[]},&quot;ideal_row_height_tablet_extra&quot;:{&quot;unit&quot;:&quot;px&quot;,&quot;size&quot;:150,&quot;sizes&quot;:[]},&quot;ideal_row_height_tablet&quot;:{&quot;unit&quot;:&quot;px&quot;,&quot;size&quot;:150,&quot;sizes&quot;:[]},&quot;ideal_row_height_mobile&quot;:{&quot;unit&quot;:&quot;px&quot;,&quot;size&quot;:150,&quot;sizes&quot;:[]},&quot;gap_tablet_extra&quot;:{&quot;unit&quot;:&quot;px&quot;,&quot;size&quot;:10,&quot;sizes&quot;:[]},&quot;gap_tablet&quot;:{&quot;unit&quot;:&quot;px&quot;,&quot;size&quot;:10,&quot;sizes&quot;:[]},&quot;gap_mobile&quot;:{&quot;unit&quot;:&quot;px&quot;,&quot;size&quot;:10,&quot;sizes&quot;:[]},&quot;link_to&quot;:&quot;file&quot;,&quot;overlay_background&quot;:&quot;yes&quot;,&quot;content_hover_animation&quot;:&quot;fade-in&quot;}\" data-widget_type=\"gallery.default\">\n\t\t\t\t\t\t\t<div class=\"elementor-gallery__container\">\n\t\t\t\t\t\t\t<a class=\"e-gallery-item elementor-gallery-item elementor-animated-content\" href=\"https:\/\/www.westnipissing.ca\/wp-content\/uploads\/2025\/04\/DSC_0317-complex-exterior-scaled-e1609423365904.jpg\" data-elementor-open-lightbox=\"yes\" data-elementor-lightbox-slideshow=\"18f5276\" data-elementor-lightbox-title=\"DSC_0317-complex-exterior-scaled-e1609423365904.jpg\" data-e-action-hash=\"#elementor-action%3Aaction%3Dlightbox%26settings%3DeyJpZCI6NDc2MjcsInVybCI6Imh0dHBzOlwvXC93d3cud2VzdG5pcGlzc2luZy5jYVwvd3AtY29udGVudFwvdXBsb2Fkc1wvMjAyNVwvMDRcL0RTQ18wMzE3LWNvbXBsZXgtZXh0ZXJpb3Itc2NhbGVkLWUxNjA5NDIzMzY1OTA0LmpwZyIsInNsaWRlc2hvdyI6IjE4ZjUyNzYifQ%3D%3D\">\n\t\t\t\t\t<div class=\"e-gallery-image elementor-gallery-item__image\" data-thumbnail=\"https:\/\/www.westnipissing.ca\/wp-content\/uploads\/2025\/04\/DSC_0317-complex-exterior-scaled-e1609423365904-768x531.jpg\" data-width=\"768\" data-height=\"531\" aria-label=\"\" role=\"img\" ><\/div>\n\t\t\t\t\t\t\t\t\t\t\t<div class=\"elementor-gallery-item__overlay\"><\/div>\n\t\t\t\t\t\t\t\t\t\t\t\t\t\t<\/a>\n\t\t\t\t\t\t\t<a class=\"e-gallery-item elementor-gallery-item elementor-animated-content\" href=\"https:\/\/www.westnipissing.ca\/wp-content\/uploads\/2025\/04\/dsc_0600-rec-center-scaled-1.jpg\" data-elementor-open-lightbox=\"yes\" data-elementor-lightbox-slideshow=\"18f5276\" data-elementor-lightbox-title=\"dsc_0600-rec-center-scaled.jpg\" data-e-action-hash=\"#elementor-action%3Aaction%3Dlightbox%26settings%3DeyJpZCI6NDc2MjksInVybCI6Imh0dHBzOlwvXC93d3cud2VzdG5pcGlzc2luZy5jYVwvd3AtY29udGVudFwvdXBsb2Fkc1wvMjAyNVwvMDRcL2RzY18wNjAwLXJlYy1jZW50ZXItc2NhbGVkLTEuanBnIiwic2xpZGVzaG93IjoiMThmNTI3NiJ9\">\n\t\t\t\t\t<div class=\"e-gallery-image elementor-gallery-item__image\" data-thumbnail=\"https:\/\/www.westnipissing.ca\/wp-content\/uploads\/2025\/04\/dsc_0600-rec-center-scaled-1-768x500.jpg\" data-width=\"768\" data-height=\"500\" aria-label=\"\" role=\"img\" ><\/div>\n\t\t\t\t\t\t\t\t\t\t\t<div class=\"elementor-gallery-item__overlay\"><\/div>\n\t\t\t\t\t\t\t\t\t\t\t\t\t\t<\/a>\n\t\t\t\t\t\t\t<a class=\"e-gallery-item elementor-gallery-item elementor-animated-content\" href=\"https:\/\/www.westnipissing.ca\/wp-content\/uploads\/2025\/04\/dsc_0587-rec-center-scaled-1.jpg\" data-elementor-open-lightbox=\"yes\" data-elementor-lightbox-slideshow=\"18f5276\" data-elementor-lightbox-title=\"dsc_0587-rec-center-scaled.jpg\" data-e-action-hash=\"#elementor-action%3Aaction%3Dlightbox%26settings%3DeyJpZCI6NDc2MzEsInVybCI6Imh0dHBzOlwvXC93d3cud2VzdG5pcGlzc2luZy5jYVwvd3AtY29udGVudFwvdXBsb2Fkc1wvMjAyNVwvMDRcL2RzY18wNTg3LXJlYy1jZW50ZXItc2NhbGVkLTEuanBnIiwic2xpZGVzaG93IjoiMThmNTI3NiJ9\">\n\t\t\t\t\t<div class=\"e-gallery-image elementor-gallery-item__image\" data-thumbnail=\"https:\/\/www.westnipissing.ca\/wp-content\/uploads\/2025\/04\/dsc_0587-rec-center-scaled-1-768x389.jpg\" data-width=\"768\" data-height=\"389\" aria-label=\"\" role=\"img\" ><\/div>\n\t\t\t\t\t\t\t\t\t\t\t<div class=\"elementor-gallery-item__overlay\"><\/div>\n\t\t\t\t\t\t\t\t\t\t\t\t\t\t<\/a>\n\t\t\t\t\t<\/div>\n\t\t\t\t\t<\/div>\n\t\t\t\t\t<\/div>\n\t\t\t\t<\/div>\n\t\t\t\t<\/div>\n\t\t","protected":false},"excerpt":{"rendered":"<p>Le mandat du Temple de la renomm\u00e9e des sports est de c\u00e9l\u00e9brer les noms et les exploits des gens qui se sont d\u00e9marqu\u00e9s gr\u00e2ce au sport et qui ont apport\u00e9s [&hellip;]<\/p>\n","protected":false},"author":4,"featured_media":0,"parent":746,"menu_order":0,"comment_status":"closed","ping_status":"closed","template":"elementor_theme","meta":{"_acf_changed":false,"_searchwp_excluded":"","footnotes":""},"class_list":["post-1165","page","type-page","status-publish","hentry"],"acf":[],"yoast_head":"<!-- This site is optimized with the Yoast SEO Premium plugin v27.4 (Yoast SEO v27.4) - https:\/\/yoast.com\/product\/yoast-seo-premium-wordpress\/ -->\n<title>Temple de la renomm\u00e9e des sports de Nipissing Ouest - West Nipissing Ouest<\/title>\n<meta name=\"robots\" content=\"index, follow, max-snippet:-1, max-image-preview:large, max-video-preview:-1\" \/>\n<link rel=\"canonical\" href=\"https:\/\/www.westnipissing.ca\/fr\/culture-loisirs\/arts-et-culture\/temples-de-la-renommee-des-sports-de-nipissing-ouest\/\" \/>\n<meta property=\"og:locale\" content=\"fr_FR\" \/>\n<meta property=\"og:type\" content=\"article\" \/>\n<meta property=\"og:title\" content=\"Temple de la renomm\u00e9e des sports de Nipissing Ouest\" \/>\n<meta property=\"og:description\" content=\"Le mandat du Temple de la renomm\u00e9e des sports est de c\u00e9l\u00e9brer les noms et les exploits des gens qui se sont d\u00e9marqu\u00e9s gr\u00e2ce au sport et qui ont apport\u00e9s [&hellip;]\" \/>\n<meta property=\"og:url\" content=\"https:\/\/www.westnipissing.ca\/fr\/culture-loisirs\/arts-et-culture\/temples-de-la-renommee-des-sports-de-nipissing-ouest\/\" \/>\n<meta property=\"og:site_name\" content=\"West Nipissing Ouest\" \/>\n<meta property=\"article:publisher\" content=\"https:\/\/www.facebook.com\/MunicipalityofWestNipissing\/\" \/>\n<meta property=\"article:modified_time\" content=\"2025-04-23T20:39:38+00:00\" \/>\n<meta property=\"og:image\" content=\"https:\/\/westnipissing.ca\/wp-content\/uploads\/2025\/04\/Inductees_4x8_2020_v1-scaled-1.jpg\" \/>\n<meta name=\"twitter:card\" content=\"summary_large_image\" \/>\n<meta name=\"twitter:site\" content=\"@West_Nipissing\" \/>\n<meta name=\"twitter:label1\" content=\"Dur\u00e9e de lecture estim\u00e9e\" \/>\n\t<meta name=\"twitter:data1\" content=\"2 minutes\" \/>\n<script type=\"application\/ld+json\" class=\"yoast-schema-graph\">{\"@context\":\"https:\\\/\\\/schema.org\",\"@graph\":[{\"@type\":\"WebPage\",\"@id\":\"https:\\\/\\\/www.westnipissing.ca\\\/fr\\\/culture-loisirs\\\/arts-et-culture\\\/temples-de-la-renommee-des-sports-de-nipissing-ouest\\\/\",\"url\":\"https:\\\/\\\/www.westnipissing.ca\\\/fr\\\/culture-loisirs\\\/arts-et-culture\\\/temples-de-la-renommee-des-sports-de-nipissing-ouest\\\/\",\"name\":\"Temple de la renomm\u00e9e des sports de Nipissing Ouest - West Nipissing Ouest\",\"isPartOf\":{\"@id\":\"https:\\\/\\\/www.westnipissing.ca\\\/fr\\\/#website\"},\"primaryImageOfPage\":{\"@id\":\"https:\\\/\\\/www.westnipissing.ca\\\/fr\\\/culture-loisirs\\\/arts-et-culture\\\/temples-de-la-renommee-des-sports-de-nipissing-ouest\\\/#primaryimage\"},\"image\":{\"@id\":\"https:\\\/\\\/www.westnipissing.ca\\\/fr\\\/culture-loisirs\\\/arts-et-culture\\\/temples-de-la-renommee-des-sports-de-nipissing-ouest\\\/#primaryimage\"},\"thumbnailUrl\":\"https:\\\/\\\/www.westnipissing.ca\\\/wp-content\\\/uploads\\\/2025\\\/04\\\/Inductees_4x8_2020_v1-scaled-1.jpg\",\"datePublished\":\"2020-05-12T00:44:43+00:00\",\"dateModified\":\"2025-04-23T20:39:38+00:00\",\"breadcrumb\":{\"@id\":\"https:\\\/\\\/www.westnipissing.ca\\\/fr\\\/culture-loisirs\\\/arts-et-culture\\\/temples-de-la-renommee-des-sports-de-nipissing-ouest\\\/#breadcrumb\"},\"inLanguage\":\"fr-FR\",\"potentialAction\":[{\"@type\":\"ReadAction\",\"target\":[\"https:\\\/\\\/www.westnipissing.ca\\\/fr\\\/culture-loisirs\\\/arts-et-culture\\\/temples-de-la-renommee-des-sports-de-nipissing-ouest\\\/\"]}]},{\"@type\":\"ImageObject\",\"inLanguage\":\"fr-FR\",\"@id\":\"https:\\\/\\\/www.westnipissing.ca\\\/fr\\\/culture-loisirs\\\/arts-et-culture\\\/temples-de-la-renommee-des-sports-de-nipissing-ouest\\\/#primaryimage\",\"url\":\"https:\\\/\\\/www.westnipissing.ca\\\/wp-content\\\/uploads\\\/2025\\\/04\\\/Inductees_4x8_2020_v1-scaled-1.jpg\",\"contentUrl\":\"https:\\\/\\\/www.westnipissing.ca\\\/wp-content\\\/uploads\\\/2025\\\/04\\\/Inductees_4x8_2020_v1-scaled-1.jpg\"},{\"@type\":\"BreadcrumbList\",\"@id\":\"https:\\\/\\\/www.westnipissing.ca\\\/fr\\\/culture-loisirs\\\/arts-et-culture\\\/temples-de-la-renommee-des-sports-de-nipissing-ouest\\\/#breadcrumb\",\"itemListElement\":[{\"@type\":\"ListItem\",\"position\":1,\"name\":\"Home\",\"item\":\"https:\\\/\\\/www.westnipissing.ca\\\/fr\\\/\"},{\"@type\":\"ListItem\",\"position\":2,\"name\":\"Culture et loisirs\",\"item\":\"https:\\\/\\\/www.westnipissing.ca\\\/fr\\\/culture-loisirs\\\/\"},{\"@type\":\"ListItem\",\"position\":3,\"name\":\"Arts et culture\",\"item\":\"https:\\\/\\\/www.westnipissing.ca\\\/fr\\\/culture-loisirs\\\/arts-et-culture\\\/\"},{\"@type\":\"ListItem\",\"position\":4,\"name\":\"Temple de la renomm\u00e9e des sports de Nipissing Ouest\"}]},{\"@type\":\"WebSite\",\"@id\":\"https:\\\/\\\/www.westnipissing.ca\\\/fr\\\/#website\",\"url\":\"https:\\\/\\\/www.westnipissing.ca\\\/fr\\\/\",\"name\":\"West Nipissing Ouest\",\"description\":\"Find your Joie de vivre in West Nipissing.\",\"publisher\":{\"@id\":\"https:\\\/\\\/www.westnipissing.ca\\\/fr\\\/#organization\"},\"potentialAction\":[{\"@type\":\"SearchAction\",\"target\":{\"@type\":\"EntryPoint\",\"urlTemplate\":\"https:\\\/\\\/www.westnipissing.ca\\\/fr\\\/?s={search_term_string}\"},\"query-input\":{\"@type\":\"PropertyValueSpecification\",\"valueRequired\":true,\"valueName\":\"search_term_string\"}}],\"inLanguage\":\"fr-FR\"},{\"@type\":\"Organization\",\"@id\":\"https:\\\/\\\/www.westnipissing.ca\\\/fr\\\/#organization\",\"name\":\"West Nipissing Ouest\",\"url\":\"https:\\\/\\\/www.westnipissing.ca\\\/fr\\\/\",\"logo\":{\"@type\":\"ImageObject\",\"inLanguage\":\"fr-FR\",\"@id\":\"https:\\\/\\\/www.westnipissing.ca\\\/fr\\\/#\\\/schema\\\/logo\\\/image\\\/\",\"url\":\"https:\\\/\\\/www.westnipissing.ca\\\/wp-content\\\/uploads\\\/2024\\\/04\\\/site-logo.jpg\",\"contentUrl\":\"https:\\\/\\\/www.westnipissing.ca\\\/wp-content\\\/uploads\\\/2024\\\/04\\\/site-logo.jpg\",\"width\":700,\"height\":225,\"caption\":\"West Nipissing Ouest\"},\"image\":{\"@id\":\"https:\\\/\\\/www.westnipissing.ca\\\/fr\\\/#\\\/schema\\\/logo\\\/image\\\/\"},\"sameAs\":[\"https:\\\/\\\/www.facebook.com\\\/MunicipalityofWestNipissing\\\/\",\"https:\\\/\\\/x.com\\\/West_Nipissing\",\"https:\\\/\\\/www.youtube.com\\\/channel\\\/UCG6HWMXnA-RBiH-UdZVClHg\"],\"description\":\"Municipality of West Nipissing\",\"email\":\"info@westnipissing.ca\",\"telephone\":\"705-753-2250\",\"legalName\":\"Municipality of West Nipissing\"}]}<\/script>\n<!-- \/ Yoast SEO Premium plugin. -->","yoast_head_json":{"title":"Temple de la renomm\u00e9e des sports de Nipissing Ouest - West Nipissing Ouest","robots":{"index":"index","follow":"follow","max-snippet":"max-snippet:-1","max-image-preview":"max-image-preview:large","max-video-preview":"max-video-preview:-1"},"canonical":"https:\/\/www.westnipissing.ca\/fr\/culture-loisirs\/arts-et-culture\/temples-de-la-renommee-des-sports-de-nipissing-ouest\/","og_locale":"fr_FR","og_type":"article","og_title":"Temple de la renomm\u00e9e des sports de Nipissing Ouest","og_description":"Le mandat du Temple de la renomm\u00e9e des sports est de c\u00e9l\u00e9brer les noms et les exploits des gens qui se sont d\u00e9marqu\u00e9s gr\u00e2ce au sport et qui ont apport\u00e9s [&hellip;]","og_url":"https:\/\/www.westnipissing.ca\/fr\/culture-loisirs\/arts-et-culture\/temples-de-la-renommee-des-sports-de-nipissing-ouest\/","og_site_name":"West Nipissing Ouest","article_publisher":"https:\/\/www.facebook.com\/MunicipalityofWestNipissing\/","article_modified_time":"2025-04-23T20:39:38+00:00","og_image":[{"url":"https:\/\/westnipissing.ca\/wp-content\/uploads\/2025\/04\/Inductees_4x8_2020_v1-scaled-1.jpg","type":"","width":"","height":""}],"twitter_card":"summary_large_image","twitter_site":"@West_Nipissing","twitter_misc":{"Dur\u00e9e de lecture estim\u00e9e":"2 minutes"},"schema":{"@context":"https:\/\/schema.org","@graph":[{"@type":"WebPage","@id":"https:\/\/www.westnipissing.ca\/fr\/culture-loisirs\/arts-et-culture\/temples-de-la-renommee-des-sports-de-nipissing-ouest\/","url":"https:\/\/www.westnipissing.ca\/fr\/culture-loisirs\/arts-et-culture\/temples-de-la-renommee-des-sports-de-nipissing-ouest\/","name":"Temple de la renomm\u00e9e des sports de Nipissing Ouest - West Nipissing Ouest","isPartOf":{"@id":"https:\/\/www.westnipissing.ca\/fr\/#website"},"primaryImageOfPage":{"@id":"https:\/\/www.westnipissing.ca\/fr\/culture-loisirs\/arts-et-culture\/temples-de-la-renommee-des-sports-de-nipissing-ouest\/#primaryimage"},"image":{"@id":"https:\/\/www.westnipissing.ca\/fr\/culture-loisirs\/arts-et-culture\/temples-de-la-renommee-des-sports-de-nipissing-ouest\/#primaryimage"},"thumbnailUrl":"https:\/\/www.westnipissing.ca\/wp-content\/uploads\/2025\/04\/Inductees_4x8_2020_v1-scaled-1.jpg","datePublished":"2020-05-12T00:44:43+00:00","dateModified":"2025-04-23T20:39:38+00:00","breadcrumb":{"@id":"https:\/\/www.westnipissing.ca\/fr\/culture-loisirs\/arts-et-culture\/temples-de-la-renommee-des-sports-de-nipissing-ouest\/#breadcrumb"},"inLanguage":"fr-FR","potentialAction":[{"@type":"ReadAction","target":["https:\/\/www.westnipissing.ca\/fr\/culture-loisirs\/arts-et-culture\/temples-de-la-renommee-des-sports-de-nipissing-ouest\/"]}]},{"@type":"ImageObject","inLanguage":"fr-FR","@id":"https:\/\/www.westnipissing.ca\/fr\/culture-loisirs\/arts-et-culture\/temples-de-la-renommee-des-sports-de-nipissing-ouest\/#primaryimage","url":"https:\/\/www.westnipissing.ca\/wp-content\/uploads\/2025\/04\/Inductees_4x8_2020_v1-scaled-1.jpg","contentUrl":"https:\/\/www.westnipissing.ca\/wp-content\/uploads\/2025\/04\/Inductees_4x8_2020_v1-scaled-1.jpg"},{"@type":"BreadcrumbList","@id":"https:\/\/www.westnipissing.ca\/fr\/culture-loisirs\/arts-et-culture\/temples-de-la-renommee-des-sports-de-nipissing-ouest\/#breadcrumb","itemListElement":[{"@type":"ListItem","position":1,"name":"Home","item":"https:\/\/www.westnipissing.ca\/fr\/"},{"@type":"ListItem","position":2,"name":"Culture et loisirs","item":"https:\/\/www.westnipissing.ca\/fr\/culture-loisirs\/"},{"@type":"ListItem","position":3,"name":"Arts et culture","item":"https:\/\/www.westnipissing.ca\/fr\/culture-loisirs\/arts-et-culture\/"},{"@type":"ListItem","position":4,"name":"Temple de la renomm\u00e9e des sports de Nipissing Ouest"}]},{"@type":"WebSite","@id":"https:\/\/www.westnipissing.ca\/fr\/#website","url":"https:\/\/www.westnipissing.ca\/fr\/","name":"West Nipissing Ouest","description":"Find your Joie de vivre in West Nipissing.","publisher":{"@id":"https:\/\/www.westnipissing.ca\/fr\/#organization"},"potentialAction":[{"@type":"SearchAction","target":{"@type":"EntryPoint","urlTemplate":"https:\/\/www.westnipissing.ca\/fr\/?s={search_term_string}"},"query-input":{"@type":"PropertyValueSpecification","valueRequired":true,"valueName":"search_term_string"}}],"inLanguage":"fr-FR"},{"@type":"Organization","@id":"https:\/\/www.westnipissing.ca\/fr\/#organization","name":"West Nipissing Ouest","url":"https:\/\/www.westnipissing.ca\/fr\/","logo":{"@type":"ImageObject","inLanguage":"fr-FR","@id":"https:\/\/www.westnipissing.ca\/fr\/#\/schema\/logo\/image\/","url":"https:\/\/www.westnipissing.ca\/wp-content\/uploads\/2024\/04\/site-logo.jpg","contentUrl":"https:\/\/www.westnipissing.ca\/wp-content\/uploads\/2024\/04\/site-logo.jpg","width":700,"height":225,"caption":"West Nipissing Ouest"},"image":{"@id":"https:\/\/www.westnipissing.ca\/fr\/#\/schema\/logo\/image\/"},"sameAs":["https:\/\/www.facebook.com\/MunicipalityofWestNipissing\/","https:\/\/x.com\/West_Nipissing","https:\/\/www.youtube.com\/channel\/UCG6HWMXnA-RBiH-UdZVClHg"],"description":"Municipality of West Nipissing","email":"info@westnipissing.ca","telephone":"705-753-2250","legalName":"Municipality of West Nipissing"}]}},"publishpress_future_action":{"enabled":false,"date":"2026-04-28 07:23:11","action":"change-status","newStatus":"draft","terms":[],"taxonomy":"translation_priority","extraData":[]},"publishpress_future_workflow_manual_trigger":{"enabledWorkflows":[]},"_links":{"self":[{"href":"https:\/\/www.westnipissing.ca\/fr\/wp-json\/wp\/v2\/pages\/1165","targetHints":{"allow":["GET"]}}],"collection":[{"href":"https:\/\/www.westnipissing.ca\/fr\/wp-json\/wp\/v2\/pages"}],"about":[{"href":"https:\/\/www.westnipissing.ca\/fr\/wp-json\/wp\/v2\/types\/page"}],"author":[{"embeddable":true,"href":"https:\/\/www.westnipissing.ca\/fr\/wp-json\/wp\/v2\/users\/4"}],"replies":[{"embeddable":true,"href":"https:\/\/www.westnipissing.ca\/fr\/wp-json\/wp\/v2\/comments?post=1165"}],"version-history":[{"count":0,"href":"https:\/\/www.westnipissing.ca\/fr\/wp-json\/wp\/v2\/pages\/1165\/revisions"}],"up":[{"embeddable":true,"href":"https:\/\/www.westnipissing.ca\/fr\/wp-json\/wp\/v2\/pages\/746"}],"wp:attachment":[{"href":"https:\/\/www.westnipissing.ca\/fr\/wp-json\/wp\/v2\/media?parent=1165"}],"curies":[{"name":"wp","href":"https:\/\/api.w.org\/{rel}","templated":true}]}}