{"id":1266,"date":"2020-05-12T18:00:46","date_gmt":"2020-05-12T22:00:46","guid":{"rendered":"http:\/\/westnipissing.ca\/culture-loisirs\/minnehaha-bay-municipal-marina\/"},"modified":"2025-07-28T14:45:10","modified_gmt":"2025-07-28T18:45:10","slug":"minnehaha-bay-municipal-marina","status":"publish","type":"page","link":"https:\/\/www.westnipissing.ca\/fr\/culture-loisirs\/minnehaha-bay-municipal-marina\/","title":{"rendered":"Marina municipale \u00e0 la baie Minnehaha"},"content":{"rendered":"\t\t<div data-elementor-type=\"wp-page\" data-elementor-id=\"1266\" class=\"elementor elementor-1266 elementor-1261\" data-elementor-post-type=\"page\">\n\t\t\t\t<div class=\"elementor-element elementor-element-0eeb9ee e-flex e-con-boxed e-con e-parent\" data-id=\"0eeb9ee\" data-element_type=\"container\" data-e-type=\"container\">\n\t\t\t\t\t<div class=\"e-con-inner\">\n\t\t\t\t<div class=\"elementor-element elementor-element-874564c elementor-widget elementor-widget-text-editor\" data-id=\"874564c\" data-element_type=\"widget\" data-e-type=\"widget\" data-widget_type=\"text-editor.default\">\n\t\t\t\t\t\t\t\t\t<h3 id=\"h-la-joie-de-vivre-est-evidente-a-la-marina-municipale-a-la-baie-minnehaha-situe-juste-a-quelques-pas-du-centre-ville-de-sturgeon-falls-cette-marina-a-service-complet-vend-tout-ce-qu-il-faut-pour-une-journe-de-nautisme-y-compris-de-l-essence-des-produits-pour-la-navigation-du-materiel-de-peche-et-des-articles-d-usage-courant\" class=\"wp-block-heading\" style=\"text-align: center;\">Situ\u00e9 juste \u00e0 quelques pas du centre-ville de Sturgeon Falls, la marina offre tout ce qu\u2019il faut pour une journ\u00e9e sur l&#8217;eau, y compris de l\u2019essence, des produits pour la navigation, du mat\u00e9riel de p\u00eache et des articles d\u2019usage courant.<\/h3>\t\t\t\t\t\t\t\t<\/div>\n\t\t\t\t\t<\/div>\n\t\t\t\t<\/div>\n\t\t<div class=\"elementor-element elementor-element-a11e9e1 e-flex e-con-boxed e-con e-parent\" data-id=\"a11e9e1\" data-element_type=\"container\" data-e-type=\"container\">\n\t\t\t\t\t<div class=\"e-con-inner\">\n\t\t<div class=\"elementor-element elementor-element-bf38623 e-con-full e-flex e-con e-child\" data-id=\"bf38623\" data-element_type=\"container\" data-e-type=\"container\">\n\t\t\t\t<div class=\"elementor-element elementor-element-ea1345e elementor-widget elementor-widget-heading\" data-id=\"ea1345e\" data-element_type=\"widget\" data-e-type=\"widget\" data-widget_type=\"heading.default\">\n\t\t\t\t\t<h2 class=\"elementor-heading-title elementor-size-default\">Marina municipale<\/h2>\t\t\t\t<\/div>\n\t\t\t\t<div class=\"elementor-element elementor-element-4518082 elementor-widget elementor-widget-text-editor\" data-id=\"4518082\" data-element_type=\"widget\" data-e-type=\"widget\" data-widget_type=\"text-editor.default\">\n\t\t\t\t\t\t\t\t\t<p>300, rue King<br \/>Sturgeon Falls, ON<br \/><a href=\"tel:705-753-9167\">705-753-9167<\/a><\/p>\t\t\t\t\t\t\t\t<\/div>\n\t\t\t\t<\/div>\n\t\t<div class=\"elementor-element elementor-element-4e4d3fc e-con-full e-flex e-con e-child\" data-id=\"4e4d3fc\" data-element_type=\"container\" data-e-type=\"container\">\n\t\t\t\t<div class=\"elementor-element elementor-element-c4dfa39 elementor-widget elementor-widget-heading\" data-id=\"c4dfa39\" data-element_type=\"widget\" data-e-type=\"widget\" data-widget_type=\"heading.default\">\n\t\t\t\t\t<h3 class=\"elementor-heading-title elementor-size-default\">Heures d\u2019ouverture<\/h3>\t\t\t\t<\/div>\n\t\t\t\t<div class=\"elementor-element elementor-element-b49f507 elementor-widget elementor-widget-text-editor\" data-id=\"b49f507\" data-element_type=\"widget\" data-e-type=\"widget\" data-widget_type=\"text-editor.default\">\n\t\t\t\t\t\t\t\t\t<div class=\"wp-block-columns is-layout-flex wp-container-core-columns-is-layout-2 wp-block-columns-is-layout-flex\">\n<div class=\"wp-block-column is-layout-flow wp-block-column-is-layout-flow\">\n<div class=\"wp-block-columns is-layout-flex wp-container-core-columns-is-layout-1 wp-block-columns-is-layout-flex\">\n<div class=\"wp-block-column is-layout-flow wp-block-column-is-layout-flow\">\n<p><strong>7 jours sur 7<\/strong><br \/>Heures d\u2019\u00e9t\u00e9: 7h \u00e0 19h<br \/>Heures de septembre: 8h \u00e0 18h<br \/>Heures d\u2019octobre:<br \/><em>lundi au jeudi<\/em>\u00a0\u2013 8h \u00e0 16h<br \/><em>vendredi au dimanche<\/em>\u00a0\u2013 8h \u00e0 18h<\/p>\n<p><strong>Fermeture:<\/strong>\u00a0le 14 octobre 2024<\/p>\n<p><strong>Pompe \u00e0 essence<\/strong><br \/>Heures d\u2019\u00e9t\u00e9: 7h \u00e0 18h30<br \/>Heures de septembre: 8h \u00e0 17h30<br \/>Heures d\u2019octobre:<br \/><em>lundi au jeudi<\/em>\u00a0\u2013 8h \u00e0 15h30<br \/><em>vendredi au dimanche<\/em> \u2013 8h \u00e0 17h30<\/p>\n<\/div>\n<\/div>\n<\/div>\n<\/div>\t\t\t\t\t\t\t\t<\/div>\n\t\t\t\t<\/div>\n\t\t\t\t\t<\/div>\n\t\t\t\t<\/div>\n\t\t<div class=\"elementor-element elementor-element-319d98f e-flex e-con-boxed e-con e-parent\" data-id=\"319d98f\" data-element_type=\"container\" data-e-type=\"container\">\n\t\t\t\t\t<div class=\"e-con-inner\">\n\t\t\t\t<div class=\"elementor-element elementor-element-506204d elementor-widget elementor-widget-n-accordion\" data-id=\"506204d\" data-element_type=\"widget\" data-e-type=\"widget\" data-settings=\"{&quot;default_state&quot;:&quot;all_collapsed&quot;,&quot;max_items_expended&quot;:&quot;one&quot;,&quot;n_accordion_animation_duration&quot;:{&quot;unit&quot;:&quot;ms&quot;,&quot;size&quot;:400,&quot;sizes&quot;:[]}}\" data-widget_type=\"nested-accordion.default\">\n\t\t\t\t\t\t\t<div class=\"e-n-accordion\" aria-label=\"Accordion. Open links with Enter or Space, close with Escape, and navigate with Arrow Keys\">\n\t\t\t\t\t\t<details id=\"e-n-accordion-item-8420\" class=\"e-n-accordion-item\" >\n\t\t\t\t<summary class=\"e-n-accordion-item-title\" data-accordion-index=\"1\" tabindex=\"0\" aria-expanded=\"false\" aria-controls=\"e-n-accordion-item-8420\" >\n\t\t\t\t\t<span class='e-n-accordion-item-title-header'><div class=\"e-n-accordion-item-title-text\"> Commodit\u00e9s et Services <\/div><\/span>\n\t\t\t\t\t\t\t<span class='e-n-accordion-item-title-icon'>\n\t\t\t<span class='e-opened' ><svg aria-hidden=\"true\" class=\"e-font-icon-svg e-fas-arrow-up\" viewBox=\"0 0 448 512\" xmlns=\"http:\/\/www.w3.org\/2000\/svg\"><path d=\"M34.9 289.5l-22.2-22.2c-9.4-9.4-9.4-24.6 0-33.9L207 39c9.4-9.4 24.6-9.4 33.9 0l194.3 194.3c9.4 9.4 9.4 24.6 0 33.9L413 289.4c-9.5 9.5-25 9.3-34.3-.4L264 168.6V456c0 13.3-10.7 24-24 24h-32c-13.3 0-24-10.7-24-24V168.6L69.2 289.1c-9.3 9.8-24.8 10-34.3.4z\"><\/path><\/svg><\/span>\n\t\t\t<span class='e-closed'><svg aria-hidden=\"true\" class=\"e-font-icon-svg e-fas-arrow-down\" viewBox=\"0 0 448 512\" xmlns=\"http:\/\/www.w3.org\/2000\/svg\"><path d=\"M413.1 222.5l22.2 22.2c9.4 9.4 9.4 24.6 0 33.9L241 473c-9.4 9.4-24.6 9.4-33.9 0L12.7 278.6c-9.4-9.4-9.4-24.6 0-33.9l22.2-22.2c9.5-9.5 25-9.3 34.3.4L184 343.4V56c0-13.3 10.7-24 24-24h32c13.3 0 24 10.7 24 24v287.4l114.8-120.5c9.3-9.8 24.8-10 34.3-.4z\"><\/path><\/svg><\/span>\n\t\t<\/span>\n\n\t\t\t\t\t\t<\/summary>\n\t\t\t\t<div role=\"region\" aria-labelledby=\"e-n-accordion-item-8420\" class=\"elementor-element elementor-element-6d92541 e-con-full e-flex e-con e-child\" data-id=\"6d92541\" data-element_type=\"container\" data-e-type=\"container\">\n\t\t\t\t<div class=\"elementor-element elementor-element-bee4f70 elementor-widget elementor-widget-text-editor\" data-id=\"bee4f70\" data-element_type=\"widget\" data-e-type=\"widget\" data-widget_type=\"text-editor.default\">\n\t\t\t\t\t\t\t\t\t<h4>Marina \u00e0 service complet<\/h4>\n<ul>\n<li>WiFi<\/li>\n<li>Essence<\/li>\n<li>Alimentation externe<\/li>\n<li>Rampe de mise \u00e0 l\u2019eau<\/li>\n<li>Twiggs Coffee Roasters (Bistro et caf\u00e9 avec permis d\u2019alcool)<\/li>\n<li>Stationnement pour v\u00e9hicules et remorques<\/li>\n<li>Toilettes et douches<\/li>\n<li>D\u00e9panneur de la marina<\/li>\n<\/ul>\t\t\t\t\t\t\t\t<\/div>\n\t\t\t\t<\/div>\n\t\t\t\t\t<\/details>\n\t\t\t\t\t\t<details id=\"e-n-accordion-item-8421\" class=\"e-n-accordion-item\" >\n\t\t\t\t<summary class=\"e-n-accordion-item-title\" data-accordion-index=\"2\" tabindex=\"-1\" aria-expanded=\"false\" aria-controls=\"e-n-accordion-item-8421\" >\n\t\t\t\t\t<span class='e-n-accordion-item-title-header'><div class=\"e-n-accordion-item-title-text\"> Taux, frais et services <\/div><\/span>\n\t\t\t\t\t\t\t<span class='e-n-accordion-item-title-icon'>\n\t\t\t<span class='e-opened' ><svg aria-hidden=\"true\" class=\"e-font-icon-svg e-fas-arrow-up\" viewBox=\"0 0 448 512\" xmlns=\"http:\/\/www.w3.org\/2000\/svg\"><path d=\"M34.9 289.5l-22.2-22.2c-9.4-9.4-9.4-24.6 0-33.9L207 39c9.4-9.4 24.6-9.4 33.9 0l194.3 194.3c9.4 9.4 9.4 24.6 0 33.9L413 289.4c-9.5 9.5-25 9.3-34.3-.4L264 168.6V456c0 13.3-10.7 24-24 24h-32c-13.3 0-24-10.7-24-24V168.6L69.2 289.1c-9.3 9.8-24.8 10-34.3.4z\"><\/path><\/svg><\/span>\n\t\t\t<span class='e-closed'><svg aria-hidden=\"true\" class=\"e-font-icon-svg e-fas-arrow-down\" viewBox=\"0 0 448 512\" xmlns=\"http:\/\/www.w3.org\/2000\/svg\"><path d=\"M413.1 222.5l22.2 22.2c9.4 9.4 9.4 24.6 0 33.9L241 473c-9.4 9.4-24.6 9.4-33.9 0L12.7 278.6c-9.4-9.4-9.4-24.6 0-33.9l22.2-22.2c9.5-9.5 25-9.3 34.3.4L184 343.4V56c0-13.3 10.7-24 24-24h32c13.3 0 24 10.7 24 24v287.4l114.8-120.5c9.3-9.8 24.8-10 34.3-.4z\"><\/path><\/svg><\/span>\n\t\t<\/span>\n\n\t\t\t\t\t\t<\/summary>\n\t\t\t\t<div role=\"region\" aria-labelledby=\"e-n-accordion-item-8421\" class=\"elementor-element elementor-element-5bf2b71 e-con-full e-flex e-con e-child\" data-id=\"5bf2b71\" data-element_type=\"container\" data-e-type=\"container\">\n\t\t\t\t<div class=\"elementor-element elementor-element-d256c26 elementor-widget elementor-widget-text-editor\" data-id=\"d256c26\" data-element_type=\"widget\" data-e-type=\"widget\" data-widget_type=\"text-editor.default\">\n\t\t\t\t\t\t\t\t\t<table width=\"787\">\n<tbody>\n<tr>\n<td><strong>Resident*<\/strong><\/td>\n<td><strong>Non r\u00e9sident<\/strong><\/td>\n<\/tr>\n<tr>\n<td><strong>Cales d\u2019accostage<\/strong>\n<p>\u00a0<\/p>\n<p>\u00a0<\/p>\n<\/td>\n<td>Saison 26.64\/pied<br \/>Mois 165.60<\/td>\n<td>Saison 29.60\/pied<br \/>Mois 184.00<\/td>\n<\/tr>\n<tr>\n<td><strong>Frais de mise \u00e0 l\u2019eau<\/strong><\/td>\n<td>\u00a0Saison 43.20<br \/>Jour 7.20<\/td>\n<td>\u00a0Saison 48.00<br \/>Jour 8.00<\/td>\n<\/tr>\n<tr>\n<td><strong>Stationnement s\u00e9curis\u00e9<\/strong><\/td>\n<td>Semaine 18.00<br \/>Fin de semaine 9.00<br \/>Jour 4.50<\/td>\n<td>Semaine 20.00<br \/>Fin de semaine 10.00<br \/>Jour 5.00<\/td>\n<\/tr>\n<tr>\n<td><strong>Vidange<\/strong>\n<p>\u00a0<\/p>\n<p>\u00a0<\/p>\n<\/td>\n<td>Saison 48.60<br \/>Une fois 10.00<\/td>\n<td>Saison 54.00<br \/>Une fois 15.00<\/td>\n<\/tr>\n<tr>\n<td><strong>\u00c9lectricit\u00e9<\/strong><\/td>\n<td>Saison 133.65<br \/>Mois 48.60<br \/>Semaine 18.00<\/td>\n<td>Saison 148.50<br \/>Mois 54.00<br \/>Semaine 20.00<\/td>\n<\/tr>\n<tr>\n<td><strong>Essence<\/strong><\/td>\n<td>Essence ordinaire en vente au prix courant<\/td>\n<td>Essence ordinaire en vente au prix courant<\/td>\n<\/tr>\n<\/tbody>\n<\/table>\n<h4>Bon \u00e0 savoir<\/h4>\n<p>*Il faut pr\u00e9senter une preuve de r\u00e9sidence \u00e0 Nipissing Ouest<\/p>\n<p>Tous les montants \u00e0 payer sont soumis aux taxes en vigueur<\/p>\n<p>Un cautionnement de 10$ est requis pour les cl\u00e9s de la cale et du stationnement s\u00e9curit\u00e9, mais est rembours\u00e9 quand les cl\u00e9s sont remises.<\/p>\t\t\t\t\t\t\t\t<\/div>\n\t\t\t\t<\/div>\n\t\t\t\t\t<\/details>\n\t\t\t\t\t\t<details id=\"e-n-accordion-item-8422\" class=\"e-n-accordion-item\" >\n\t\t\t\t<summary class=\"e-n-accordion-item-title\" data-accordion-index=\"3\" tabindex=\"-1\" aria-expanded=\"false\" aria-controls=\"e-n-accordion-item-8422\" >\n\t\t\t\t\t<span class='e-n-accordion-item-title-header'><div class=\"e-n-accordion-item-title-text\"> Location des cales d\u2019accostage <\/div><\/span>\n\t\t\t\t\t\t\t<span class='e-n-accordion-item-title-icon'>\n\t\t\t<span class='e-opened' ><svg aria-hidden=\"true\" class=\"e-font-icon-svg e-fas-arrow-up\" viewBox=\"0 0 448 512\" xmlns=\"http:\/\/www.w3.org\/2000\/svg\"><path d=\"M34.9 289.5l-22.2-22.2c-9.4-9.4-9.4-24.6 0-33.9L207 39c9.4-9.4 24.6-9.4 33.9 0l194.3 194.3c9.4 9.4 9.4 24.6 0 33.9L413 289.4c-9.5 9.5-25 9.3-34.3-.4L264 168.6V456c0 13.3-10.7 24-24 24h-32c-13.3 0-24-10.7-24-24V168.6L69.2 289.1c-9.3 9.8-24.8 10-34.3.4z\"><\/path><\/svg><\/span>\n\t\t\t<span class='e-closed'><svg aria-hidden=\"true\" class=\"e-font-icon-svg e-fas-arrow-down\" viewBox=\"0 0 448 512\" xmlns=\"http:\/\/www.w3.org\/2000\/svg\"><path d=\"M413.1 222.5l22.2 22.2c9.4 9.4 9.4 24.6 0 33.9L241 473c-9.4 9.4-24.6 9.4-33.9 0L12.7 278.6c-9.4-9.4-9.4-24.6 0-33.9l22.2-22.2c9.5-9.5 25-9.3 34.3.4L184 343.4V56c0-13.3 10.7-24 24-24h32c13.3 0 24 10.7 24 24v287.4l114.8-120.5c9.3-9.8 24.8-10 34.3-.4z\"><\/path><\/svg><\/span>\n\t\t<\/span>\n\n\t\t\t\t\t\t<\/summary>\n\t\t\t\t<div role=\"region\" aria-labelledby=\"e-n-accordion-item-8422\" class=\"elementor-element elementor-element-0012ce5 e-con-full e-flex e-con e-child\" data-id=\"0012ce5\" data-element_type=\"container\" data-e-type=\"container\">\n\t\t\t\t<div class=\"elementor-element elementor-element-fa97700 elementor-widget elementor-widget-text-editor\" data-id=\"fa97700\" data-element_type=\"widget\" data-e-type=\"widget\" data-widget_type=\"text-editor.default\">\n\t\t\t\t\t\t\t\t\t<p>La marina municipale de Minnehaha Bay dispose de 24 emplacements de bateau s\u00e9curis\u00e9s avec prise de quai de 20 amp\u00e8res, de 16 emplacements s\u00e9curis\u00e9s pour les nuits ou les s\u00e9jours plus longs, et de 10 emplacements pour les visites \u00e0 la journ\u00e9e.<\/p><p>Pour louer un emplacement de bateau, veuillez remplir le <a href=\"https:\/\/www.westnipissing.ca\/wp-content\/uploads\/2025\/05\/Marina-Slip-Agreement-2025-20263.pdf\">formulaire de location d&#8217;emplacement de bateau<\/a> et le retourner au bureau de la marina municipale de Minnehaha Bay.<\/p>\t\t\t\t\t\t\t\t<\/div>\n\t\t\t\t<\/div>\n\t\t\t\t\t<\/details>\n\t\t\t\t\t<\/div>\n\t\t\t\t\t\t<\/div>\n\t\t\t\t\t<\/div>\n\t\t\t\t<\/div>\n\t\t\t\t<\/div>\n\t\t","protected":false},"excerpt":{"rendered":"<p>Situ\u00e9 juste \u00e0 quelques pas du centre-ville de Sturgeon Falls, la marina offre tout ce qu\u2019il faut pour une journ\u00e9e sur l&#8217;eau, y compris de l\u2019essence, des produits pour la [&hellip;]<\/p>\n","protected":false},"author":4,"featured_media":1263,"parent":715,"menu_order":9,"comment_status":"closed","ping_status":"closed","template":"elementor_theme","meta":{"_acf_changed":false,"_searchwp_excluded":"","footnotes":""},"class_list":["post-1266","page","type-page","status-publish","has-post-thumbnail","hentry"],"acf":[],"yoast_head":"<!-- This site is optimized with the Yoast SEO Premium plugin v27.4 (Yoast SEO v27.4) - https:\/\/yoast.com\/product\/yoast-seo-premium-wordpress\/ -->\n<title>Marina municipale \u00e0 la baie Minnehaha - West Nipissing Ouest<\/title>\n<meta name=\"robots\" content=\"index, follow, max-snippet:-1, max-image-preview:large, max-video-preview:-1\" \/>\n<link rel=\"canonical\" href=\"https:\/\/www.westnipissing.ca\/fr\/culture-loisirs\/minnehaha-bay-municipal-marina\/\" \/>\n<meta property=\"og:locale\" content=\"fr_FR\" \/>\n<meta property=\"og:type\" content=\"article\" \/>\n<meta property=\"og:title\" content=\"Marina municipale \u00e0 la baie Minnehaha\" \/>\n<meta property=\"og:description\" content=\"Situ\u00e9 juste \u00e0 quelques pas du centre-ville de Sturgeon Falls, la marina offre tout ce qu\u2019il faut pour une journ\u00e9e sur l&#8217;eau, y compris de l\u2019essence, des produits pour la [&hellip;]\" \/>\n<meta property=\"og:url\" content=\"https:\/\/www.westnipissing.ca\/fr\/culture-loisirs\/minnehaha-bay-municipal-marina\/\" \/>\n<meta property=\"og:site_name\" content=\"West Nipissing Ouest\" \/>\n<meta property=\"article:publisher\" content=\"https:\/\/www.facebook.com\/MunicipalityofWestNipissing\/\" \/>\n<meta property=\"article:modified_time\" content=\"2025-07-28T18:45:10+00:00\" \/>\n<meta property=\"og:image\" content=\"https:\/\/www.westnipissing.ca\/wp-content\/uploads\/2020\/05\/CR_marina.jpg\" \/>\n\t<meta property=\"og:image:width\" content=\"2200\" \/>\n\t<meta property=\"og:image:height\" content=\"889\" \/>\n\t<meta property=\"og:image:type\" content=\"image\/jpeg\" \/>\n<meta name=\"twitter:card\" content=\"summary_large_image\" \/>\n<meta name=\"twitter:site\" content=\"@West_Nipissing\" \/>\n<meta name=\"twitter:label1\" content=\"Dur\u00e9e de lecture estim\u00e9e\" \/>\n\t<meta name=\"twitter:data1\" content=\"1 minute\" \/>\n<script type=\"application\/ld+json\" class=\"yoast-schema-graph\">{\"@context\":\"https:\\\/\\\/schema.org\",\"@graph\":[{\"@type\":\"WebPage\",\"@id\":\"https:\\\/\\\/www.westnipissing.ca\\\/fr\\\/culture-loisirs\\\/minnehaha-bay-municipal-marina\\\/\",\"url\":\"https:\\\/\\\/www.westnipissing.ca\\\/fr\\\/culture-loisirs\\\/minnehaha-bay-municipal-marina\\\/\",\"name\":\"Marina municipale \u00e0 la baie Minnehaha - West Nipissing Ouest\",\"isPartOf\":{\"@id\":\"https:\\\/\\\/www.westnipissing.ca\\\/fr\\\/#website\"},\"primaryImageOfPage\":{\"@id\":\"https:\\\/\\\/www.westnipissing.ca\\\/fr\\\/culture-loisirs\\\/minnehaha-bay-municipal-marina\\\/#primaryimage\"},\"image\":{\"@id\":\"https:\\\/\\\/www.westnipissing.ca\\\/fr\\\/culture-loisirs\\\/minnehaha-bay-municipal-marina\\\/#primaryimage\"},\"thumbnailUrl\":\"https:\\\/\\\/www.westnipissing.ca\\\/wp-content\\\/uploads\\\/2020\\\/05\\\/CR_marina.jpg\",\"datePublished\":\"2020-05-12T22:00:46+00:00\",\"dateModified\":\"2025-07-28T18:45:10+00:00\",\"breadcrumb\":{\"@id\":\"https:\\\/\\\/www.westnipissing.ca\\\/fr\\\/culture-loisirs\\\/minnehaha-bay-municipal-marina\\\/#breadcrumb\"},\"inLanguage\":\"fr-FR\",\"potentialAction\":[{\"@type\":\"ReadAction\",\"target\":[\"https:\\\/\\\/www.westnipissing.ca\\\/fr\\\/culture-loisirs\\\/minnehaha-bay-municipal-marina\\\/\"]}]},{\"@type\":\"ImageObject\",\"inLanguage\":\"fr-FR\",\"@id\":\"https:\\\/\\\/www.westnipissing.ca\\\/fr\\\/culture-loisirs\\\/minnehaha-bay-municipal-marina\\\/#primaryimage\",\"url\":\"https:\\\/\\\/www.westnipissing.ca\\\/wp-content\\\/uploads\\\/2020\\\/05\\\/CR_marina.jpg\",\"contentUrl\":\"https:\\\/\\\/www.westnipissing.ca\\\/wp-content\\\/uploads\\\/2020\\\/05\\\/CR_marina.jpg\",\"width\":2200,\"height\":889},{\"@type\":\"BreadcrumbList\",\"@id\":\"https:\\\/\\\/www.westnipissing.ca\\\/fr\\\/culture-loisirs\\\/minnehaha-bay-municipal-marina\\\/#breadcrumb\",\"itemListElement\":[{\"@type\":\"ListItem\",\"position\":1,\"name\":\"Home\",\"item\":\"https:\\\/\\\/www.westnipissing.ca\\\/fr\\\/\"},{\"@type\":\"ListItem\",\"position\":2,\"name\":\"Culture et loisirs\",\"item\":\"https:\\\/\\\/www.westnipissing.ca\\\/fr\\\/culture-loisirs\\\/\"},{\"@type\":\"ListItem\",\"position\":3,\"name\":\"Marina municipale \u00e0 la baie Minnehaha\"}]},{\"@type\":\"WebSite\",\"@id\":\"https:\\\/\\\/www.westnipissing.ca\\\/fr\\\/#website\",\"url\":\"https:\\\/\\\/www.westnipissing.ca\\\/fr\\\/\",\"name\":\"West Nipissing Ouest\",\"description\":\"Find your Joie de vivre in West Nipissing.\",\"publisher\":{\"@id\":\"https:\\\/\\\/www.westnipissing.ca\\\/fr\\\/#organization\"},\"potentialAction\":[{\"@type\":\"SearchAction\",\"target\":{\"@type\":\"EntryPoint\",\"urlTemplate\":\"https:\\\/\\\/www.westnipissing.ca\\\/fr\\\/?s={search_term_string}\"},\"query-input\":{\"@type\":\"PropertyValueSpecification\",\"valueRequired\":true,\"valueName\":\"search_term_string\"}}],\"inLanguage\":\"fr-FR\"},{\"@type\":\"Organization\",\"@id\":\"https:\\\/\\\/www.westnipissing.ca\\\/fr\\\/#organization\",\"name\":\"West Nipissing Ouest\",\"url\":\"https:\\\/\\\/www.westnipissing.ca\\\/fr\\\/\",\"logo\":{\"@type\":\"ImageObject\",\"inLanguage\":\"fr-FR\",\"@id\":\"https:\\\/\\\/www.westnipissing.ca\\\/fr\\\/#\\\/schema\\\/logo\\\/image\\\/\",\"url\":\"https:\\\/\\\/www.westnipissing.ca\\\/wp-content\\\/uploads\\\/2024\\\/04\\\/site-logo.png\",\"contentUrl\":\"https:\\\/\\\/www.westnipissing.ca\\\/wp-content\\\/uploads\\\/2024\\\/04\\\/site-logo.png\",\"width\":700,\"height\":225,\"caption\":\"West Nipissing Ouest\"},\"image\":{\"@id\":\"https:\\\/\\\/www.westnipissing.ca\\\/fr\\\/#\\\/schema\\\/logo\\\/image\\\/\"},\"sameAs\":[\"https:\\\/\\\/www.facebook.com\\\/MunicipalityofWestNipissing\\\/\",\"https:\\\/\\\/x.com\\\/West_Nipissing\",\"https:\\\/\\\/www.youtube.com\\\/channel\\\/UCG6HWMXnA-RBiH-UdZVClHg\"],\"description\":\"Municipality of West Nipissing\",\"email\":\"info@westnipissing.ca\",\"telephone\":\"705-753-2250\",\"legalName\":\"Municipality of West Nipissing\"}]}<\/script>\n<!-- \/ Yoast SEO Premium plugin. -->","yoast_head_json":{"title":"Marina municipale \u00e0 la baie Minnehaha - West Nipissing Ouest","robots":{"index":"index","follow":"follow","max-snippet":"max-snippet:-1","max-image-preview":"max-image-preview:large","max-video-preview":"max-video-preview:-1"},"canonical":"https:\/\/www.westnipissing.ca\/fr\/culture-loisirs\/minnehaha-bay-municipal-marina\/","og_locale":"fr_FR","og_type":"article","og_title":"Marina municipale \u00e0 la baie Minnehaha","og_description":"Situ\u00e9 juste \u00e0 quelques pas du centre-ville de Sturgeon Falls, la marina offre tout ce qu\u2019il faut pour une journ\u00e9e sur l&#8217;eau, y compris de l\u2019essence, des produits pour la [&hellip;]","og_url":"https:\/\/www.westnipissing.ca\/fr\/culture-loisirs\/minnehaha-bay-municipal-marina\/","og_site_name":"West Nipissing Ouest","article_publisher":"https:\/\/www.facebook.com\/MunicipalityofWestNipissing\/","article_modified_time":"2025-07-28T18:45:10+00:00","og_image":[{"width":2200,"height":889,"url":"https:\/\/www.westnipissing.ca\/wp-content\/uploads\/2020\/05\/CR_marina.jpg","type":"image\/jpeg"}],"twitter_card":"summary_large_image","twitter_site":"@West_Nipissing","twitter_misc":{"Dur\u00e9e de lecture estim\u00e9e":"1 minute"},"schema":{"@context":"https:\/\/schema.org","@graph":[{"@type":"WebPage","@id":"https:\/\/www.westnipissing.ca\/fr\/culture-loisirs\/minnehaha-bay-municipal-marina\/","url":"https:\/\/www.westnipissing.ca\/fr\/culture-loisirs\/minnehaha-bay-municipal-marina\/","name":"Marina municipale \u00e0 la baie Minnehaha - West Nipissing Ouest","isPartOf":{"@id":"https:\/\/www.westnipissing.ca\/fr\/#website"},"primaryImageOfPage":{"@id":"https:\/\/www.westnipissing.ca\/fr\/culture-loisirs\/minnehaha-bay-municipal-marina\/#primaryimage"},"image":{"@id":"https:\/\/www.westnipissing.ca\/fr\/culture-loisirs\/minnehaha-bay-municipal-marina\/#primaryimage"},"thumbnailUrl":"https:\/\/www.westnipissing.ca\/wp-content\/uploads\/2020\/05\/CR_marina.jpg","datePublished":"2020-05-12T22:00:46+00:00","dateModified":"2025-07-28T18:45:10+00:00","breadcrumb":{"@id":"https:\/\/www.westnipissing.ca\/fr\/culture-loisirs\/minnehaha-bay-municipal-marina\/#breadcrumb"},"inLanguage":"fr-FR","potentialAction":[{"@type":"ReadAction","target":["https:\/\/www.westnipissing.ca\/fr\/culture-loisirs\/minnehaha-bay-municipal-marina\/"]}]},{"@type":"ImageObject","inLanguage":"fr-FR","@id":"https:\/\/www.westnipissing.ca\/fr\/culture-loisirs\/minnehaha-bay-municipal-marina\/#primaryimage","url":"https:\/\/www.westnipissing.ca\/wp-content\/uploads\/2020\/05\/CR_marina.jpg","contentUrl":"https:\/\/www.westnipissing.ca\/wp-content\/uploads\/2020\/05\/CR_marina.jpg","width":2200,"height":889},{"@type":"BreadcrumbList","@id":"https:\/\/www.westnipissing.ca\/fr\/culture-loisirs\/minnehaha-bay-municipal-marina\/#breadcrumb","itemListElement":[{"@type":"ListItem","position":1,"name":"Home","item":"https:\/\/www.westnipissing.ca\/fr\/"},{"@type":"ListItem","position":2,"name":"Culture et loisirs","item":"https:\/\/www.westnipissing.ca\/fr\/culture-loisirs\/"},{"@type":"ListItem","position":3,"name":"Marina municipale \u00e0 la baie Minnehaha"}]},{"@type":"WebSite","@id":"https:\/\/www.westnipissing.ca\/fr\/#website","url":"https:\/\/www.westnipissing.ca\/fr\/","name":"West Nipissing Ouest","description":"Find your Joie de vivre in West Nipissing.","publisher":{"@id":"https:\/\/www.westnipissing.ca\/fr\/#organization"},"potentialAction":[{"@type":"SearchAction","target":{"@type":"EntryPoint","urlTemplate":"https:\/\/www.westnipissing.ca\/fr\/?s={search_term_string}"},"query-input":{"@type":"PropertyValueSpecification","valueRequired":true,"valueName":"search_term_string"}}],"inLanguage":"fr-FR"},{"@type":"Organization","@id":"https:\/\/www.westnipissing.ca\/fr\/#organization","name":"West Nipissing Ouest","url":"https:\/\/www.westnipissing.ca\/fr\/","logo":{"@type":"ImageObject","inLanguage":"fr-FR","@id":"https:\/\/www.westnipissing.ca\/fr\/#\/schema\/logo\/image\/","url":"https:\/\/www.westnipissing.ca\/wp-content\/uploads\/2024\/04\/site-logo.png","contentUrl":"https:\/\/www.westnipissing.ca\/wp-content\/uploads\/2024\/04\/site-logo.png","width":700,"height":225,"caption":"West Nipissing Ouest"},"image":{"@id":"https:\/\/www.westnipissing.ca\/fr\/#\/schema\/logo\/image\/"},"sameAs":["https:\/\/www.facebook.com\/MunicipalityofWestNipissing\/","https:\/\/x.com\/West_Nipissing","https:\/\/www.youtube.com\/channel\/UCG6HWMXnA-RBiH-UdZVClHg"],"description":"Municipality of West Nipissing","email":"info@westnipissing.ca","telephone":"705-753-2250","legalName":"Municipality of West Nipissing"}]}},"publishpress_future_action":{"enabled":false,"date":"2026-04-25 23:11:18","action":"change-status","newStatus":"draft","terms":[],"taxonomy":"translation_priority","extraData":[]},"publishpress_future_workflow_manual_trigger":{"enabledWorkflows":[]},"_links":{"self":[{"href":"https:\/\/www.westnipissing.ca\/fr\/wp-json\/wp\/v2\/pages\/1266","targetHints":{"allow":["GET"]}}],"collection":[{"href":"https:\/\/www.westnipissing.ca\/fr\/wp-json\/wp\/v2\/pages"}],"about":[{"href":"https:\/\/www.westnipissing.ca\/fr\/wp-json\/wp\/v2\/types\/page"}],"author":[{"embeddable":true,"href":"https:\/\/www.westnipissing.ca\/fr\/wp-json\/wp\/v2\/users\/4"}],"replies":[{"embeddable":true,"href":"https:\/\/www.westnipissing.ca\/fr\/wp-json\/wp\/v2\/comments?post=1266"}],"version-history":[{"count":0,"href":"https:\/\/www.westnipissing.ca\/fr\/wp-json\/wp\/v2\/pages\/1266\/revisions"}],"up":[{"embeddable":true,"href":"https:\/\/www.westnipissing.ca\/fr\/wp-json\/wp\/v2\/pages\/715"}],"wp:featuredmedia":[{"embeddable":true,"href":"https:\/\/www.westnipissing.ca\/fr\/wp-json\/wp\/v2\/media\/1263"}],"wp:attachment":[{"href":"https:\/\/www.westnipissing.ca\/fr\/wp-json\/wp\/v2\/media?parent=1266"}],"curies":[{"name":"wp","href":"https:\/\/api.w.org\/{rel}","templated":true}]}}