{"id":1309,"date":"2020-05-12T19:25:46","date_gmt":"2020-05-12T23:25:46","guid":{"rendered":"http:\/\/westnipissing.ca\/culture-loisirs\/piscine-et-sante-physique\/verner-fitness-room\/"},"modified":"2026-04-07T07:53:16","modified_gmt":"2026-04-07T11:53:16","slug":"centre-d-entrainement-de-verner","status":"publish","type":"page","link":"https:\/\/www.westnipissing.ca\/fr\/culture-loisirs\/piscine-et-sante-physique\/centre-d-entrainement-de-verner\/","title":{"rendered":"Centre d&#8217;entra\u00eenement\u00a0de Verner"},"content":{"rendered":"\t\t<div data-elementor-type=\"wp-page\" data-elementor-id=\"1309\" class=\"elementor elementor-1309 elementor-1307\" data-elementor-post-type=\"page\">\n\t\t\t\t<div class=\"elementor-element elementor-element-caa071d e-flex e-con-boxed e-con e-parent\" data-id=\"caa071d\" data-element_type=\"container\" data-e-type=\"container\">\n\t\t\t\t\t<div class=\"e-con-inner\">\n\t\t<div class=\"elementor-element elementor-element-71a2225 e-con-full e-flex e-con e-child\" data-id=\"71a2225\" data-element_type=\"container\" data-e-type=\"container\">\n\t\t\t\t<div class=\"elementor-element elementor-element-be69280 elementor-widget elementor-widget-text-editor\" data-id=\"be69280\" data-element_type=\"widget\" data-e-type=\"widget\" data-widget_type=\"text-editor.default\">\n\t\t\t\t\t\t\t\t\t<h2 id=\"h-partez-du-bon-pied-soyez-actifs\" class=\"wp-block-heading\">Partez du bon pied, soyez actifs!<\/h2>\t\t\t\t\t\t\t\t<\/div>\n\t\t\t\t<div class=\"elementor-element elementor-element-03db8a7 elementor-widget elementor-widget-text-editor\" data-id=\"03db8a7\" data-element_type=\"widget\" data-e-type=\"widget\" data-widget_type=\"text-editor.default\">\n\t\t\t\t\t\t\t\t\t<div><div><div><div><p>Vous devez premi\u00e8rement obtenir une adh\u00e9sion pour avoir acc\u00e8s \u00e0 la salle d&#8217;entra\u00eenement de Verner. Nous vous fournirons un badge d\u2019acc\u00e8s (cl\u00e9).<\/p><p>Un d\u00e9p\u00f4t de 25 $ pour la cl\u00e9 est requis lors de l\u2019inscription au Centre d\u2019entra\u00eenement de Verner. Les participants doivent \u00eatre \u00e2g\u00e9s d\u2019au moins 16\u00a0ans, car l\u2019espace n\u2019est pas surveill\u00e9.<\/p><p>Avec une adh\u00e9sion, vous aurez acc\u00e8s aux deux centres d\u2019entra\u00eenement (Verner et Sturgeon Falls).<\/p><\/div><\/div><\/div><\/div>\t\t\t\t\t\t\t\t<\/div>\n\t\t\t\t<\/div>\n\t\t<div class=\"elementor-element elementor-element-7c3ad3f e-con-full e-flex e-con e-child\" data-id=\"7c3ad3f\" data-element_type=\"container\" data-e-type=\"container\">\n\t\t\t\t<div class=\"elementor-element elementor-element-97ae83d elementor-widget elementor-widget-text-editor\" data-id=\"97ae83d\" data-element_type=\"widget\" data-e-type=\"widget\" data-widget_type=\"text-editor.default\">\n\t\t\t\t\t\t\t\t\t<h4 id=\"h-hours-of-operation\" class=\"wp-block-heading\">Hours of Operation<\/h4><p>lundi au vendredi: 6 h 30 \u00e0 21 h<br \/>samedi: 8:30 a.m. to 2 p.m.<br \/>dimanche: (D\u00e8s le 29 octobre) 8 h 30 \u00e0 14 h<\/p><p><strong>Centre d\u2019entra\u00eenement de Verner<\/strong><br \/>11790 ON-64<br \/>Verner, ON<br \/><a href=\"tel:7057530160\">705-753-0160<br \/><\/a><a href=\"mailto:recreation@westnipissing.ca\">recreation@westnipissing.ca<\/a><\/p>\t\t\t\t\t\t\t\t<\/div>\n\t\t\t\t<\/div>\n\t\t\t\t\t<\/div>\n\t\t\t\t<\/div>\n\t\t<div class=\"elementor-element elementor-element-49a04d9 e-flex e-con-boxed e-con e-parent\" data-id=\"49a04d9\" data-element_type=\"container\" data-e-type=\"container\">\n\t\t\t\t\t<div class=\"e-con-inner\">\n\t\t\t\t<div class=\"elementor-element elementor-element-7b04a47 elementor-widget elementor-widget-heading\" data-id=\"7b04a47\" data-element_type=\"widget\" data-e-type=\"widget\" data-widget_type=\"heading.default\">\n\t\t\t\t\t<h2 class=\"elementor-heading-title elementor-size-default\">Adh\u00e9sions et frais<\/h2>\t\t\t\t<\/div>\n\t\t\t\t<div class=\"elementor-element elementor-element-ca5225f elementor-widget elementor-widget-button\" data-id=\"ca5225f\" data-element_type=\"widget\" data-e-type=\"widget\" data-widget_type=\"button.default\">\n\t\t\t\t\t\t\t\t\t\t<a class=\"elementor-button elementor-button-link elementor-size-sm\" href=\"\/wp-content\/uploads\/2022\/05\/EN-GYM-and-GYM-POOL-Membership-May-2022.pdf\">\n\t\t\t\t\t\t<span class=\"elementor-button-content-wrapper\">\n\t\t\t\t\t\t\t\t\t<span class=\"elementor-button-text\">Guide d\u2019adh\u00e9sion (pdf)<\/span>\n\t\t\t\t\t<\/span>\n\t\t\t\t\t<\/a>\n\t\t\t\t\t\t\t\t<\/div>\n\t\t\t\t<div class=\"elementor-element elementor-element-e5207ea elementor-widget elementor-widget-text-editor\" data-id=\"e5207ea\" data-element_type=\"widget\" data-e-type=\"widget\" data-widget_type=\"text-editor.default\">\n\t\t\t\t\t\t\t\t\t<h4 id=\"h-les-residents-ages-de-75-ans-et-plus-peuvent-obtenir-une-adesion-gratuite\" class=\"wp-block-heading\">Les r\u00e9sidents \u00e2g\u00e9s de\u00a0<strong>75 ans et plus<\/strong>\u00a0peuvent obtenir une\u00a0<strong>ad\u00e9sion GRATUITE.<\/strong><\/h4>\n<h4 id=\"h-piscine-et-centres-d-entrainement\" class=\"wp-block-heading\">Piscine et Centres d\u2019entra\u00eenement<\/h4>\n<h5>Les r\u00e9sidents de Verner auront acc\u00e8s aux deux centres d\u2019entra\u00eenement.<\/h5>\n<figure class=\"wp-block-table\">\n<table>\n<tbody>\n<tr>\n<td>\u00a0<\/td>\n<td><strong>1-Mois<\/strong><\/td>\n<td><strong>3-Mois<\/strong><\/td>\n<td><strong>Annuelle<\/strong><\/td>\n<\/tr>\n<tr>\n<td><strong>Adultes<\/strong><\/td>\n<td>$79.65\u00a0<sub>(+ TVH)<\/sub><\/td>\n<td>$128.32\u00a0<sub>(+ TVH)<\/sub><\/td>\n<td>$365.49\u00a0<sub>(+ TVH)<\/sub><\/td>\n<\/tr>\n<tr>\n<td><strong>Ain\u00e9es<\/strong><\/td>\n<td>$54.87<sub>\u00a0(+ TVH)<\/sub><\/td>\n<td>$86.73\u00a0<sub>(+ TVH)<\/sub><\/td>\n<td>$266.37\u00a0<sub>(+ TVH)<\/sub><\/td>\n<\/tr>\n<tr>\n<td><strong>\u00c9tudiants<\/strong><\/td>\n<td>$54.87\u00a0<sub>(+ TVH)<\/sub><\/td>\n<td>$86.73\u00a0<sub>(+ TVH)<\/sub><\/td>\n<td>$266.37\u00a0<sub>(+ TVH)<\/sub><\/td>\n<\/tr>\n<tr>\n<td><strong>Famille<\/strong><\/td>\n<td>$99.12\u00a0<sub>(+ TVH)<\/sub><\/td>\n<td>$195.58\u00a0<sub>(+ TVH)<\/sub><\/td>\n<td>$660.18\u00a0<sub>(+ TVH)<\/sub><\/td>\n<\/tr>\n<\/tbody>\n<\/table>\n<\/figure>\n<div class=\"wp-block-spacer\" aria-hidden=\"true\">\u00a0<\/div>\n<h4 id=\"h-centres-d-entrainement\" class=\"wp-block-heading\">Centres d\u2019entra\u00eenement<\/h4>\n<h5>Les r\u00e9sidents de Verner auront acc\u00e8s aux deux centres d\u2019entra\u00eenement.<\/h5>\n<figure class=\"wp-block-table\">\n<table>\n<tbody>\n<tr>\n<td>\u00a0<\/td>\n<td><strong>1-Mois<\/strong><\/td>\n<td><strong>3-Mois<\/strong><\/td>\n<td><strong>Annuelle<\/strong><\/td>\n<\/tr>\n<tr>\n<td><strong>Adultes<\/strong><\/td>\n<td>$46.90\u00a0<sub>(+ TVH)<\/sub><\/td>\n<td>$98.23<sub>\u00a0(+ TVH)<\/sub><\/td>\n<td>$253.98<sub>\u00a0(+ TVH)<\/sub><\/td>\n<\/tr>\n<tr>\n<td><strong>Ain\u00e9es<\/strong><\/td>\n<td>$37.17<sub>\u00a0(+ TVH)<\/sub><\/td>\n<td>$74.34<sub>\u00a0(+ TVH)<\/sub><\/td>\n<td>$182.30<sub>\u00a0(+ TVH)<\/sub><\/td>\n<\/tr>\n<tr>\n<td><strong>\u00c9tudiants<\/strong><\/td>\n<td>$37.17\u00a0<sub>(+ TVH)<\/sub><\/td>\n<td>$74.34<sub>\u00a0(+ TVH)<\/sub><\/td>\n<td>$182.30<sub>\u00a0(+ TVH)<\/sub><\/td>\n<\/tr>\n<tr>\n<td><strong>Famille<\/strong><\/td>\n<td>$59.29<sub>\u00a0(+ TVH)<\/sub><\/td>\n<td>$146.02<sub>\u00a0(+ TVH)<\/sub><\/td>\n<td>$453.98<sub>\u00a0(+ TVH)<\/sub><\/td>\n<\/tr>\n<\/tbody>\n<\/table>\n<\/figure>\n<figure class=\"wp-block-table\"><\/figure>\t\t\t\t\t\t\t\t<\/div>\n\t\t\t\t\t<\/div>\n\t\t\t\t<\/div>\n\t\t<div class=\"elementor-element elementor-element-cd90961 e-flex e-con-boxed e-con e-parent\" data-id=\"cd90961\" data-element_type=\"container\" data-e-type=\"container\">\n\t\t\t\t\t<div class=\"e-con-inner\">\n\t\t\t\t<div class=\"elementor-element elementor-element-8d894d5 elementor-widget elementor-widget-heading\" data-id=\"8d894d5\" data-element_type=\"widget\" data-e-type=\"widget\" data-widget_type=\"heading.default\">\n\t\t\t\t\t<h2 class=\"elementor-heading-title elementor-size-default\">\u00c9quipements<\/h2>\t\t\t\t<\/div>\n\t\t\t\t<div class=\"elementor-element elementor-element-3ee16f3 elementor-widget elementor-widget-text-editor\" data-id=\"3ee16f3\" data-element_type=\"widget\" data-e-type=\"widget\" data-widget_type=\"text-editor.default\">\n\t\t\t\t\t\t\t\t\t<p>Machine d\u2019entra\u00eenement elliptique<\/p>\n<p>Tapis roulant<\/p>\n<p>V\u00e9los stationnaires et semi-allong\u00e9s<\/p>\n<p>Rameur<\/p>\n<p>Poids et halt\u00e8res (jusqu\u2019\u00e0 20 livres)<\/p>\n<p>Kettle bells<\/p>\n<p>Des appareils d\u2019exercice<\/p>\n<p>Machine \u00e0 c\u00e2ble multi-usages<\/p>\n<p>Marches d\u2019a\u00e9robic<\/p>\n<p>Cordes \u00e0 sauter<\/p>\t\t\t\t\t\t\t\t<\/div>\n\t\t\t\t<div class=\"elementor-element elementor-element-283ae53 elementor-widget elementor-widget-heading\" data-id=\"283ae53\" data-element_type=\"widget\" data-e-type=\"widget\" data-widget_type=\"heading.default\">\n\t\t\t\t\t<h2 class=\"elementor-heading-title elementor-size-default\">R\u00e8gles du Centre d\u2019entra\u00eenement de Verner<\/h2>\t\t\t\t<\/div>\n\t\t\t\t<div class=\"elementor-element elementor-element-001d522 elementor-widget elementor-widget-text-editor\" data-id=\"001d522\" data-element_type=\"widget\" data-e-type=\"widget\" data-widget_type=\"text-editor.default\">\n\t\t\t\t\t\t\t\t\t<div class=\"page\" title=\"Page 5\">\n<div class=\"layoutArea\">\n<div class=\"column\">\n<h4>\u00c0 l\u2019entr\u00e9e<\/h4>\n<\/div>\n<\/div>\n<div class=\"layoutArea\">\n<div class=\"column\">\n<ul>\n<li>Veuillez effectuer une auto-\u00e9valuation de la COVID-19 \u00e0 la maison ou avant de vous rendre au Centre d\u2019entra\u00eenement de Verner. Ne vous pr\u00e9sentez pas si vous avez une toux nouvelle ou qui s\u2019aggrave, de la fi\u00e8vre, ou si vous ne vous sentez pas bien.<\/li>\n<li>Vous devez remplir un questionnaire d\u2019aptitude \u00e0 l\u2019activit\u00e9 physique (Q-AAP) avant votre premi\u00e8re visite au Centre d\u2019entra\u00eenement de Verner. Le Q-AAP sera mis \u00e0 jour annuellement.<\/li>\n<li>Vous devez signer votre nom sur la feuille d\u2019inscription en entrant et en sortant du Centre d\u2019entra\u00eenement.<\/li>\n<\/ul>\n<h4>Code vestimentaire<\/h4>\n<ul>\n<li>Le Centre d\u2019entra\u00eenement de Verner ne dispose pas de vestiaire ni de douche.<\/li>\n<li>Le port de v\u00eatements propres et secs est obligatoire.<\/li>\n<li>Le port d\u2019une chemise est obligatoire en tout temps.<\/li>\n<li>Le port de chaussures de sport propres et ferm\u00e9es est obligatoire.Les chaussures ext\u00e9rieures et les bottes doivent \u00eatre plac\u00e9es \u00e0 l\u2019endroit d\u00e9sign\u00e9.<\/li>\n<\/ul>\n<h4>Au Centre d\u2019entra\u00eenement<\/h4>\n<ul>\n<li>Avant de vous rendre au Centre d\u2019entra\u00eenement de Verner, vous devez lire et accepter le Code de conduite. Le non-respect du Code de conduite entra\u00eenera la suspension ou l\u2019annulation de vos privil\u00e8ges de membre.<\/li>\n<li>Le Centre d\u2019entra\u00eenement de Verner ne dispose pas de fontaine d\u2019eau.<\/li>\n<\/ul>\n<h4>Utilisation des \u00e9quipements<\/h4>\n<ul>\n<li>Les membres du Centre d\u2019entra\u00eenement de Verner recevront un \u00e9metteur d\u2019acc\u00e8s sans cl\u00e9. Un d\u00e9p\u00f4t de 25 $ doit \u00eatre pay\u00e9 au moment de l\u2019inscription. L\u2019\u00e9metteur d\u2019acc\u00e8s sans cl\u00e9 n\u2019est pas transf\u00e9rable. Voir le Contrat relatif \u00e0 l\u2019\u00e9metteur d\u2019entr\u00e9e sans cl\u00e9 pour les r\u00e8gles.<\/li>\n<li>L\u2019\u00e9metteur d\u2019acc\u00e8s sans cl\u00e9 ne peut \u00eatre utilis\u00e9 pour acc\u00e9der au Centre d\u2019entra\u00eenement de Verner que pendant les heures d\u2019ouverture. L\u2019\u00e9metteur d\u2019acc\u00e8s sans cl\u00e9 ne fonctionnera pas s\u2019il est utilis\u00e9 pour acc\u00e9der au b\u00e2timent en dehors des heures d\u2019ouverture .<\/li>\n<\/ul>\n<\/div>\n<\/div>\n<\/div>\n<div class=\"page\" title=\"Page 6\">\n<div class=\"layoutArea\">\n<div class=\"column\">\n<h4>Politique d\u2019annulation<\/h4>\n<p>Veuillez noter que le non-respect des r\u00e8gles peut entra\u00eener l\u2019annulation de votre adh\u00e9sion ou une suspension du Centre. Nous vous rappelons que vous \u00eates film\u00e9 en tout temps lorsque vous utilisez le Centre d\u2019entra\u00eenement de Verner. Ces r\u00e8glements sont susceptibles d\u2019\u00eatre modifi\u00e9s ; la Municipalit\u00e9 de Nipissing Ouest se r\u00e9serve le droit d\u2019apporter des modifications en tout temps.<\/p>\n<\/div>\n<\/div>\n<\/div>\t\t\t\t\t\t\t\t<\/div>\n\t\t\t\t\t<\/div>\n\t\t\t\t<\/div>\n\t\t\t\t<\/div>\n\t\t","protected":false},"excerpt":{"rendered":"<p>Partez du bon pied, soyez actifs! Vous devez premi\u00e8rement obtenir une adh\u00e9sion pour avoir acc\u00e8s \u00e0 la salle d&#8217;entra\u00eenement de Verner. Nous vous fournirons un badge d\u2019acc\u00e8s (cl\u00e9). Un d\u00e9p\u00f4t [&hellip;]<\/p>\n","protected":false},"author":4,"featured_media":28854,"parent":769,"menu_order":0,"comment_status":"closed","ping_status":"closed","template":"elementor_theme","meta":{"_acf_changed":false,"_searchwp_excluded":"","footnotes":""},"class_list":["post-1309","page","type-page","status-publish","has-post-thumbnail","hentry"],"acf":[],"yoast_head":"<!-- This site is optimized with the Yoast SEO Premium plugin v27.4 (Yoast SEO v27.4) - https:\/\/yoast.com\/product\/yoast-seo-premium-wordpress\/ -->\n<title>Centre d&#039;entra\u00eenement\u00a0de Verner - West Nipissing Ouest<\/title>\n<meta name=\"robots\" content=\"index, follow, max-snippet:-1, max-image-preview:large, max-video-preview:-1\" \/>\n<link rel=\"canonical\" href=\"https:\/\/www.westnipissing.ca\/fr\/culture-loisirs\/piscine-et-sante-physique\/centre-d-entrainement-de-verner\/\" \/>\n<meta property=\"og:locale\" content=\"fr_FR\" \/>\n<meta property=\"og:type\" content=\"article\" \/>\n<meta property=\"og:title\" content=\"Centre d&#039;entra\u00eenement\u00a0de Verner\" \/>\n<meta property=\"og:description\" content=\"Partez du bon pied, soyez actifs! Vous devez premi\u00e8rement obtenir une adh\u00e9sion pour avoir acc\u00e8s \u00e0 la salle d&#8217;entra\u00eenement de Verner. Nous vous fournirons un badge d\u2019acc\u00e8s (cl\u00e9). Un d\u00e9p\u00f4t [&hellip;]\" \/>\n<meta property=\"og:url\" content=\"https:\/\/www.westnipissing.ca\/fr\/culture-loisirs\/piscine-et-sante-physique\/centre-d-entrainement-de-verner\/\" \/>\n<meta property=\"og:site_name\" content=\"West Nipissing Ouest\" \/>\n<meta property=\"article:publisher\" content=\"https:\/\/www.facebook.com\/MunicipalityofWestNipissing\/\" \/>\n<meta property=\"article:modified_time\" content=\"2026-04-07T11:53:16+00:00\" \/>\n<meta property=\"og:image\" content=\"https:\/\/www.westnipissing.ca\/wp-content\/uploads\/2022\/05\/20220513_111818-scaled.jpg\" \/>\n\t<meta property=\"og:image:width\" content=\"2560\" \/>\n\t<meta property=\"og:image:height\" content=\"1440\" \/>\n\t<meta property=\"og:image:type\" content=\"image\/jpeg\" \/>\n<meta name=\"twitter:card\" content=\"summary_large_image\" \/>\n<meta name=\"twitter:site\" content=\"@West_Nipissing\" \/>\n<meta name=\"twitter:label1\" content=\"Dur\u00e9e de lecture estim\u00e9e\" \/>\n\t<meta name=\"twitter:data1\" content=\"4 minutes\" \/>\n<script type=\"application\/ld+json\" class=\"yoast-schema-graph\">{\"@context\":\"https:\\\/\\\/schema.org\",\"@graph\":[{\"@type\":\"WebPage\",\"@id\":\"https:\\\/\\\/www.westnipissing.ca\\\/fr\\\/culture-loisirs\\\/piscine-et-sante-physique\\\/centre-d-entrainement-de-verner\\\/\",\"url\":\"https:\\\/\\\/www.westnipissing.ca\\\/fr\\\/culture-loisirs\\\/piscine-et-sante-physique\\\/centre-d-entrainement-de-verner\\\/\",\"name\":\"Centre d'entra\u00eenement\u00a0de Verner - West Nipissing Ouest\",\"isPartOf\":{\"@id\":\"https:\\\/\\\/www.westnipissing.ca\\\/fr\\\/#website\"},\"primaryImageOfPage\":{\"@id\":\"https:\\\/\\\/www.westnipissing.ca\\\/fr\\\/culture-loisirs\\\/piscine-et-sante-physique\\\/centre-d-entrainement-de-verner\\\/#primaryimage\"},\"image\":{\"@id\":\"https:\\\/\\\/www.westnipissing.ca\\\/fr\\\/culture-loisirs\\\/piscine-et-sante-physique\\\/centre-d-entrainement-de-verner\\\/#primaryimage\"},\"thumbnailUrl\":\"https:\\\/\\\/www.westnipissing.ca\\\/wp-content\\\/uploads\\\/2022\\\/05\\\/20220513_111818-scaled.jpg\",\"datePublished\":\"2020-05-12T23:25:46+00:00\",\"dateModified\":\"2026-04-07T11:53:16+00:00\",\"breadcrumb\":{\"@id\":\"https:\\\/\\\/www.westnipissing.ca\\\/fr\\\/culture-loisirs\\\/piscine-et-sante-physique\\\/centre-d-entrainement-de-verner\\\/#breadcrumb\"},\"inLanguage\":\"fr-FR\",\"potentialAction\":[{\"@type\":\"ReadAction\",\"target\":[\"https:\\\/\\\/www.westnipissing.ca\\\/fr\\\/culture-loisirs\\\/piscine-et-sante-physique\\\/centre-d-entrainement-de-verner\\\/\"]}]},{\"@type\":\"ImageObject\",\"inLanguage\":\"fr-FR\",\"@id\":\"https:\\\/\\\/www.westnipissing.ca\\\/fr\\\/culture-loisirs\\\/piscine-et-sante-physique\\\/centre-d-entrainement-de-verner\\\/#primaryimage\",\"url\":\"https:\\\/\\\/www.westnipissing.ca\\\/wp-content\\\/uploads\\\/2022\\\/05\\\/20220513_111818-scaled.jpg\",\"contentUrl\":\"https:\\\/\\\/www.westnipissing.ca\\\/wp-content\\\/uploads\\\/2022\\\/05\\\/20220513_111818-scaled.jpg\",\"width\":2560,\"height\":1440,\"caption\":\"Gym equipment shown in a room\"},{\"@type\":\"BreadcrumbList\",\"@id\":\"https:\\\/\\\/www.westnipissing.ca\\\/fr\\\/culture-loisirs\\\/piscine-et-sante-physique\\\/centre-d-entrainement-de-verner\\\/#breadcrumb\",\"itemListElement\":[{\"@type\":\"ListItem\",\"position\":1,\"name\":\"Home\",\"item\":\"https:\\\/\\\/www.westnipissing.ca\\\/fr\\\/\"},{\"@type\":\"ListItem\",\"position\":2,\"name\":\"Culture et loisirs\",\"item\":\"https:\\\/\\\/www.westnipissing.ca\\\/fr\\\/culture-loisirs\\\/\"},{\"@type\":\"ListItem\",\"position\":3,\"name\":\"Piscine et sant\u00e9 physique\",\"item\":\"https:\\\/\\\/www.westnipissing.ca\\\/fr\\\/culture-loisirs\\\/piscine-et-sante-physique\\\/\"},{\"@type\":\"ListItem\",\"position\":4,\"name\":\"Centre d&#8217;entra\u00eenement\u00a0de Verner\"}]},{\"@type\":\"WebSite\",\"@id\":\"https:\\\/\\\/www.westnipissing.ca\\\/fr\\\/#website\",\"url\":\"https:\\\/\\\/www.westnipissing.ca\\\/fr\\\/\",\"name\":\"West Nipissing Ouest\",\"description\":\"Find your Joie de vivre in West Nipissing.\",\"publisher\":{\"@id\":\"https:\\\/\\\/www.westnipissing.ca\\\/fr\\\/#organization\"},\"potentialAction\":[{\"@type\":\"SearchAction\",\"target\":{\"@type\":\"EntryPoint\",\"urlTemplate\":\"https:\\\/\\\/www.westnipissing.ca\\\/fr\\\/?s={search_term_string}\"},\"query-input\":{\"@type\":\"PropertyValueSpecification\",\"valueRequired\":true,\"valueName\":\"search_term_string\"}}],\"inLanguage\":\"fr-FR\"},{\"@type\":\"Organization\",\"@id\":\"https:\\\/\\\/www.westnipissing.ca\\\/fr\\\/#organization\",\"name\":\"West Nipissing Ouest\",\"url\":\"https:\\\/\\\/www.westnipissing.ca\\\/fr\\\/\",\"logo\":{\"@type\":\"ImageObject\",\"inLanguage\":\"fr-FR\",\"@id\":\"https:\\\/\\\/www.westnipissing.ca\\\/fr\\\/#\\\/schema\\\/logo\\\/image\\\/\",\"url\":\"https:\\\/\\\/www.westnipissing.ca\\\/wp-content\\\/uploads\\\/2024\\\/04\\\/site-logo.png\",\"contentUrl\":\"https:\\\/\\\/www.westnipissing.ca\\\/wp-content\\\/uploads\\\/2024\\\/04\\\/site-logo.png\",\"width\":700,\"height\":225,\"caption\":\"West Nipissing Ouest\"},\"image\":{\"@id\":\"https:\\\/\\\/www.westnipissing.ca\\\/fr\\\/#\\\/schema\\\/logo\\\/image\\\/\"},\"sameAs\":[\"https:\\\/\\\/www.facebook.com\\\/MunicipalityofWestNipissing\\\/\",\"https:\\\/\\\/x.com\\\/West_Nipissing\",\"https:\\\/\\\/www.youtube.com\\\/channel\\\/UCG6HWMXnA-RBiH-UdZVClHg\"],\"description\":\"Municipality of West Nipissing\",\"email\":\"info@westnipissing.ca\",\"telephone\":\"705-753-2250\",\"legalName\":\"Municipality of West Nipissing\"}]}<\/script>\n<!-- \/ Yoast SEO Premium plugin. -->","yoast_head_json":{"title":"Centre d'entra\u00eenement\u00a0de Verner - West Nipissing Ouest","robots":{"index":"index","follow":"follow","max-snippet":"max-snippet:-1","max-image-preview":"max-image-preview:large","max-video-preview":"max-video-preview:-1"},"canonical":"https:\/\/www.westnipissing.ca\/fr\/culture-loisirs\/piscine-et-sante-physique\/centre-d-entrainement-de-verner\/","og_locale":"fr_FR","og_type":"article","og_title":"Centre d'entra\u00eenement\u00a0de Verner","og_description":"Partez du bon pied, soyez actifs! Vous devez premi\u00e8rement obtenir une adh\u00e9sion pour avoir acc\u00e8s \u00e0 la salle d&#8217;entra\u00eenement de Verner. Nous vous fournirons un badge d\u2019acc\u00e8s (cl\u00e9). Un d\u00e9p\u00f4t [&hellip;]","og_url":"https:\/\/www.westnipissing.ca\/fr\/culture-loisirs\/piscine-et-sante-physique\/centre-d-entrainement-de-verner\/","og_site_name":"West Nipissing Ouest","article_publisher":"https:\/\/www.facebook.com\/MunicipalityofWestNipissing\/","article_modified_time":"2026-04-07T11:53:16+00:00","og_image":[{"width":2560,"height":1440,"url":"https:\/\/www.westnipissing.ca\/wp-content\/uploads\/2022\/05\/20220513_111818-scaled.jpg","type":"image\/jpeg"}],"twitter_card":"summary_large_image","twitter_site":"@West_Nipissing","twitter_misc":{"Dur\u00e9e de lecture estim\u00e9e":"4 minutes"},"schema":{"@context":"https:\/\/schema.org","@graph":[{"@type":"WebPage","@id":"https:\/\/www.westnipissing.ca\/fr\/culture-loisirs\/piscine-et-sante-physique\/centre-d-entrainement-de-verner\/","url":"https:\/\/www.westnipissing.ca\/fr\/culture-loisirs\/piscine-et-sante-physique\/centre-d-entrainement-de-verner\/","name":"Centre d'entra\u00eenement\u00a0de Verner - West Nipissing Ouest","isPartOf":{"@id":"https:\/\/www.westnipissing.ca\/fr\/#website"},"primaryImageOfPage":{"@id":"https:\/\/www.westnipissing.ca\/fr\/culture-loisirs\/piscine-et-sante-physique\/centre-d-entrainement-de-verner\/#primaryimage"},"image":{"@id":"https:\/\/www.westnipissing.ca\/fr\/culture-loisirs\/piscine-et-sante-physique\/centre-d-entrainement-de-verner\/#primaryimage"},"thumbnailUrl":"https:\/\/www.westnipissing.ca\/wp-content\/uploads\/2022\/05\/20220513_111818-scaled.jpg","datePublished":"2020-05-12T23:25:46+00:00","dateModified":"2026-04-07T11:53:16+00:00","breadcrumb":{"@id":"https:\/\/www.westnipissing.ca\/fr\/culture-loisirs\/piscine-et-sante-physique\/centre-d-entrainement-de-verner\/#breadcrumb"},"inLanguage":"fr-FR","potentialAction":[{"@type":"ReadAction","target":["https:\/\/www.westnipissing.ca\/fr\/culture-loisirs\/piscine-et-sante-physique\/centre-d-entrainement-de-verner\/"]}]},{"@type":"ImageObject","inLanguage":"fr-FR","@id":"https:\/\/www.westnipissing.ca\/fr\/culture-loisirs\/piscine-et-sante-physique\/centre-d-entrainement-de-verner\/#primaryimage","url":"https:\/\/www.westnipissing.ca\/wp-content\/uploads\/2022\/05\/20220513_111818-scaled.jpg","contentUrl":"https:\/\/www.westnipissing.ca\/wp-content\/uploads\/2022\/05\/20220513_111818-scaled.jpg","width":2560,"height":1440,"caption":"Gym equipment shown in a room"},{"@type":"BreadcrumbList","@id":"https:\/\/www.westnipissing.ca\/fr\/culture-loisirs\/piscine-et-sante-physique\/centre-d-entrainement-de-verner\/#breadcrumb","itemListElement":[{"@type":"ListItem","position":1,"name":"Home","item":"https:\/\/www.westnipissing.ca\/fr\/"},{"@type":"ListItem","position":2,"name":"Culture et loisirs","item":"https:\/\/www.westnipissing.ca\/fr\/culture-loisirs\/"},{"@type":"ListItem","position":3,"name":"Piscine et sant\u00e9 physique","item":"https:\/\/www.westnipissing.ca\/fr\/culture-loisirs\/piscine-et-sante-physique\/"},{"@type":"ListItem","position":4,"name":"Centre d&#8217;entra\u00eenement\u00a0de Verner"}]},{"@type":"WebSite","@id":"https:\/\/www.westnipissing.ca\/fr\/#website","url":"https:\/\/www.westnipissing.ca\/fr\/","name":"West Nipissing Ouest","description":"Find your Joie de vivre in West Nipissing.","publisher":{"@id":"https:\/\/www.westnipissing.ca\/fr\/#organization"},"potentialAction":[{"@type":"SearchAction","target":{"@type":"EntryPoint","urlTemplate":"https:\/\/www.westnipissing.ca\/fr\/?s={search_term_string}"},"query-input":{"@type":"PropertyValueSpecification","valueRequired":true,"valueName":"search_term_string"}}],"inLanguage":"fr-FR"},{"@type":"Organization","@id":"https:\/\/www.westnipissing.ca\/fr\/#organization","name":"West Nipissing Ouest","url":"https:\/\/www.westnipissing.ca\/fr\/","logo":{"@type":"ImageObject","inLanguage":"fr-FR","@id":"https:\/\/www.westnipissing.ca\/fr\/#\/schema\/logo\/image\/","url":"https:\/\/www.westnipissing.ca\/wp-content\/uploads\/2024\/04\/site-logo.png","contentUrl":"https:\/\/www.westnipissing.ca\/wp-content\/uploads\/2024\/04\/site-logo.png","width":700,"height":225,"caption":"West Nipissing Ouest"},"image":{"@id":"https:\/\/www.westnipissing.ca\/fr\/#\/schema\/logo\/image\/"},"sameAs":["https:\/\/www.facebook.com\/MunicipalityofWestNipissing\/","https:\/\/x.com\/West_Nipissing","https:\/\/www.youtube.com\/channel\/UCG6HWMXnA-RBiH-UdZVClHg"],"description":"Municipality of West Nipissing","email":"info@westnipissing.ca","telephone":"705-753-2250","legalName":"Municipality of West Nipissing"}]}},"publishpress_future_action":{"enabled":false,"date":"2026-04-23 15:06:13","action":"change-status","newStatus":"draft","terms":[],"taxonomy":"translation_priority","extraData":[]},"publishpress_future_workflow_manual_trigger":{"enabledWorkflows":[]},"_links":{"self":[{"href":"https:\/\/www.westnipissing.ca\/fr\/wp-json\/wp\/v2\/pages\/1309","targetHints":{"allow":["GET"]}}],"collection":[{"href":"https:\/\/www.westnipissing.ca\/fr\/wp-json\/wp\/v2\/pages"}],"about":[{"href":"https:\/\/www.westnipissing.ca\/fr\/wp-json\/wp\/v2\/types\/page"}],"author":[{"embeddable":true,"href":"https:\/\/www.westnipissing.ca\/fr\/wp-json\/wp\/v2\/users\/4"}],"replies":[{"embeddable":true,"href":"https:\/\/www.westnipissing.ca\/fr\/wp-json\/wp\/v2\/comments?post=1309"}],"version-history":[{"count":1,"href":"https:\/\/www.westnipissing.ca\/fr\/wp-json\/wp\/v2\/pages\/1309\/revisions"}],"predecessor-version":[{"id":67601,"href":"https:\/\/www.westnipissing.ca\/fr\/wp-json\/wp\/v2\/pages\/1309\/revisions\/67601"}],"up":[{"embeddable":true,"href":"https:\/\/www.westnipissing.ca\/fr\/wp-json\/wp\/v2\/pages\/769"}],"wp:featuredmedia":[{"embeddable":true,"href":"https:\/\/www.westnipissing.ca\/fr\/wp-json\/wp\/v2\/media\/28854"}],"wp:attachment":[{"href":"https:\/\/www.westnipissing.ca\/fr\/wp-json\/wp\/v2\/media?parent=1309"}],"curies":[{"name":"wp","href":"https:\/\/api.w.org\/{rel}","templated":true}]}}