{"id":1565,"date":"2020-05-29T19:20:18","date_gmt":"2020-05-29T23:20:18","guid":{"rendered":"http:\/\/westnipissing.ca\/?page_id=1565"},"modified":"2025-04-21T16:15:09","modified_gmt":"2025-04-21T20:15:09","slug":"projets-de-demolition","status":"publish","type":"page","link":"https:\/\/www.westnipissing.ca\/fr\/services-aux-residents\/dechets-et-recyclage\/projets-de-demolition\/","title":{"rendered":"Projets de d\u00e9molition"},"content":{"rendered":"\t\t<div data-elementor-type=\"wp-page\" data-elementor-id=\"1565\" class=\"elementor elementor-1565 elementor-1563\" data-elementor-post-type=\"page\">\n\t\t\t\t<div class=\"elementor-element elementor-element-e02ba4a e-flex e-con-boxed e-con e-parent\" data-id=\"e02ba4a\" data-element_type=\"container\" data-e-type=\"container\">\n\t\t\t\t\t<div class=\"e-con-inner\">\n\t\t\t\t<div class=\"elementor-element elementor-element-eed57f9 elementor-widget elementor-widget-text-editor\" data-id=\"eed57f9\" data-element_type=\"widget\" data-e-type=\"widget\" data-widget_type=\"text-editor.default\">\n\t\t\t\t\t\t\t\t\t<h2 id=\"h-il-est-necessaire-de-prevoir-une-consultation-pour-tout-projet-de-demolition-qui-exige-le-dechargement-de-materiaux-au-site-d-enfouissement\" class=\"wp-block-heading\">Il est n\u00e9cessaire de pr\u00e9voir une consultation pour tout projet de d\u00e9molition qui exige le d\u00e9chargement de mat\u00e9riaux au site d\u2019enfouissement.<\/h2>\n<p><strong>Lloyd Burton<br \/><\/strong>Gestionnaire des d\u00e9chets solides<br \/><a href=\"tel: 7057532250\">705-753-2250<\/a><br \/><a href=\"mailto:swmanager@westnipissing.ca\">swmanager@westnipissing.ca<\/a><\/p>\n<p>Un permis de d\u00e9molition est n\u00e9cessaire avant de d\u00e9molir tout ou partir d\u2019un b\u00e2timent. Il faut obtenir un Permis de construction et de d\u00e9molition avant de d\u00e9manteler un b\u00e2timent dans son ensemble ou en partie. Remplissez le Formulaire de\u00a0<a href=\"https:\/\/www.westnipissing.ca\/wp-content\/uploads\/2020\/10\/FORM-Application-for-a-Permit-to-Construct-or-Demolish-2014-Fillable-FR.pdf\">demande de permis de construction et de\u00a0<\/a><a href=\"https:\/\/www.westnipissing.ca\/wp-content\/uploads\/2020\/10\/FORM-Application-for-a-Permit-to-Construct-or-Demolish-2014-Fillable-FR.pdf\" target=\"_blank\" rel=\"noreferrer noopener\">d\u00e9molition<\/a>\u00a0et retournez-le au Bureau municipal par voie \u00e9lectronique, par t\u00e9l\u00e9copieur ou en personne. Si les dimensions du b\u00e2timent ne d\u00e9passent pas 600 m\u00e8tres carr\u00e9s, aucun autre document n\u2019est requis. Pour obtenir de plus amples renseignements, communiquez avec l\u2019\u00e9quipe des\u00a0<a href=\"http:\/\/westnipissing.ca\/fr\/affaires\/construction-et-planification\/construction-et-renovations\/\">Services de construction<\/a>.<\/p>\t\t\t\t\t\t\t\t<\/div>\n\t\t\t\t\t<\/div>\n\t\t\t\t<\/div>\n\t\t\t\t<\/div>\n\t\t","protected":false},"excerpt":{"rendered":"<p>Il est n\u00e9cessaire de pr\u00e9voir une consultation pour tout projet de d\u00e9molition qui exige le d\u00e9chargement de mat\u00e9riaux au site d\u2019enfouissement. Lloyd BurtonGestionnaire des d\u00e9chets solides705-753-2250swmanager@westnipissing.ca Un permis de d\u00e9molition [&hellip;]<\/p>\n","protected":false},"author":4,"featured_media":0,"parent":704,"menu_order":0,"comment_status":"closed","ping_status":"closed","template":"elementor_theme","meta":{"_acf_changed":false,"_searchwp_excluded":"","footnotes":""},"class_list":["post-1565","page","type-page","status-publish","hentry"],"acf":[],"yoast_head":"<!-- This site is optimized with the Yoast SEO Premium plugin v27.4 (Yoast SEO v27.4) - https:\/\/yoast.com\/product\/yoast-seo-premium-wordpress\/ -->\n<title>Projets de d\u00e9molition - West Nipissing Ouest<\/title>\n<meta name=\"robots\" content=\"index, follow, max-snippet:-1, max-image-preview:large, max-video-preview:-1\" \/>\n<link rel=\"canonical\" href=\"https:\/\/www.westnipissing.ca\/fr\/services-aux-residents\/dechets-et-recyclage\/projets-de-demolition\/\" \/>\n<meta property=\"og:locale\" content=\"fr_FR\" \/>\n<meta property=\"og:type\" content=\"article\" \/>\n<meta property=\"og:title\" content=\"Projets de d\u00e9molition\" \/>\n<meta property=\"og:description\" content=\"Il est n\u00e9cessaire de pr\u00e9voir une consultation pour tout projet de d\u00e9molition qui exige le d\u00e9chargement de mat\u00e9riaux au site d\u2019enfouissement. Lloyd BurtonGestionnaire des d\u00e9chets solides705-753-2250swmanager@westnipissing.ca Un permis de d\u00e9molition [&hellip;]\" \/>\n<meta property=\"og:url\" content=\"https:\/\/www.westnipissing.ca\/fr\/services-aux-residents\/dechets-et-recyclage\/projets-de-demolition\/\" \/>\n<meta property=\"og:site_name\" content=\"West Nipissing Ouest\" \/>\n<meta property=\"article:publisher\" content=\"https:\/\/www.facebook.com\/MunicipalityofWestNipissing\/\" \/>\n<meta property=\"article:modified_time\" content=\"2025-04-21T20:15:09+00:00\" \/>\n<meta property=\"og:image\" content=\"https:\/\/www.westnipissing.ca\/wp-content\/uploads\/2026\/01\/WNO-Logo-Full-Colour-Horizontial-Yoast.png\" \/>\n\t<meta property=\"og:image:width\" content=\"1200\" \/>\n\t<meta property=\"og:image:height\" content=\"470\" \/>\n\t<meta property=\"og:image:type\" content=\"image\/png\" \/>\n<meta name=\"twitter:card\" content=\"summary_large_image\" \/>\n<meta name=\"twitter:site\" content=\"@West_Nipissing\" \/>\n<meta name=\"twitter:label1\" content=\"Dur\u00e9e de lecture estim\u00e9e\" \/>\n\t<meta name=\"twitter:data1\" content=\"1 minute\" \/>\n<script type=\"application\/ld+json\" class=\"yoast-schema-graph\">{\"@context\":\"https:\\\/\\\/schema.org\",\"@graph\":[{\"@type\":\"WebPage\",\"@id\":\"https:\\\/\\\/www.westnipissing.ca\\\/fr\\\/services-aux-residents\\\/dechets-et-recyclage\\\/projets-de-demolition\\\/\",\"url\":\"https:\\\/\\\/www.westnipissing.ca\\\/fr\\\/services-aux-residents\\\/dechets-et-recyclage\\\/projets-de-demolition\\\/\",\"name\":\"Projets de d\u00e9molition - West Nipissing Ouest\",\"isPartOf\":{\"@id\":\"https:\\\/\\\/www.westnipissing.ca\\\/fr\\\/#website\"},\"datePublished\":\"2020-05-29T23:20:18+00:00\",\"dateModified\":\"2025-04-21T20:15:09+00:00\",\"breadcrumb\":{\"@id\":\"https:\\\/\\\/www.westnipissing.ca\\\/fr\\\/services-aux-residents\\\/dechets-et-recyclage\\\/projets-de-demolition\\\/#breadcrumb\"},\"inLanguage\":\"fr-FR\",\"potentialAction\":[{\"@type\":\"ReadAction\",\"target\":[\"https:\\\/\\\/www.westnipissing.ca\\\/fr\\\/services-aux-residents\\\/dechets-et-recyclage\\\/projets-de-demolition\\\/\"]}]},{\"@type\":\"BreadcrumbList\",\"@id\":\"https:\\\/\\\/www.westnipissing.ca\\\/fr\\\/services-aux-residents\\\/dechets-et-recyclage\\\/projets-de-demolition\\\/#breadcrumb\",\"itemListElement\":[{\"@type\":\"ListItem\",\"position\":1,\"name\":\"Home\",\"item\":\"https:\\\/\\\/www.westnipissing.ca\\\/fr\\\/\"},{\"@type\":\"ListItem\",\"position\":2,\"name\":\"Services aux R\u00e9sidents\",\"item\":\"https:\\\/\\\/www.westnipissing.ca\\\/fr\\\/services-aux-residents\\\/\"},{\"@type\":\"ListItem\",\"position\":3,\"name\":\"D\u00e9chets et recyclage\",\"item\":\"https:\\\/\\\/www.westnipissing.ca\\\/fr\\\/services-aux-residents\\\/dechets-et-recyclage\\\/\"},{\"@type\":\"ListItem\",\"position\":4,\"name\":\"Projets de d\u00e9molition\"}]},{\"@type\":\"WebSite\",\"@id\":\"https:\\\/\\\/www.westnipissing.ca\\\/fr\\\/#website\",\"url\":\"https:\\\/\\\/www.westnipissing.ca\\\/fr\\\/\",\"name\":\"West Nipissing Ouest\",\"description\":\"Find your Joie de vivre in West Nipissing.\",\"publisher\":{\"@id\":\"https:\\\/\\\/www.westnipissing.ca\\\/fr\\\/#organization\"},\"potentialAction\":[{\"@type\":\"SearchAction\",\"target\":{\"@type\":\"EntryPoint\",\"urlTemplate\":\"https:\\\/\\\/www.westnipissing.ca\\\/fr\\\/?s={search_term_string}\"},\"query-input\":{\"@type\":\"PropertyValueSpecification\",\"valueRequired\":true,\"valueName\":\"search_term_string\"}}],\"inLanguage\":\"fr-FR\"},{\"@type\":\"Organization\",\"@id\":\"https:\\\/\\\/www.westnipissing.ca\\\/fr\\\/#organization\",\"name\":\"West Nipissing Ouest\",\"url\":\"https:\\\/\\\/www.westnipissing.ca\\\/fr\\\/\",\"logo\":{\"@type\":\"ImageObject\",\"inLanguage\":\"fr-FR\",\"@id\":\"https:\\\/\\\/www.westnipissing.ca\\\/fr\\\/#\\\/schema\\\/logo\\\/image\\\/\",\"url\":\"https:\\\/\\\/www.westnipissing.ca\\\/wp-content\\\/uploads\\\/2024\\\/04\\\/site-logo.jpg\",\"contentUrl\":\"https:\\\/\\\/www.westnipissing.ca\\\/wp-content\\\/uploads\\\/2024\\\/04\\\/site-logo.jpg\",\"width\":700,\"height\":225,\"caption\":\"West Nipissing Ouest\"},\"image\":{\"@id\":\"https:\\\/\\\/www.westnipissing.ca\\\/fr\\\/#\\\/schema\\\/logo\\\/image\\\/\"},\"sameAs\":[\"https:\\\/\\\/www.facebook.com\\\/MunicipalityofWestNipissing\\\/\",\"https:\\\/\\\/x.com\\\/West_Nipissing\",\"https:\\\/\\\/www.youtube.com\\\/channel\\\/UCG6HWMXnA-RBiH-UdZVClHg\"],\"description\":\"Municipality of West Nipissing\",\"email\":\"info@westnipissing.ca\",\"telephone\":\"705-753-2250\",\"legalName\":\"Municipality of West Nipissing\"}]}<\/script>\n<!-- \/ Yoast SEO Premium plugin. -->","yoast_head_json":{"title":"Projets de d\u00e9molition - West Nipissing Ouest","robots":{"index":"index","follow":"follow","max-snippet":"max-snippet:-1","max-image-preview":"max-image-preview:large","max-video-preview":"max-video-preview:-1"},"canonical":"https:\/\/www.westnipissing.ca\/fr\/services-aux-residents\/dechets-et-recyclage\/projets-de-demolition\/","og_locale":"fr_FR","og_type":"article","og_title":"Projets de d\u00e9molition","og_description":"Il est n\u00e9cessaire de pr\u00e9voir une consultation pour tout projet de d\u00e9molition qui exige le d\u00e9chargement de mat\u00e9riaux au site d\u2019enfouissement. Lloyd BurtonGestionnaire des d\u00e9chets solides705-753-2250swmanager@westnipissing.ca Un permis de d\u00e9molition [&hellip;]","og_url":"https:\/\/www.westnipissing.ca\/fr\/services-aux-residents\/dechets-et-recyclage\/projets-de-demolition\/","og_site_name":"West Nipissing Ouest","article_publisher":"https:\/\/www.facebook.com\/MunicipalityofWestNipissing\/","article_modified_time":"2025-04-21T20:15:09+00:00","og_image":[{"width":1200,"height":470,"url":"https:\/\/www.westnipissing.ca\/wp-content\/uploads\/2026\/01\/WNO-Logo-Full-Colour-Horizontial-Yoast.png","type":"image\/png"}],"twitter_card":"summary_large_image","twitter_site":"@West_Nipissing","twitter_misc":{"Dur\u00e9e de lecture estim\u00e9e":"1 minute"},"schema":{"@context":"https:\/\/schema.org","@graph":[{"@type":"WebPage","@id":"https:\/\/www.westnipissing.ca\/fr\/services-aux-residents\/dechets-et-recyclage\/projets-de-demolition\/","url":"https:\/\/www.westnipissing.ca\/fr\/services-aux-residents\/dechets-et-recyclage\/projets-de-demolition\/","name":"Projets de d\u00e9molition - West Nipissing Ouest","isPartOf":{"@id":"https:\/\/www.westnipissing.ca\/fr\/#website"},"datePublished":"2020-05-29T23:20:18+00:00","dateModified":"2025-04-21T20:15:09+00:00","breadcrumb":{"@id":"https:\/\/www.westnipissing.ca\/fr\/services-aux-residents\/dechets-et-recyclage\/projets-de-demolition\/#breadcrumb"},"inLanguage":"fr-FR","potentialAction":[{"@type":"ReadAction","target":["https:\/\/www.westnipissing.ca\/fr\/services-aux-residents\/dechets-et-recyclage\/projets-de-demolition\/"]}]},{"@type":"BreadcrumbList","@id":"https:\/\/www.westnipissing.ca\/fr\/services-aux-residents\/dechets-et-recyclage\/projets-de-demolition\/#breadcrumb","itemListElement":[{"@type":"ListItem","position":1,"name":"Home","item":"https:\/\/www.westnipissing.ca\/fr\/"},{"@type":"ListItem","position":2,"name":"Services aux R\u00e9sidents","item":"https:\/\/www.westnipissing.ca\/fr\/services-aux-residents\/"},{"@type":"ListItem","position":3,"name":"D\u00e9chets et recyclage","item":"https:\/\/www.westnipissing.ca\/fr\/services-aux-residents\/dechets-et-recyclage\/"},{"@type":"ListItem","position":4,"name":"Projets de d\u00e9molition"}]},{"@type":"WebSite","@id":"https:\/\/www.westnipissing.ca\/fr\/#website","url":"https:\/\/www.westnipissing.ca\/fr\/","name":"West Nipissing Ouest","description":"Find your Joie de vivre in West Nipissing.","publisher":{"@id":"https:\/\/www.westnipissing.ca\/fr\/#organization"},"potentialAction":[{"@type":"SearchAction","target":{"@type":"EntryPoint","urlTemplate":"https:\/\/www.westnipissing.ca\/fr\/?s={search_term_string}"},"query-input":{"@type":"PropertyValueSpecification","valueRequired":true,"valueName":"search_term_string"}}],"inLanguage":"fr-FR"},{"@type":"Organization","@id":"https:\/\/www.westnipissing.ca\/fr\/#organization","name":"West Nipissing Ouest","url":"https:\/\/www.westnipissing.ca\/fr\/","logo":{"@type":"ImageObject","inLanguage":"fr-FR","@id":"https:\/\/www.westnipissing.ca\/fr\/#\/schema\/logo\/image\/","url":"https:\/\/www.westnipissing.ca\/wp-content\/uploads\/2024\/04\/site-logo.jpg","contentUrl":"https:\/\/www.westnipissing.ca\/wp-content\/uploads\/2024\/04\/site-logo.jpg","width":700,"height":225,"caption":"West Nipissing Ouest"},"image":{"@id":"https:\/\/www.westnipissing.ca\/fr\/#\/schema\/logo\/image\/"},"sameAs":["https:\/\/www.facebook.com\/MunicipalityofWestNipissing\/","https:\/\/x.com\/West_Nipissing","https:\/\/www.youtube.com\/channel\/UCG6HWMXnA-RBiH-UdZVClHg"],"description":"Municipality of West Nipissing","email":"info@westnipissing.ca","telephone":"705-753-2250","legalName":"Municipality of West Nipissing"}]}},"publishpress_future_action":{"enabled":false,"date":"2026-04-28 08:56:43","action":"change-status","newStatus":"draft","terms":[],"taxonomy":"translation_priority","extraData":[]},"publishpress_future_workflow_manual_trigger":{"enabledWorkflows":[]},"_links":{"self":[{"href":"https:\/\/www.westnipissing.ca\/fr\/wp-json\/wp\/v2\/pages\/1565","targetHints":{"allow":["GET"]}}],"collection":[{"href":"https:\/\/www.westnipissing.ca\/fr\/wp-json\/wp\/v2\/pages"}],"about":[{"href":"https:\/\/www.westnipissing.ca\/fr\/wp-json\/wp\/v2\/types\/page"}],"author":[{"embeddable":true,"href":"https:\/\/www.westnipissing.ca\/fr\/wp-json\/wp\/v2\/users\/4"}],"replies":[{"embeddable":true,"href":"https:\/\/www.westnipissing.ca\/fr\/wp-json\/wp\/v2\/comments?post=1565"}],"version-history":[{"count":0,"href":"https:\/\/www.westnipissing.ca\/fr\/wp-json\/wp\/v2\/pages\/1565\/revisions"}],"up":[{"embeddable":true,"href":"https:\/\/www.westnipissing.ca\/fr\/wp-json\/wp\/v2\/pages\/704"}],"wp:attachment":[{"href":"https:\/\/www.westnipissing.ca\/fr\/wp-json\/wp\/v2\/media?parent=1565"}],"curies":[{"name":"wp","href":"https:\/\/api.w.org\/{rel}","templated":true}]}}