{"id":22499,"date":"2021-11-09T12:11:54","date_gmt":"2021-11-09T17:11:54","guid":{"rendered":"https:\/\/www.westnipissing.ca\/closures-on-remembrance-day\/"},"modified":"2021-11-09T12:11:54","modified_gmt":"2021-11-09T17:11:54","slug":"closures-on-remembrance-day","status":"publish","type":"page","link":"https:\/\/www.westnipissing.ca\/fr\/closures-on-remembrance-day\/","title":{"rendered":"Fermetures pour le jour du Souvenir"},"content":{"rendered":"\n<p>Le Bureau municipal, le Centre r\u00e9cr\u00e9atif et le d\u00e9potoir de Sturgeon Falls seront ferm\u00e9s le jeudi 11 novembre, \u00e0 l&#8217;occasion du jour du Souvenir.<\/p>\n\n\n\n<p>La collecte des d\u00e9chets et du recyclage pr\u00e9vue le jeudi 11 novembre aura lieu le vendredi 12 novembre. Les collectes du mardi et du mercredi se d\u00e9rouleront selon l&#8217;horaire habituel. Merci d&#8217;informer vos voisins!<\/p>\n\n\n\n<p><\/p>\n\n\n\n<p><\/p>\n","protected":false},"excerpt":{"rendered":"<p>Le Bureau municipal, le Centre r\u00e9cr\u00e9atif et le d\u00e9potoir de Sturgeon Falls seront ferm\u00e9s le jeudi 11 novembre, \u00e0 l&#8217;occasion du jour du Souvenir. La collecte des d\u00e9chets et du [&hellip;]<\/p>\n","protected":false},"author":12,"featured_media":0,"parent":0,"menu_order":0,"comment_status":"closed","ping_status":"closed","template":"","meta":{"_acf_changed":false,"_searchwp_excluded":"","footnotes":""},"class_list":["post-22499","page","type-page","status-publish","hentry"],"acf":[],"yoast_head":"<!-- This site is optimized with the Yoast SEO Premium plugin v27.5 (Yoast SEO v27.5) - https:\/\/yoast.com\/product\/yoast-seo-premium-wordpress\/ -->\n<title>Fermetures pour le jour du Souvenir - West Nipissing Ouest<\/title>\n<meta name=\"robots\" content=\"index, follow, max-snippet:-1, max-image-preview:large, max-video-preview:-1\" \/>\n<link rel=\"canonical\" href=\"https:\/\/www.westnipissing.ca\/fr\/closures-on-remembrance-day\/\" \/>\n<meta property=\"og:locale\" content=\"fr_FR\" \/>\n<meta property=\"og:type\" content=\"article\" \/>\n<meta property=\"og:title\" content=\"Fermetures pour le jour du Souvenir\" \/>\n<meta property=\"og:description\" content=\"Le Bureau municipal, le Centre r\u00e9cr\u00e9atif et le d\u00e9potoir de Sturgeon Falls seront ferm\u00e9s le jeudi 11 novembre, \u00e0 l&#8217;occasion du jour du Souvenir. La collecte des d\u00e9chets et du [&hellip;]\" \/>\n<meta property=\"og:url\" content=\"https:\/\/www.westnipissing.ca\/fr\/closures-on-remembrance-day\/\" \/>\n<meta property=\"og:site_name\" content=\"West Nipissing Ouest\" \/>\n<meta property=\"article:publisher\" content=\"https:\/\/www.facebook.com\/MunicipalityofWestNipissing\/\" \/>\n<meta property=\"og:image\" content=\"https:\/\/www.westnipissing.ca\/wp-content\/uploads\/2026\/01\/WNO-Logo-Full-Colour-Horizontial-Yoast.png\" \/>\n\t<meta property=\"og:image:width\" content=\"1200\" \/>\n\t<meta property=\"og:image:height\" content=\"470\" \/>\n\t<meta property=\"og:image:type\" content=\"image\/png\" \/>\n<meta name=\"twitter:card\" content=\"summary_large_image\" \/>\n<meta name=\"twitter:site\" content=\"@West_Nipissing\" \/>\n<meta name=\"twitter:label1\" content=\"Dur\u00e9e de lecture estim\u00e9e\" \/>\n\t<meta name=\"twitter:data1\" content=\"1 minute\" \/>\n<script type=\"application\/ld+json\" class=\"yoast-schema-graph\">{\"@context\":\"https:\\\/\\\/schema.org\",\"@graph\":[{\"@type\":\"WebPage\",\"@id\":\"https:\\\/\\\/www.westnipissing.ca\\\/fr\\\/closures-on-remembrance-day\\\/\",\"url\":\"https:\\\/\\\/www.westnipissing.ca\\\/fr\\\/closures-on-remembrance-day\\\/\",\"name\":\"Fermetures pour le jour du Souvenir - West Nipissing Ouest\",\"isPartOf\":{\"@id\":\"https:\\\/\\\/www.westnipissing.ca\\\/fr\\\/#website\"},\"datePublished\":\"2021-11-09T17:11:54+00:00\",\"breadcrumb\":{\"@id\":\"https:\\\/\\\/www.westnipissing.ca\\\/fr\\\/closures-on-remembrance-day\\\/#breadcrumb\"},\"inLanguage\":\"fr-FR\",\"potentialAction\":[{\"@type\":\"ReadAction\",\"target\":[\"https:\\\/\\\/www.westnipissing.ca\\\/fr\\\/closures-on-remembrance-day\\\/\"]}]},{\"@type\":\"BreadcrumbList\",\"@id\":\"https:\\\/\\\/www.westnipissing.ca\\\/fr\\\/closures-on-remembrance-day\\\/#breadcrumb\",\"itemListElement\":[{\"@type\":\"ListItem\",\"position\":1,\"name\":\"Home\",\"item\":\"https:\\\/\\\/www.westnipissing.ca\\\/fr\\\/\"},{\"@type\":\"ListItem\",\"position\":2,\"name\":\"Fermetures pour le jour du Souvenir\"}]},{\"@type\":\"WebSite\",\"@id\":\"https:\\\/\\\/www.westnipissing.ca\\\/fr\\\/#website\",\"url\":\"https:\\\/\\\/www.westnipissing.ca\\\/fr\\\/\",\"name\":\"West Nipissing Ouest\",\"description\":\"Find your Joie de vivre in West Nipissing.\",\"publisher\":{\"@id\":\"https:\\\/\\\/www.westnipissing.ca\\\/fr\\\/#organization\"},\"potentialAction\":[{\"@type\":\"SearchAction\",\"target\":{\"@type\":\"EntryPoint\",\"urlTemplate\":\"https:\\\/\\\/www.westnipissing.ca\\\/fr\\\/?s={search_term_string}\"},\"query-input\":{\"@type\":\"PropertyValueSpecification\",\"valueRequired\":true,\"valueName\":\"search_term_string\"}}],\"inLanguage\":\"fr-FR\"},{\"@type\":\"Organization\",\"@id\":\"https:\\\/\\\/www.westnipissing.ca\\\/fr\\\/#organization\",\"name\":\"West Nipissing Ouest\",\"url\":\"https:\\\/\\\/www.westnipissing.ca\\\/fr\\\/\",\"logo\":{\"@type\":\"ImageObject\",\"inLanguage\":\"fr-FR\",\"@id\":\"https:\\\/\\\/www.westnipissing.ca\\\/fr\\\/#\\\/schema\\\/logo\\\/image\\\/\",\"url\":\"https:\\\/\\\/www.westnipissing.ca\\\/wp-content\\\/uploads\\\/2024\\\/04\\\/site-logo.jpg\",\"contentUrl\":\"https:\\\/\\\/www.westnipissing.ca\\\/wp-content\\\/uploads\\\/2024\\\/04\\\/site-logo.jpg\",\"width\":700,\"height\":225,\"caption\":\"West Nipissing Ouest\"},\"image\":{\"@id\":\"https:\\\/\\\/www.westnipissing.ca\\\/fr\\\/#\\\/schema\\\/logo\\\/image\\\/\"},\"sameAs\":[\"https:\\\/\\\/www.facebook.com\\\/MunicipalityofWestNipissing\\\/\",\"https:\\\/\\\/x.com\\\/West_Nipissing\",\"https:\\\/\\\/www.youtube.com\\\/channel\\\/UCG6HWMXnA-RBiH-UdZVClHg\"],\"description\":\"Municipality of West Nipissing\",\"email\":\"info@westnipissing.ca\",\"telephone\":\"705-753-2250\",\"legalName\":\"Municipality of West Nipissing\"}]}<\/script>\n<!-- \/ Yoast SEO Premium plugin. -->","yoast_head_json":{"title":"Fermetures pour le jour du Souvenir - West Nipissing Ouest","robots":{"index":"index","follow":"follow","max-snippet":"max-snippet:-1","max-image-preview":"max-image-preview:large","max-video-preview":"max-video-preview:-1"},"canonical":"https:\/\/www.westnipissing.ca\/fr\/closures-on-remembrance-day\/","og_locale":"fr_FR","og_type":"article","og_title":"Fermetures pour le jour du Souvenir","og_description":"Le Bureau municipal, le Centre r\u00e9cr\u00e9atif et le d\u00e9potoir de Sturgeon Falls seront ferm\u00e9s le jeudi 11 novembre, \u00e0 l&#8217;occasion du jour du Souvenir. La collecte des d\u00e9chets et du [&hellip;]","og_url":"https:\/\/www.westnipissing.ca\/fr\/closures-on-remembrance-day\/","og_site_name":"West Nipissing Ouest","article_publisher":"https:\/\/www.facebook.com\/MunicipalityofWestNipissing\/","og_image":[{"width":1200,"height":470,"url":"https:\/\/www.westnipissing.ca\/wp-content\/uploads\/2026\/01\/WNO-Logo-Full-Colour-Horizontial-Yoast.png","type":"image\/png"}],"twitter_card":"summary_large_image","twitter_site":"@West_Nipissing","twitter_misc":{"Dur\u00e9e de lecture estim\u00e9e":"1 minute"},"schema":{"@context":"https:\/\/schema.org","@graph":[{"@type":"WebPage","@id":"https:\/\/www.westnipissing.ca\/fr\/closures-on-remembrance-day\/","url":"https:\/\/www.westnipissing.ca\/fr\/closures-on-remembrance-day\/","name":"Fermetures pour le jour du Souvenir - West Nipissing Ouest","isPartOf":{"@id":"https:\/\/www.westnipissing.ca\/fr\/#website"},"datePublished":"2021-11-09T17:11:54+00:00","breadcrumb":{"@id":"https:\/\/www.westnipissing.ca\/fr\/closures-on-remembrance-day\/#breadcrumb"},"inLanguage":"fr-FR","potentialAction":[{"@type":"ReadAction","target":["https:\/\/www.westnipissing.ca\/fr\/closures-on-remembrance-day\/"]}]},{"@type":"BreadcrumbList","@id":"https:\/\/www.westnipissing.ca\/fr\/closures-on-remembrance-day\/#breadcrumb","itemListElement":[{"@type":"ListItem","position":1,"name":"Home","item":"https:\/\/www.westnipissing.ca\/fr\/"},{"@type":"ListItem","position":2,"name":"Fermetures pour le jour du Souvenir"}]},{"@type":"WebSite","@id":"https:\/\/www.westnipissing.ca\/fr\/#website","url":"https:\/\/www.westnipissing.ca\/fr\/","name":"West Nipissing Ouest","description":"Find your Joie de vivre in West Nipissing.","publisher":{"@id":"https:\/\/www.westnipissing.ca\/fr\/#organization"},"potentialAction":[{"@type":"SearchAction","target":{"@type":"EntryPoint","urlTemplate":"https:\/\/www.westnipissing.ca\/fr\/?s={search_term_string}"},"query-input":{"@type":"PropertyValueSpecification","valueRequired":true,"valueName":"search_term_string"}}],"inLanguage":"fr-FR"},{"@type":"Organization","@id":"https:\/\/www.westnipissing.ca\/fr\/#organization","name":"West Nipissing Ouest","url":"https:\/\/www.westnipissing.ca\/fr\/","logo":{"@type":"ImageObject","inLanguage":"fr-FR","@id":"https:\/\/www.westnipissing.ca\/fr\/#\/schema\/logo\/image\/","url":"https:\/\/www.westnipissing.ca\/wp-content\/uploads\/2024\/04\/site-logo.jpg","contentUrl":"https:\/\/www.westnipissing.ca\/wp-content\/uploads\/2024\/04\/site-logo.jpg","width":700,"height":225,"caption":"West Nipissing Ouest"},"image":{"@id":"https:\/\/www.westnipissing.ca\/fr\/#\/schema\/logo\/image\/"},"sameAs":["https:\/\/www.facebook.com\/MunicipalityofWestNipissing\/","https:\/\/x.com\/West_Nipissing","https:\/\/www.youtube.com\/channel\/UCG6HWMXnA-RBiH-UdZVClHg"],"description":"Municipality of West Nipissing","email":"info@westnipissing.ca","telephone":"705-753-2250","legalName":"Municipality of West Nipissing"}]}},"publishpress_future_action":{"enabled":false,"date":"2026-05-09 10:23:08","action":"change-status","newStatus":"draft","terms":[],"taxonomy":"translation_priority","extraData":[]},"publishpress_future_workflow_manual_trigger":{"enabledWorkflows":[]},"_links":{"self":[{"href":"https:\/\/www.westnipissing.ca\/fr\/wp-json\/wp\/v2\/pages\/22499","targetHints":{"allow":["GET"]}}],"collection":[{"href":"https:\/\/www.westnipissing.ca\/fr\/wp-json\/wp\/v2\/pages"}],"about":[{"href":"https:\/\/www.westnipissing.ca\/fr\/wp-json\/wp\/v2\/types\/page"}],"author":[{"embeddable":true,"href":"https:\/\/www.westnipissing.ca\/fr\/wp-json\/wp\/v2\/users\/12"}],"replies":[{"embeddable":true,"href":"https:\/\/www.westnipissing.ca\/fr\/wp-json\/wp\/v2\/comments?post=22499"}],"version-history":[{"count":0,"href":"https:\/\/www.westnipissing.ca\/fr\/wp-json\/wp\/v2\/pages\/22499\/revisions"}],"wp:attachment":[{"href":"https:\/\/www.westnipissing.ca\/fr\/wp-json\/wp\/v2\/media?parent=22499"}],"curies":[{"name":"wp","href":"https:\/\/api.w.org\/{rel}","templated":true}]}}