{"id":31730,"date":"2022-08-23T11:54:28","date_gmt":"2022-08-23T15:54:28","guid":{"rendered":"https:\/\/www.westnipissing.ca\/?page_id=31730"},"modified":"2022-08-23T11:54:28","modified_gmt":"2022-08-23T15:54:28","slug":"plan-damelioration-communautaire-2022","status":"publish","type":"page","link":"https:\/\/www.westnipissing.ca\/fr\/affaires\/developpement-economique\/plan-damelioration-communautaire-2022\/","title":{"rendered":"Plan d\u2019am\u00e9lioration communautaire\u00a02022"},"content":{"rendered":"\n<div class=\"wp-block-columns is-layout-flex wp-container-core-columns-is-layout-28f84493 wp-block-columns-is-layout-flex\">\n<div class=\"wp-block-column is-layout-flow wp-block-column-is-layout-flow\" style=\"flex-basis:66.66%\">\n<h2 class=\"wp-block-heading\" id=\"h-notre-plan-d-amelioration-communautaire\">Notre plan d&#8217;am\u00e9lioration communautaire <\/h2>\n\n\n\n<hr class=\"wp-block-separator has-alpha-channel-opacity\"\/>\n\n\n\n<h3 class=\"wp-block-heading\">La Municipalit\u00e9 de Nipissing Ouest est heureuse d&#8217;annoncer la relance du plan d&#8217;am\u00e9lioration communautaire, con\u00e7u pour apporter des strat\u00e9gies de revitalisation cl\u00e9s pour la municipalit\u00e9 de Nipissing Ouest afin de stimuler et promouvoir la croissance des entreprises locales, du tourisme et du d\u00e9veloppement \u00e9conomique. Le plan comprend deux programmes qui proposent des primes financi\u00e8res pour des projets de d\u00e9veloppement, de r\u00e9g\u00e9n\u00e9ration ou d\u2019assainissement.<\/h3>\n\n\n<\/div>\n\n\n\n<div class=\"wp-block-column is-layout-flow wp-block-column-is-layout-flow\" style=\"flex-basis:33.33%\">\n<h2 class=\"wp-block-heading\" id=\"h-formulaires-et-documents\">Formulaires et documents <\/h2>\n\n\n\n<hr class=\"wp-block-separator has-alpha-channel-opacity\"\/>\n\n\n\n<h3 class=\"wp-block-heading\" id=\"h-plan-d-amelioration-communautaire-2022\"><a href=\"https:\/\/www.westnipissing.ca\/wp-content\/uploads\/2022\/08\/Aug-24-2022-FR-Community-Improvement-Plan-2022-2.0-Amended-June-2022_fr45.pdf\" target=\"_blank\" rel=\"noreferrer noopener\">Plan d&#8217;am\u00e9lioration communautaire 2022 <\/a><\/h3>\n\n\n\n<h3 class=\"wp-block-heading\"><a href=\"https:\/\/www.westnipissing.ca\/wp-content\/uploads\/2022\/08\/Programme-damelioration-de-facade-Formulaire-de-demande.pdf\">Formulaire de demande &#8211; Programme d&#8217;am\u00e9lioration de fa\u00e7ade<\/a><\/h3>\n\n\n\n<h3 class=\"wp-block-heading\"><a href=\"https:\/\/www.westnipissing.ca\/wp-content\/uploads\/2022\/08\/Programme-denseignes-commerciales-Formulaire-de-demande96-1.pdf\">Formulaire de demande &#8211; Programme de signalisation pour entreprise <\/a><\/h3>\n\n\n\n<div style=\"height:40px\" aria-hidden=\"true\" class=\"wp-block-spacer\"><\/div>\n\n\n\n<h2 class=\"wp-block-heading\" id=\"h-renseignements\">Renseignements <\/h2>\n\n\n\n<p><strong>Kassandra Girard<\/strong><br \/>Agente de d\u00e9veloppement \u00e9conomique<br \/><a href=\"mailto:cip@westnipissing.ca\">cip@westnipissing.ca<\/a><br \/><a href=\"tel:17057536915\">705-753-6915 <\/a><\/p>\n<\/div>\n<\/div>\n\n\n\n<h2 class=\"wp-block-heading\" id=\"h-zone-et-details\">Zone et d\u00e9tails <\/h2>\n\n\n\n\n\n<h2 class=\"has-text-align-center wp-block-heading\" id=\"h-\"><\/h2>\n\n\n\n<p><\/p>\n\n\n\n<p><\/p>\n","protected":false},"excerpt":{"rendered":"<p>Notre plan d&#8217;am\u00e9lioration communautaire La Municipalit\u00e9 de Nipissing Ouest est heureuse d&#8217;annoncer la relance du plan d&#8217;am\u00e9lioration communautaire, con\u00e7u pour apporter des strat\u00e9gies de revitalisation cl\u00e9s pour la municipalit\u00e9 de [&hellip;]<\/p>\n","protected":false},"author":12,"featured_media":32381,"parent":797,"menu_order":1,"comment_status":"closed","ping_status":"closed","template":"","meta":{"_acf_changed":false,"_searchwp_excluded":"","footnotes":""},"class_list":["post-31730","page","type-page","status-publish","has-post-thumbnail","hentry"],"acf":[],"yoast_head":"<!-- This site is optimized with the Yoast SEO Premium plugin v27.4 (Yoast SEO v27.4) - https:\/\/yoast.com\/product\/yoast-seo-premium-wordpress\/ -->\n<title>Plan d\u2019am\u00e9lioration communautaire\u00a02022 - West Nipissing Ouest<\/title>\n<meta name=\"robots\" content=\"index, follow, max-snippet:-1, max-image-preview:large, max-video-preview:-1\" \/>\n<link rel=\"canonical\" href=\"https:\/\/www.westnipissing.ca\/fr\/affaires\/developpement-economique\/plan-damelioration-communautaire-2022\/\" \/>\n<meta property=\"og:locale\" content=\"fr_FR\" \/>\n<meta property=\"og:type\" content=\"article\" \/>\n<meta property=\"og:title\" content=\"Plan d\u2019am\u00e9lioration communautaire\u00a02022\" \/>\n<meta property=\"og:description\" content=\"Le plan comprend deux programmes qui proposent des primes financi\u00e8res pour des projets de d\u00e9veloppement, de r\u00e9g\u00e9n\u00e9ration ou d\u2019assainissement.\" \/>\n<meta property=\"og:url\" content=\"https:\/\/www.westnipissing.ca\/fr\/affaires\/developpement-economique\/plan-damelioration-communautaire-2022\/\" \/>\n<meta property=\"og:site_name\" content=\"West Nipissing Ouest\" \/>\n<meta property=\"article:publisher\" content=\"https:\/\/www.facebook.com\/MunicipalityofWestNipissing\/\" \/>\n<meta property=\"og:image\" content=\"https:\/\/www.westnipissing.ca\/wp-content\/uploads\/2022\/08\/Landing-page-overlay-downtown2-1024x512.png\" \/>\n\t<meta property=\"og:image:width\" content=\"1024\" \/>\n\t<meta property=\"og:image:height\" content=\"512\" \/>\n\t<meta property=\"og:image:type\" content=\"image\/png\" \/>\n<meta name=\"twitter:card\" content=\"summary_large_image\" \/>\n<meta name=\"twitter:site\" content=\"@West_Nipissing\" \/>\n<meta name=\"twitter:label1\" content=\"Dur\u00e9e de lecture estim\u00e9e\" \/>\n\t<meta name=\"twitter:data1\" content=\"1 minute\" \/>\n<script type=\"application\/ld+json\" class=\"yoast-schema-graph\">{\"@context\":\"https:\\\/\\\/schema.org\",\"@graph\":[{\"@type\":\"WebPage\",\"@id\":\"https:\\\/\\\/www.westnipissing.ca\\\/fr\\\/affaires\\\/developpement-economique\\\/plan-damelioration-communautaire-2022\\\/\",\"url\":\"https:\\\/\\\/www.westnipissing.ca\\\/fr\\\/affaires\\\/developpement-economique\\\/plan-damelioration-communautaire-2022\\\/\",\"name\":\"Plan d\u2019am\u00e9lioration communautaire\u00a02022 - West Nipissing Ouest\",\"isPartOf\":{\"@id\":\"https:\\\/\\\/www.westnipissing.ca\\\/fr\\\/#website\"},\"primaryImageOfPage\":{\"@id\":\"https:\\\/\\\/www.westnipissing.ca\\\/fr\\\/affaires\\\/developpement-economique\\\/plan-damelioration-communautaire-2022\\\/#primaryimage\"},\"image\":{\"@id\":\"https:\\\/\\\/www.westnipissing.ca\\\/fr\\\/affaires\\\/developpement-economique\\\/plan-damelioration-communautaire-2022\\\/#primaryimage\"},\"thumbnailUrl\":\"https:\\\/\\\/www.westnipissing.ca\\\/wp-content\\\/uploads\\\/2022\\\/08\\\/Landing-page-overlay-downtown-1.jpg\",\"datePublished\":\"2022-08-23T15:54:28+00:00\",\"breadcrumb\":{\"@id\":\"https:\\\/\\\/www.westnipissing.ca\\\/fr\\\/affaires\\\/developpement-economique\\\/plan-damelioration-communautaire-2022\\\/#breadcrumb\"},\"inLanguage\":\"fr-FR\",\"potentialAction\":[{\"@type\":\"ReadAction\",\"target\":[\"https:\\\/\\\/www.westnipissing.ca\\\/fr\\\/affaires\\\/developpement-economique\\\/plan-damelioration-communautaire-2022\\\/\"]}]},{\"@type\":\"ImageObject\",\"inLanguage\":\"fr-FR\",\"@id\":\"https:\\\/\\\/www.westnipissing.ca\\\/fr\\\/affaires\\\/developpement-economique\\\/plan-damelioration-communautaire-2022\\\/#primaryimage\",\"url\":\"https:\\\/\\\/www.westnipissing.ca\\\/wp-content\\\/uploads\\\/2022\\\/08\\\/Landing-page-overlay-downtown-1.jpg\",\"contentUrl\":\"https:\\\/\\\/www.westnipissing.ca\\\/wp-content\\\/uploads\\\/2022\\\/08\\\/Landing-page-overlay-downtown-1.jpg\",\"width\":1600,\"height\":541},{\"@type\":\"BreadcrumbList\",\"@id\":\"https:\\\/\\\/www.westnipissing.ca\\\/fr\\\/affaires\\\/developpement-economique\\\/plan-damelioration-communautaire-2022\\\/#breadcrumb\",\"itemListElement\":[{\"@type\":\"ListItem\",\"position\":1,\"name\":\"Home\",\"item\":\"https:\\\/\\\/www.westnipissing.ca\\\/fr\\\/\"},{\"@type\":\"ListItem\",\"position\":2,\"name\":\"Affaires et d\u00e9veloppement\",\"item\":\"https:\\\/\\\/www.westnipissing.ca\\\/fr\\\/affaires\\\/\"},{\"@type\":\"ListItem\",\"position\":3,\"name\":\"D\u00e9veloppement \u00e9conomique\",\"item\":\"https:\\\/\\\/www.westnipissing.ca\\\/fr\\\/affaires\\\/developpement-economique\\\/\"},{\"@type\":\"ListItem\",\"position\":4,\"name\":\"Plan d\u2019am\u00e9lioration communautaire\u00a02022\"}]},{\"@type\":\"WebSite\",\"@id\":\"https:\\\/\\\/www.westnipissing.ca\\\/fr\\\/#website\",\"url\":\"https:\\\/\\\/www.westnipissing.ca\\\/fr\\\/\",\"name\":\"West Nipissing Ouest\",\"description\":\"Find your Joie de vivre in West Nipissing.\",\"publisher\":{\"@id\":\"https:\\\/\\\/www.westnipissing.ca\\\/fr\\\/#organization\"},\"potentialAction\":[{\"@type\":\"SearchAction\",\"target\":{\"@type\":\"EntryPoint\",\"urlTemplate\":\"https:\\\/\\\/www.westnipissing.ca\\\/fr\\\/?s={search_term_string}\"},\"query-input\":{\"@type\":\"PropertyValueSpecification\",\"valueRequired\":true,\"valueName\":\"search_term_string\"}}],\"inLanguage\":\"fr-FR\"},{\"@type\":\"Organization\",\"@id\":\"https:\\\/\\\/www.westnipissing.ca\\\/fr\\\/#organization\",\"name\":\"West Nipissing Ouest\",\"url\":\"https:\\\/\\\/www.westnipissing.ca\\\/fr\\\/\",\"logo\":{\"@type\":\"ImageObject\",\"inLanguage\":\"fr-FR\",\"@id\":\"https:\\\/\\\/www.westnipissing.ca\\\/fr\\\/#\\\/schema\\\/logo\\\/image\\\/\",\"url\":\"https:\\\/\\\/www.westnipissing.ca\\\/wp-content\\\/uploads\\\/2024\\\/04\\\/site-logo.jpg\",\"contentUrl\":\"https:\\\/\\\/www.westnipissing.ca\\\/wp-content\\\/uploads\\\/2024\\\/04\\\/site-logo.jpg\",\"width\":700,\"height\":225,\"caption\":\"West Nipissing Ouest\"},\"image\":{\"@id\":\"https:\\\/\\\/www.westnipissing.ca\\\/fr\\\/#\\\/schema\\\/logo\\\/image\\\/\"},\"sameAs\":[\"https:\\\/\\\/www.facebook.com\\\/MunicipalityofWestNipissing\\\/\",\"https:\\\/\\\/x.com\\\/West_Nipissing\",\"https:\\\/\\\/www.youtube.com\\\/channel\\\/UCG6HWMXnA-RBiH-UdZVClHg\"],\"description\":\"Municipality of West Nipissing\",\"email\":\"info@westnipissing.ca\",\"telephone\":\"705-753-2250\",\"legalName\":\"Municipality of West Nipissing\"}]}<\/script>\n<!-- \/ Yoast SEO Premium plugin. -->","yoast_head_json":{"title":"Plan d\u2019am\u00e9lioration communautaire\u00a02022 - West Nipissing Ouest","robots":{"index":"index","follow":"follow","max-snippet":"max-snippet:-1","max-image-preview":"max-image-preview:large","max-video-preview":"max-video-preview:-1"},"canonical":"https:\/\/www.westnipissing.ca\/fr\/affaires\/developpement-economique\/plan-damelioration-communautaire-2022\/","og_locale":"fr_FR","og_type":"article","og_title":"Plan d\u2019am\u00e9lioration communautaire\u00a02022","og_description":"Le plan comprend deux programmes qui proposent des primes financi\u00e8res pour des projets de d\u00e9veloppement, de r\u00e9g\u00e9n\u00e9ration ou d\u2019assainissement.","og_url":"https:\/\/www.westnipissing.ca\/fr\/affaires\/developpement-economique\/plan-damelioration-communautaire-2022\/","og_site_name":"West Nipissing Ouest","article_publisher":"https:\/\/www.facebook.com\/MunicipalityofWestNipissing\/","og_image":[{"width":1024,"height":512,"url":"https:\/\/www.westnipissing.ca\/wp-content\/uploads\/2022\/08\/Landing-page-overlay-downtown2-1024x512.png","type":"image\/png"}],"twitter_card":"summary_large_image","twitter_site":"@West_Nipissing","twitter_misc":{"Dur\u00e9e de lecture estim\u00e9e":"1 minute"},"schema":{"@context":"https:\/\/schema.org","@graph":[{"@type":"WebPage","@id":"https:\/\/www.westnipissing.ca\/fr\/affaires\/developpement-economique\/plan-damelioration-communautaire-2022\/","url":"https:\/\/www.westnipissing.ca\/fr\/affaires\/developpement-economique\/plan-damelioration-communautaire-2022\/","name":"Plan d\u2019am\u00e9lioration communautaire\u00a02022 - West Nipissing Ouest","isPartOf":{"@id":"https:\/\/www.westnipissing.ca\/fr\/#website"},"primaryImageOfPage":{"@id":"https:\/\/www.westnipissing.ca\/fr\/affaires\/developpement-economique\/plan-damelioration-communautaire-2022\/#primaryimage"},"image":{"@id":"https:\/\/www.westnipissing.ca\/fr\/affaires\/developpement-economique\/plan-damelioration-communautaire-2022\/#primaryimage"},"thumbnailUrl":"https:\/\/www.westnipissing.ca\/wp-content\/uploads\/2022\/08\/Landing-page-overlay-downtown-1.jpg","datePublished":"2022-08-23T15:54:28+00:00","breadcrumb":{"@id":"https:\/\/www.westnipissing.ca\/fr\/affaires\/developpement-economique\/plan-damelioration-communautaire-2022\/#breadcrumb"},"inLanguage":"fr-FR","potentialAction":[{"@type":"ReadAction","target":["https:\/\/www.westnipissing.ca\/fr\/affaires\/developpement-economique\/plan-damelioration-communautaire-2022\/"]}]},{"@type":"ImageObject","inLanguage":"fr-FR","@id":"https:\/\/www.westnipissing.ca\/fr\/affaires\/developpement-economique\/plan-damelioration-communautaire-2022\/#primaryimage","url":"https:\/\/www.westnipissing.ca\/wp-content\/uploads\/2022\/08\/Landing-page-overlay-downtown-1.jpg","contentUrl":"https:\/\/www.westnipissing.ca\/wp-content\/uploads\/2022\/08\/Landing-page-overlay-downtown-1.jpg","width":1600,"height":541},{"@type":"BreadcrumbList","@id":"https:\/\/www.westnipissing.ca\/fr\/affaires\/developpement-economique\/plan-damelioration-communautaire-2022\/#breadcrumb","itemListElement":[{"@type":"ListItem","position":1,"name":"Home","item":"https:\/\/www.westnipissing.ca\/fr\/"},{"@type":"ListItem","position":2,"name":"Affaires et d\u00e9veloppement","item":"https:\/\/www.westnipissing.ca\/fr\/affaires\/"},{"@type":"ListItem","position":3,"name":"D\u00e9veloppement \u00e9conomique","item":"https:\/\/www.westnipissing.ca\/fr\/affaires\/developpement-economique\/"},{"@type":"ListItem","position":4,"name":"Plan d\u2019am\u00e9lioration communautaire\u00a02022"}]},{"@type":"WebSite","@id":"https:\/\/www.westnipissing.ca\/fr\/#website","url":"https:\/\/www.westnipissing.ca\/fr\/","name":"West Nipissing Ouest","description":"Find your Joie de vivre in West Nipissing.","publisher":{"@id":"https:\/\/www.westnipissing.ca\/fr\/#organization"},"potentialAction":[{"@type":"SearchAction","target":{"@type":"EntryPoint","urlTemplate":"https:\/\/www.westnipissing.ca\/fr\/?s={search_term_string}"},"query-input":{"@type":"PropertyValueSpecification","valueRequired":true,"valueName":"search_term_string"}}],"inLanguage":"fr-FR"},{"@type":"Organization","@id":"https:\/\/www.westnipissing.ca\/fr\/#organization","name":"West Nipissing Ouest","url":"https:\/\/www.westnipissing.ca\/fr\/","logo":{"@type":"ImageObject","inLanguage":"fr-FR","@id":"https:\/\/www.westnipissing.ca\/fr\/#\/schema\/logo\/image\/","url":"https:\/\/www.westnipissing.ca\/wp-content\/uploads\/2024\/04\/site-logo.jpg","contentUrl":"https:\/\/www.westnipissing.ca\/wp-content\/uploads\/2024\/04\/site-logo.jpg","width":700,"height":225,"caption":"West Nipissing Ouest"},"image":{"@id":"https:\/\/www.westnipissing.ca\/fr\/#\/schema\/logo\/image\/"},"sameAs":["https:\/\/www.facebook.com\/MunicipalityofWestNipissing\/","https:\/\/x.com\/West_Nipissing","https:\/\/www.youtube.com\/channel\/UCG6HWMXnA-RBiH-UdZVClHg"],"description":"Municipality of West Nipissing","email":"info@westnipissing.ca","telephone":"705-753-2250","legalName":"Municipality of West Nipissing"}]}},"publishpress_future_action":{"enabled":false,"date":"2026-04-28 21:05:11","action":"change-status","newStatus":"draft","terms":[],"taxonomy":"translation_priority","extraData":[]},"publishpress_future_workflow_manual_trigger":{"enabledWorkflows":[]},"_links":{"self":[{"href":"https:\/\/www.westnipissing.ca\/fr\/wp-json\/wp\/v2\/pages\/31730","targetHints":{"allow":["GET"]}}],"collection":[{"href":"https:\/\/www.westnipissing.ca\/fr\/wp-json\/wp\/v2\/pages"}],"about":[{"href":"https:\/\/www.westnipissing.ca\/fr\/wp-json\/wp\/v2\/types\/page"}],"author":[{"embeddable":true,"href":"https:\/\/www.westnipissing.ca\/fr\/wp-json\/wp\/v2\/users\/12"}],"replies":[{"embeddable":true,"href":"https:\/\/www.westnipissing.ca\/fr\/wp-json\/wp\/v2\/comments?post=31730"}],"version-history":[{"count":0,"href":"https:\/\/www.westnipissing.ca\/fr\/wp-json\/wp\/v2\/pages\/31730\/revisions"}],"up":[{"embeddable":true,"href":"https:\/\/www.westnipissing.ca\/fr\/wp-json\/wp\/v2\/pages\/797"}],"wp:featuredmedia":[{"embeddable":true,"href":"https:\/\/www.westnipissing.ca\/fr\/wp-json\/wp\/v2\/media\/32381"}],"wp:attachment":[{"href":"https:\/\/www.westnipissing.ca\/fr\/wp-json\/wp\/v2\/media?parent=31730"}],"curies":[{"name":"wp","href":"https:\/\/api.w.org\/{rel}","templated":true}]}}