{"id":4122,"date":"2019-12-09T13:26:58","date_gmt":"2019-12-09T18:26:58","guid":{"rendered":"http:\/\/westnipissing.ca\/?page_id=4122"},"modified":"2019-12-09T13:26:58","modified_gmt":"2019-12-09T18:26:58","slug":"avis-de-non-responsabilite","status":"publish","type":"page","link":"https:\/\/www.westnipissing.ca\/fr\/avis-de-non-responsabilite\/","title":{"rendered":"Conditions"},"content":{"rendered":"\n<h2 class=\"wp-block-heading\" id=\"h-avis-de-non-responsabilite\"><strong>Avis de non-responsabilit\u00e9<\/strong><\/h2>\n\n\n\n<p>Le site Web de la Municipalit\u00e9 de Nipissing Ouest vise \u00e0 pr\u00e9voir un service public aux citoyens de Nipissing Ouest, les visiteurs, les investisseurs potentiels, et qui que ce soit \u00e9tant int\u00e9ress\u00e9 \u00e0 notre municipalit\u00e9. Ce site Web est pr\u00e9vu \u00e0 titre d\u2019information seulement. La Municipalit\u00e9 de Nipissing Ouest n\u2019assume aucune responsabilit\u00e9 \u00e0 l\u2019\u00e9gard de la fiabilit\u00e9 de son site Web. Toutes les mesures raisonnables sont prises pour assurer la qualit\u00e9 et l\u2019exactitude de l\u2019information qui est pr\u00e9sent\u00e9e. Par contre, en raison de possibilit\u00e9s \u00e9ventuelles de modifications des donn\u00e9es, d\u2019erreurs de transmission, d\u2019incompatibilit\u00e9 de navigateurs Web, de changements apport\u00e9s au site depuis sa derni\u00e8re mise \u00e0 jour, ou en raison d\u2019autres aspects en mati\u00e8re de communication \u00e9lectronique hors du contr\u00f4le de la municipalit\u00e9, la municipalit\u00e9 ne garantit aucunement l\u2019exactitude de l\u2019information pr\u00e9sent\u00e9e sur son site Web et n\u2019assume aucune responsabilit\u00e9 \u00e0 l\u2019\u00e9gard de la fiabilit\u00e9 de cette information.<\/p>\n\n\n\n<p>En utilisant ce site Web, vous convenez que son information et ses services sont pr\u00e9vus tels quels et tels que disponibles, sans aucune garantie, expresse ou implicite, incluant, sans s\u2019y limiter, \u00e0 la qualit\u00e9, commercialit\u00e9 et \u00e0 l\u2019ad\u00e9quation pour le site Web de la Municipalit\u00e9 de Nipissing Ouest. La municipalit\u00e9 ne pourra \u00eatre tenue responsable des dommages indirects, sp\u00e9ciaux, immat\u00e9riels, exemplaires, accessoires ou toutes autre formes de dommages quels qu\u2019ils soient, incluant la perte de profits et l\u2019utilisateur tient sans responsabilit\u00e9 la Municipalit\u00e9 de Nipissing Ouest.<\/p>\n\n\n\n<p>L\u2019information et les donn\u00e9es incluses sur le site Web de la Municipalit\u00e9 de Nipissing Ouest ont \u00e9t\u00e9 compil\u00e9es par le personnel municipal \u00e0 partir d\u2019une vari\u00e9t\u00e9 de sources, et ces informations sont sujettes \u00e0 changer sans pr\u00e9avis. La municipalit\u00e9 ne donne aucune garantie ni ne fait de d\u00e9clarations, quelles qu\u2019elles soient, quant \u00e0 la qualit\u00e9, au contenu, \u00e0 l\u2019int\u00e9gralit\u00e9 et \u00e0 l\u2019exactitude desdites informations et donn\u00e9es. Si ces informations sont trompeuses, inexactes ou toute autre forme d\u2019informations inappropri\u00e9es nous est signal\u00e9e, des efforts raisonnables seront entrepris pour r\u00e9parer ou supprimer l\u2019information en question. Ces pr\u00e9occupations devraient \u00eatre adress\u00e9es \u00e0 <a href=\"mailto:communications@westnipissing.ca\">communications@westnipissing.ca<\/a>. <\/p>\n\n\n\n<h2 class=\"wp-block-heading\" id=\"h-hyperliens-autres-sites-web\">Hyperliens\/autres sites Web<\/h2>\n\n\n\n<p>Le site Web de la municipalit\u00e9 utilise des hyperliens qui sont li\u00e9s \u00e0 d\u2019autres pages Web ou \u00e9lectroniques qui ne sont pas appartenues, r\u00e9vis\u00e9s r\u00e9guli\u00e8rement ou contr\u00f4l\u00e9s par la municipalit\u00e9. L\u2019existence desdits hyperliens ne devrait pas \u00eatre interpr\u00e9t\u00e9e comme un endossement de ces sites Web ou de leurs contenus de la part de la Municipalit\u00e9 de Nipissing Ouest.<\/p>\n\n\n\n<p>La municipalit\u00e9 ne sera pas, sous aucun pr\u00e9texte, tenue responsable du contenu de tels liens. Les sites Web externes sont les bienvenues en ce qui a trait \u00e0 cr\u00e9er des hyperliens menant \u00e0 des pages sur le site&nbsp; Web de la Municipalit\u00e9 de Nipissing Ouest, aussi longtemps que les pages Web ne soient pas forc\u00e9es \u00e0 para\u00eetre dans la mise en page d\u2019autres sites Web. La municipalit\u00e9 r\u00e9serve le droit de modifier le code de son site en raison de pr\u00e9venir des d\u00e9tournements de pages Web. La municipalit\u00e9 ne peut \u00eatre tenue responsable des informations et des opinions contenues sur les sites qui sont li\u00e9es (par hyperlien) \u00e0 son site Web.<\/p>\n\n\n\n<p>La Municipalit\u00e9 de Nipissing Ouest ne cr\u00e9era aucun hyperlien \u00e0 n\u2019importes quels sites Web d\u00e9montrant la haine, la partialit\u00e9, ou la discrimination, quel qu\u2019ils soient. D\u2019autre part, la municipalit\u00e9 se r\u00e9serve le droit de refuser ou d\u2019enlever tous hyperliens contenant des informations trompeuses ou des affirmations infond\u00e9es, ou qui sont d\u00e9termin\u00e9es \u00e0 \u00eatre en conflit avec les politiques municipales de la Municipalit\u00e9 de Nipissing Ouest.<\/p>\n\n\n\n<h2 class=\"wp-block-heading\" id=\"h-outils-de-traduction\">Outils de traduction<\/h2>\n\n\n\n<p>Conform\u00e9ment au R\u00e8glement sur le bilinguisme, nous travaillons \u00e0 la traduction des r\u00e8glements municipaux. Bien que certains r\u00e8glements administratifs ne soient disponibles qu&#8217;en anglais, tous les documents sont fournis dans un format accessible (texte \u00e9lectronique). La Municipalit\u00e9 de Nipissing Ouest n&#8217;assume aucune responsabilit\u00e9 quant \u00e0 l&#8217;exactitude de la traduction d&#8217;outils tels que Google Translate.<\/p>\n\n\n\n<h2 class=\"wp-block-heading\" id=\"h-acceptation-des-conditions-d-utilisation\">Acceptation des conditions d&#8217;utilisation <\/h2>\n\n\n\n<p>L\u2019utilisation du site Web de la Municipalit\u00e9 de Nipissing Ouest indique votre acceptation inconditionnelle aux avis de non-responsabilit\u00e9s et aux d\u00e9clarations mentionn\u00e9es ci-dessus. En outre, vous acceptez que la Municipalit\u00e9 de Nipissing Ouest et ses employ\u00e9s ne puissent \u00eatre tenues responsables d\u2019une quelconque mani\u00e8re, pour des dommages directs, indirects, immat\u00e9riels, punitifs, ou accessoires face \u00e0 l\u2019information, les services, ou \u00e0 m\u00eame le contenu sur ou acc\u00e9der de quelque fa\u00e7on que ce soit par l\u2019entremise de ce site Web.<\/p>\n\n\n\n<h2 class=\"wp-block-heading\">Confidentialit\u00e9<\/h2>\n\n\n\n<p>Voir la <a href=\"https:\/\/www.westnipissing.ca\/fr\/politique-de-confidentialite\/\" target=\"_blank\" rel=\"noreferrer noopener\">page de Confidentialit\u00e9<\/a> pour plus de d\u00e9tails. <\/p>\n","protected":false},"excerpt":{"rendered":"<p>Avis de non-responsabilit\u00e9 Le site Web de la Municipalit\u00e9 de Nipissing Ouest vise \u00e0 pr\u00e9voir un service public aux citoyens de Nipissing Ouest, les visiteurs, les investisseurs potentiels, et qui [&hellip;]<\/p>\n","protected":false},"author":4,"featured_media":0,"parent":0,"menu_order":6,"comment_status":"closed","ping_status":"closed","template":"elementor_theme","meta":{"_acf_changed":false,"_searchwp_excluded":"","footnotes":""},"class_list":["post-4122","page","type-page","status-publish","hentry"],"acf":[],"yoast_head":"<!-- This site is optimized with the Yoast SEO Premium plugin v27.4 (Yoast SEO v27.4) - https:\/\/yoast.com\/product\/yoast-seo-premium-wordpress\/ -->\n<title>Conditions - West Nipissing Ouest<\/title>\n<meta name=\"robots\" content=\"index, follow, max-snippet:-1, max-image-preview:large, max-video-preview:-1\" \/>\n<link rel=\"canonical\" href=\"https:\/\/www.westnipissing.ca\/fr\/avis-de-non-responsabilite\/\" \/>\n<meta property=\"og:locale\" content=\"fr_FR\" \/>\n<meta property=\"og:type\" content=\"article\" \/>\n<meta property=\"og:title\" content=\"Conditions\" \/>\n<meta property=\"og:description\" content=\"Avis de non-responsabilit\u00e9 Le site Web de la Municipalit\u00e9 de Nipissing Ouest vise \u00e0 pr\u00e9voir un service public aux citoyens de Nipissing Ouest, les visiteurs, les investisseurs potentiels, et qui [&hellip;]\" \/>\n<meta property=\"og:url\" content=\"https:\/\/www.westnipissing.ca\/fr\/avis-de-non-responsabilite\/\" \/>\n<meta property=\"og:site_name\" content=\"West Nipissing Ouest\" \/>\n<meta property=\"article:publisher\" content=\"https:\/\/www.facebook.com\/MunicipalityofWestNipissing\/\" \/>\n<meta property=\"og:image\" content=\"https:\/\/www.westnipissing.ca\/wp-content\/uploads\/2026\/01\/WNO-Logo-Full-Colour-Horizontial-Yoast.png\" \/>\n\t<meta property=\"og:image:width\" content=\"1200\" \/>\n\t<meta property=\"og:image:height\" content=\"470\" \/>\n\t<meta property=\"og:image:type\" content=\"image\/png\" \/>\n<meta name=\"twitter:card\" content=\"summary_large_image\" \/>\n<meta name=\"twitter:site\" content=\"@West_Nipissing\" \/>\n<meta name=\"twitter:label1\" content=\"Dur\u00e9e de lecture estim\u00e9e\" \/>\n\t<meta name=\"twitter:data1\" content=\"4 minutes\" \/>\n<script type=\"application\/ld+json\" class=\"yoast-schema-graph\">{\"@context\":\"https:\\\/\\\/schema.org\",\"@graph\":[{\"@type\":\"WebPage\",\"@id\":\"https:\\\/\\\/www.westnipissing.ca\\\/fr\\\/avis-de-non-responsabilite\\\/\",\"url\":\"https:\\\/\\\/www.westnipissing.ca\\\/fr\\\/avis-de-non-responsabilite\\\/\",\"name\":\"Conditions - West Nipissing Ouest\",\"isPartOf\":{\"@id\":\"https:\\\/\\\/www.westnipissing.ca\\\/fr\\\/#website\"},\"datePublished\":\"2019-12-09T18:26:58+00:00\",\"breadcrumb\":{\"@id\":\"https:\\\/\\\/www.westnipissing.ca\\\/fr\\\/avis-de-non-responsabilite\\\/#breadcrumb\"},\"inLanguage\":\"fr-FR\",\"potentialAction\":[{\"@type\":\"ReadAction\",\"target\":[\"https:\\\/\\\/www.westnipissing.ca\\\/fr\\\/avis-de-non-responsabilite\\\/\"]}]},{\"@type\":\"BreadcrumbList\",\"@id\":\"https:\\\/\\\/www.westnipissing.ca\\\/fr\\\/avis-de-non-responsabilite\\\/#breadcrumb\",\"itemListElement\":[{\"@type\":\"ListItem\",\"position\":1,\"name\":\"Home\",\"item\":\"https:\\\/\\\/www.westnipissing.ca\\\/fr\\\/\"},{\"@type\":\"ListItem\",\"position\":2,\"name\":\"Conditions\"}]},{\"@type\":\"WebSite\",\"@id\":\"https:\\\/\\\/www.westnipissing.ca\\\/fr\\\/#website\",\"url\":\"https:\\\/\\\/www.westnipissing.ca\\\/fr\\\/\",\"name\":\"West Nipissing Ouest\",\"description\":\"Find your Joie de vivre in West Nipissing.\",\"publisher\":{\"@id\":\"https:\\\/\\\/www.westnipissing.ca\\\/fr\\\/#organization\"},\"potentialAction\":[{\"@type\":\"SearchAction\",\"target\":{\"@type\":\"EntryPoint\",\"urlTemplate\":\"https:\\\/\\\/www.westnipissing.ca\\\/fr\\\/?s={search_term_string}\"},\"query-input\":{\"@type\":\"PropertyValueSpecification\",\"valueRequired\":true,\"valueName\":\"search_term_string\"}}],\"inLanguage\":\"fr-FR\"},{\"@type\":\"Organization\",\"@id\":\"https:\\\/\\\/www.westnipissing.ca\\\/fr\\\/#organization\",\"name\":\"West Nipissing Ouest\",\"url\":\"https:\\\/\\\/www.westnipissing.ca\\\/fr\\\/\",\"logo\":{\"@type\":\"ImageObject\",\"inLanguage\":\"fr-FR\",\"@id\":\"https:\\\/\\\/www.westnipissing.ca\\\/fr\\\/#\\\/schema\\\/logo\\\/image\\\/\",\"url\":\"https:\\\/\\\/www.westnipissing.ca\\\/wp-content\\\/uploads\\\/2024\\\/04\\\/site-logo.png\",\"contentUrl\":\"https:\\\/\\\/www.westnipissing.ca\\\/wp-content\\\/uploads\\\/2024\\\/04\\\/site-logo.png\",\"width\":700,\"height\":225,\"caption\":\"West Nipissing Ouest\"},\"image\":{\"@id\":\"https:\\\/\\\/www.westnipissing.ca\\\/fr\\\/#\\\/schema\\\/logo\\\/image\\\/\"},\"sameAs\":[\"https:\\\/\\\/www.facebook.com\\\/MunicipalityofWestNipissing\\\/\",\"https:\\\/\\\/x.com\\\/West_Nipissing\",\"https:\\\/\\\/www.youtube.com\\\/channel\\\/UCG6HWMXnA-RBiH-UdZVClHg\"],\"description\":\"Municipality of West Nipissing\",\"email\":\"info@westnipissing.ca\",\"telephone\":\"705-753-2250\",\"legalName\":\"Municipality of West Nipissing\"}]}<\/script>\n<!-- \/ Yoast SEO Premium plugin. -->","yoast_head_json":{"title":"Conditions - West Nipissing Ouest","robots":{"index":"index","follow":"follow","max-snippet":"max-snippet:-1","max-image-preview":"max-image-preview:large","max-video-preview":"max-video-preview:-1"},"canonical":"https:\/\/www.westnipissing.ca\/fr\/avis-de-non-responsabilite\/","og_locale":"fr_FR","og_type":"article","og_title":"Conditions","og_description":"Avis de non-responsabilit\u00e9 Le site Web de la Municipalit\u00e9 de Nipissing Ouest vise \u00e0 pr\u00e9voir un service public aux citoyens de Nipissing Ouest, les visiteurs, les investisseurs potentiels, et qui [&hellip;]","og_url":"https:\/\/www.westnipissing.ca\/fr\/avis-de-non-responsabilite\/","og_site_name":"West Nipissing Ouest","article_publisher":"https:\/\/www.facebook.com\/MunicipalityofWestNipissing\/","og_image":[{"width":1200,"height":470,"url":"https:\/\/www.westnipissing.ca\/wp-content\/uploads\/2026\/01\/WNO-Logo-Full-Colour-Horizontial-Yoast.png","type":"image\/png"}],"twitter_card":"summary_large_image","twitter_site":"@West_Nipissing","twitter_misc":{"Dur\u00e9e de lecture estim\u00e9e":"4 minutes"},"schema":{"@context":"https:\/\/schema.org","@graph":[{"@type":"WebPage","@id":"https:\/\/www.westnipissing.ca\/fr\/avis-de-non-responsabilite\/","url":"https:\/\/www.westnipissing.ca\/fr\/avis-de-non-responsabilite\/","name":"Conditions - West Nipissing Ouest","isPartOf":{"@id":"https:\/\/www.westnipissing.ca\/fr\/#website"},"datePublished":"2019-12-09T18:26:58+00:00","breadcrumb":{"@id":"https:\/\/www.westnipissing.ca\/fr\/avis-de-non-responsabilite\/#breadcrumb"},"inLanguage":"fr-FR","potentialAction":[{"@type":"ReadAction","target":["https:\/\/www.westnipissing.ca\/fr\/avis-de-non-responsabilite\/"]}]},{"@type":"BreadcrumbList","@id":"https:\/\/www.westnipissing.ca\/fr\/avis-de-non-responsabilite\/#breadcrumb","itemListElement":[{"@type":"ListItem","position":1,"name":"Home","item":"https:\/\/www.westnipissing.ca\/fr\/"},{"@type":"ListItem","position":2,"name":"Conditions"}]},{"@type":"WebSite","@id":"https:\/\/www.westnipissing.ca\/fr\/#website","url":"https:\/\/www.westnipissing.ca\/fr\/","name":"West Nipissing Ouest","description":"Find your Joie de vivre in West Nipissing.","publisher":{"@id":"https:\/\/www.westnipissing.ca\/fr\/#organization"},"potentialAction":[{"@type":"SearchAction","target":{"@type":"EntryPoint","urlTemplate":"https:\/\/www.westnipissing.ca\/fr\/?s={search_term_string}"},"query-input":{"@type":"PropertyValueSpecification","valueRequired":true,"valueName":"search_term_string"}}],"inLanguage":"fr-FR"},{"@type":"Organization","@id":"https:\/\/www.westnipissing.ca\/fr\/#organization","name":"West Nipissing Ouest","url":"https:\/\/www.westnipissing.ca\/fr\/","logo":{"@type":"ImageObject","inLanguage":"fr-FR","@id":"https:\/\/www.westnipissing.ca\/fr\/#\/schema\/logo\/image\/","url":"https:\/\/www.westnipissing.ca\/wp-content\/uploads\/2024\/04\/site-logo.png","contentUrl":"https:\/\/www.westnipissing.ca\/wp-content\/uploads\/2024\/04\/site-logo.png","width":700,"height":225,"caption":"West Nipissing Ouest"},"image":{"@id":"https:\/\/www.westnipissing.ca\/fr\/#\/schema\/logo\/image\/"},"sameAs":["https:\/\/www.facebook.com\/MunicipalityofWestNipissing\/","https:\/\/x.com\/West_Nipissing","https:\/\/www.youtube.com\/channel\/UCG6HWMXnA-RBiH-UdZVClHg"],"description":"Municipality of West Nipissing","email":"info@westnipissing.ca","telephone":"705-753-2250","legalName":"Municipality of West Nipissing"}]}},"publishpress_future_action":{"enabled":false,"date":"2026-04-23 13:28:16","action":"change-status","newStatus":"draft","terms":[],"taxonomy":"translation_priority","extraData":[]},"publishpress_future_workflow_manual_trigger":{"enabledWorkflows":[]},"_links":{"self":[{"href":"https:\/\/www.westnipissing.ca\/fr\/wp-json\/wp\/v2\/pages\/4122","targetHints":{"allow":["GET"]}}],"collection":[{"href":"https:\/\/www.westnipissing.ca\/fr\/wp-json\/wp\/v2\/pages"}],"about":[{"href":"https:\/\/www.westnipissing.ca\/fr\/wp-json\/wp\/v2\/types\/page"}],"author":[{"embeddable":true,"href":"https:\/\/www.westnipissing.ca\/fr\/wp-json\/wp\/v2\/users\/4"}],"replies":[{"embeddable":true,"href":"https:\/\/www.westnipissing.ca\/fr\/wp-json\/wp\/v2\/comments?post=4122"}],"version-history":[{"count":0,"href":"https:\/\/www.westnipissing.ca\/fr\/wp-json\/wp\/v2\/pages\/4122\/revisions"}],"wp:attachment":[{"href":"https:\/\/www.westnipissing.ca\/fr\/wp-json\/wp\/v2\/media?parent=4122"}],"curies":[{"name":"wp","href":"https:\/\/api.w.org\/{rel}","templated":true}]}}