{"id":47609,"date":"2020-02-04T14:54:03","date_gmt":"2020-02-04T19:54:03","guid":{"rendered":"https:\/\/www.westnipissing.ca\/?page_id=47609"},"modified":"2025-12-18T14:09:42","modified_gmt":"2025-12-18T19:09:42","slug":"arenas-et-patinoires","status":"publish","type":"page","link":"https:\/\/www.westnipissing.ca\/fr\/culture-loisirs\/arenas-et-patinoires\/","title":{"rendered":"Ar\u00e9nas et patinoires"},"content":{"rendered":"\t\t<div data-elementor-type=\"wp-page\" data-elementor-id=\"47609\" class=\"elementor elementor-47609 elementor-538\" data-elementor-post-type=\"page\">\n\t\t\t\t<div class=\"elementor-element elementor-element-cf725c7 e-flex e-con-boxed e-con e-parent\" data-id=\"cf725c7\" data-element_type=\"container\" data-e-type=\"container\">\n\t\t\t\t\t<div class=\"e-con-inner\">\n\t\t\t\t<div class=\"elementor-element elementor-element-089feab elementor-widget elementor-widget-text-editor\" data-id=\"089feab\" data-element_type=\"widget\" data-e-type=\"widget\" data-widget_type=\"text-editor.default\">\n\t\t\t\t\t\t\t\t\t<p id=\"block-fd0dffeb-ea8f-4a86-9c9b-73c1ebf44a3c\">L\u2019\u00e9quipe des services communautaires peut r\u00e9pondre \u00e0 vos questions au\u00a0<a href=\"mailto:recreation@municipality.westnipissing.on.ca\">recreation@westnipissing.ca<\/a>\u00a0ou\u00a0<a href=\"tel:7057530160\">705-753-0160<\/a>.<\/p>\t\t\t\t\t\t\t\t<\/div>\n\t\t\t\t\t<\/div>\n\t\t\t\t<\/div>\n\t\t<div class=\"elementor-element elementor-element-1ea744d e-flex e-con-boxed e-con e-parent\" data-id=\"1ea744d\" data-element_type=\"container\" data-e-type=\"container\">\n\t\t\t\t\t<div class=\"e-con-inner\">\n\t\t<div class=\"elementor-element elementor-element-4ced9ae e-con-full e-flex e-con e-child\" data-id=\"4ced9ae\" data-element_type=\"container\" data-e-type=\"container\">\n\t\t\t\t<div class=\"elementor-element elementor-element-fb174c2 elementor-widget elementor-widget-heading\" data-id=\"fb174c2\" data-element_type=\"widget\" data-e-type=\"widget\" data-widget_type=\"heading.default\">\n\t\t\t\t\t<h3 class=\"elementor-heading-title elementor-size-default\">Sturgeon Falls<\/h3>\t\t\t\t<\/div>\n\t\t<div class=\"elementor-element elementor-element-372791a e-con-full e-flex e-con e-child\" data-id=\"372791a\" data-element_type=\"container\" data-e-type=\"container\">\n\t\t\t\t<div class=\"elementor-element elementor-element-b073b7e elementor-widget elementor-widget-text-editor\" data-id=\"b073b7e\" data-element_type=\"widget\" data-e-type=\"widget\" data-widget_type=\"text-editor.default\">\n\t\t\t\t\t\t\t\t\t<p><a href=\"https:\/\/www.westnipissing.ca\/fr\/marcel-and-jane-labbes-legacy\/\" target=\"_blank\" rel=\"noreferrer noopener\"><strong>Ar\u00e9na Marcel et Jane Labb\u00e9<\/strong><\/a><br \/>219, rue O\u2019Hara, Sturgeon Falls, ON<\/p>\t\t\t\t\t\t\t\t<\/div>\n\t\t\t\t<div class=\"elementor-element elementor-element-11c4312 elementor-widget elementor-widget-button\" data-id=\"11c4312\" data-element_type=\"widget\" data-e-type=\"widget\" data-widget_type=\"button.default\">\n\t\t\t\t\t\t\t\t\t\t<a class=\"elementor-button elementor-button-link elementor-size-sm\" href=\"https:\/\/anc.ca.apm.activecommunities.com\/westnipissingouest\/calendars?onlineSiteId=0&#038;defaultCalendarId=1&#038;locationId=4&#038;displayType=0&#038;view=2\">\n\t\t\t\t\t\t<span class=\"elementor-button-content-wrapper\">\n\t\t\t\t\t\t\t\t\t<span class=\"elementor-button-text\">Horaire compl\u00e8te<\/span>\n\t\t\t\t\t<\/span>\n\t\t\t\t\t<\/a>\n\t\t\t\t\t\t\t\t<\/div>\n\t\t\t\t<\/div>\n\t\t\t\t<\/div>\n\t\t<div class=\"elementor-element elementor-element-97c0722 e-con-full e-flex e-con e-child\" data-id=\"97c0722\" data-element_type=\"container\" data-e-type=\"container\">\n\t\t\t\t<div class=\"elementor-element elementor-element-146dcd5 elementor-widget elementor-widget-heading\" data-id=\"146dcd5\" data-element_type=\"widget\" data-e-type=\"widget\" data-widget_type=\"heading.default\">\n\t\t\t\t\t<h3 class=\"elementor-heading-title elementor-size-default\">Verner<\/h3>\t\t\t\t<\/div>\n\t\t<div class=\"elementor-element elementor-element-a4b02ba e-con-full e-flex e-con e-child\" data-id=\"a4b02ba\" data-element_type=\"container\" data-e-type=\"container\">\n\t\t\t\t<div class=\"elementor-element elementor-element-0c96e90 elementor-widget elementor-widget-text-editor\" data-id=\"0c96e90\" data-element_type=\"widget\" data-e-type=\"widget\" data-widget_type=\"text-editor.default\">\n\t\t\t\t\t\t\t\t\t<p><strong>Ar\u00e9na de Verner<\/strong><br \/>80, rue Principale Est, Verner, ON<\/p>\t\t\t\t\t\t\t\t<\/div>\n\t\t\t\t<div class=\"elementor-element elementor-element-b663ef1 elementor-widget elementor-widget-button\" data-id=\"b663ef1\" data-element_type=\"widget\" data-e-type=\"widget\" data-widget_type=\"button.default\">\n\t\t\t\t\t\t\t\t\t\t<a class=\"elementor-button elementor-button-link elementor-size-sm\" href=\"https:\/\/anc.ca.apm.activecommunities.com\/westnipissingouest\/calendars?onlineSiteId=0&#038;defaultCalendarId=2&#038;locationId=2&#038;displayType=0&#038;view=2\">\n\t\t\t\t\t\t<span class=\"elementor-button-content-wrapper\">\n\t\t\t\t\t\t\t\t\t<span class=\"elementor-button-text\">Horaire compl\u00e8te<\/span>\n\t\t\t\t\t<\/span>\n\t\t\t\t\t<\/a>\n\t\t\t\t\t\t\t\t<\/div>\n\t\t\t\t<\/div>\n\t\t\t\t<\/div>\n\t\t<div class=\"elementor-element elementor-element-7bfd4bf e-con-full e-flex e-con e-child\" data-id=\"7bfd4bf\" data-element_type=\"container\" data-e-type=\"container\">\n\t\t\t\t<div data-dce-title-color=\"#FFFFFF\" data-dce-advanced-background-color=\"#005487\" class=\"elementor-element elementor-element-3753346 elementor-widget elementor-widget-heading\" data-id=\"3753346\" data-element_type=\"widget\" data-e-type=\"widget\" data-widget_type=\"heading.default\">\n\t\t\t\t\t<h3 class=\"elementor-heading-title elementor-size-default\">\u00c0 l\u2019ext\u00e9rieur\n<\/h3>\t\t\t\t<\/div>\n\t\t<div class=\"elementor-element elementor-element-cbe3c6d e-con-full e-flex e-con e-child\" data-id=\"cbe3c6d\" data-element_type=\"container\" data-e-type=\"container\">\n\t\t\t\t<div class=\"elementor-element elementor-element-bf14a84 elementor-widget elementor-widget-text-editor\" data-id=\"bf14a84\" data-element_type=\"widget\" data-e-type=\"widget\" data-widget_type=\"text-editor.default\">\n\t\t\t\t\t\t\t\t\t<p><strong>Patinoires ext\u00e9rieures<\/strong><br \/>Multiples emplacements dans le Nipissing Ouest<\/p>\t\t\t\t\t\t\t\t<\/div>\n\t\t\t\t<div class=\"elementor-element elementor-element-e0eb584 elementor-widget elementor-widget-button\" data-id=\"e0eb584\" data-element_type=\"widget\" data-e-type=\"widget\" data-widget_type=\"button.default\">\n\t\t\t\t\t\t\t\t\t\t<a class=\"elementor-button elementor-button-link elementor-size-sm\" href=\"https:\/\/www.westnipissing.ca\/fr\/culture-loisirs\/arenas-et-patinoires\/patinoires-exterieures\/\">\n\t\t\t\t\t\t<span class=\"elementor-button-content-wrapper\">\n\t\t\t\t\t\t\t\t\t<span class=\"elementor-button-text\">D\u00e9tails et carte<\/span>\n\t\t\t\t\t<\/span>\n\t\t\t\t\t<\/a>\n\t\t\t\t\t\t\t\t<\/div>\n\t\t\t\t<\/div>\n\t\t\t\t<\/div>\n\t\t\t\t\t<\/div>\n\t\t\t\t<\/div>\n\t\t<div class=\"elementor-element elementor-element-a9370b7 e-flex e-con-boxed e-con e-parent\" data-id=\"a9370b7\" data-element_type=\"container\" data-e-type=\"container\">\n\t\t\t\t\t<div class=\"e-con-inner\">\n\t\t\t\t<div class=\"elementor-element elementor-element-c6c6b4c elementor-widget elementor-widget-n-accordion\" data-id=\"c6c6b4c\" data-element_type=\"widget\" data-e-type=\"widget\" data-settings=\"{&quot;default_state&quot;:&quot;all_collapsed&quot;,&quot;max_items_expended&quot;:&quot;one&quot;,&quot;n_accordion_animation_duration&quot;:{&quot;unit&quot;:&quot;ms&quot;,&quot;size&quot;:400,&quot;sizes&quot;:[]}}\" data-widget_type=\"nested-accordion.default\">\n\t\t\t\t\t\t\t<div class=\"e-n-accordion\" aria-label=\"Accordion. Open links with Enter or Space, close with Escape, and navigate with Arrow Keys\">\n\t\t\t\t\t\t<details id=\"e-n-accordion-item-2080\" class=\"e-n-accordion-item\" >\n\t\t\t\t<summary class=\"e-n-accordion-item-title\" data-accordion-index=\"1\" tabindex=\"0\" aria-expanded=\"false\" aria-controls=\"e-n-accordion-item-2080\" >\n\t\t\t\t\t<span class='e-n-accordion-item-title-header'><div class=\"e-n-accordion-item-title-text\"> R\u00e8glements de patin libre <\/div><\/span>\n\t\t\t\t\t\t\t<span class='e-n-accordion-item-title-icon'>\n\t\t\t<span class='e-opened' ><svg aria-hidden=\"true\" class=\"e-font-icon-svg e-fas-arrow-up\" viewBox=\"0 0 448 512\" xmlns=\"http:\/\/www.w3.org\/2000\/svg\"><path d=\"M34.9 289.5l-22.2-22.2c-9.4-9.4-9.4-24.6 0-33.9L207 39c9.4-9.4 24.6-9.4 33.9 0l194.3 194.3c9.4 9.4 9.4 24.6 0 33.9L413 289.4c-9.5 9.5-25 9.3-34.3-.4L264 168.6V456c0 13.3-10.7 24-24 24h-32c-13.3 0-24-10.7-24-24V168.6L69.2 289.1c-9.3 9.8-24.8 10-34.3.4z\"><\/path><\/svg><\/span>\n\t\t\t<span class='e-closed'><svg aria-hidden=\"true\" class=\"e-font-icon-svg e-fas-arrow-down\" viewBox=\"0 0 448 512\" xmlns=\"http:\/\/www.w3.org\/2000\/svg\"><path d=\"M413.1 222.5l22.2 22.2c9.4 9.4 9.4 24.6 0 33.9L241 473c-9.4 9.4-24.6 9.4-33.9 0L12.7 278.6c-9.4-9.4-9.4-24.6 0-33.9l22.2-22.2c9.5-9.5 25-9.3 34.3.4L184 343.4V56c0-13.3 10.7-24 24-24h32c13.3 0 24 10.7 24 24v287.4l114.8-120.5c9.3-9.8 24.8-10 34.3-.4z\"><\/path><\/svg><\/span>\n\t\t<\/span>\n\n\t\t\t\t\t\t<\/summary>\n\t\t\t\t<div role=\"region\" aria-labelledby=\"e-n-accordion-item-2080\" class=\"elementor-element elementor-element-f5fda30 e-con-full e-flex e-con e-child\" data-id=\"f5fda30\" data-element_type=\"container\" data-e-type=\"container\">\n\t\t\t\t<div class=\"elementor-element elementor-element-1f5f3ac elementor-widget elementor-widget-text-editor\" data-id=\"1f5f3ac\" data-element_type=\"widget\" data-e-type=\"widget\" data-widget_type=\"text-editor.default\">\n\t\t\t\t\t\t\t\t\t<p>Voir le\u00a0<a href=\"https:\/\/www.westnipissing.ca\/fr\/events\/\" target=\"_blank\" rel=\"noopener\">calendrier d\u2019\u00e9v\u00e9nements<\/a>\u00a0pour l\u2019horaire de patin public.<\/p><h4>R\u00e8gles<\/h4><ul><li>Aucune nourriture ou boisson ne sera autoris\u00e9e sur la glace.<\/li><li>Les patineurs doivent patiner en avant (et non en arri\u00e8re) dans le sens de la circulation et \u00e0 une vitesse s\u00e9curitaire.<\/li><li>Le fl\u00e2nage, les jeux de \u201ctag\u201d ou autres jeux de poursuite sont interdits lors du patinage.<\/li><li>Pour la s\u00e9curit\u00e9 des patineurs, les poussettes, chaises, c\u00f4nes ou tra\u00eeneaux ne sont pas autoris\u00e9s sur la glace.<\/li><li>Les chaussures et les bottes ne sont pas autoris\u00e9es sur la glace.<\/li><li>Le port d\u2019un casque approuv\u00e9 par la CSA est fortement recommand\u00e9 sur la glace.<\/li><li>Les enfants doivent \u00eatre supervis\u00e9s par un adulte.<\/li><\/ul>\t\t\t\t\t\t\t\t<\/div>\n\t\t\t\t<\/div>\n\t\t\t\t\t<\/details>\n\t\t\t\t\t\t<details id=\"e-n-accordion-item-2081\" class=\"e-n-accordion-item\" >\n\t\t\t\t<summary class=\"e-n-accordion-item-title\" data-accordion-index=\"2\" tabindex=\"-1\" aria-expanded=\"false\" aria-controls=\"e-n-accordion-item-2081\" >\n\t\t\t\t\t<span class='e-n-accordion-item-title-header'><div class=\"e-n-accordion-item-title-text\"> Louer une patinoire int\u00e9rieure <\/div><\/span>\n\t\t\t\t\t\t\t<span class='e-n-accordion-item-title-icon'>\n\t\t\t<span class='e-opened' ><svg aria-hidden=\"true\" class=\"e-font-icon-svg e-fas-arrow-up\" viewBox=\"0 0 448 512\" xmlns=\"http:\/\/www.w3.org\/2000\/svg\"><path d=\"M34.9 289.5l-22.2-22.2c-9.4-9.4-9.4-24.6 0-33.9L207 39c9.4-9.4 24.6-9.4 33.9 0l194.3 194.3c9.4 9.4 9.4 24.6 0 33.9L413 289.4c-9.5 9.5-25 9.3-34.3-.4L264 168.6V456c0 13.3-10.7 24-24 24h-32c-13.3 0-24-10.7-24-24V168.6L69.2 289.1c-9.3 9.8-24.8 10-34.3.4z\"><\/path><\/svg><\/span>\n\t\t\t<span class='e-closed'><svg aria-hidden=\"true\" class=\"e-font-icon-svg e-fas-arrow-down\" viewBox=\"0 0 448 512\" xmlns=\"http:\/\/www.w3.org\/2000\/svg\"><path d=\"M413.1 222.5l22.2 22.2c9.4 9.4 9.4 24.6 0 33.9L241 473c-9.4 9.4-24.6 9.4-33.9 0L12.7 278.6c-9.4-9.4-9.4-24.6 0-33.9l22.2-22.2c9.5-9.5 25-9.3 34.3.4L184 343.4V56c0-13.3 10.7-24 24-24h32c13.3 0 24 10.7 24 24v287.4l114.8-120.5c9.3-9.8 24.8-10 34.3-.4z\"><\/path><\/svg><\/span>\n\t\t<\/span>\n\n\t\t\t\t\t\t<\/summary>\n\t\t\t\t<div role=\"region\" aria-labelledby=\"e-n-accordion-item-2081\" class=\"elementor-element elementor-element-cf4a371 e-con-full e-flex e-con e-child\" data-id=\"cf4a371\" data-element_type=\"container\" data-e-type=\"container\">\n\t\t\t\t<div class=\"elementor-element elementor-element-7c00df7 elementor-widget elementor-widget-text-editor\" data-id=\"7c00df7\" data-element_type=\"widget\" data-e-type=\"widget\" data-widget_type=\"text-editor.default\">\n\t\t\t\t\t\t\t\t\t<h4>Pour r\u00e9server<\/h4><p>Veuillez remplir le formulaire de location de glace et le soumettre \u00e0 l\u2019\u00e9quipe du Centre r\u00e9cr\u00e9atif \u00e0\u00a0<a href=\"mailto:recreation@westnipissing.ca\">recreation@westnipissing.ca<\/a>.<\/p><h4>Formulaires<\/h4><p><a href=\"https:\/\/www.westnipissing.ca\/wp-content\/uploads\/2022\/02\/Updated-Ice-Facility-Request-Form-FR-2.pdf\" target=\"_blank\" rel=\"noopener\">Location de glace \u2013 Demande<\/a><br \/><a href=\"https:\/\/www.westnipissing.ca\/wp-content\/uploads\/2020\/10\/FORM-Ice-Facility-Cancellation-Form-FR.pdf\" target=\"_blank\" rel=\"noreferrer noopener\">Location de glace \u2013 Annulation<\/a><\/p><h4>Frais<\/h4><p>Les prix incluent la TVH.<\/p><ul><li>Adultes \u2013 P\u00e9riode de pointe $170<\/li><li>Jeunes locaux \u2013 P\u00e9riode de pointe $122<\/li><li>Jeunes non locaux \u2013 P\u00e9riode de pointe $160<\/li><li>Adultes et jeunes locaux \u2013 En journ\u00e9e $90<\/li><li>Adultes et jeunes non locaux \u2013 En journ\u00e9e $105<\/li><li>\u00c9coles locales \u2013 En journ\u00e9e $3 par \u00e9tudiant(e) ou $95 par heure<\/li><\/ul><p>\u00a0<\/p><p><strong>P\u00e9riode de pointe<\/strong> : 17h \u00e0 23h du lundi au vendredi et toute la journ\u00e9e\/soir\u00e9e samedi et dimanche<br \/><strong>En journ\u00e9e<\/strong> : 6h30 \u00e0 17h du lundi au vendredi<\/p><h4>Assurance<\/h4><p>Toute location d&#8217;installations n\u00e9cessite une preuve d&#8217;assurance. Les clients peuvent utiliser leur propre assurance ; le certificat doit alors mentionner la municipalit\u00e9 de Nipissing Ouest comme \u00ab assur\u00e9 suppl\u00e9mentaire \u00bb.<\/p><p>Autre possibilit\u00e9 : utiliser le <a href=\"https:\/\/westnipissing.instantriskcoverage.com\/login\" target=\"_blank\" rel=\"noopener\">portail d&#8217;assurance<\/a> en ligne, g\u00e9n\u00e9ralement utilis\u00e9 pour les locations d\u2019\u00e9v\u00e9nement singulier ou \u00e0 l&#8217;heure. Nous recevrons votre certificat d&#8217;assurance une fois les \u00e9tapes suivantes effectu\u00e9es :<\/p><ol><li>Cr\u00e9er un profil et se connecter.<\/li><li>Souscrire une assurance.<\/li><li>Payer l&#8217;assureur.<\/li><\/ol>\t\t\t\t\t\t\t\t<\/div>\n\t\t\t\t<\/div>\n\t\t\t\t\t<\/details>\n\t\t\t\t\t<\/div>\n\t\t\t\t\t\t<\/div>\n\t\t\t\t\t<\/div>\n\t\t\t\t<\/div>\n\t\t\t\t<\/div>\n\t\t","protected":false},"excerpt":{"rendered":"<p>L\u2019\u00e9quipe des services communautaires peut r\u00e9pondre \u00e0 vos questions au\u00a0recreation@westnipissing.ca\u00a0ou\u00a0705-753-0160. Sturgeon Falls Ar\u00e9na Marcel et Jane Labb\u00e9219, rue O\u2019Hara, Sturgeon Falls, ON Horaire compl\u00e8te Verner Ar\u00e9na de Verner80, rue Principale [&hellip;]<\/p>\n","protected":false},"author":3,"featured_media":1366,"parent":715,"menu_order":1,"comment_status":"closed","ping_status":"closed","template":"elementor_theme","meta":{"_acf_changed":false,"_searchwp_excluded":"","footnotes":""},"class_list":["post-47609","page","type-page","status-publish","has-post-thumbnail","hentry"],"acf":[],"yoast_head":"<!-- This site is optimized with the Yoast SEO Premium plugin v27.3 (Yoast SEO v27.3) - https:\/\/yoast.com\/product\/yoast-seo-premium-wordpress\/ -->\n<title>Ar\u00e9nas et patinoires - West Nipissing Ouest<\/title>\n<meta name=\"robots\" content=\"index, follow, max-snippet:-1, max-image-preview:large, max-video-preview:-1\" \/>\n<link rel=\"canonical\" href=\"https:\/\/www.westnipissing.ca\/fr\/culture-loisirs\/arenas-et-patinoires\/\" \/>\n<meta property=\"og:locale\" content=\"fr_FR\" \/>\n<meta property=\"og:type\" content=\"article\" \/>\n<meta property=\"og:title\" content=\"Arenas and Rinks\" \/>\n<meta property=\"og:description\" content=\"L\u2019\u00e9quipe des services communautaires peut r\u00e9pondre \u00e0 vos questions au\u00a0recreation@westnipissing.ca\u00a0ou\u00a0705-753-0160. Sturgeon Falls Ar\u00e9na Marcel et Jane Labb\u00e9219, rue O\u2019Hara, Sturgeon Falls, ON Horaire compl\u00e8te Verner Ar\u00e9na de Verner80, rue Principale [&hellip;]\" \/>\n<meta property=\"og:url\" content=\"https:\/\/www.westnipissing.ca\/fr\/culture-loisirs\/arenas-et-patinoires\/\" \/>\n<meta property=\"og:site_name\" content=\"West Nipissing Ouest\" \/>\n<meta property=\"article:publisher\" content=\"https:\/\/www.facebook.com\/MunicipalityofWestNipissing\/\" \/>\n<meta property=\"article:modified_time\" content=\"2025-12-18T19:09:42+00:00\" \/>\n<meta property=\"og:image\" content=\"https:\/\/www.westnipissing.ca\/wp-content\/uploads\/2020\/06\/dsc_0310-arena-scaled.jpg\" \/>\n\t<meta property=\"og:image:width\" content=\"2560\" \/>\n\t<meta property=\"og:image:height\" content=\"1722\" \/>\n\t<meta property=\"og:image:type\" content=\"image\/jpeg\" \/>\n<meta name=\"twitter:card\" content=\"summary_large_image\" \/>\n<meta name=\"twitter:title\" content=\"Ar\u00e9nas et patinoires\" \/>\n<meta name=\"twitter:site\" content=\"@West_Nipissing\" \/>\n<meta name=\"twitter:label1\" content=\"Dur\u00e9e de lecture estim\u00e9e\" \/>\n\t<meta name=\"twitter:data1\" content=\"4 minutes\" \/>\n<script type=\"application\/ld+json\" class=\"yoast-schema-graph\">{\"@context\":\"https:\\\/\\\/schema.org\",\"@graph\":[{\"@type\":\"WebPage\",\"@id\":\"https:\\\/\\\/www.westnipissing.ca\\\/fr\\\/culture-loisirs\\\/arenas-et-patinoires\\\/\",\"url\":\"https:\\\/\\\/www.westnipissing.ca\\\/fr\\\/culture-loisirs\\\/arenas-et-patinoires\\\/\",\"name\":\"Ar\u00e9nas et patinoires - West Nipissing Ouest\",\"isPartOf\":{\"@id\":\"https:\\\/\\\/www.westnipissing.ca\\\/fr\\\/#website\"},\"primaryImageOfPage\":{\"@id\":\"https:\\\/\\\/www.westnipissing.ca\\\/fr\\\/culture-loisirs\\\/arenas-et-patinoires\\\/#primaryimage\"},\"image\":{\"@id\":\"https:\\\/\\\/www.westnipissing.ca\\\/fr\\\/culture-loisirs\\\/arenas-et-patinoires\\\/#primaryimage\"},\"thumbnailUrl\":\"https:\\\/\\\/www.westnipissing.ca\\\/wp-content\\\/uploads\\\/2020\\\/05\\\/CR_rsz_dsc_0333_arena.jpg\",\"datePublished\":\"2020-02-04T19:54:03+00:00\",\"dateModified\":\"2025-12-18T19:09:42+00:00\",\"breadcrumb\":{\"@id\":\"https:\\\/\\\/www.westnipissing.ca\\\/fr\\\/culture-loisirs\\\/arenas-et-patinoires\\\/#breadcrumb\"},\"inLanguage\":\"fr-FR\",\"potentialAction\":[{\"@type\":\"ReadAction\",\"target\":[\"https:\\\/\\\/www.westnipissing.ca\\\/fr\\\/culture-loisirs\\\/arenas-et-patinoires\\\/\"]}]},{\"@type\":\"ImageObject\",\"inLanguage\":\"fr-FR\",\"@id\":\"https:\\\/\\\/www.westnipissing.ca\\\/fr\\\/culture-loisirs\\\/arenas-et-patinoires\\\/#primaryimage\",\"url\":\"https:\\\/\\\/www.westnipissing.ca\\\/wp-content\\\/uploads\\\/2020\\\/05\\\/CR_rsz_dsc_0333_arena.jpg\",\"contentUrl\":\"https:\\\/\\\/www.westnipissing.ca\\\/wp-content\\\/uploads\\\/2020\\\/05\\\/CR_rsz_dsc_0333_arena.jpg\",\"width\":2144,\"height\":732},{\"@type\":\"BreadcrumbList\",\"@id\":\"https:\\\/\\\/www.westnipissing.ca\\\/fr\\\/culture-loisirs\\\/arenas-et-patinoires\\\/#breadcrumb\",\"itemListElement\":[{\"@type\":\"ListItem\",\"position\":1,\"name\":\"Home\",\"item\":\"https:\\\/\\\/www.westnipissing.ca\\\/fr\\\/\"},{\"@type\":\"ListItem\",\"position\":2,\"name\":\"Culture et loisirs\",\"item\":\"https:\\\/\\\/www.westnipissing.ca\\\/fr\\\/culture-loisirs\\\/\"},{\"@type\":\"ListItem\",\"position\":3,\"name\":\"Ar\u00e9nas et patinoires\"}]},{\"@type\":\"WebSite\",\"@id\":\"https:\\\/\\\/www.westnipissing.ca\\\/fr\\\/#website\",\"url\":\"https:\\\/\\\/www.westnipissing.ca\\\/fr\\\/\",\"name\":\"West Nipissing Ouest\",\"description\":\"Find your Joie de vivre in West Nipissing.\",\"publisher\":{\"@id\":\"https:\\\/\\\/www.westnipissing.ca\\\/fr\\\/#organization\"},\"potentialAction\":[{\"@type\":\"SearchAction\",\"target\":{\"@type\":\"EntryPoint\",\"urlTemplate\":\"https:\\\/\\\/www.westnipissing.ca\\\/fr\\\/?s={search_term_string}\"},\"query-input\":{\"@type\":\"PropertyValueSpecification\",\"valueRequired\":true,\"valueName\":\"search_term_string\"}}],\"inLanguage\":\"fr-FR\"},{\"@type\":\"Organization\",\"@id\":\"https:\\\/\\\/www.westnipissing.ca\\\/fr\\\/#organization\",\"name\":\"West Nipissing Ouest\",\"url\":\"https:\\\/\\\/www.westnipissing.ca\\\/fr\\\/\",\"logo\":{\"@type\":\"ImageObject\",\"inLanguage\":\"fr-FR\",\"@id\":\"https:\\\/\\\/www.westnipissing.ca\\\/fr\\\/#\\\/schema\\\/logo\\\/image\\\/\",\"url\":\"https:\\\/\\\/www.westnipissing.ca\\\/wp-content\\\/uploads\\\/2024\\\/04\\\/site-logo.png\",\"contentUrl\":\"https:\\\/\\\/www.westnipissing.ca\\\/wp-content\\\/uploads\\\/2024\\\/04\\\/site-logo.png\",\"width\":700,\"height\":225,\"caption\":\"West Nipissing Ouest\"},\"image\":{\"@id\":\"https:\\\/\\\/www.westnipissing.ca\\\/fr\\\/#\\\/schema\\\/logo\\\/image\\\/\"},\"sameAs\":[\"https:\\\/\\\/www.facebook.com\\\/MunicipalityofWestNipissing\\\/\",\"https:\\\/\\\/x.com\\\/West_Nipissing\",\"https:\\\/\\\/www.youtube.com\\\/channel\\\/UCG6HWMXnA-RBiH-UdZVClHg\"],\"description\":\"Municipality of West Nipissing\",\"email\":\"info@westnipissing.ca\",\"telephone\":\"705-753-2250\",\"legalName\":\"Municipality of West Nipissing\"}]}<\/script>\n<!-- \/ Yoast SEO Premium plugin. -->","yoast_head_json":{"title":"Ar\u00e9nas et patinoires - West Nipissing Ouest","robots":{"index":"index","follow":"follow","max-snippet":"max-snippet:-1","max-image-preview":"max-image-preview:large","max-video-preview":"max-video-preview:-1"},"canonical":"https:\/\/www.westnipissing.ca\/fr\/culture-loisirs\/arenas-et-patinoires\/","og_locale":"fr_FR","og_type":"article","og_title":"Arenas and Rinks","og_description":"L\u2019\u00e9quipe des services communautaires peut r\u00e9pondre \u00e0 vos questions au\u00a0recreation@westnipissing.ca\u00a0ou\u00a0705-753-0160. Sturgeon Falls Ar\u00e9na Marcel et Jane Labb\u00e9219, rue O\u2019Hara, Sturgeon Falls, ON Horaire compl\u00e8te Verner Ar\u00e9na de Verner80, rue Principale [&hellip;]","og_url":"https:\/\/www.westnipissing.ca\/fr\/culture-loisirs\/arenas-et-patinoires\/","og_site_name":"West Nipissing Ouest","article_publisher":"https:\/\/www.facebook.com\/MunicipalityofWestNipissing\/","article_modified_time":"2025-12-18T19:09:42+00:00","og_image":[{"width":2560,"height":1722,"url":"https:\/\/www.westnipissing.ca\/wp-content\/uploads\/2020\/06\/dsc_0310-arena-scaled.jpg","type":"image\/jpeg"}],"twitter_card":"summary_large_image","twitter_title":"Ar\u00e9nas et patinoires","twitter_site":"@West_Nipissing","twitter_misc":{"Dur\u00e9e de lecture estim\u00e9e":"4 minutes"},"schema":{"@context":"https:\/\/schema.org","@graph":[{"@type":"WebPage","@id":"https:\/\/www.westnipissing.ca\/fr\/culture-loisirs\/arenas-et-patinoires\/","url":"https:\/\/www.westnipissing.ca\/fr\/culture-loisirs\/arenas-et-patinoires\/","name":"Ar\u00e9nas et patinoires - West Nipissing Ouest","isPartOf":{"@id":"https:\/\/www.westnipissing.ca\/fr\/#website"},"primaryImageOfPage":{"@id":"https:\/\/www.westnipissing.ca\/fr\/culture-loisirs\/arenas-et-patinoires\/#primaryimage"},"image":{"@id":"https:\/\/www.westnipissing.ca\/fr\/culture-loisirs\/arenas-et-patinoires\/#primaryimage"},"thumbnailUrl":"https:\/\/www.westnipissing.ca\/wp-content\/uploads\/2020\/05\/CR_rsz_dsc_0333_arena.jpg","datePublished":"2020-02-04T19:54:03+00:00","dateModified":"2025-12-18T19:09:42+00:00","breadcrumb":{"@id":"https:\/\/www.westnipissing.ca\/fr\/culture-loisirs\/arenas-et-patinoires\/#breadcrumb"},"inLanguage":"fr-FR","potentialAction":[{"@type":"ReadAction","target":["https:\/\/www.westnipissing.ca\/fr\/culture-loisirs\/arenas-et-patinoires\/"]}]},{"@type":"ImageObject","inLanguage":"fr-FR","@id":"https:\/\/www.westnipissing.ca\/fr\/culture-loisirs\/arenas-et-patinoires\/#primaryimage","url":"https:\/\/www.westnipissing.ca\/wp-content\/uploads\/2020\/05\/CR_rsz_dsc_0333_arena.jpg","contentUrl":"https:\/\/www.westnipissing.ca\/wp-content\/uploads\/2020\/05\/CR_rsz_dsc_0333_arena.jpg","width":2144,"height":732},{"@type":"BreadcrumbList","@id":"https:\/\/www.westnipissing.ca\/fr\/culture-loisirs\/arenas-et-patinoires\/#breadcrumb","itemListElement":[{"@type":"ListItem","position":1,"name":"Home","item":"https:\/\/www.westnipissing.ca\/fr\/"},{"@type":"ListItem","position":2,"name":"Culture et loisirs","item":"https:\/\/www.westnipissing.ca\/fr\/culture-loisirs\/"},{"@type":"ListItem","position":3,"name":"Ar\u00e9nas et patinoires"}]},{"@type":"WebSite","@id":"https:\/\/www.westnipissing.ca\/fr\/#website","url":"https:\/\/www.westnipissing.ca\/fr\/","name":"West Nipissing Ouest","description":"Find your Joie de vivre in West Nipissing.","publisher":{"@id":"https:\/\/www.westnipissing.ca\/fr\/#organization"},"potentialAction":[{"@type":"SearchAction","target":{"@type":"EntryPoint","urlTemplate":"https:\/\/www.westnipissing.ca\/fr\/?s={search_term_string}"},"query-input":{"@type":"PropertyValueSpecification","valueRequired":true,"valueName":"search_term_string"}}],"inLanguage":"fr-FR"},{"@type":"Organization","@id":"https:\/\/www.westnipissing.ca\/fr\/#organization","name":"West Nipissing Ouest","url":"https:\/\/www.westnipissing.ca\/fr\/","logo":{"@type":"ImageObject","inLanguage":"fr-FR","@id":"https:\/\/www.westnipissing.ca\/fr\/#\/schema\/logo\/image\/","url":"https:\/\/www.westnipissing.ca\/wp-content\/uploads\/2024\/04\/site-logo.png","contentUrl":"https:\/\/www.westnipissing.ca\/wp-content\/uploads\/2024\/04\/site-logo.png","width":700,"height":225,"caption":"West Nipissing Ouest"},"image":{"@id":"https:\/\/www.westnipissing.ca\/fr\/#\/schema\/logo\/image\/"},"sameAs":["https:\/\/www.facebook.com\/MunicipalityofWestNipissing\/","https:\/\/x.com\/West_Nipissing","https:\/\/www.youtube.com\/channel\/UCG6HWMXnA-RBiH-UdZVClHg"],"description":"Municipality of West Nipissing","email":"info@westnipissing.ca","telephone":"705-753-2250","legalName":"Municipality of West Nipissing"}]}},"publishpress_future_action":{"enabled":false,"date":"2026-04-23 03:20:42","action":"change-status","newStatus":"draft","terms":[],"taxonomy":"translation_priority","extraData":[]},"publishpress_future_workflow_manual_trigger":{"enabledWorkflows":[]},"_links":{"self":[{"href":"https:\/\/www.westnipissing.ca\/fr\/wp-json\/wp\/v2\/pages\/47609","targetHints":{"allow":["GET"]}}],"collection":[{"href":"https:\/\/www.westnipissing.ca\/fr\/wp-json\/wp\/v2\/pages"}],"about":[{"href":"https:\/\/www.westnipissing.ca\/fr\/wp-json\/wp\/v2\/types\/page"}],"author":[{"embeddable":true,"href":"https:\/\/www.westnipissing.ca\/fr\/wp-json\/wp\/v2\/users\/3"}],"replies":[{"embeddable":true,"href":"https:\/\/www.westnipissing.ca\/fr\/wp-json\/wp\/v2\/comments?post=47609"}],"version-history":[{"count":1,"href":"https:\/\/www.westnipissing.ca\/fr\/wp-json\/wp\/v2\/pages\/47609\/revisions"}],"predecessor-version":[{"id":65458,"href":"https:\/\/www.westnipissing.ca\/fr\/wp-json\/wp\/v2\/pages\/47609\/revisions\/65458"}],"up":[{"embeddable":true,"href":"https:\/\/www.westnipissing.ca\/fr\/wp-json\/wp\/v2\/pages\/715"}],"wp:featuredmedia":[{"embeddable":true,"href":"https:\/\/www.westnipissing.ca\/fr\/wp-json\/wp\/v2\/media\/1366"}],"wp:attachment":[{"href":"https:\/\/www.westnipissing.ca\/fr\/wp-json\/wp\/v2\/media?parent=47609"}],"curies":[{"name":"wp","href":"https:\/\/api.w.org\/{rel}","templated":true}]}}