{"id":47871,"date":"2024-05-14T14:15:23","date_gmt":"2024-05-14T18:15:23","guid":{"rendered":"https:\/\/www.westnipissing.ca\/?page_id=47871"},"modified":"2026-01-15T10:00:12","modified_gmt":"2026-01-15T15:00:12","slug":"pickleball","status":"publish","type":"page","link":"https:\/\/www.westnipissing.ca\/fr\/culture-loisirs\/piscine-et-sante-physique\/pickleball\/","title":{"rendered":"Pickleball"},"content":{"rendered":"\t\t<div data-elementor-type=\"wp-page\" data-elementor-id=\"47871\" class=\"elementor elementor-47871 elementor-44095\" data-elementor-post-type=\"page\">\n\t\t\t\t<div class=\"elementor-element elementor-element-03d18c8 e-flex e-con-boxed e-con e-parent\" data-id=\"03d18c8\" data-element_type=\"container\" data-e-type=\"container\">\n\t\t\t\t\t<div class=\"e-con-inner\">\n\t\t\t\t<div class=\"elementor-element elementor-element-100e1b3 elementor-widget elementor-widget-heading\" data-id=\"100e1b3\" data-element_type=\"widget\" data-e-type=\"widget\" data-widget_type=\"heading.default\">\n\t\t\t\t\t<h2 class=\"elementor-heading-title elementor-size-default\">La saison de pickleball hivernale est de retour !<\/h2>\t\t\t\t<\/div>\n\t\t\t\t<div class=\"elementor-element elementor-element-1e10f4c elementor-widget elementor-widget-text-editor\" data-id=\"1e10f4c\" data-element_type=\"widget\" data-e-type=\"widget\" data-widget_type=\"text-editor.default\">\n\t\t\t\t\t\t\t\t\t<p><strong><em>Salle de l&#8217;Ar\u00e9na de Verner (80 rue Principale Est, Verner, ON<\/em>).<\/strong><\/p><p><strong>Inscrivez-vous en personne au Centre communautaire et r\u00e9cr\u00e9atif<\/strong>\u00a0d\u00e8s le\u00a0<strong>3 janvier 2025<\/strong>.<\/p><p>Les terrains seront ouvertes d\u00e8s le mardi 20 janvier jusqu\u2019au jeudi 2 avril.<\/p><p>Que vous soyez un joueur accompli ou un nouveau venu, il est temps d\u2019attraper votre raquette et de vous amuser !<\/p><p>*La Municipalit\u00e9 fournira les filets.<br \/>*Les joueurs doivent apporter leur propres balles et raquettes.<\/p><p>Pour toutes questions, veuillez appeler le\u00a0<strong><a href=\"tel:7057530160\">705-753-0160<\/a><\/strong>\u00a0ou envoyer un courriel \u00e0\u00a0<a href=\"mailto:reccenterstaff@westnipissing.ca\"><strong>recreation@westnipissing.ca<\/strong><\/a>.<\/p>\t\t\t\t\t\t\t\t<\/div>\n\t\t\t\t\t<\/div>\n\t\t\t\t<\/div>\n\t\t<div class=\"elementor-element elementor-element-1d12dcc e-flex e-con-boxed e-con e-parent\" data-id=\"1d12dcc\" data-element_type=\"container\" data-e-type=\"container\">\n\t\t\t\t\t<div class=\"e-con-inner\">\n\t\t<div class=\"elementor-element elementor-element-f15ea4b e-con-full e-flex e-con e-child\" data-id=\"f15ea4b\" data-element_type=\"container\" data-e-type=\"container\">\n\t\t\t\t<div class=\"elementor-element elementor-element-a4d79da elementor-widget elementor-widget-text-editor\" data-id=\"a4d79da\" data-element_type=\"widget\" data-e-type=\"widget\" data-widget_type=\"text-editor.default\">\n\t\t\t\t\t\t\t\t\t<h2 id=\"h-frais\" class=\"wp-block-heading\">Frais<\/h2><p><strong>Passes de jour et de \u00ab\u00a0drop-ins\u00a0\u00bb ne sont pas disponibles.<\/strong><\/p><p><strong>Passe mensuelle:<\/strong> 30 $ <sub>(+TVH)<\/sub><\/p><p><strong>Passe de saison:\u00a0<\/strong>60 $ <sub>(+TVH)<\/sub><\/p>\t\t\t\t\t\t\t\t<\/div>\n\t\t\t\t<\/div>\n\t\t<div class=\"elementor-element elementor-element-3294f16 e-con-full e-flex e-con e-child\" data-id=\"3294f16\" data-element_type=\"container\" data-e-type=\"container\">\n\t\t\t\t<div class=\"elementor-element elementor-element-77cd8a4 elementor-widget elementor-widget-text-editor\" data-id=\"77cd8a4\" data-element_type=\"widget\" data-e-type=\"widget\" data-widget_type=\"text-editor.default\">\n\t\t\t\t\t\t\t\t\t<h2 id=\"h-horaire\" class=\"wp-block-heading\">Horaire<\/h2><p>Les<strong> mardis, mercredis, et jeudis<\/strong><br \/>De\u00a0<strong>9<em> h \u00e0 12 h (midi)<\/em><\/strong><\/p><p><strong>Veuillez noter qu\u2019il n\u2019y aura pas de pickleball le<\/strong>\u00a0:<br \/>mardi 17 mars<br \/>mercredi 18 mars<br \/>jeudi 19 mars<\/p>\t\t\t\t\t\t\t\t<\/div>\n\t\t\t\t<\/div>\n\t\t\t\t\t<\/div>\n\t\t\t\t<\/div>\n\t\t\t\t<\/div>\n\t\t","protected":false},"excerpt":{"rendered":"<p>La saison de pickleball hivernale est de retour ! Salle de l&#8217;Ar\u00e9na de Verner (80 rue Principale Est, Verner, ON). Inscrivez-vous en personne au Centre communautaire et r\u00e9cr\u00e9atif\u00a0d\u00e8s le\u00a03 janvier [&hellip;]<\/p>\n","protected":false},"author":3,"featured_media":53757,"parent":769,"menu_order":0,"comment_status":"closed","ping_status":"closed","template":"elementor_theme","meta":{"_acf_changed":false,"_searchwp_excluded":"","footnotes":""},"class_list":["post-47871","page","type-page","status-publish","has-post-thumbnail","hentry"],"acf":[],"yoast_head":"<!-- This site is optimized with the Yoast SEO Premium plugin v27.5 (Yoast SEO v27.5) - https:\/\/yoast.com\/product\/yoast-seo-premium-wordpress\/ -->\n<title>Pickleball - West Nipissing Ouest<\/title>\n<meta name=\"robots\" content=\"index, follow, max-snippet:-1, max-image-preview:large, max-video-preview:-1\" \/>\n<link rel=\"canonical\" href=\"https:\/\/www.westnipissing.ca\/fr\/culture-loisirs\/piscine-et-sante-physique\/pickleball\/\" \/>\n<meta property=\"og:locale\" content=\"fr_FR\" \/>\n<meta property=\"og:type\" content=\"article\" \/>\n<meta property=\"og:title\" content=\"Pickleball\" \/>\n<meta property=\"og:description\" content=\"La saison de pickleball hivernale est de retour ! Salle de l&#8217;Ar\u00e9na de Verner (80 rue Principale Est, Verner, ON). Inscrivez-vous en personne au Centre communautaire et r\u00e9cr\u00e9atif\u00a0d\u00e8s le\u00a03 janvier [&hellip;]\" \/>\n<meta property=\"og:url\" content=\"https:\/\/www.westnipissing.ca\/fr\/culture-loisirs\/piscine-et-sante-physique\/pickleball\/\" \/>\n<meta property=\"og:site_name\" content=\"West Nipissing Ouest\" \/>\n<meta property=\"article:publisher\" content=\"https:\/\/www.facebook.com\/MunicipalityofWestNipissing\/\" \/>\n<meta property=\"article:modified_time\" content=\"2026-01-15T15:00:12+00:00\" \/>\n<meta property=\"og:image\" content=\"https:\/\/www.westnipissing.ca\/wp-content\/uploads\/2025\/09\/Winter-2025-Pickleball-Page-Header-Image.jpg\" \/>\n\t<meta property=\"og:image:width\" content=\"2550\" \/>\n\t<meta property=\"og:image:height\" content=\"1500\" \/>\n\t<meta property=\"og:image:type\" content=\"image\/jpeg\" \/>\n<meta name=\"twitter:card\" content=\"summary_large_image\" \/>\n<meta name=\"twitter:site\" content=\"@West_Nipissing\" \/>\n<meta name=\"twitter:label1\" content=\"Dur\u00e9e de lecture estim\u00e9e\" \/>\n\t<meta name=\"twitter:data1\" content=\"1 minute\" \/>\n<script type=\"application\/ld+json\" class=\"yoast-schema-graph\">{\"@context\":\"https:\\\/\\\/schema.org\",\"@graph\":[{\"@type\":\"WebPage\",\"@id\":\"https:\\\/\\\/www.westnipissing.ca\\\/fr\\\/culture-loisirs\\\/piscine-et-sante-physique\\\/pickleball\\\/\",\"url\":\"https:\\\/\\\/www.westnipissing.ca\\\/fr\\\/culture-loisirs\\\/piscine-et-sante-physique\\\/pickleball\\\/\",\"name\":\"Pickleball - West Nipissing Ouest\",\"isPartOf\":{\"@id\":\"https:\\\/\\\/www.westnipissing.ca\\\/fr\\\/#website\"},\"primaryImageOfPage\":{\"@id\":\"https:\\\/\\\/www.westnipissing.ca\\\/fr\\\/culture-loisirs\\\/piscine-et-sante-physique\\\/pickleball\\\/#primaryimage\"},\"image\":{\"@id\":\"https:\\\/\\\/www.westnipissing.ca\\\/fr\\\/culture-loisirs\\\/piscine-et-sante-physique\\\/pickleball\\\/#primaryimage\"},\"thumbnailUrl\":\"https:\\\/\\\/www.westnipissing.ca\\\/wp-content\\\/uploads\\\/2025\\\/09\\\/Winter-2025-Pickleball-Page-Header-Image.jpg\",\"datePublished\":\"2024-05-14T18:15:23+00:00\",\"dateModified\":\"2026-01-15T15:00:12+00:00\",\"breadcrumb\":{\"@id\":\"https:\\\/\\\/www.westnipissing.ca\\\/fr\\\/culture-loisirs\\\/piscine-et-sante-physique\\\/pickleball\\\/#breadcrumb\"},\"inLanguage\":\"fr-FR\",\"potentialAction\":[{\"@type\":\"ReadAction\",\"target\":[\"https:\\\/\\\/www.westnipissing.ca\\\/fr\\\/culture-loisirs\\\/piscine-et-sante-physique\\\/pickleball\\\/\"]}]},{\"@type\":\"ImageObject\",\"inLanguage\":\"fr-FR\",\"@id\":\"https:\\\/\\\/www.westnipissing.ca\\\/fr\\\/culture-loisirs\\\/piscine-et-sante-physique\\\/pickleball\\\/#primaryimage\",\"url\":\"https:\\\/\\\/www.westnipissing.ca\\\/wp-content\\\/uploads\\\/2025\\\/09\\\/Winter-2025-Pickleball-Page-Header-Image.jpg\",\"contentUrl\":\"https:\\\/\\\/www.westnipissing.ca\\\/wp-content\\\/uploads\\\/2025\\\/09\\\/Winter-2025-Pickleball-Page-Header-Image.jpg\",\"width\":2550,\"height\":1500,\"caption\":\"Pickleball\"},{\"@type\":\"BreadcrumbList\",\"@id\":\"https:\\\/\\\/www.westnipissing.ca\\\/fr\\\/culture-loisirs\\\/piscine-et-sante-physique\\\/pickleball\\\/#breadcrumb\",\"itemListElement\":[{\"@type\":\"ListItem\",\"position\":1,\"name\":\"Home\",\"item\":\"https:\\\/\\\/www.westnipissing.ca\\\/fr\\\/\"},{\"@type\":\"ListItem\",\"position\":2,\"name\":\"Culture et loisirs\",\"item\":\"https:\\\/\\\/www.westnipissing.ca\\\/fr\\\/culture-loisirs\\\/\"},{\"@type\":\"ListItem\",\"position\":3,\"name\":\"Piscine et sant\u00e9 physique\",\"item\":\"https:\\\/\\\/www.westnipissing.ca\\\/fr\\\/culture-loisirs\\\/piscine-et-sante-physique\\\/\"},{\"@type\":\"ListItem\",\"position\":4,\"name\":\"Pickleball\"}]},{\"@type\":\"WebSite\",\"@id\":\"https:\\\/\\\/www.westnipissing.ca\\\/fr\\\/#website\",\"url\":\"https:\\\/\\\/www.westnipissing.ca\\\/fr\\\/\",\"name\":\"West Nipissing Ouest\",\"description\":\"Find your Joie de vivre in West Nipissing.\",\"publisher\":{\"@id\":\"https:\\\/\\\/www.westnipissing.ca\\\/fr\\\/#organization\"},\"potentialAction\":[{\"@type\":\"SearchAction\",\"target\":{\"@type\":\"EntryPoint\",\"urlTemplate\":\"https:\\\/\\\/www.westnipissing.ca\\\/fr\\\/?s={search_term_string}\"},\"query-input\":{\"@type\":\"PropertyValueSpecification\",\"valueRequired\":true,\"valueName\":\"search_term_string\"}}],\"inLanguage\":\"fr-FR\"},{\"@type\":\"Organization\",\"@id\":\"https:\\\/\\\/www.westnipissing.ca\\\/fr\\\/#organization\",\"name\":\"West Nipissing Ouest\",\"url\":\"https:\\\/\\\/www.westnipissing.ca\\\/fr\\\/\",\"logo\":{\"@type\":\"ImageObject\",\"inLanguage\":\"fr-FR\",\"@id\":\"https:\\\/\\\/www.westnipissing.ca\\\/fr\\\/#\\\/schema\\\/logo\\\/image\\\/\",\"url\":\"https:\\\/\\\/www.westnipissing.ca\\\/wp-content\\\/uploads\\\/2024\\\/04\\\/site-logo.jpg\",\"contentUrl\":\"https:\\\/\\\/www.westnipissing.ca\\\/wp-content\\\/uploads\\\/2024\\\/04\\\/site-logo.jpg\",\"width\":700,\"height\":225,\"caption\":\"West Nipissing Ouest\"},\"image\":{\"@id\":\"https:\\\/\\\/www.westnipissing.ca\\\/fr\\\/#\\\/schema\\\/logo\\\/image\\\/\"},\"sameAs\":[\"https:\\\/\\\/www.facebook.com\\\/MunicipalityofWestNipissing\\\/\",\"https:\\\/\\\/x.com\\\/West_Nipissing\",\"https:\\\/\\\/www.youtube.com\\\/channel\\\/UCG6HWMXnA-RBiH-UdZVClHg\"],\"description\":\"Municipality of West Nipissing\",\"email\":\"info@westnipissing.ca\",\"telephone\":\"705-753-2250\",\"legalName\":\"Municipality of West Nipissing\"}]}<\/script>\n<!-- \/ Yoast SEO Premium plugin. -->","yoast_head_json":{"title":"Pickleball - West Nipissing Ouest","robots":{"index":"index","follow":"follow","max-snippet":"max-snippet:-1","max-image-preview":"max-image-preview:large","max-video-preview":"max-video-preview:-1"},"canonical":"https:\/\/www.westnipissing.ca\/fr\/culture-loisirs\/piscine-et-sante-physique\/pickleball\/","og_locale":"fr_FR","og_type":"article","og_title":"Pickleball","og_description":"La saison de pickleball hivernale est de retour ! Salle de l&#8217;Ar\u00e9na de Verner (80 rue Principale Est, Verner, ON). Inscrivez-vous en personne au Centre communautaire et r\u00e9cr\u00e9atif\u00a0d\u00e8s le\u00a03 janvier [&hellip;]","og_url":"https:\/\/www.westnipissing.ca\/fr\/culture-loisirs\/piscine-et-sante-physique\/pickleball\/","og_site_name":"West Nipissing Ouest","article_publisher":"https:\/\/www.facebook.com\/MunicipalityofWestNipissing\/","article_modified_time":"2026-01-15T15:00:12+00:00","og_image":[{"width":2550,"height":1500,"url":"https:\/\/www.westnipissing.ca\/wp-content\/uploads\/2025\/09\/Winter-2025-Pickleball-Page-Header-Image.jpg","type":"image\/jpeg"}],"twitter_card":"summary_large_image","twitter_site":"@West_Nipissing","twitter_misc":{"Dur\u00e9e de lecture estim\u00e9e":"1 minute"},"schema":{"@context":"https:\/\/schema.org","@graph":[{"@type":"WebPage","@id":"https:\/\/www.westnipissing.ca\/fr\/culture-loisirs\/piscine-et-sante-physique\/pickleball\/","url":"https:\/\/www.westnipissing.ca\/fr\/culture-loisirs\/piscine-et-sante-physique\/pickleball\/","name":"Pickleball - West Nipissing Ouest","isPartOf":{"@id":"https:\/\/www.westnipissing.ca\/fr\/#website"},"primaryImageOfPage":{"@id":"https:\/\/www.westnipissing.ca\/fr\/culture-loisirs\/piscine-et-sante-physique\/pickleball\/#primaryimage"},"image":{"@id":"https:\/\/www.westnipissing.ca\/fr\/culture-loisirs\/piscine-et-sante-physique\/pickleball\/#primaryimage"},"thumbnailUrl":"https:\/\/www.westnipissing.ca\/wp-content\/uploads\/2025\/09\/Winter-2025-Pickleball-Page-Header-Image.jpg","datePublished":"2024-05-14T18:15:23+00:00","dateModified":"2026-01-15T15:00:12+00:00","breadcrumb":{"@id":"https:\/\/www.westnipissing.ca\/fr\/culture-loisirs\/piscine-et-sante-physique\/pickleball\/#breadcrumb"},"inLanguage":"fr-FR","potentialAction":[{"@type":"ReadAction","target":["https:\/\/www.westnipissing.ca\/fr\/culture-loisirs\/piscine-et-sante-physique\/pickleball\/"]}]},{"@type":"ImageObject","inLanguage":"fr-FR","@id":"https:\/\/www.westnipissing.ca\/fr\/culture-loisirs\/piscine-et-sante-physique\/pickleball\/#primaryimage","url":"https:\/\/www.westnipissing.ca\/wp-content\/uploads\/2025\/09\/Winter-2025-Pickleball-Page-Header-Image.jpg","contentUrl":"https:\/\/www.westnipissing.ca\/wp-content\/uploads\/2025\/09\/Winter-2025-Pickleball-Page-Header-Image.jpg","width":2550,"height":1500,"caption":"Pickleball"},{"@type":"BreadcrumbList","@id":"https:\/\/www.westnipissing.ca\/fr\/culture-loisirs\/piscine-et-sante-physique\/pickleball\/#breadcrumb","itemListElement":[{"@type":"ListItem","position":1,"name":"Home","item":"https:\/\/www.westnipissing.ca\/fr\/"},{"@type":"ListItem","position":2,"name":"Culture et loisirs","item":"https:\/\/www.westnipissing.ca\/fr\/culture-loisirs\/"},{"@type":"ListItem","position":3,"name":"Piscine et sant\u00e9 physique","item":"https:\/\/www.westnipissing.ca\/fr\/culture-loisirs\/piscine-et-sante-physique\/"},{"@type":"ListItem","position":4,"name":"Pickleball"}]},{"@type":"WebSite","@id":"https:\/\/www.westnipissing.ca\/fr\/#website","url":"https:\/\/www.westnipissing.ca\/fr\/","name":"West Nipissing Ouest","description":"Find your Joie de vivre in West Nipissing.","publisher":{"@id":"https:\/\/www.westnipissing.ca\/fr\/#organization"},"potentialAction":[{"@type":"SearchAction","target":{"@type":"EntryPoint","urlTemplate":"https:\/\/www.westnipissing.ca\/fr\/?s={search_term_string}"},"query-input":{"@type":"PropertyValueSpecification","valueRequired":true,"valueName":"search_term_string"}}],"inLanguage":"fr-FR"},{"@type":"Organization","@id":"https:\/\/www.westnipissing.ca\/fr\/#organization","name":"West Nipissing Ouest","url":"https:\/\/www.westnipissing.ca\/fr\/","logo":{"@type":"ImageObject","inLanguage":"fr-FR","@id":"https:\/\/www.westnipissing.ca\/fr\/#\/schema\/logo\/image\/","url":"https:\/\/www.westnipissing.ca\/wp-content\/uploads\/2024\/04\/site-logo.jpg","contentUrl":"https:\/\/www.westnipissing.ca\/wp-content\/uploads\/2024\/04\/site-logo.jpg","width":700,"height":225,"caption":"West Nipissing Ouest"},"image":{"@id":"https:\/\/www.westnipissing.ca\/fr\/#\/schema\/logo\/image\/"},"sameAs":["https:\/\/www.facebook.com\/MunicipalityofWestNipissing\/","https:\/\/x.com\/West_Nipissing","https:\/\/www.youtube.com\/channel\/UCG6HWMXnA-RBiH-UdZVClHg"],"description":"Municipality of West Nipissing","email":"info@westnipissing.ca","telephone":"705-753-2250","legalName":"Municipality of West Nipissing"}]}},"publishpress_future_action":{"enabled":false,"date":"2026-05-16 00:38:46","action":"change-status","newStatus":"draft","terms":[],"taxonomy":"translation_priority","extraData":[]},"publishpress_future_workflow_manual_trigger":{"enabledWorkflows":[]},"_links":{"self":[{"href":"https:\/\/www.westnipissing.ca\/fr\/wp-json\/wp\/v2\/pages\/47871","targetHints":{"allow":["GET"]}}],"collection":[{"href":"https:\/\/www.westnipissing.ca\/fr\/wp-json\/wp\/v2\/pages"}],"about":[{"href":"https:\/\/www.westnipissing.ca\/fr\/wp-json\/wp\/v2\/types\/page"}],"author":[{"embeddable":true,"href":"https:\/\/www.westnipissing.ca\/fr\/wp-json\/wp\/v2\/users\/3"}],"replies":[{"embeddable":true,"href":"https:\/\/www.westnipissing.ca\/fr\/wp-json\/wp\/v2\/comments?post=47871"}],"version-history":[{"count":0,"href":"https:\/\/www.westnipissing.ca\/fr\/wp-json\/wp\/v2\/pages\/47871\/revisions"}],"up":[{"embeddable":true,"href":"https:\/\/www.westnipissing.ca\/fr\/wp-json\/wp\/v2\/pages\/769"}],"wp:featuredmedia":[{"embeddable":true,"href":"https:\/\/www.westnipissing.ca\/fr\/wp-json\/wp\/v2\/media\/53757"}],"wp:attachment":[{"href":"https:\/\/www.westnipissing.ca\/fr\/wp-json\/wp\/v2\/media?parent=47871"}],"curies":[{"name":"wp","href":"https:\/\/api.w.org\/{rel}","templated":true}]}}