{"id":6300,"date":"2020-11-05T11:35:50","date_gmt":"2020-11-05T16:35:50","guid":{"rendered":"http:\/\/westnipissing.ca\/covid-19-information-and-resources-for-businesses\/"},"modified":"2025-11-10T16:37:39","modified_gmt":"2025-11-10T21:37:39","slug":"covid-19-information-and-resources-for-businesses","status":"publish","type":"page","link":"https:\/\/www.westnipissing.ca\/fr\/bureau-municipal\/renseignements-sur-la-covid-19\/covid-19-information-and-resources-for-businesses\/","title":{"rendered":"Ressources pour les entreprises (COVID-19)"},"content":{"rendered":"\t\t<div data-elementor-type=\"wp-page\" data-elementor-id=\"6300\" class=\"elementor elementor-6300 elementor-5797\" data-elementor-post-type=\"page\">\n\t\t\t\t<div class=\"elementor-element elementor-element-6240175 e-flex e-con-boxed e-con e-parent\" data-id=\"6240175\" data-element_type=\"container\" data-e-type=\"container\">\n\t\t\t\t\t<div class=\"e-con-inner\">\n\t\t\t\t<div class=\"elementor-element elementor-element-17f3601 elementor-widget elementor-widget-text-editor\" data-id=\"17f3601\" data-element_type=\"widget\" data-e-type=\"widget\" data-widget_type=\"text-editor.default\">\n\t\t\t\t\t\t\t\t\t<h2 id=\"h-d-pensez-local\" class=\"wp-block-heading\">D\u00e9pensez local\u00a0<\/h2>\n<p>Magasinez, mangez et jouez localement. Vous pouvez soutenir les entreprises locales et acheter des produits de vos magasins locaux pr\u00e9f\u00e9r\u00e9s sur\u00a0<a href=\"https:\/\/shoplocalnorth.com\/\">www.shoplocalnorth.com<\/a><\/p>\n<h2 id=\"h-ressources-pour-les-entreprises\" class=\"wp-block-heading\">Ressources pour les entreprises<\/h2>\n<p>Les propri\u00e9taires d\u2019entreprises sont encourag\u00e9s \u00e0 communiquer avec le\u00a0<a href=\"https:\/\/www.myhealthunit.ca\/en\/index.asp\">Bureau de sant\u00e9\u00a0<\/a>au 1-800-563-2808, option 5, s\u2019ils ont des questions sur les exigences pour la r\u00e9ouverture.<strong><br \/><br \/>Commencez ici:\u00a0<\/strong><\/p>\n<ul class=\"wp-block-list\">\n<li><a href=\"https:\/\/innovation.ised-isde.canada.ca\/s\/?language=fr&amp;utm_source=contacts+from+directory&amp;utm_campaign=1660100fac-EMAIL_CAMPAIGN_2019_10_22_06_25_COPY_01&amp;utm_medium=email&amp;utm_term=0_80e639e0f6-1660100fac-112530413%20\" target=\"_blank\" rel=\"noreferrer noopener\">Du soutien pour les entreprises<\/a>\u00a0(Gouvernement du Canada)\u00a0<\/li>\n<li><a href=\"https:\/\/news.ontario.ca\/opo\/fr\/2020\/03\/mise-en-service-de-la-ligne-dinformation-freiner-la-propagation-a-lintention-des-entreprises-au-1-88.html\" target=\"_blank\" rel=\"noreferrer noopener\">Ligne Info-Entreprises (Ontario)<\/a>\u00a0: 1-888-444-3659<\/li>\n<\/ul>\n<p><strong>D\u00e9veloppement \u00e9conomique\/ Soutien<\/strong><\/p>\n<ul class=\"wp-block-list\">\n<li><a href=\"https:\/\/news.ontario.ca\/fr\/backgrounder\/59789\/lontario-offre-du-soutien-aux-employeurs-de-lontario-pendant-la-covid-19\">Subvention ontarienne pour le soutien aux petites entreprises\u00a0<\/a><\/li>\n<li><a href=\"https:\/\/www.ontario.ca\/fr\/page\/deconfinement-de-lontario-apres-la-covid-19\" target=\"_blank\" rel=\"noreferrer noopener\">D\u00e9confinement de l\u2019Ontario apr\u00e8s la COVID-19<\/a><\/li>\n<li><a href=\"https:\/\/www.ontario.ca\/fr\/page\/liste-des-lieux-de-travail-essentiels\" target=\"_blank\" rel=\"noreferrer noopener\">Liste des lieux de travail essentiels de l\u2019Ontario<\/a><\/li>\n<li><a href=\"https:\/\/www.canada.ca\/fr\/ministere-finances\/plan-intervention-economique.html\" target=\"_blank\" rel=\"noreferrer noopener\">Plan d\u2019intervention \u00e9conomique du Canada pour r\u00e9pondre \u00e0 la COVID-19<\/a><\/li>\n<li><a href=\"https:\/\/www.ontario.ca\/fr\/page\/covid-19-soutien-aux-entreprises\" target=\"_blank\" rel=\"noreferrer noopener\">Soutien aux entreprises (Ontario)\u00a0<\/a><\/li>\n<\/ul>\n<p><strong>Ressources locales<\/strong><\/p>\n<ul class=\"wp-block-list\">\n<li><a href=\"https:\/\/www.caissealliance.com\/fr\/entreprises\/services\/autres-services-pour-entrepreneurs\/projet-de-relance-economique\/\" target=\"_blank\" rel=\"noreferrer noopener\">Projet de relance\u00a0\u00e9conomique \u2013 Caisse Alliance\u00a0<\/a><\/li>\n<li><a href=\"https:\/\/fr.westnipissingchamber.ca\/%20\" target=\"_blank\" rel=\"noreferrer noopener\">Chambre de commerce Nipissing Ouest<\/a><\/li>\n<li><a href=\"http:\/\/www.economicpartners.com\/\" target=\"_blank\" rel=\"noreferrer noopener\">Partenaire dans l\u2019\u00e9conomie<\/a><\/li>\n<li><a href=\"https:\/\/destinationnorthernontario.ca\/?lang=fr&amp;s=covid%20\" target=\"_blank\" rel=\"noreferrer noopener\">Destination Northern Ontario<\/a><\/li>\n<li><a href=\"http:\/\/tbcnps.ca\" target=\"_blank\" rel=\"noreferrer noopener\">Le centre d\u2019entreprise Nipissing Parry Sound<\/a><\/li>\n<\/ul>\n<div class=\"wp-block-spacer\" aria-hidden=\"true\">\u00a0<\/div>\n<h2 id=\"h-ressources-pour-les-employeurs\" class=\"wp-block-heading\">Ressources pour les employeurs<\/h2>\n<p><strong>Ressources g\u00e9n\u00e9rale<\/strong><\/p>\n<ul class=\"wp-block-list\">\n<li><a href=\"https:\/\/news.ontario.ca\/opo\/fr\/2020\/03\/loi-de-2020-modifiant-la-loi-sur-les-normes-demploi-situations-durgence-liees-a-une-maladie-infectie.html\" target=\"_blank\" rel=\"noreferrer noopener\">Loi de 2020 modifiant la Loi sur les normes d\u2019emploi (situations d\u2019urgence li\u00e9es \u00e0 une maladie infectieuse)<\/a><\/li>\n<li><a href=\"https:\/\/www.reseauderesiliencedesentreprisescanadiennes.ca\/%20\" target=\"_blank\" rel=\"noreferrer noopener\">R\u00e9seau de r\u00e9silience des entreprises canadiennes\u00a0<\/a>(Chambre de commerce du Canada)<\/li>\n<li><a href=\"https:\/\/occ.ca\/wp-content\/uploads\/OCC-Pandemic-Preparedness-Toolkit-for-COVID-19_final.pdf%20\" target=\"_blank\" rel=\"noreferrer noopener\">COVID-19 Pandemic Preparedness Toolkit for Ontario Businesses<\/a>\u00a0(en anglais seulement) (Ontario Chambre of Commerce)<\/li>\n<\/ul>\n<p><strong>Pr\u00e9paration du lieu de travail<\/strong><\/p>\n<ul class=\"wp-block-list\">\n<li><a href=\"https:\/\/www.news.ontario.ca\/opo\/fr\/2020\/04\/documents-dorientation-des-associations-de-sante-et-de-securite-a-lintention-des-lieux-de-travail-du.html\" target=\"_blank\" rel=\"noreferrer noopener\">Documents d\u2019orientation des associations de sant\u00e9 et de s\u00e9curit\u00e9 \u00e0 l\u2019intention des lieux de travail durant l\u2019\u00e9closion de la COVID-19<\/a>\u00a0(Ontario)<\/li>\n<li><a href=\"https:\/\/www.canada.ca\/content\/dam\/phac-aspc\/documents\/services\/publications\/diseases-conditions\/preventing-covid-19-workplace-employers-employees-essential-service-workers\/preventing-covid-19-workplace-employers-employees-essential-service-workers-fra.pdf\" target=\"_blank\" rel=\"noreferrer noopener\">Pr\u00e9vention de la COVID-19 sur les lieux de travail<\/a>\u00a0(Gouvernement du Canada)<\/li>\n<li><a href=\"https:\/\/www.who.int\/docs\/default-source\/coronaviruse\/getting-workplace-ready-for-covid-19.pdf?sfvrsn=359a81e7_6\" target=\"_blank\" rel=\"noreferrer noopener\">Pr\u00e9paration du lieu de travail en cas de la COVID-19<\/a>\u00a0(en anglais seulement) (Organisation mondiale de la sant\u00e9)\u00a0<\/li>\n<li><a href=\"https:\/\/www.publichealthontario.ca\/-\/media\/documents\/ncov\/factsheet-covid-19-environmental-cleaning.pdf?la=fr%20\" target=\"_blank\" rel=\"noreferrer noopener\">Nettoyage et d\u00e9sinfection des lieux publics<\/a>\u00a0(Sant\u00e9 publique Ontario)<\/li>\n<\/ul>\n<p><strong>Ressources par secteur<\/strong><\/p>\n<ul class=\"wp-block-list\">\n<li><a href=\"https:\/\/www.canada.ca\/fr\/ministere-finances\/plan-intervention-economique.html#industries\" target=\"_blank\" rel=\"noreferrer noopener\">Soutien aux secteurs<\/a>\u00a0(Gouvernement du Canada)<\/li>\n<li><a href=\"https:\/\/www.ontario.ca\/fr\/page\/ressources-pour-prevenir-la-covid-19-dans-les-lieux-de-travail\" target=\"_blank\" rel=\"noreferrer noopener\">Des lignes directrices et des affiches par secteur<\/a>\u00a0pour aider \u00e0 prot\u00e9ger les travailleurs, les clients et les membres du publique contre le COVID-19 en Ontario<\/li>\n<li><a href=\"https:\/\/www.cfib-fcei.ca\/fr\/covid-19-centre-daide-aux-pme\" target=\"_blank\" rel=\"noreferrer noopener\">COVID-19 : Centre d\u2019aide aux PME<\/a>\u00a0(F\u00e9d\u00e9ration canadienne de l\u2019entreprise ind\u00e9pendante)<\/li>\n<li><a href=\"http:\/\/tourismhr.ca\/fr\/ressources\/centre-de-ressources-sur-le-coronavirus\/\" target=\"_blank\" rel=\"noreferrer noopener\">Centre de ressources sur le coronavirus pour le secteur du tourisme<\/a>\u00a0(RH Tourisme Canada)<\/li>\n<li><a href=\"https:\/\/www.commercedetail.org\/coronavirus-mises-a-jour-et-ressources\/%20\" target=\"_blank\" rel=\"noreferrer noopener\">Ressources pour les d\u00e9taillants<\/a>\u00a0(Conseil canadien du commerce de d\u00e9tail)<\/li>\n<li><a href=\"https:\/\/conseildesarts.ca\/information-covid-19?_ga=2.267151950.1782626846.1589204661-1978489509.1588959443%20\" target=\"_blank\" rel=\"noreferrer noopener\">Information et soutien au secteur artistique<\/a>\u00a0(Conseil des arts du Canada)\u00a0<\/li>\n<\/ul>\t\t\t\t\t\t\t\t<\/div>\n\t\t\t\t\t<\/div>\n\t\t\t\t<\/div>\n\t\t\t\t<\/div>\n\t\t","protected":false},"excerpt":{"rendered":"<p>D\u00e9pensez local\u00a0 Magasinez, mangez et jouez localement. Vous pouvez soutenir les entreprises locales et acheter des produits de vos magasins locaux pr\u00e9f\u00e9r\u00e9s sur\u00a0www.shoplocalnorth.com Ressources pour les entreprises Les propri\u00e9taires d\u2019entreprises [&hellip;]<\/p>\n","protected":false},"author":12,"featured_media":0,"parent":5850,"menu_order":0,"comment_status":"closed","ping_status":"closed","template":"elementor_theme","meta":{"_acf_changed":false,"_searchwp_excluded":"","footnotes":""},"class_list":["post-6300","page","type-page","status-publish","hentry"],"acf":[],"yoast_head":"<!-- This site is optimized with the Yoast SEO Premium plugin v27.4 (Yoast SEO v27.4) - https:\/\/yoast.com\/product\/yoast-seo-premium-wordpress\/ -->\n<title>Ressources pour les entreprises (COVID-19) - West Nipissing Ouest<\/title>\n<meta name=\"description\" content=\"Renseignements et ressources pour les commer\u00e7ants et les entreprises. Informations pour les employeurs et la s\u00e9curit\u00e9 au travail (COVID-19).\" \/>\n<meta name=\"robots\" content=\"index, follow, max-snippet:-1, max-image-preview:large, max-video-preview:-1\" \/>\n<link rel=\"canonical\" href=\"https:\/\/www.westnipissing.ca\/fr\/bureau-municipal\/renseignements-sur-la-covid-19\/covid-19-information-and-resources-for-businesses\/\" \/>\n<meta property=\"og:locale\" content=\"fr_FR\" \/>\n<meta property=\"og:type\" content=\"article\" \/>\n<meta property=\"og:title\" content=\"Ressources pour les entreprises (COVID-19)\" \/>\n<meta property=\"og:description\" content=\"Renseignements et ressources pour les commer\u00e7ants et les entreprises. Informations pour les employeurs et la s\u00e9curit\u00e9 au travail (COVID-19).\" \/>\n<meta property=\"og:url\" content=\"https:\/\/www.westnipissing.ca\/fr\/bureau-municipal\/renseignements-sur-la-covid-19\/covid-19-information-and-resources-for-businesses\/\" \/>\n<meta property=\"og:site_name\" content=\"West Nipissing Ouest\" \/>\n<meta property=\"article:publisher\" content=\"https:\/\/www.facebook.com\/MunicipalityofWestNipissing\/\" \/>\n<meta property=\"article:modified_time\" content=\"2025-11-10T21:37:39+00:00\" \/>\n<meta property=\"og:image\" content=\"https:\/\/www.westnipissing.ca\/wp-content\/uploads\/2026\/01\/WNO-Logo-Full-Colour-Horizontial-Yoast.png\" \/>\n\t<meta property=\"og:image:width\" content=\"1200\" \/>\n\t<meta property=\"og:image:height\" content=\"470\" \/>\n\t<meta property=\"og:image:type\" content=\"image\/png\" \/>\n<meta name=\"twitter:card\" content=\"summary_large_image\" \/>\n<meta name=\"twitter:site\" content=\"@West_Nipissing\" \/>\n<meta name=\"twitter:label1\" content=\"Dur\u00e9e de lecture estim\u00e9e\" \/>\n\t<meta name=\"twitter:data1\" content=\"2 minutes\" \/>\n<script type=\"application\/ld+json\" class=\"yoast-schema-graph\">{\"@context\":\"https:\\\/\\\/schema.org\",\"@graph\":[{\"@type\":\"WebPage\",\"@id\":\"https:\\\/\\\/www.westnipissing.ca\\\/fr\\\/bureau-municipal\\\/renseignements-sur-la-covid-19\\\/covid-19-information-and-resources-for-businesses\\\/\",\"url\":\"https:\\\/\\\/www.westnipissing.ca\\\/fr\\\/bureau-municipal\\\/renseignements-sur-la-covid-19\\\/covid-19-information-and-resources-for-businesses\\\/\",\"name\":\"Ressources pour les entreprises (COVID-19) - West Nipissing Ouest\",\"isPartOf\":{\"@id\":\"https:\\\/\\\/www.westnipissing.ca\\\/fr\\\/#website\"},\"datePublished\":\"2020-11-05T16:35:50+00:00\",\"dateModified\":\"2025-11-10T21:37:39+00:00\",\"description\":\"Renseignements et ressources pour les commer\u00e7ants et les entreprises. Informations pour les employeurs et la s\u00e9curit\u00e9 au travail (COVID-19).\",\"breadcrumb\":{\"@id\":\"https:\\\/\\\/www.westnipissing.ca\\\/fr\\\/bureau-municipal\\\/renseignements-sur-la-covid-19\\\/covid-19-information-and-resources-for-businesses\\\/#breadcrumb\"},\"inLanguage\":\"fr-FR\",\"potentialAction\":[{\"@type\":\"ReadAction\",\"target\":[\"https:\\\/\\\/www.westnipissing.ca\\\/fr\\\/bureau-municipal\\\/renseignements-sur-la-covid-19\\\/covid-19-information-and-resources-for-businesses\\\/\"]}]},{\"@type\":\"BreadcrumbList\",\"@id\":\"https:\\\/\\\/www.westnipissing.ca\\\/fr\\\/bureau-municipal\\\/renseignements-sur-la-covid-19\\\/covid-19-information-and-resources-for-businesses\\\/#breadcrumb\",\"itemListElement\":[{\"@type\":\"ListItem\",\"position\":1,\"name\":\"Home\",\"item\":\"https:\\\/\\\/www.westnipissing.ca\\\/fr\\\/\"},{\"@type\":\"ListItem\",\"position\":2,\"name\":\"Bureau Municipal\",\"item\":\"https:\\\/\\\/www.westnipissing.ca\\\/fr\\\/bureau-municipal\\\/\"},{\"@type\":\"ListItem\",\"position\":3,\"name\":\"Renseignements sur la COVID-19\",\"item\":\"https:\\\/\\\/www.westnipissing.ca\\\/fr\\\/bureau-municipal\\\/renseignements-sur-la-covid-19\\\/\"},{\"@type\":\"ListItem\",\"position\":4,\"name\":\"Ressources pour les entreprises (COVID-19)\"}]},{\"@type\":\"WebSite\",\"@id\":\"https:\\\/\\\/www.westnipissing.ca\\\/fr\\\/#website\",\"url\":\"https:\\\/\\\/www.westnipissing.ca\\\/fr\\\/\",\"name\":\"West Nipissing Ouest\",\"description\":\"Find your Joie de vivre in West Nipissing.\",\"publisher\":{\"@id\":\"https:\\\/\\\/www.westnipissing.ca\\\/fr\\\/#organization\"},\"potentialAction\":[{\"@type\":\"SearchAction\",\"target\":{\"@type\":\"EntryPoint\",\"urlTemplate\":\"https:\\\/\\\/www.westnipissing.ca\\\/fr\\\/?s={search_term_string}\"},\"query-input\":{\"@type\":\"PropertyValueSpecification\",\"valueRequired\":true,\"valueName\":\"search_term_string\"}}],\"inLanguage\":\"fr-FR\"},{\"@type\":\"Organization\",\"@id\":\"https:\\\/\\\/www.westnipissing.ca\\\/fr\\\/#organization\",\"name\":\"West Nipissing Ouest\",\"url\":\"https:\\\/\\\/www.westnipissing.ca\\\/fr\\\/\",\"logo\":{\"@type\":\"ImageObject\",\"inLanguage\":\"fr-FR\",\"@id\":\"https:\\\/\\\/www.westnipissing.ca\\\/fr\\\/#\\\/schema\\\/logo\\\/image\\\/\",\"url\":\"https:\\\/\\\/www.westnipissing.ca\\\/wp-content\\\/uploads\\\/2024\\\/04\\\/site-logo.png\",\"contentUrl\":\"https:\\\/\\\/www.westnipissing.ca\\\/wp-content\\\/uploads\\\/2024\\\/04\\\/site-logo.png\",\"width\":700,\"height\":225,\"caption\":\"West Nipissing Ouest\"},\"image\":{\"@id\":\"https:\\\/\\\/www.westnipissing.ca\\\/fr\\\/#\\\/schema\\\/logo\\\/image\\\/\"},\"sameAs\":[\"https:\\\/\\\/www.facebook.com\\\/MunicipalityofWestNipissing\\\/\",\"https:\\\/\\\/x.com\\\/West_Nipissing\",\"https:\\\/\\\/www.youtube.com\\\/channel\\\/UCG6HWMXnA-RBiH-UdZVClHg\"],\"description\":\"Municipality of West Nipissing\",\"email\":\"info@westnipissing.ca\",\"telephone\":\"705-753-2250\",\"legalName\":\"Municipality of West Nipissing\"}]}<\/script>\n<!-- \/ Yoast SEO Premium plugin. -->","yoast_head_json":{"title":"Ressources pour les entreprises (COVID-19) - West Nipissing Ouest","description":"Renseignements et ressources pour les commer\u00e7ants et les entreprises. Informations pour les employeurs et la s\u00e9curit\u00e9 au travail (COVID-19).","robots":{"index":"index","follow":"follow","max-snippet":"max-snippet:-1","max-image-preview":"max-image-preview:large","max-video-preview":"max-video-preview:-1"},"canonical":"https:\/\/www.westnipissing.ca\/fr\/bureau-municipal\/renseignements-sur-la-covid-19\/covid-19-information-and-resources-for-businesses\/","og_locale":"fr_FR","og_type":"article","og_title":"Ressources pour les entreprises (COVID-19)","og_description":"Renseignements et ressources pour les commer\u00e7ants et les entreprises. Informations pour les employeurs et la s\u00e9curit\u00e9 au travail (COVID-19).","og_url":"https:\/\/www.westnipissing.ca\/fr\/bureau-municipal\/renseignements-sur-la-covid-19\/covid-19-information-and-resources-for-businesses\/","og_site_name":"West Nipissing Ouest","article_publisher":"https:\/\/www.facebook.com\/MunicipalityofWestNipissing\/","article_modified_time":"2025-11-10T21:37:39+00:00","og_image":[{"width":1200,"height":470,"url":"https:\/\/www.westnipissing.ca\/wp-content\/uploads\/2026\/01\/WNO-Logo-Full-Colour-Horizontial-Yoast.png","type":"image\/png"}],"twitter_card":"summary_large_image","twitter_site":"@West_Nipissing","twitter_misc":{"Dur\u00e9e de lecture estim\u00e9e":"2 minutes"},"schema":{"@context":"https:\/\/schema.org","@graph":[{"@type":"WebPage","@id":"https:\/\/www.westnipissing.ca\/fr\/bureau-municipal\/renseignements-sur-la-covid-19\/covid-19-information-and-resources-for-businesses\/","url":"https:\/\/www.westnipissing.ca\/fr\/bureau-municipal\/renseignements-sur-la-covid-19\/covid-19-information-and-resources-for-businesses\/","name":"Ressources pour les entreprises (COVID-19) - West Nipissing Ouest","isPartOf":{"@id":"https:\/\/www.westnipissing.ca\/fr\/#website"},"datePublished":"2020-11-05T16:35:50+00:00","dateModified":"2025-11-10T21:37:39+00:00","description":"Renseignements et ressources pour les commer\u00e7ants et les entreprises. Informations pour les employeurs et la s\u00e9curit\u00e9 au travail (COVID-19).","breadcrumb":{"@id":"https:\/\/www.westnipissing.ca\/fr\/bureau-municipal\/renseignements-sur-la-covid-19\/covid-19-information-and-resources-for-businesses\/#breadcrumb"},"inLanguage":"fr-FR","potentialAction":[{"@type":"ReadAction","target":["https:\/\/www.westnipissing.ca\/fr\/bureau-municipal\/renseignements-sur-la-covid-19\/covid-19-information-and-resources-for-businesses\/"]}]},{"@type":"BreadcrumbList","@id":"https:\/\/www.westnipissing.ca\/fr\/bureau-municipal\/renseignements-sur-la-covid-19\/covid-19-information-and-resources-for-businesses\/#breadcrumb","itemListElement":[{"@type":"ListItem","position":1,"name":"Home","item":"https:\/\/www.westnipissing.ca\/fr\/"},{"@type":"ListItem","position":2,"name":"Bureau Municipal","item":"https:\/\/www.westnipissing.ca\/fr\/bureau-municipal\/"},{"@type":"ListItem","position":3,"name":"Renseignements sur la COVID-19","item":"https:\/\/www.westnipissing.ca\/fr\/bureau-municipal\/renseignements-sur-la-covid-19\/"},{"@type":"ListItem","position":4,"name":"Ressources pour les entreprises (COVID-19)"}]},{"@type":"WebSite","@id":"https:\/\/www.westnipissing.ca\/fr\/#website","url":"https:\/\/www.westnipissing.ca\/fr\/","name":"West Nipissing Ouest","description":"Find your Joie de vivre in West Nipissing.","publisher":{"@id":"https:\/\/www.westnipissing.ca\/fr\/#organization"},"potentialAction":[{"@type":"SearchAction","target":{"@type":"EntryPoint","urlTemplate":"https:\/\/www.westnipissing.ca\/fr\/?s={search_term_string}"},"query-input":{"@type":"PropertyValueSpecification","valueRequired":true,"valueName":"search_term_string"}}],"inLanguage":"fr-FR"},{"@type":"Organization","@id":"https:\/\/www.westnipissing.ca\/fr\/#organization","name":"West Nipissing Ouest","url":"https:\/\/www.westnipissing.ca\/fr\/","logo":{"@type":"ImageObject","inLanguage":"fr-FR","@id":"https:\/\/www.westnipissing.ca\/fr\/#\/schema\/logo\/image\/","url":"https:\/\/www.westnipissing.ca\/wp-content\/uploads\/2024\/04\/site-logo.png","contentUrl":"https:\/\/www.westnipissing.ca\/wp-content\/uploads\/2024\/04\/site-logo.png","width":700,"height":225,"caption":"West Nipissing Ouest"},"image":{"@id":"https:\/\/www.westnipissing.ca\/fr\/#\/schema\/logo\/image\/"},"sameAs":["https:\/\/www.facebook.com\/MunicipalityofWestNipissing\/","https:\/\/x.com\/West_Nipissing","https:\/\/www.youtube.com\/channel\/UCG6HWMXnA-RBiH-UdZVClHg"],"description":"Municipality of West Nipissing","email":"info@westnipissing.ca","telephone":"705-753-2250","legalName":"Municipality of West Nipissing"}]}},"publishpress_future_action":{"enabled":false,"date":"2026-04-24 00:23:15","action":"change-status","newStatus":"draft","terms":[],"taxonomy":"translation_priority","extraData":[]},"publishpress_future_workflow_manual_trigger":{"enabledWorkflows":[]},"_links":{"self":[{"href":"https:\/\/www.westnipissing.ca\/fr\/wp-json\/wp\/v2\/pages\/6300","targetHints":{"allow":["GET"]}}],"collection":[{"href":"https:\/\/www.westnipissing.ca\/fr\/wp-json\/wp\/v2\/pages"}],"about":[{"href":"https:\/\/www.westnipissing.ca\/fr\/wp-json\/wp\/v2\/types\/page"}],"author":[{"embeddable":true,"href":"https:\/\/www.westnipissing.ca\/fr\/wp-json\/wp\/v2\/users\/12"}],"replies":[{"embeddable":true,"href":"https:\/\/www.westnipissing.ca\/fr\/wp-json\/wp\/v2\/comments?post=6300"}],"version-history":[{"count":0,"href":"https:\/\/www.westnipissing.ca\/fr\/wp-json\/wp\/v2\/pages\/6300\/revisions"}],"up":[{"embeddable":true,"href":"https:\/\/www.westnipissing.ca\/fr\/wp-json\/wp\/v2\/pages\/5850"}],"wp:attachment":[{"href":"https:\/\/www.westnipissing.ca\/fr\/wp-json\/wp\/v2\/media?parent=6300"}],"curies":[{"name":"wp","href":"https:\/\/api.w.org\/{rel}","templated":true}]}}