{"id":708,"date":"2020-02-04T16:04:58","date_gmt":"2020-02-04T21:04:58","guid":{"rendered":"http:\/\/westnipissing.ca\/?page_id=708"},"modified":"2025-12-08T08:22:59","modified_gmt":"2025-12-08T13:22:59","slug":"feuilles-et-residus-de-jardin","status":"publish","type":"page","link":"https:\/\/www.westnipissing.ca\/fr\/services-aux-residents\/dechets-et-recyclage\/feuilles-et-residus-de-jardin\/","title":{"rendered":"Feuilles et r\u00e9sidus de jardinage"},"content":{"rendered":"\t\t<div data-elementor-type=\"wp-page\" data-elementor-id=\"708\" class=\"elementor elementor-708 elementor-593\" data-elementor-post-type=\"page\">\n\t\t\t\t<div class=\"elementor-element elementor-element-3f5fa3f e-flex e-con-boxed e-con e-parent\" data-id=\"3f5fa3f\" data-element_type=\"container\" data-e-type=\"container\">\n\t\t\t\t\t<div class=\"e-con-inner\">\n\t\t\t\t<div class=\"elementor-element elementor-element-82def93 elementor-widget elementor-widget-text-editor\" data-id=\"82def93\" data-element_type=\"widget\" data-e-type=\"widget\" data-widget_type=\"text-editor.default\">\n\t\t\t\t\t\t\t\t\t<h3 id=\"h-tous-les-depotoirs-acceptent-les-feuilles-et-residus-de-jardin-sans-frais-pendant-les-heures-normales-d-ouverture\" class=\"wp-block-heading\">Tous les d\u00e9potoirs acceptent les feuilles et r\u00e9sidus de jardin sans frais pendant les heures normales d\u2019ouverture.<\/h3><h4 id=\"h-materiaux-acceptes\" class=\"wp-block-heading\">Mat\u00e9riaux accept\u00e9s<\/h4><ul class=\"wp-block-list\"><li>Feuilles<\/li><li>Brousses<\/li><li>Arbustes<\/li><li>R\u00e9sidus de jardinage<\/li><li>R\u00e9sidus d\u2019herbe<\/li><\/ul><div class=\"wp-block-spacer\" aria-hidden=\"true\">\u00a0<\/div><h4 id=\"h-nbsp-a-ne-pas-oublier\" class=\"wp-block-heading\">\u00a0\u00c0 ne pas oublier<\/h4><ul class=\"wp-block-list\"><li>Veuillez ne jamais mettre les d\u00e9bris de jardin dans des sacs de plastique.<\/li><li>Utilisez seulement les sacs biod\u00e9gradables.<\/li><li>Pas inclure de grosses souches ou buches.<\/li><li>Veuillez laisser les coupures d\u2019herbe sur votre pelouse.<\/li><li>Ne pas m\u00ealer les feuilles et r\u00e9sidus de jardin avec les autres d\u00e9chets m\u00e9nagers, en bordure de rue ni aux d\u00e9potoirs.<\/li><\/ul><p>\u00a0<\/p><h4>Collecte des r\u00e9sidus de jardin en bordure de rue<\/h4><p>Le programme de collecte en bordure de route de Sturgeon Falls comprend la collecte des feuilles et des d\u00e9chets de jardinage. L&#8217;entreprise des Services environnementaux de Nipissing Ouest offre ce service. Les autres quartiers desservis par de diff\u00e9rents contractants n&#8217;ont pas ce service \u00e0 pr\u00e9sent.\u00a0<\/p><p>Veuillez noter que les branches doivent \u00eatre regroup\u00e9es et ne pas d\u00e9passer 3 pieds de longueur.\u00a0<\/p><p><strong>Collections en 2026<br \/><\/strong>11 mai<br \/>15 juin<br \/>13 juillet<br \/>10 ao\u00fbt<br \/>14 septembre<br \/>19 octobre<\/p>\t\t\t\t\t\t\t\t<\/div>\n\t\t\t\t\t<\/div>\n\t\t\t\t<\/div>\n\t\t<div class=\"elementor-element elementor-element-577a5b7 e-con-full e-flex e-con e-parent\" data-id=\"577a5b7\" data-element_type=\"container\" data-e-type=\"container\">\n\t\t\t\t<div class=\"elementor-element elementor-element-65928b1 elementor-grid-1 elementor-grid-tablet-2 elementor-grid-mobile-1 elementor-widget elementor-widget-loop-grid\" data-id=\"65928b1\" data-element_type=\"widget\" data-e-type=\"widget\" data-settings=\"{&quot;template_id&quot;:45315,&quot;columns&quot;:1,&quot;_skin&quot;:&quot;post&quot;,&quot;columns_tablet&quot;:&quot;2&quot;,&quot;columns_mobile&quot;:&quot;1&quot;,&quot;edit_handle_selector&quot;:&quot;[data-elementor-type=\\&quot;loop-item\\&quot;]&quot;,&quot;row_gap&quot;:{&quot;unit&quot;:&quot;px&quot;,&quot;size&quot;:&quot;&quot;,&quot;sizes&quot;:[]},&quot;row_gap_tablet_extra&quot;:{&quot;unit&quot;:&quot;px&quot;,&quot;size&quot;:&quot;&quot;,&quot;sizes&quot;:[]},&quot;row_gap_tablet&quot;:{&quot;unit&quot;:&quot;px&quot;,&quot;size&quot;:&quot;&quot;,&quot;sizes&quot;:[]},&quot;row_gap_mobile&quot;:{&quot;unit&quot;:&quot;px&quot;,&quot;size&quot;:&quot;&quot;,&quot;sizes&quot;:[]}}\" data-widget_type=\"loop-grid.post\">\n\t\t\t\t<div class=\"elementor-widget-container\">\n\t\t\t\t\t\t\t<div class=\"elementor-loop-container elementor-grid\" role=\"list\">\n\t\t<style id=\"loop-45315\">.elementor-45315 .elementor-element.elementor-element-0bf65e5{--display:flex;--min-height:420px;--flex-direction:row;--container-widget-width:initial;--container-widget-height:100%;--container-widget-flex-grow:1;--container-widget-align-self:stretch;--flex-wrap-mobile:wrap;--gap:0px 0px;--row-gap:0px;--column-gap:0px;--overlay-opacity:1;--margin-top:0px;--margin-bottom:0px;--margin-left:0px;--margin-right:0px;--padding-top:0px;--padding-bottom:0px;--padding-left:0px;--padding-right:0px;}.elementor-45315 .elementor-element.elementor-element-0bf65e5::before, .elementor-45315 .elementor-element.elementor-element-0bf65e5 > .elementor-background-video-container::before, .elementor-45315 .elementor-element.elementor-element-0bf65e5 > .e-con-inner > .elementor-background-video-container::before, .elementor-45315 .elementor-element.elementor-element-0bf65e5 > .elementor-background-slideshow::before, .elementor-45315 .elementor-element.elementor-element-0bf65e5 > .e-con-inner > .elementor-background-slideshow::before, .elementor-45315 .elementor-element.elementor-element-0bf65e5 > .elementor-motion-effects-container > .elementor-motion-effects-layer::before{--background-overlay:'';background-image:url(\"https:\/\/www.westnipissing.ca\/wp-content\/uploads\/2025\/08\/bg-footer.png\");background-position:0px 325px;background-repeat:no-repeat;background-size:contain;}.elementor-45315 .elementor-element.elementor-element-cce3f4a{--display:flex;--justify-content:center;--padding-top:60px;--padding-bottom:50px;--padding-left:40px;--padding-right:40px;}.elementor-45315 .elementor-element.elementor-element-cce3f4a.e-con{--align-self:flex-start;}.elementor-45315 .elementor-element.elementor-element-8eb7f7e{text-align:center;padding:0px 50px 0px 50px;}.elementor-45315 .elementor-element.elementor-element-8eb7f7e .elementor-heading-title{color:var( --e-global-color-d14c592 );}.elementor-45315 .elementor-element.elementor-element-c7afc62{--display:flex;--justify-content:center;--padding-top:50px;--padding-bottom:50px;--padding-left:40px;--padding-right:40px;}.elementor-45315 .elementor-element.elementor-element-c7afc62.e-con{--align-self:flex-start;}.elementor-45315 .elementor-element.elementor-element-a445a8c .elementor-heading-title{color:var( --e-global-color-d14c592 );}.elementor-45315 .elementor-element.elementor-element-12493e3 .elementor-button{fill:var( --e-global-color-d14c592 );color:var( --e-global-color-d14c592 );background-color:#FFFFFF00;border-style:solid;border-width:1px 1px 1px 1px;border-color:var( --e-global-color-d14c592 );}.elementor-45315 .elementor-element.elementor-element-12493e3 .elementor-button:hover, .elementor-45315 .elementor-element.elementor-element-12493e3 .elementor-button:focus{color:var( --e-global-color-accent );background-color:var( --e-global-color-d14c592 );border-color:var( --e-global-color-accent );}.elementor-45315 .elementor-element.elementor-element-12493e3 .elementor-button:hover svg, .elementor-45315 .elementor-element.elementor-element-12493e3 .elementor-button:focus svg{fill:var( --e-global-color-accent );}@media(max-width:1180px){.elementor-45315 .elementor-element.elementor-element-0bf65e5{--margin-top:0px;--margin-bottom:79px;--margin-left:0px;--margin-right:0px;}.elementor-45315 .elementor-element.elementor-element-cce3f4a{--justify-content:flex-start;}.elementor-45315 .elementor-element.elementor-element-c7afc62{--justify-content:flex-start;}}@media(max-width:1024px){.elementor-45315 .elementor-element.elementor-element-0bf65e5::before, .elementor-45315 .elementor-element.elementor-element-0bf65e5 > .elementor-background-video-container::before, .elementor-45315 .elementor-element.elementor-element-0bf65e5 > .e-con-inner > .elementor-background-video-container::before, .elementor-45315 .elementor-element.elementor-element-0bf65e5 > .elementor-background-slideshow::before, .elementor-45315 .elementor-element.elementor-element-0bf65e5 > .e-con-inner > .elementor-background-slideshow::before, .elementor-45315 .elementor-element.elementor-element-0bf65e5 > .elementor-motion-effects-container > .elementor-motion-effects-layer::before{background-position:0px 350px;}.elementor-45315 .elementor-element.elementor-element-0bf65e5{--margin-top:0px;--margin-bottom:100px;--margin-left:0px;--margin-right:0px;}.elementor-45315 .elementor-element.elementor-element-cce3f4a{--padding-top:20px;--padding-bottom:20px;--padding-left:20px;--padding-right:20px;}.elementor-45315 .elementor-element.elementor-element-c7afc62{--padding-top:20px;--padding-bottom:20px;--padding-left:20px;--padding-right:20px;}.elementor-45315 .elementor-element.elementor-element-a445a8c{text-align:center;}}@media(max-width:767px){.elementor-45315 .elementor-element.elementor-element-0bf65e5::before, .elementor-45315 .elementor-element.elementor-element-0bf65e5 > .elementor-background-video-container::before, .elementor-45315 .elementor-element.elementor-element-0bf65e5 > .e-con-inner > .elementor-background-video-container::before, .elementor-45315 .elementor-element.elementor-element-0bf65e5 > .elementor-background-slideshow::before, .elementor-45315 .elementor-element.elementor-element-0bf65e5 > .e-con-inner > .elementor-background-slideshow::before, .elementor-45315 .elementor-element.elementor-element-0bf65e5 > .elementor-motion-effects-container > .elementor-motion-effects-layer::before{background-position:0px 350px;}}<\/style>\t\t<div data-elementor-type=\"loop-item\" data-elementor-id=\"45315\" class=\"elementor elementor-45315 e-loop-item e-loop-item-67950 post-67950 call_to_action type-call_to_action status-publish hentry cta_category-carousel\" data-elementor-post-type=\"elementor_library\" data-custom-edit-handle=\"1\">\n\t\t\t<section data-dce-background-overlay-image-url=\"https:\/\/westnipissing.ca\/wp-content\/uploads\/2025\/08\/bg-footer.png\" class=\"elementor-element elementor-element-0bf65e5 e-con-full blue-purple e-flex e-con e-parent\" data-id=\"0bf65e5\" data-element_type=\"container\" data-e-type=\"container\" data-settings=\"{&quot;background_background&quot;:&quot;classic&quot;}\">\n\t\t<div class=\"elementor-element elementor-element-cce3f4a e-con-full question-left e-flex e-con e-child\" data-id=\"cce3f4a\" data-element_type=\"container\" data-e-type=\"container\">\n\t\t\t\t<\/div>\n\t\t<div class=\"elementor-element elementor-element-c7afc62 e-con-full question-right e-flex e-con e-child\" data-id=\"c7afc62\" data-element_type=\"container\" data-e-type=\"container\">\n\t\t\t\t<\/div>\n\t\t\t\t<\/section>\n\t\t\t\t<\/div>\n\t\t\t\t<\/div>\n\t\t\n\t\t\t\t\t\t<\/div>\n\t\t\t\t<\/div>\n\t\t\t\t<\/div>\n\t\t\t\t<\/div>\n\t\t","protected":false},"excerpt":{"rendered":"<p>Tous les d\u00e9potoirs acceptent les feuilles et r\u00e9sidus de jardin sans frais pendant les heures normales d\u2019ouverture. Mat\u00e9riaux accept\u00e9s Feuilles Brousses Arbustes R\u00e9sidus de jardinage R\u00e9sidus d\u2019herbe \u00a0 \u00a0\u00c0 ne [&hellip;]<\/p>\n","protected":false},"author":4,"featured_media":0,"parent":704,"menu_order":2,"comment_status":"closed","ping_status":"closed","template":"","meta":{"_acf_changed":false,"_searchwp_excluded":"","footnotes":""},"class_list":["post-708","page","type-page","status-publish","hentry"],"acf":[],"yoast_head":"<!-- This site is optimized with the Yoast SEO Premium plugin v27.4 (Yoast SEO v27.4) - https:\/\/yoast.com\/product\/yoast-seo-premium-wordpress\/ -->\n<title>Feuilles et r\u00e9sidus de jardinage - West Nipissing Ouest<\/title>\n<meta name=\"robots\" content=\"index, follow, max-snippet:-1, max-image-preview:large, max-video-preview:-1\" \/>\n<link rel=\"canonical\" href=\"https:\/\/www.westnipissing.ca\/fr\/services-aux-residents\/dechets-et-recyclage\/feuilles-et-residus-de-jardin\/\" \/>\n<meta property=\"og:locale\" content=\"fr_FR\" \/>\n<meta property=\"og:type\" content=\"article\" \/>\n<meta property=\"og:title\" content=\"Feuilles et r\u00e9sidus de jardinage\" \/>\n<meta property=\"og:description\" content=\"Tous les d\u00e9potoirs acceptent les feuilles et r\u00e9sidus de jardin sans frais pendant les heures normales d\u2019ouverture. Mat\u00e9riaux accept\u00e9s Feuilles Brousses Arbustes R\u00e9sidus de jardinage R\u00e9sidus d\u2019herbe \u00a0 \u00a0\u00c0 ne [&hellip;]\" \/>\n<meta property=\"og:url\" content=\"https:\/\/www.westnipissing.ca\/fr\/services-aux-residents\/dechets-et-recyclage\/feuilles-et-residus-de-jardin\/\" \/>\n<meta property=\"og:site_name\" content=\"West Nipissing Ouest\" \/>\n<meta property=\"article:publisher\" content=\"https:\/\/www.facebook.com\/MunicipalityofWestNipissing\/\" \/>\n<meta property=\"article:modified_time\" content=\"2025-12-08T13:22:59+00:00\" \/>\n<meta property=\"og:image\" content=\"https:\/\/www.westnipissing.ca\/wp-content\/uploads\/2026\/01\/WNO-Logo-Full-Colour-Horizontial-Yoast.png\" \/>\n\t<meta property=\"og:image:width\" content=\"1200\" \/>\n\t<meta property=\"og:image:height\" content=\"470\" \/>\n\t<meta property=\"og:image:type\" content=\"image\/png\" \/>\n<meta name=\"twitter:card\" content=\"summary_large_image\" \/>\n<meta name=\"twitter:site\" content=\"@West_Nipissing\" \/>\n<meta name=\"twitter:label1\" content=\"Dur\u00e9e de lecture estim\u00e9e\" \/>\n\t<meta name=\"twitter:data1\" content=\"1 minute\" \/>\n<script type=\"application\/ld+json\" class=\"yoast-schema-graph\">{\"@context\":\"https:\\\/\\\/schema.org\",\"@graph\":[{\"@type\":\"WebPage\",\"@id\":\"https:\\\/\\\/www.westnipissing.ca\\\/fr\\\/services-aux-residents\\\/dechets-et-recyclage\\\/feuilles-et-residus-de-jardin\\\/\",\"url\":\"https:\\\/\\\/www.westnipissing.ca\\\/fr\\\/services-aux-residents\\\/dechets-et-recyclage\\\/feuilles-et-residus-de-jardin\\\/\",\"name\":\"Feuilles et r\u00e9sidus de jardinage - West Nipissing Ouest\",\"isPartOf\":{\"@id\":\"https:\\\/\\\/www.westnipissing.ca\\\/fr\\\/#website\"},\"datePublished\":\"2020-02-04T21:04:58+00:00\",\"dateModified\":\"2025-12-08T13:22:59+00:00\",\"breadcrumb\":{\"@id\":\"https:\\\/\\\/www.westnipissing.ca\\\/fr\\\/services-aux-residents\\\/dechets-et-recyclage\\\/feuilles-et-residus-de-jardin\\\/#breadcrumb\"},\"inLanguage\":\"fr-FR\",\"potentialAction\":[{\"@type\":\"ReadAction\",\"target\":[\"https:\\\/\\\/www.westnipissing.ca\\\/fr\\\/services-aux-residents\\\/dechets-et-recyclage\\\/feuilles-et-residus-de-jardin\\\/\"]}]},{\"@type\":\"BreadcrumbList\",\"@id\":\"https:\\\/\\\/www.westnipissing.ca\\\/fr\\\/services-aux-residents\\\/dechets-et-recyclage\\\/feuilles-et-residus-de-jardin\\\/#breadcrumb\",\"itemListElement\":[{\"@type\":\"ListItem\",\"position\":1,\"name\":\"Home\",\"item\":\"https:\\\/\\\/www.westnipissing.ca\\\/fr\\\/\"},{\"@type\":\"ListItem\",\"position\":2,\"name\":\"Services aux R\u00e9sidents\",\"item\":\"https:\\\/\\\/www.westnipissing.ca\\\/fr\\\/services-aux-residents\\\/\"},{\"@type\":\"ListItem\",\"position\":3,\"name\":\"D\u00e9chets et recyclage\",\"item\":\"https:\\\/\\\/www.westnipissing.ca\\\/fr\\\/services-aux-residents\\\/dechets-et-recyclage\\\/\"},{\"@type\":\"ListItem\",\"position\":4,\"name\":\"Feuilles et r\u00e9sidus de jardinage\"}]},{\"@type\":\"WebSite\",\"@id\":\"https:\\\/\\\/www.westnipissing.ca\\\/fr\\\/#website\",\"url\":\"https:\\\/\\\/www.westnipissing.ca\\\/fr\\\/\",\"name\":\"West Nipissing Ouest\",\"description\":\"Find your Joie de vivre in West Nipissing.\",\"publisher\":{\"@id\":\"https:\\\/\\\/www.westnipissing.ca\\\/fr\\\/#organization\"},\"potentialAction\":[{\"@type\":\"SearchAction\",\"target\":{\"@type\":\"EntryPoint\",\"urlTemplate\":\"https:\\\/\\\/www.westnipissing.ca\\\/fr\\\/?s={search_term_string}\"},\"query-input\":{\"@type\":\"PropertyValueSpecification\",\"valueRequired\":true,\"valueName\":\"search_term_string\"}}],\"inLanguage\":\"fr-FR\"},{\"@type\":\"Organization\",\"@id\":\"https:\\\/\\\/www.westnipissing.ca\\\/fr\\\/#organization\",\"name\":\"West Nipissing Ouest\",\"url\":\"https:\\\/\\\/www.westnipissing.ca\\\/fr\\\/\",\"logo\":{\"@type\":\"ImageObject\",\"inLanguage\":\"fr-FR\",\"@id\":\"https:\\\/\\\/www.westnipissing.ca\\\/fr\\\/#\\\/schema\\\/logo\\\/image\\\/\",\"url\":\"https:\\\/\\\/www.westnipissing.ca\\\/wp-content\\\/uploads\\\/2024\\\/04\\\/site-logo.jpg\",\"contentUrl\":\"https:\\\/\\\/www.westnipissing.ca\\\/wp-content\\\/uploads\\\/2024\\\/04\\\/site-logo.jpg\",\"width\":700,\"height\":225,\"caption\":\"West Nipissing Ouest\"},\"image\":{\"@id\":\"https:\\\/\\\/www.westnipissing.ca\\\/fr\\\/#\\\/schema\\\/logo\\\/image\\\/\"},\"sameAs\":[\"https:\\\/\\\/www.facebook.com\\\/MunicipalityofWestNipissing\\\/\",\"https:\\\/\\\/x.com\\\/West_Nipissing\",\"https:\\\/\\\/www.youtube.com\\\/channel\\\/UCG6HWMXnA-RBiH-UdZVClHg\"],\"description\":\"Municipality of West Nipissing\",\"email\":\"info@westnipissing.ca\",\"telephone\":\"705-753-2250\",\"legalName\":\"Municipality of West Nipissing\"}]}<\/script>\n<!-- \/ Yoast SEO Premium plugin. -->","yoast_head_json":{"title":"Feuilles et r\u00e9sidus de jardinage - West Nipissing Ouest","robots":{"index":"index","follow":"follow","max-snippet":"max-snippet:-1","max-image-preview":"max-image-preview:large","max-video-preview":"max-video-preview:-1"},"canonical":"https:\/\/www.westnipissing.ca\/fr\/services-aux-residents\/dechets-et-recyclage\/feuilles-et-residus-de-jardin\/","og_locale":"fr_FR","og_type":"article","og_title":"Feuilles et r\u00e9sidus de jardinage","og_description":"Tous les d\u00e9potoirs acceptent les feuilles et r\u00e9sidus de jardin sans frais pendant les heures normales d\u2019ouverture. Mat\u00e9riaux accept\u00e9s Feuilles Brousses Arbustes R\u00e9sidus de jardinage R\u00e9sidus d\u2019herbe \u00a0 \u00a0\u00c0 ne [&hellip;]","og_url":"https:\/\/www.westnipissing.ca\/fr\/services-aux-residents\/dechets-et-recyclage\/feuilles-et-residus-de-jardin\/","og_site_name":"West Nipissing Ouest","article_publisher":"https:\/\/www.facebook.com\/MunicipalityofWestNipissing\/","article_modified_time":"2025-12-08T13:22:59+00:00","og_image":[{"width":1200,"height":470,"url":"https:\/\/www.westnipissing.ca\/wp-content\/uploads\/2026\/01\/WNO-Logo-Full-Colour-Horizontial-Yoast.png","type":"image\/png"}],"twitter_card":"summary_large_image","twitter_site":"@West_Nipissing","twitter_misc":{"Dur\u00e9e de lecture estim\u00e9e":"1 minute"},"schema":{"@context":"https:\/\/schema.org","@graph":[{"@type":"WebPage","@id":"https:\/\/www.westnipissing.ca\/fr\/services-aux-residents\/dechets-et-recyclage\/feuilles-et-residus-de-jardin\/","url":"https:\/\/www.westnipissing.ca\/fr\/services-aux-residents\/dechets-et-recyclage\/feuilles-et-residus-de-jardin\/","name":"Feuilles et r\u00e9sidus de jardinage - West Nipissing Ouest","isPartOf":{"@id":"https:\/\/www.westnipissing.ca\/fr\/#website"},"datePublished":"2020-02-04T21:04:58+00:00","dateModified":"2025-12-08T13:22:59+00:00","breadcrumb":{"@id":"https:\/\/www.westnipissing.ca\/fr\/services-aux-residents\/dechets-et-recyclage\/feuilles-et-residus-de-jardin\/#breadcrumb"},"inLanguage":"fr-FR","potentialAction":[{"@type":"ReadAction","target":["https:\/\/www.westnipissing.ca\/fr\/services-aux-residents\/dechets-et-recyclage\/feuilles-et-residus-de-jardin\/"]}]},{"@type":"BreadcrumbList","@id":"https:\/\/www.westnipissing.ca\/fr\/services-aux-residents\/dechets-et-recyclage\/feuilles-et-residus-de-jardin\/#breadcrumb","itemListElement":[{"@type":"ListItem","position":1,"name":"Home","item":"https:\/\/www.westnipissing.ca\/fr\/"},{"@type":"ListItem","position":2,"name":"Services aux R\u00e9sidents","item":"https:\/\/www.westnipissing.ca\/fr\/services-aux-residents\/"},{"@type":"ListItem","position":3,"name":"D\u00e9chets et recyclage","item":"https:\/\/www.westnipissing.ca\/fr\/services-aux-residents\/dechets-et-recyclage\/"},{"@type":"ListItem","position":4,"name":"Feuilles et r\u00e9sidus de jardinage"}]},{"@type":"WebSite","@id":"https:\/\/www.westnipissing.ca\/fr\/#website","url":"https:\/\/www.westnipissing.ca\/fr\/","name":"West Nipissing Ouest","description":"Find your Joie de vivre in West Nipissing.","publisher":{"@id":"https:\/\/www.westnipissing.ca\/fr\/#organization"},"potentialAction":[{"@type":"SearchAction","target":{"@type":"EntryPoint","urlTemplate":"https:\/\/www.westnipissing.ca\/fr\/?s={search_term_string}"},"query-input":{"@type":"PropertyValueSpecification","valueRequired":true,"valueName":"search_term_string"}}],"inLanguage":"fr-FR"},{"@type":"Organization","@id":"https:\/\/www.westnipissing.ca\/fr\/#organization","name":"West Nipissing Ouest","url":"https:\/\/www.westnipissing.ca\/fr\/","logo":{"@type":"ImageObject","inLanguage":"fr-FR","@id":"https:\/\/www.westnipissing.ca\/fr\/#\/schema\/logo\/image\/","url":"https:\/\/www.westnipissing.ca\/wp-content\/uploads\/2024\/04\/site-logo.jpg","contentUrl":"https:\/\/www.westnipissing.ca\/wp-content\/uploads\/2024\/04\/site-logo.jpg","width":700,"height":225,"caption":"West Nipissing Ouest"},"image":{"@id":"https:\/\/www.westnipissing.ca\/fr\/#\/schema\/logo\/image\/"},"sameAs":["https:\/\/www.facebook.com\/MunicipalityofWestNipissing\/","https:\/\/x.com\/West_Nipissing","https:\/\/www.youtube.com\/channel\/UCG6HWMXnA-RBiH-UdZVClHg"],"description":"Municipality of West Nipissing","email":"info@westnipissing.ca","telephone":"705-753-2250","legalName":"Municipality of West Nipissing"}]}},"publishpress_future_action":{"enabled":false,"date":"2026-04-28 08:55:32","action":"change-status","newStatus":"draft","terms":[],"taxonomy":"translation_priority","extraData":[]},"publishpress_future_workflow_manual_trigger":{"enabledWorkflows":[]},"_links":{"self":[{"href":"https:\/\/www.westnipissing.ca\/fr\/wp-json\/wp\/v2\/pages\/708","targetHints":{"allow":["GET"]}}],"collection":[{"href":"https:\/\/www.westnipissing.ca\/fr\/wp-json\/wp\/v2\/pages"}],"about":[{"href":"https:\/\/www.westnipissing.ca\/fr\/wp-json\/wp\/v2\/types\/page"}],"author":[{"embeddable":true,"href":"https:\/\/www.westnipissing.ca\/fr\/wp-json\/wp\/v2\/users\/4"}],"replies":[{"embeddable":true,"href":"https:\/\/www.westnipissing.ca\/fr\/wp-json\/wp\/v2\/comments?post=708"}],"version-history":[{"count":1,"href":"https:\/\/www.westnipissing.ca\/fr\/wp-json\/wp\/v2\/pages\/708\/revisions"}],"predecessor-version":[{"id":65265,"href":"https:\/\/www.westnipissing.ca\/fr\/wp-json\/wp\/v2\/pages\/708\/revisions\/65265"}],"up":[{"embeddable":true,"href":"https:\/\/www.westnipissing.ca\/fr\/wp-json\/wp\/v2\/pages\/704"}],"wp:attachment":[{"href":"https:\/\/www.westnipissing.ca\/fr\/wp-json\/wp\/v2\/media?parent=708"}],"curies":[{"name":"wp","href":"https:\/\/api.w.org\/{rel}","templated":true}]}}