{"id":713,"date":"2020-01-06T12:24:41","date_gmt":"2020-01-06T17:24:41","guid":{"rendered":"http:\/\/westnipissing.ca\/?page_id=713"},"modified":"2025-05-28T11:30:13","modified_gmt":"2025-05-28T15:30:13","slug":"affaires","status":"publish","type":"page","link":"https:\/\/www.westnipissing.ca\/fr\/affaires\/","title":{"rendered":"Affaires et d\u00e9veloppement"},"content":{"rendered":"\t\t<div data-elementor-type=\"wp-page\" data-elementor-id=\"713\" class=\"elementor elementor-713 elementor-438\" data-elementor-post-type=\"page\">\n\t\t\t\t<div class=\"elementor-element elementor-element-1da3d2b e-flex e-con-boxed e-con e-parent\" data-id=\"1da3d2b\" data-element_type=\"container\" data-e-type=\"container\">\n\t\t\t\t\t<div class=\"e-con-inner\">\n\t\t\t\t<div class=\"elementor-element elementor-element-770d581 border-1 elementor-widget elementor-widget-parent-child-menu\" data-id=\"770d581\" data-element_type=\"widget\" data-e-type=\"widget\" data-widget_type=\"parent-child-menu.default\">\n\t\t\t\t<div class=\"elementor-widget-container\">\n\t\t\t\t\t<nav class=\"dce-menu vertical\"><ul class=\"first-level\"><li class=\"item-43512\"><a href=\"https:\/\/www.westnipissing.ca\/fr\/affaires\/consentement-municipal-pour-installations-de-services-publics\/\">Consentement municipal pour installations de services publics<\/a><\/li><li class=\"item-43537\"><a href=\"https:\/\/www.westnipissing.ca\/fr\/affaires\/permis-de-travaux-de-rue\/\">Permis de travaux de rue<\/a><\/li><li class=\"item-787\"><a href=\"https:\/\/www.westnipissing.ca\/fr\/affaires\/construction-et-planification\/\">Construction et planification<\/a><ul class=\"second-level\"><li class=\"item-791\"><a href=\"https:\/\/www.westnipissing.ca\/fr\/affaires\/construction-et-planification\/planification-et-amenagement\/\">Planification, am\u00e9nagement et terrains<\/a><\/li><li class=\"item-44768\"><a href=\"https:\/\/www.westnipissing.ca\/fr\/affaires\/construction-et-planification\/additional-dwelling-unit-program\/\">Unit\u00e9s de logement suppl\u00e9mentaires<\/a><\/li><li class=\"item-48376\"><a href=\"https:\/\/www.westnipissing.ca\/fr\/affaires\/construction-et-planification\/construction-et-renovations\/\">Construction et r\u00e9novations<\/a><\/li><\/ul><\/li><li class=\"item-813\"><a href=\"https:\/\/www.westnipissing.ca\/fr\/affaires\/a-propos-de-nous\/\">\u00c0 propos de nous<\/a><\/li><li class=\"item-48924\"><a href=\"https:\/\/www.westnipissing.ca\/fr\/affaires\/repertoire-des-entreprises\/\">R\u00e9pertoire des entreprises<\/a><ul class=\"second-level\"><li class=\"item-6875\"><a href=\"https:\/\/www.westnipissing.ca\/fr\/affaires\/repertoire-des-entreprises\/revision-au-repertoire-dentreprise\/\">R\u00e9vision au r\u00e9pertoire d'entreprise<\/a><\/li><\/ul><\/li><li class=\"item-797\"><a href=\"https:\/\/www.westnipissing.ca\/fr\/affaires\/developpement-economique\/\">D\u00e9veloppement \u00e9conomique<\/a><ul class=\"second-level\"><li class=\"item-799\"><a href=\"https:\/\/www.westnipissing.ca\/fr\/affaires\/developpement-economique\/profil-communautaire-et-economique\/\">Profil communautaire et \u00e9conomique<\/a><\/li><li class=\"item-801\"><a href=\"https:\/\/www.westnipissing.ca\/fr\/affaires\/developpement-economique\/donnees-et-demographie\/\">Donn\u00e9es et d\u00e9mographie<\/a><\/li><li class=\"item-803\"><a href=\"https:\/\/www.westnipissing.ca\/fr\/affaires\/developpement-economique\/disponibilite-des-terrains-industriels\/\">Disponibilit\u00e9 des terrains industriels<\/a><\/li><li class=\"item-805\"><a href=\"https:\/\/www.westnipissing.ca\/fr\/affaires\/developpement-economique\/partenaires-et-resources\/\">Partenaires et resources<\/a><\/li><li class=\"item-807\"><a href=\"https:\/\/www.westnipissing.ca\/fr\/affaires\/developpement-economique\/rapports-et-etudes\/\">Rapports et \u00e9tudes<\/a><\/li><li class=\"item-809\"><a href=\"https:\/\/www.westnipissing.ca\/fr\/affaires\/developpement-economique\/services-et-infrastructures\/\">Services et infrastructures<\/a><\/li><li class=\"item-31730\"><a href=\"https:\/\/www.westnipissing.ca\/fr\/affaires\/developpement-economique\/plan-damelioration-communautaire-2022\/\">Plan d\u2019am\u00e9lioration communautaire\u00a02022<\/a><\/li><\/ul><\/li><li class=\"item-811\"><a href=\"https:\/\/www.westnipissing.ca\/fr\/affaires\/nouvelles-entreprises\/\">Ressources pour les entreprises<\/a><\/li><\/ul><\/nav>\t\t\t\t<\/div>\n\t\t\t\t<\/div>\n\t\t\t\t\t<\/div>\n\t\t\t\t<\/div>\n\t\t\t\t<\/div>\n\t\t","protected":false},"excerpt":{"rendered":"<p>Consentement municipal pour installations de services publics Permis de travaux de rue Construction et planification Planification, am\u00e9nagement et terrains Unit\u00e9s de logement suppl\u00e9mentaires Construction et r\u00e9novations \u00c0 propos de nous [&hellip;]<\/p>\n","protected":false},"author":4,"featured_media":7995,"parent":0,"menu_order":3,"comment_status":"closed","ping_status":"closed","template":"elementor_theme","meta":{"_acf_changed":false,"_searchwp_excluded":"","footnotes":""},"class_list":["post-713","page","type-page","status-publish","has-post-thumbnail","hentry"],"acf":[],"yoast_head":"<!-- This site is optimized with the Yoast SEO Premium plugin v27.4 (Yoast SEO v27.4) - https:\/\/yoast.com\/product\/yoast-seo-premium-wordpress\/ -->\n<title>Affaires et d\u00e9veloppement - West Nipissing Ouest<\/title>\n<meta name=\"robots\" content=\"index, follow, max-snippet:-1, max-image-preview:large, max-video-preview:-1\" \/>\n<link rel=\"canonical\" href=\"https:\/\/www.westnipissing.ca\/fr\/affaires\/\" \/>\n<meta property=\"og:locale\" content=\"fr_FR\" \/>\n<meta property=\"og:type\" content=\"article\" \/>\n<meta property=\"og:title\" content=\"Affaires et d\u00e9veloppement\" \/>\n<meta property=\"og:description\" content=\"Consentement municipal pour installations de services publics Permis de travaux de rue Construction et planification Planification, am\u00e9nagement et terrains Unit\u00e9s de logement suppl\u00e9mentaires Construction et r\u00e9novations \u00c0 propos de nous [&hellip;]\" \/>\n<meta property=\"og:url\" content=\"https:\/\/www.westnipissing.ca\/fr\/affaires\/\" \/>\n<meta property=\"og:site_name\" content=\"West Nipissing Ouest\" \/>\n<meta property=\"article:publisher\" content=\"https:\/\/www.facebook.com\/MunicipalityofWestNipissing\/\" \/>\n<meta property=\"article:modified_time\" content=\"2025-05-28T15:30:13+00:00\" \/>\n<meta property=\"og:image\" content=\"https:\/\/www.westnipissing.ca\/wp-content\/uploads\/2020\/11\/AdobeStock_276327214-scaled.jpeg\" \/>\n\t<meta property=\"og:image:width\" content=\"2560\" \/>\n\t<meta property=\"og:image:height\" content=\"943\" \/>\n\t<meta property=\"og:image:type\" content=\"image\/jpeg\" \/>\n<meta name=\"twitter:card\" content=\"summary_large_image\" \/>\n<meta name=\"twitter:site\" content=\"@West_Nipissing\" \/>\n<script type=\"application\/ld+json\" class=\"yoast-schema-graph\">{\"@context\":\"https:\\\/\\\/schema.org\",\"@graph\":[{\"@type\":\"WebPage\",\"@id\":\"https:\\\/\\\/www.westnipissing.ca\\\/fr\\\/affaires\\\/\",\"url\":\"https:\\\/\\\/www.westnipissing.ca\\\/fr\\\/affaires\\\/\",\"name\":\"Affaires et d\u00e9veloppement - West Nipissing Ouest\",\"isPartOf\":{\"@id\":\"https:\\\/\\\/www.westnipissing.ca\\\/fr\\\/#website\"},\"primaryImageOfPage\":{\"@id\":\"https:\\\/\\\/www.westnipissing.ca\\\/fr\\\/affaires\\\/#primaryimage\"},\"image\":{\"@id\":\"https:\\\/\\\/www.westnipissing.ca\\\/fr\\\/affaires\\\/#primaryimage\"},\"thumbnailUrl\":\"https:\\\/\\\/www.westnipissing.ca\\\/wp-content\\\/uploads\\\/2020\\\/11\\\/AdobeStock_276327214-scaled.jpeg\",\"datePublished\":\"2020-01-06T17:24:41+00:00\",\"dateModified\":\"2025-05-28T15:30:13+00:00\",\"breadcrumb\":{\"@id\":\"https:\\\/\\\/www.westnipissing.ca\\\/fr\\\/affaires\\\/#breadcrumb\"},\"inLanguage\":\"fr-FR\",\"potentialAction\":[{\"@type\":\"ReadAction\",\"target\":[\"https:\\\/\\\/www.westnipissing.ca\\\/fr\\\/affaires\\\/\"]}]},{\"@type\":\"ImageObject\",\"inLanguage\":\"fr-FR\",\"@id\":\"https:\\\/\\\/www.westnipissing.ca\\\/fr\\\/affaires\\\/#primaryimage\",\"url\":\"https:\\\/\\\/www.westnipissing.ca\\\/wp-content\\\/uploads\\\/2020\\\/11\\\/AdobeStock_276327214-scaled.jpeg\",\"contentUrl\":\"https:\\\/\\\/www.westnipissing.ca\\\/wp-content\\\/uploads\\\/2020\\\/11\\\/AdobeStock_276327214-scaled.jpeg\",\"width\":2560,\"height\":943,\"caption\":\"panorama small tree growing with sunrise. green world and earth day concept\"},{\"@type\":\"BreadcrumbList\",\"@id\":\"https:\\\/\\\/www.westnipissing.ca\\\/fr\\\/affaires\\\/#breadcrumb\",\"itemListElement\":[{\"@type\":\"ListItem\",\"position\":1,\"name\":\"Home\",\"item\":\"https:\\\/\\\/www.westnipissing.ca\\\/fr\\\/\"},{\"@type\":\"ListItem\",\"position\":2,\"name\":\"Affaires et d\u00e9veloppement\"}]},{\"@type\":\"WebSite\",\"@id\":\"https:\\\/\\\/www.westnipissing.ca\\\/fr\\\/#website\",\"url\":\"https:\\\/\\\/www.westnipissing.ca\\\/fr\\\/\",\"name\":\"West Nipissing Ouest\",\"description\":\"Find your Joie de vivre in West Nipissing.\",\"publisher\":{\"@id\":\"https:\\\/\\\/www.westnipissing.ca\\\/fr\\\/#organization\"},\"potentialAction\":[{\"@type\":\"SearchAction\",\"target\":{\"@type\":\"EntryPoint\",\"urlTemplate\":\"https:\\\/\\\/www.westnipissing.ca\\\/fr\\\/?s={search_term_string}\"},\"query-input\":{\"@type\":\"PropertyValueSpecification\",\"valueRequired\":true,\"valueName\":\"search_term_string\"}}],\"inLanguage\":\"fr-FR\"},{\"@type\":\"Organization\",\"@id\":\"https:\\\/\\\/www.westnipissing.ca\\\/fr\\\/#organization\",\"name\":\"West Nipissing Ouest\",\"url\":\"https:\\\/\\\/www.westnipissing.ca\\\/fr\\\/\",\"logo\":{\"@type\":\"ImageObject\",\"inLanguage\":\"fr-FR\",\"@id\":\"https:\\\/\\\/www.westnipissing.ca\\\/fr\\\/#\\\/schema\\\/logo\\\/image\\\/\",\"url\":\"https:\\\/\\\/www.westnipissing.ca\\\/wp-content\\\/uploads\\\/2024\\\/04\\\/site-logo.jpg\",\"contentUrl\":\"https:\\\/\\\/www.westnipissing.ca\\\/wp-content\\\/uploads\\\/2024\\\/04\\\/site-logo.jpg\",\"width\":700,\"height\":225,\"caption\":\"West Nipissing Ouest\"},\"image\":{\"@id\":\"https:\\\/\\\/www.westnipissing.ca\\\/fr\\\/#\\\/schema\\\/logo\\\/image\\\/\"},\"sameAs\":[\"https:\\\/\\\/www.facebook.com\\\/MunicipalityofWestNipissing\\\/\",\"https:\\\/\\\/x.com\\\/West_Nipissing\",\"https:\\\/\\\/www.youtube.com\\\/channel\\\/UCG6HWMXnA-RBiH-UdZVClHg\"],\"description\":\"Municipality of West Nipissing\",\"email\":\"info@westnipissing.ca\",\"telephone\":\"705-753-2250\",\"legalName\":\"Municipality of West Nipissing\"}]}<\/script>\n<!-- \/ Yoast SEO Premium plugin. -->","yoast_head_json":{"title":"Affaires et d\u00e9veloppement - West Nipissing Ouest","robots":{"index":"index","follow":"follow","max-snippet":"max-snippet:-1","max-image-preview":"max-image-preview:large","max-video-preview":"max-video-preview:-1"},"canonical":"https:\/\/www.westnipissing.ca\/fr\/affaires\/","og_locale":"fr_FR","og_type":"article","og_title":"Affaires et d\u00e9veloppement","og_description":"Consentement municipal pour installations de services publics Permis de travaux de rue Construction et planification Planification, am\u00e9nagement et terrains Unit\u00e9s de logement suppl\u00e9mentaires Construction et r\u00e9novations \u00c0 propos de nous [&hellip;]","og_url":"https:\/\/www.westnipissing.ca\/fr\/affaires\/","og_site_name":"West Nipissing Ouest","article_publisher":"https:\/\/www.facebook.com\/MunicipalityofWestNipissing\/","article_modified_time":"2025-05-28T15:30:13+00:00","og_image":[{"width":2560,"height":943,"url":"https:\/\/www.westnipissing.ca\/wp-content\/uploads\/2020\/11\/AdobeStock_276327214-scaled.jpeg","type":"image\/jpeg"}],"twitter_card":"summary_large_image","twitter_site":"@West_Nipissing","schema":{"@context":"https:\/\/schema.org","@graph":[{"@type":"WebPage","@id":"https:\/\/www.westnipissing.ca\/fr\/affaires\/","url":"https:\/\/www.westnipissing.ca\/fr\/affaires\/","name":"Affaires et d\u00e9veloppement - West Nipissing Ouest","isPartOf":{"@id":"https:\/\/www.westnipissing.ca\/fr\/#website"},"primaryImageOfPage":{"@id":"https:\/\/www.westnipissing.ca\/fr\/affaires\/#primaryimage"},"image":{"@id":"https:\/\/www.westnipissing.ca\/fr\/affaires\/#primaryimage"},"thumbnailUrl":"https:\/\/www.westnipissing.ca\/wp-content\/uploads\/2020\/11\/AdobeStock_276327214-scaled.jpeg","datePublished":"2020-01-06T17:24:41+00:00","dateModified":"2025-05-28T15:30:13+00:00","breadcrumb":{"@id":"https:\/\/www.westnipissing.ca\/fr\/affaires\/#breadcrumb"},"inLanguage":"fr-FR","potentialAction":[{"@type":"ReadAction","target":["https:\/\/www.westnipissing.ca\/fr\/affaires\/"]}]},{"@type":"ImageObject","inLanguage":"fr-FR","@id":"https:\/\/www.westnipissing.ca\/fr\/affaires\/#primaryimage","url":"https:\/\/www.westnipissing.ca\/wp-content\/uploads\/2020\/11\/AdobeStock_276327214-scaled.jpeg","contentUrl":"https:\/\/www.westnipissing.ca\/wp-content\/uploads\/2020\/11\/AdobeStock_276327214-scaled.jpeg","width":2560,"height":943,"caption":"panorama small tree growing with sunrise. green world and earth day concept"},{"@type":"BreadcrumbList","@id":"https:\/\/www.westnipissing.ca\/fr\/affaires\/#breadcrumb","itemListElement":[{"@type":"ListItem","position":1,"name":"Home","item":"https:\/\/www.westnipissing.ca\/fr\/"},{"@type":"ListItem","position":2,"name":"Affaires et d\u00e9veloppement"}]},{"@type":"WebSite","@id":"https:\/\/www.westnipissing.ca\/fr\/#website","url":"https:\/\/www.westnipissing.ca\/fr\/","name":"West Nipissing Ouest","description":"Find your Joie de vivre in West Nipissing.","publisher":{"@id":"https:\/\/www.westnipissing.ca\/fr\/#organization"},"potentialAction":[{"@type":"SearchAction","target":{"@type":"EntryPoint","urlTemplate":"https:\/\/www.westnipissing.ca\/fr\/?s={search_term_string}"},"query-input":{"@type":"PropertyValueSpecification","valueRequired":true,"valueName":"search_term_string"}}],"inLanguage":"fr-FR"},{"@type":"Organization","@id":"https:\/\/www.westnipissing.ca\/fr\/#organization","name":"West Nipissing Ouest","url":"https:\/\/www.westnipissing.ca\/fr\/","logo":{"@type":"ImageObject","inLanguage":"fr-FR","@id":"https:\/\/www.westnipissing.ca\/fr\/#\/schema\/logo\/image\/","url":"https:\/\/www.westnipissing.ca\/wp-content\/uploads\/2024\/04\/site-logo.jpg","contentUrl":"https:\/\/www.westnipissing.ca\/wp-content\/uploads\/2024\/04\/site-logo.jpg","width":700,"height":225,"caption":"West Nipissing Ouest"},"image":{"@id":"https:\/\/www.westnipissing.ca\/fr\/#\/schema\/logo\/image\/"},"sameAs":["https:\/\/www.facebook.com\/MunicipalityofWestNipissing\/","https:\/\/x.com\/West_Nipissing","https:\/\/www.youtube.com\/channel\/UCG6HWMXnA-RBiH-UdZVClHg"],"description":"Municipality of West Nipissing","email":"info@westnipissing.ca","telephone":"705-753-2250","legalName":"Municipality of West Nipissing"}]}},"publishpress_future_action":{"enabled":false,"date":"2026-04-28 19:29:40","action":"change-status","newStatus":"draft","terms":[],"taxonomy":"translation_priority","extraData":[]},"publishpress_future_workflow_manual_trigger":{"enabledWorkflows":[]},"_links":{"self":[{"href":"https:\/\/www.westnipissing.ca\/fr\/wp-json\/wp\/v2\/pages\/713","targetHints":{"allow":["GET"]}}],"collection":[{"href":"https:\/\/www.westnipissing.ca\/fr\/wp-json\/wp\/v2\/pages"}],"about":[{"href":"https:\/\/www.westnipissing.ca\/fr\/wp-json\/wp\/v2\/types\/page"}],"author":[{"embeddable":true,"href":"https:\/\/www.westnipissing.ca\/fr\/wp-json\/wp\/v2\/users\/4"}],"replies":[{"embeddable":true,"href":"https:\/\/www.westnipissing.ca\/fr\/wp-json\/wp\/v2\/comments?post=713"}],"version-history":[{"count":0,"href":"https:\/\/www.westnipissing.ca\/fr\/wp-json\/wp\/v2\/pages\/713\/revisions"}],"wp:featuredmedia":[{"embeddable":true,"href":"https:\/\/www.westnipissing.ca\/fr\/wp-json\/wp\/v2\/media\/7995"}],"wp:attachment":[{"href":"https:\/\/www.westnipissing.ca\/fr\/wp-json\/wp\/v2\/media?parent=713"}],"curies":[{"name":"wp","href":"https:\/\/api.w.org\/{rel}","templated":true}]}}