{"id":737,"date":"2020-02-04T16:07:15","date_gmt":"2020-02-04T21:07:15","guid":{"rendered":"http:\/\/westnipissing.ca\/?page_id=737"},"modified":"2026-02-04T14:46:50","modified_gmt":"2026-02-04T19:46:50","slug":"dechets-menagers-dangereux","status":"publish","type":"page","link":"https:\/\/www.westnipissing.ca\/fr\/services-aux-residents\/dechets-et-recyclage\/dechets-menagers-dangereux\/","title":{"rendered":"D\u00e9chets m\u00e9nagers dangereux"},"content":{"rendered":"\t\t<div data-elementor-type=\"wp-page\" data-elementor-id=\"737\" class=\"elementor elementor-737 elementor-599\" data-elementor-post-type=\"page\">\n\t\t\t\t<div class=\"elementor-element elementor-element-a444ae4 e-flex e-con-boxed e-con e-parent\" data-id=\"a444ae4\" data-element_type=\"container\" data-e-type=\"container\">\n\t\t\t\t\t<div class=\"e-con-inner\">\n\t\t\t\t<div class=\"elementor-element elementor-element-bfa4bc1 elementor-widget elementor-widget-text-editor\" data-id=\"bfa4bc1\" data-element_type=\"widget\" data-e-type=\"widget\" data-widget_type=\"text-editor.default\">\n\t\t\t\t\t\t\t\t\t<h4><strong data-start=\"121\" data-end=\"160\">D\u00e9p\u00f4t de d\u00e9chets m\u00e9nagers dangereux<\/strong><\/h4><p data-start=\"164\" data-end=\"431\">Les r\u00e9sidents de Nipissing Ouest ont acc\u00e8s, sans frais suppl\u00e9mentaires, au D\u00e9p\u00f4t de d\u00e9chets m\u00e9nagers dangereux \u00e0 North Bay. Le d\u00e9p\u00f4t est situ\u00e9 au Centre de gestion des d\u00e9chets (en sortie de la rue Station) et est ouvert du mercredi au samedi, de 8 h \u00e0 18 h.<\/p><p data-start=\"433\" data-end=\"948\">Les articles tels que la peinture restante, les piles, les m\u00e9dicaments, l\u2019huile moteur, les produits chimiques et autres d\u00e9chets m\u00e9nagers dangereux doivent \u00eatre \u00e9limin\u00e9s correctement afin de prot\u00e9ger l\u2019environnement et la sant\u00e9 humaine. Une \u00e9limination incorrecte \u2014 y compris le d\u00e9versement de d\u00e9chets dangereux dans les drains \u2014 peut endommager la plomberie et les syst\u00e8mes septiques, contaminer les eaux de surface et souterraines, d\u00e9gager des fum\u00e9es toxiques et nuire aux proc\u00e9d\u00e9s de traitement des eaux us\u00e9es.<\/p><p data-start=\"950\" data-end=\"1119\">Veuillez noter qu\u2019une <strong data-start=\"972\" data-end=\"1007\">limite de 60 litres par semaine<\/strong> s\u2019applique et que des quantit\u00e9s plus importantes peuvent \u00eatre refus\u00e9es \u00e0 la discr\u00e9tion du personnel du d\u00e9p\u00f4t.<\/p>\t\t\t\t\t\t\t\t<\/div>\n\t\t\t\t\t<\/div>\n\t\t\t\t<\/div>\n\t\t<div class=\"elementor-element elementor-element-d93d349 e-con-full e-flex e-con e-parent\" data-id=\"d93d349\" data-element_type=\"container\" data-e-type=\"container\" data-settings=\"{&quot;background_background&quot;:&quot;classic&quot;}\">\n\t\t\t\t<div class=\"elementor-element elementor-element-cfc6d07 elementor-widget elementor-widget-text-editor\" data-id=\"cfc6d07\" data-element_type=\"widget\" data-e-type=\"widget\" data-widget_type=\"text-editor.default\">\n\t\t\t\t\t\t\t\t\t<div class=\"enforcement-banner\"><div class=\"container\"><h4>Consultez l\u2019outil de triage \u2018<a href=\"https:\/\/www.westnipissing.ca\/fr\/services-aux-residents\/dechets-et-recyclage\/recycle-coach\/\">Ce qui va o\u00f9\u2019<\/a>\u00a0par Recycle Coach pour savoir quels types de d\u00e9chets dangereux sont accept\u00e9s.<\/h4><\/div><\/div>\t\t\t\t\t\t\t\t<\/div>\n\t\t\t\t<\/div>\n\t\t<div class=\"elementor-element elementor-element-a1f466f e-flex e-con-boxed e-con e-parent\" data-id=\"a1f466f\" data-element_type=\"container\" data-e-type=\"container\">\n\t\t\t\t\t<div class=\"e-con-inner\">\n\t\t\t\t<div class=\"elementor-element elementor-element-6357285 elementor-widget elementor-widget-text-editor\" data-id=\"6357285\" data-element_type=\"widget\" data-e-type=\"widget\" data-widget_type=\"text-editor.default\">\n\t\t\t\t\t\t\t\t\t<h4 id=\"h-materiaux-non-acceptes\" class=\"wp-block-heading\">Mat\u00e9riaux non accept\u00e9s<\/h4><ul class=\"wp-block-list\"><li>Des produits radioactifs, biologiques, PCB, explosifs ou arme ou leurs munitions, huiles de cuisson<\/li><\/ul><div class=\"wp-block-spacer\" aria-hidden=\"true\">\u00a0<\/div><h4 id=\"h-materiaux-acceptes\" class=\"wp-block-heading\">Mat\u00e9riaux accept\u00e9s<\/h4><ul class=\"wp-block-list\"><li><p>A\u00e9rosols<\/p><\/li><li><p>Adh\u00e9sifs<\/p><\/li><li><p>Antigel<\/p><\/li><li><p>Goudron d&#8217;asphalte<\/p><\/li><li><p>Huile pour transmission automatique<\/p><\/li><li><p>Batteries\/Acide pour batteries<\/p><\/li><li><p>Liquide de frein<\/p><\/li><li><p>D\u00e9tachants pour insectes et goudron<\/p><\/li><li><p>Cire et polish pour voitures<\/p><\/li><li><p>D\u00e9graissants<\/p><\/li><li><p>D\u00e9sinfectant<\/p><\/li><li><p>D\u00e9boucheur de canalisations<\/p><\/li><li><p>Colorant<\/p><\/li><li><p>Nettoyants moteur<\/p><\/li><li><p>Colliers anti-puces<\/p><\/li><li><p>D\u00e9capants et polish pour sols et meubles<\/p><\/li><li><p>Fongicide<\/p><\/li><li><p>Essence<\/p><\/li><li><p>Herbicides<\/p><\/li><li><p>Nettoyants m\u00e9nagers<\/p><\/li><li><p>Nettoyant pour bijoux<\/p><\/li><li><p>K\u00e9ros\u00e8ne<\/p><\/li><li><p>Essence liquide pour briquets<\/p><\/li><li><p>Ampoules (CFL) et tubes fluorescents<\/p><\/li><li><p>Lubrifiants<\/p><\/li><li><p>Soude caustique<\/p><\/li><li><p>Huiles moteur et huiles usag\u00e9es<\/p><\/li><li><p>Vernis \u00e0 ongles<\/p><\/li><li><p>Filtres \u00e0 huile<\/p><\/li><li><p>Nettoyant pour four<\/p><\/li><li><p>Peinture\/Teinture<\/p><\/li><li><p>Diluants \u00e0 peinture<\/p><\/li><li><p>Pesticides<\/p><\/li><li><p>Produits chimiques pour piscines<\/p><\/li><li><p>R\u00e9servoirs de propane (grandes et petites)<\/p><\/li><li><p>Goudron pour toitures<\/p><\/li><li><p>Antirouille<\/p><\/li><li><p>Solvants<\/p><\/li><li><p>D\u00e9tachant<\/p><\/li><li><p>T\u00e9r\u00e9benthine<\/p><\/li><li><p>Produit de pr\u00e9servation du bois<\/p><\/li><\/ul>\t\t\t\t\t\t\t\t<\/div>\n\t\t\t\t<div class=\"elementor-element elementor-element-c966861 elementor-widget elementor-widget-text-editor\" data-id=\"c966861\" data-element_type=\"widget\" data-e-type=\"widget\" data-widget_type=\"text-editor.default\">\n\t\t\t\t\t\t\t\t\t<h4 id=\"h-programme-de-reutilisation\" class=\"wp-block-heading\">Programme de r\u00e9utilisation<\/h4>\n<p id=\"h-les-sceaux-de-peinture-peuvent-tres-d-pos-s-et-report-s-au-programme-de-r-utilisation-les-produits-m-nagers-en-bonnes-conditions-peuvent-faire-l-objet-d-une-collecte-gratuite\">Les sceaux de peinture peuvent \u00eatres d\u00e9pos\u00e9s et report\u00e9s au Programme de r\u00e9utilisation du Centre de d\u00e9chets dangereux de North Bay. Les produits m\u00e9nagers en bonnes conditions peuvent faire l\u2019objet d\u2019une collecte gratuite.\u00a0<\/p>\t\t\t\t\t\t\t\t<\/div>\n\t\t\t\t\t<\/div>\n\t\t\t\t<\/div>\n\t\t<div class=\"elementor-element elementor-element-549bc13 e-con-full e-flex e-con e-parent\" data-id=\"549bc13\" data-element_type=\"container\" data-e-type=\"container\">\n\t\t\t\t<div class=\"elementor-element elementor-element-c3b98da elementor-grid-1 elementor-grid-tablet-2 elementor-grid-mobile-1 elementor-widget elementor-widget-loop-grid\" data-id=\"c3b98da\" data-element_type=\"widget\" data-e-type=\"widget\" data-settings=\"{&quot;template_id&quot;:45315,&quot;columns&quot;:1,&quot;_skin&quot;:&quot;post&quot;,&quot;columns_tablet&quot;:&quot;2&quot;,&quot;columns_mobile&quot;:&quot;1&quot;,&quot;edit_handle_selector&quot;:&quot;[data-elementor-type=\\&quot;loop-item\\&quot;]&quot;,&quot;row_gap&quot;:{&quot;unit&quot;:&quot;px&quot;,&quot;size&quot;:&quot;&quot;,&quot;sizes&quot;:[]},&quot;row_gap_tablet_extra&quot;:{&quot;unit&quot;:&quot;px&quot;,&quot;size&quot;:&quot;&quot;,&quot;sizes&quot;:[]},&quot;row_gap_tablet&quot;:{&quot;unit&quot;:&quot;px&quot;,&quot;size&quot;:&quot;&quot;,&quot;sizes&quot;:[]},&quot;row_gap_mobile&quot;:{&quot;unit&quot;:&quot;px&quot;,&quot;size&quot;:&quot;&quot;,&quot;sizes&quot;:[]}}\" data-widget_type=\"loop-grid.post\">\n\t\t\t\t<div class=\"elementor-widget-container\">\n\t\t\t\t\t\t\t<div class=\"elementor-loop-container elementor-grid\" role=\"list\">\n\t\t<style id=\"loop-45315\">.elementor-45315 .elementor-element.elementor-element-0bf65e5{--display:flex;--min-height:420px;--flex-direction:row;--container-widget-width:initial;--container-widget-height:100%;--container-widget-flex-grow:1;--container-widget-align-self:stretch;--flex-wrap-mobile:wrap;--gap:0px 0px;--row-gap:0px;--column-gap:0px;--overlay-opacity:1;--margin-top:0px;--margin-bottom:0px;--margin-left:0px;--margin-right:0px;--padding-top:0px;--padding-bottom:0px;--padding-left:0px;--padding-right:0px;}.elementor-45315 .elementor-element.elementor-element-0bf65e5::before, .elementor-45315 .elementor-element.elementor-element-0bf65e5 > .elementor-background-video-container::before, .elementor-45315 .elementor-element.elementor-element-0bf65e5 > .e-con-inner > .elementor-background-video-container::before, .elementor-45315 .elementor-element.elementor-element-0bf65e5 > .elementor-background-slideshow::before, .elementor-45315 .elementor-element.elementor-element-0bf65e5 > .e-con-inner > .elementor-background-slideshow::before, .elementor-45315 .elementor-element.elementor-element-0bf65e5 > .elementor-motion-effects-container > .elementor-motion-effects-layer::before{--background-overlay:'';background-image:url(\"https:\/\/www.westnipissing.ca\/wp-content\/uploads\/2025\/08\/bg-footer.png\");background-position:0px 325px;background-repeat:no-repeat;background-size:contain;}.elementor-45315 .elementor-element.elementor-element-cce3f4a{--display:flex;--justify-content:center;--padding-top:60px;--padding-bottom:50px;--padding-left:40px;--padding-right:40px;}.elementor-45315 .elementor-element.elementor-element-cce3f4a.e-con{--align-self:flex-start;}.elementor-45315 .elementor-element.elementor-element-8eb7f7e{text-align:center;padding:0px 50px 0px 50px;}.elementor-45315 .elementor-element.elementor-element-8eb7f7e .elementor-heading-title{color:var( --e-global-color-d14c592 );}.elementor-45315 .elementor-element.elementor-element-c7afc62{--display:flex;--justify-content:center;--padding-top:50px;--padding-bottom:50px;--padding-left:40px;--padding-right:40px;}.elementor-45315 .elementor-element.elementor-element-c7afc62.e-con{--align-self:flex-start;}.elementor-45315 .elementor-element.elementor-element-a445a8c .elementor-heading-title{color:var( --e-global-color-d14c592 );}.elementor-45315 .elementor-element.elementor-element-12493e3 .elementor-button{fill:var( --e-global-color-d14c592 );color:var( --e-global-color-d14c592 );background-color:#FFFFFF00;border-style:solid;border-width:1px 1px 1px 1px;border-color:var( --e-global-color-d14c592 );}.elementor-45315 .elementor-element.elementor-element-12493e3 .elementor-button:hover, .elementor-45315 .elementor-element.elementor-element-12493e3 .elementor-button:focus{color:var( --e-global-color-accent );background-color:var( --e-global-color-d14c592 );border-color:var( --e-global-color-accent );}.elementor-45315 .elementor-element.elementor-element-12493e3 .elementor-button:hover svg, .elementor-45315 .elementor-element.elementor-element-12493e3 .elementor-button:focus svg{fill:var( --e-global-color-accent );}@media(max-width:1180px){.elementor-45315 .elementor-element.elementor-element-0bf65e5{--margin-top:0px;--margin-bottom:79px;--margin-left:0px;--margin-right:0px;}.elementor-45315 .elementor-element.elementor-element-cce3f4a{--justify-content:flex-start;}.elementor-45315 .elementor-element.elementor-element-c7afc62{--justify-content:flex-start;}}@media(max-width:1024px){.elementor-45315 .elementor-element.elementor-element-0bf65e5::before, .elementor-45315 .elementor-element.elementor-element-0bf65e5 > .elementor-background-video-container::before, .elementor-45315 .elementor-element.elementor-element-0bf65e5 > .e-con-inner > .elementor-background-video-container::before, .elementor-45315 .elementor-element.elementor-element-0bf65e5 > .elementor-background-slideshow::before, .elementor-45315 .elementor-element.elementor-element-0bf65e5 > .e-con-inner > .elementor-background-slideshow::before, .elementor-45315 .elementor-element.elementor-element-0bf65e5 > .elementor-motion-effects-container > .elementor-motion-effects-layer::before{background-position:0px 350px;}.elementor-45315 .elementor-element.elementor-element-0bf65e5{--margin-top:0px;--margin-bottom:100px;--margin-left:0px;--margin-right:0px;}.elementor-45315 .elementor-element.elementor-element-cce3f4a{--padding-top:20px;--padding-bottom:20px;--padding-left:20px;--padding-right:20px;}.elementor-45315 .elementor-element.elementor-element-c7afc62{--padding-top:20px;--padding-bottom:20px;--padding-left:20px;--padding-right:20px;}.elementor-45315 .elementor-element.elementor-element-a445a8c{text-align:center;}}@media(max-width:767px){.elementor-45315 .elementor-element.elementor-element-0bf65e5::before, .elementor-45315 .elementor-element.elementor-element-0bf65e5 > .elementor-background-video-container::before, .elementor-45315 .elementor-element.elementor-element-0bf65e5 > .e-con-inner > .elementor-background-video-container::before, .elementor-45315 .elementor-element.elementor-element-0bf65e5 > .elementor-background-slideshow::before, .elementor-45315 .elementor-element.elementor-element-0bf65e5 > .e-con-inner > .elementor-background-slideshow::before, .elementor-45315 .elementor-element.elementor-element-0bf65e5 > .elementor-motion-effects-container > .elementor-motion-effects-layer::before{background-position:0px 350px;}}<\/style>\t\t<div data-elementor-type=\"loop-item\" data-elementor-id=\"45315\" class=\"elementor elementor-45315 e-loop-item e-loop-item-47607 post-47607 call_to_action type-call_to_action status-publish hentry location-home-fr cta_category-carousel\" data-elementor-post-type=\"elementor_library\" data-custom-edit-handle=\"1\">\n\t\t\t<section data-dce-background-overlay-image-url=\"https:\/\/westnipissing.ca\/wp-content\/uploads\/2025\/08\/bg-footer.png\" class=\"elementor-element elementor-element-0bf65e5 e-con-full blue-purple e-flex e-con e-parent\" data-id=\"0bf65e5\" data-element_type=\"container\" data-e-type=\"container\" data-settings=\"{&quot;background_background&quot;:&quot;classic&quot;}\">\n\t\t<div class=\"elementor-element elementor-element-cce3f4a e-con-full question-left e-flex e-con e-child\" data-id=\"cce3f4a\" data-element_type=\"container\" data-e-type=\"container\">\n\t\t\t\t<\/div>\n\t\t<div class=\"elementor-element elementor-element-c7afc62 e-con-full question-right e-flex e-con e-child\" data-id=\"c7afc62\" data-element_type=\"container\" data-e-type=\"container\">\n\t\t\t\t<\/div>\n\t\t\t\t<\/section>\n\t\t\t\t<\/div>\n\t\t\t\t<\/div>\n\t\t\n\t\t\t\t\t\t<\/div>\n\t\t\t\t<\/div>\n\t\t\t\t<\/div>\n\t\t\t\t<\/div>\n\t\t","protected":false},"excerpt":{"rendered":"<p>D\u00e9p\u00f4t de d\u00e9chets m\u00e9nagers dangereux Les r\u00e9sidents de Nipissing Ouest ont acc\u00e8s, sans frais suppl\u00e9mentaires, au D\u00e9p\u00f4t de d\u00e9chets m\u00e9nagers dangereux \u00e0 North Bay. Le d\u00e9p\u00f4t est situ\u00e9 au Centre [&hellip;]<\/p>\n","protected":false},"author":4,"featured_media":0,"parent":704,"menu_order":5,"comment_status":"closed","ping_status":"closed","template":"elementor_theme","meta":{"_acf_changed":false,"_searchwp_excluded":"","footnotes":""},"class_list":["post-737","page","type-page","status-publish","hentry"],"acf":[],"yoast_head":"<!-- This site is optimized with the Yoast SEO Premium plugin v27.4 (Yoast SEO v27.4) - https:\/\/yoast.com\/product\/yoast-seo-premium-wordpress\/ -->\n<title>D\u00e9chets m\u00e9nagers dangereux - West Nipissing Ouest<\/title>\n<meta name=\"robots\" content=\"index, follow, max-snippet:-1, max-image-preview:large, max-video-preview:-1\" \/>\n<link rel=\"canonical\" href=\"https:\/\/www.westnipissing.ca\/fr\/services-aux-residents\/dechets-et-recyclage\/dechets-menagers-dangereux\/\" \/>\n<meta property=\"og:locale\" content=\"fr_FR\" \/>\n<meta property=\"og:type\" content=\"article\" \/>\n<meta property=\"og:title\" content=\"D\u00e9chets m\u00e9nagers dangereux\" \/>\n<meta property=\"og:description\" content=\"D\u00e9p\u00f4t de d\u00e9chets m\u00e9nagers dangereux Les r\u00e9sidents de Nipissing Ouest ont acc\u00e8s, sans frais suppl\u00e9mentaires, au D\u00e9p\u00f4t de d\u00e9chets m\u00e9nagers dangereux \u00e0 North Bay. Le d\u00e9p\u00f4t est situ\u00e9 au Centre [&hellip;]\" \/>\n<meta property=\"og:url\" content=\"https:\/\/www.westnipissing.ca\/fr\/services-aux-residents\/dechets-et-recyclage\/dechets-menagers-dangereux\/\" \/>\n<meta property=\"og:site_name\" content=\"West Nipissing Ouest\" \/>\n<meta property=\"article:publisher\" content=\"https:\/\/www.facebook.com\/MunicipalityofWestNipissing\/\" \/>\n<meta property=\"article:modified_time\" content=\"2026-02-04T19:46:50+00:00\" \/>\n<meta property=\"og:image\" content=\"https:\/\/www.westnipissing.ca\/wp-content\/uploads\/2026\/01\/WNO-Logo-Full-Colour-Horizontial-Yoast.png\" \/>\n\t<meta property=\"og:image:width\" content=\"1200\" \/>\n\t<meta property=\"og:image:height\" content=\"470\" \/>\n\t<meta property=\"og:image:type\" content=\"image\/png\" \/>\n<meta name=\"twitter:card\" content=\"summary_large_image\" \/>\n<meta name=\"twitter:site\" content=\"@West_Nipissing\" \/>\n<meta name=\"twitter:label1\" content=\"Dur\u00e9e de lecture estim\u00e9e\" \/>\n\t<meta name=\"twitter:data1\" content=\"1 minute\" \/>\n<script type=\"application\/ld+json\" class=\"yoast-schema-graph\">{\"@context\":\"https:\\\/\\\/schema.org\",\"@graph\":[{\"@type\":\"WebPage\",\"@id\":\"https:\\\/\\\/www.westnipissing.ca\\\/fr\\\/services-aux-residents\\\/dechets-et-recyclage\\\/dechets-menagers-dangereux\\\/\",\"url\":\"https:\\\/\\\/www.westnipissing.ca\\\/fr\\\/services-aux-residents\\\/dechets-et-recyclage\\\/dechets-menagers-dangereux\\\/\",\"name\":\"D\u00e9chets m\u00e9nagers dangereux - West Nipissing Ouest\",\"isPartOf\":{\"@id\":\"https:\\\/\\\/www.westnipissing.ca\\\/fr\\\/#website\"},\"datePublished\":\"2020-02-04T21:07:15+00:00\",\"dateModified\":\"2026-02-04T19:46:50+00:00\",\"breadcrumb\":{\"@id\":\"https:\\\/\\\/www.westnipissing.ca\\\/fr\\\/services-aux-residents\\\/dechets-et-recyclage\\\/dechets-menagers-dangereux\\\/#breadcrumb\"},\"inLanguage\":\"fr-FR\",\"potentialAction\":[{\"@type\":\"ReadAction\",\"target\":[\"https:\\\/\\\/www.westnipissing.ca\\\/fr\\\/services-aux-residents\\\/dechets-et-recyclage\\\/dechets-menagers-dangereux\\\/\"]}]},{\"@type\":\"BreadcrumbList\",\"@id\":\"https:\\\/\\\/www.westnipissing.ca\\\/fr\\\/services-aux-residents\\\/dechets-et-recyclage\\\/dechets-menagers-dangereux\\\/#breadcrumb\",\"itemListElement\":[{\"@type\":\"ListItem\",\"position\":1,\"name\":\"Home\",\"item\":\"https:\\\/\\\/www.westnipissing.ca\\\/fr\\\/\"},{\"@type\":\"ListItem\",\"position\":2,\"name\":\"Services aux R\u00e9sidents\",\"item\":\"https:\\\/\\\/www.westnipissing.ca\\\/fr\\\/services-aux-residents\\\/\"},{\"@type\":\"ListItem\",\"position\":3,\"name\":\"D\u00e9chets et recyclage\",\"item\":\"https:\\\/\\\/www.westnipissing.ca\\\/fr\\\/services-aux-residents\\\/dechets-et-recyclage\\\/\"},{\"@type\":\"ListItem\",\"position\":4,\"name\":\"D\u00e9chets m\u00e9nagers dangereux\"}]},{\"@type\":\"WebSite\",\"@id\":\"https:\\\/\\\/www.westnipissing.ca\\\/fr\\\/#website\",\"url\":\"https:\\\/\\\/www.westnipissing.ca\\\/fr\\\/\",\"name\":\"West Nipissing Ouest\",\"description\":\"Find your Joie de vivre in West Nipissing.\",\"publisher\":{\"@id\":\"https:\\\/\\\/www.westnipissing.ca\\\/fr\\\/#organization\"},\"potentialAction\":[{\"@type\":\"SearchAction\",\"target\":{\"@type\":\"EntryPoint\",\"urlTemplate\":\"https:\\\/\\\/www.westnipissing.ca\\\/fr\\\/?s={search_term_string}\"},\"query-input\":{\"@type\":\"PropertyValueSpecification\",\"valueRequired\":true,\"valueName\":\"search_term_string\"}}],\"inLanguage\":\"fr-FR\"},{\"@type\":\"Organization\",\"@id\":\"https:\\\/\\\/www.westnipissing.ca\\\/fr\\\/#organization\",\"name\":\"West Nipissing Ouest\",\"url\":\"https:\\\/\\\/www.westnipissing.ca\\\/fr\\\/\",\"logo\":{\"@type\":\"ImageObject\",\"inLanguage\":\"fr-FR\",\"@id\":\"https:\\\/\\\/www.westnipissing.ca\\\/fr\\\/#\\\/schema\\\/logo\\\/image\\\/\",\"url\":\"https:\\\/\\\/www.westnipissing.ca\\\/wp-content\\\/uploads\\\/2024\\\/04\\\/site-logo.png\",\"contentUrl\":\"https:\\\/\\\/www.westnipissing.ca\\\/wp-content\\\/uploads\\\/2024\\\/04\\\/site-logo.png\",\"width\":700,\"height\":225,\"caption\":\"West Nipissing Ouest\"},\"image\":{\"@id\":\"https:\\\/\\\/www.westnipissing.ca\\\/fr\\\/#\\\/schema\\\/logo\\\/image\\\/\"},\"sameAs\":[\"https:\\\/\\\/www.facebook.com\\\/MunicipalityofWestNipissing\\\/\",\"https:\\\/\\\/x.com\\\/West_Nipissing\",\"https:\\\/\\\/www.youtube.com\\\/channel\\\/UCG6HWMXnA-RBiH-UdZVClHg\"],\"description\":\"Municipality of West Nipissing\",\"email\":\"info@westnipissing.ca\",\"telephone\":\"705-753-2250\",\"legalName\":\"Municipality of West Nipissing\"}]}<\/script>\n<!-- \/ Yoast SEO Premium plugin. -->","yoast_head_json":{"title":"D\u00e9chets m\u00e9nagers dangereux - West Nipissing Ouest","robots":{"index":"index","follow":"follow","max-snippet":"max-snippet:-1","max-image-preview":"max-image-preview:large","max-video-preview":"max-video-preview:-1"},"canonical":"https:\/\/www.westnipissing.ca\/fr\/services-aux-residents\/dechets-et-recyclage\/dechets-menagers-dangereux\/","og_locale":"fr_FR","og_type":"article","og_title":"D\u00e9chets m\u00e9nagers dangereux","og_description":"D\u00e9p\u00f4t de d\u00e9chets m\u00e9nagers dangereux Les r\u00e9sidents de Nipissing Ouest ont acc\u00e8s, sans frais suppl\u00e9mentaires, au D\u00e9p\u00f4t de d\u00e9chets m\u00e9nagers dangereux \u00e0 North Bay. Le d\u00e9p\u00f4t est situ\u00e9 au Centre [&hellip;]","og_url":"https:\/\/www.westnipissing.ca\/fr\/services-aux-residents\/dechets-et-recyclage\/dechets-menagers-dangereux\/","og_site_name":"West Nipissing Ouest","article_publisher":"https:\/\/www.facebook.com\/MunicipalityofWestNipissing\/","article_modified_time":"2026-02-04T19:46:50+00:00","og_image":[{"width":1200,"height":470,"url":"https:\/\/www.westnipissing.ca\/wp-content\/uploads\/2026\/01\/WNO-Logo-Full-Colour-Horizontial-Yoast.png","type":"image\/png"}],"twitter_card":"summary_large_image","twitter_site":"@West_Nipissing","twitter_misc":{"Dur\u00e9e de lecture estim\u00e9e":"1 minute"},"schema":{"@context":"https:\/\/schema.org","@graph":[{"@type":"WebPage","@id":"https:\/\/www.westnipissing.ca\/fr\/services-aux-residents\/dechets-et-recyclage\/dechets-menagers-dangereux\/","url":"https:\/\/www.westnipissing.ca\/fr\/services-aux-residents\/dechets-et-recyclage\/dechets-menagers-dangereux\/","name":"D\u00e9chets m\u00e9nagers dangereux - West Nipissing Ouest","isPartOf":{"@id":"https:\/\/www.westnipissing.ca\/fr\/#website"},"datePublished":"2020-02-04T21:07:15+00:00","dateModified":"2026-02-04T19:46:50+00:00","breadcrumb":{"@id":"https:\/\/www.westnipissing.ca\/fr\/services-aux-residents\/dechets-et-recyclage\/dechets-menagers-dangereux\/#breadcrumb"},"inLanguage":"fr-FR","potentialAction":[{"@type":"ReadAction","target":["https:\/\/www.westnipissing.ca\/fr\/services-aux-residents\/dechets-et-recyclage\/dechets-menagers-dangereux\/"]}]},{"@type":"BreadcrumbList","@id":"https:\/\/www.westnipissing.ca\/fr\/services-aux-residents\/dechets-et-recyclage\/dechets-menagers-dangereux\/#breadcrumb","itemListElement":[{"@type":"ListItem","position":1,"name":"Home","item":"https:\/\/www.westnipissing.ca\/fr\/"},{"@type":"ListItem","position":2,"name":"Services aux R\u00e9sidents","item":"https:\/\/www.westnipissing.ca\/fr\/services-aux-residents\/"},{"@type":"ListItem","position":3,"name":"D\u00e9chets et recyclage","item":"https:\/\/www.westnipissing.ca\/fr\/services-aux-residents\/dechets-et-recyclage\/"},{"@type":"ListItem","position":4,"name":"D\u00e9chets m\u00e9nagers dangereux"}]},{"@type":"WebSite","@id":"https:\/\/www.westnipissing.ca\/fr\/#website","url":"https:\/\/www.westnipissing.ca\/fr\/","name":"West Nipissing Ouest","description":"Find your Joie de vivre in West Nipissing.","publisher":{"@id":"https:\/\/www.westnipissing.ca\/fr\/#organization"},"potentialAction":[{"@type":"SearchAction","target":{"@type":"EntryPoint","urlTemplate":"https:\/\/www.westnipissing.ca\/fr\/?s={search_term_string}"},"query-input":{"@type":"PropertyValueSpecification","valueRequired":true,"valueName":"search_term_string"}}],"inLanguage":"fr-FR"},{"@type":"Organization","@id":"https:\/\/www.westnipissing.ca\/fr\/#organization","name":"West Nipissing Ouest","url":"https:\/\/www.westnipissing.ca\/fr\/","logo":{"@type":"ImageObject","inLanguage":"fr-FR","@id":"https:\/\/www.westnipissing.ca\/fr\/#\/schema\/logo\/image\/","url":"https:\/\/www.westnipissing.ca\/wp-content\/uploads\/2024\/04\/site-logo.png","contentUrl":"https:\/\/www.westnipissing.ca\/wp-content\/uploads\/2024\/04\/site-logo.png","width":700,"height":225,"caption":"West Nipissing Ouest"},"image":{"@id":"https:\/\/www.westnipissing.ca\/fr\/#\/schema\/logo\/image\/"},"sameAs":["https:\/\/www.facebook.com\/MunicipalityofWestNipissing\/","https:\/\/x.com\/West_Nipissing","https:\/\/www.youtube.com\/channel\/UCG6HWMXnA-RBiH-UdZVClHg"],"description":"Municipality of West Nipissing","email":"info@westnipissing.ca","telephone":"705-753-2250","legalName":"Municipality of West Nipissing"}]}},"publishpress_future_action":{"enabled":false,"date":"2026-04-24 04:54:02","action":"change-status","newStatus":"draft","terms":[],"taxonomy":"translation_priority","extraData":[]},"publishpress_future_workflow_manual_trigger":{"enabledWorkflows":[]},"_links":{"self":[{"href":"https:\/\/www.westnipissing.ca\/fr\/wp-json\/wp\/v2\/pages\/737","targetHints":{"allow":["GET"]}}],"collection":[{"href":"https:\/\/www.westnipissing.ca\/fr\/wp-json\/wp\/v2\/pages"}],"about":[{"href":"https:\/\/www.westnipissing.ca\/fr\/wp-json\/wp\/v2\/types\/page"}],"author":[{"embeddable":true,"href":"https:\/\/www.westnipissing.ca\/fr\/wp-json\/wp\/v2\/users\/4"}],"replies":[{"embeddable":true,"href":"https:\/\/www.westnipissing.ca\/fr\/wp-json\/wp\/v2\/comments?post=737"}],"version-history":[{"count":1,"href":"https:\/\/www.westnipissing.ca\/fr\/wp-json\/wp\/v2\/pages\/737\/revisions"}],"predecessor-version":[{"id":66328,"href":"https:\/\/www.westnipissing.ca\/fr\/wp-json\/wp\/v2\/pages\/737\/revisions\/66328"}],"up":[{"embeddable":true,"href":"https:\/\/www.westnipissing.ca\/fr\/wp-json\/wp\/v2\/pages\/704"}],"wp:attachment":[{"href":"https:\/\/www.westnipissing.ca\/fr\/wp-json\/wp\/v2\/media?parent=737"}],"curies":[{"name":"wp","href":"https:\/\/api.w.org\/{rel}","templated":true}]}}