{"id":765,"date":"2020-02-04T14:58:48","date_gmt":"2020-02-04T19:58:48","guid":{"rendered":"http:\/\/westnipissing.ca\/?page_id=765"},"modified":"2025-04-24T10:40:31","modified_gmt":"2025-04-24T14:40:31","slug":"bibliotheques","status":"publish","type":"page","link":"https:\/\/www.westnipissing.ca\/fr\/culture-loisirs\/bibliotheques\/","title":{"rendered":"Biblioth\u00e8que"},"content":{"rendered":"\t\t<div data-elementor-type=\"wp-page\" data-elementor-id=\"765\" class=\"elementor elementor-765 elementor-554\" data-elementor-post-type=\"page\">\n\t\t\t\t<div class=\"elementor-element elementor-element-7947f4b e-flex e-con-boxed e-con e-parent\" data-id=\"7947f4b\" data-element_type=\"container\" data-e-type=\"container\">\n\t\t\t\t\t<div class=\"e-con-inner\">\n\t\t\t\t<div class=\"elementor-element elementor-element-2112880c elementor-widget elementor-widget-text-editor\" data-id=\"2112880c\" data-element_type=\"widget\" data-e-type=\"widget\" data-widget_type=\"text-editor.default\">\n\t\t\t\t\t\t\t\t\t\n<h2 id=\"h-d-couvrir-un-bon-texte-ou-apprendre-de-nouvelles-comp-tences-c-est-possible-la-biblioth-que-publique-de-nipissing-ouest\">D\u00e9couvrir un bon texte ou apprendre de nouvelles comp\u00e9tences, c&#8217;est possible \u00e0 la <a href=\"https:\/\/www.wnpl.ca\/accueil\">Biblioth\u00e8que publique de Nipissing Ouest<\/a>.<\/h2>\n\n\n\n<p>Consultez les catalogues, programmes, activit\u00e9s et renseignements en visitant le <a href=\"https:\/\/www.wnpl.ca\/accueil\">site de la biblioth\u00e8que<\/a>. N&#8217;oubliez pas de les suivre sur Facebook. <\/p>\n\t\t\t\t\t\t\t\t<\/div>\n\t\t\t\t\t<\/div>\n\t\t\t\t<\/div>\n\t\t\t\t<\/div>\n\t\t","protected":false},"excerpt":{"rendered":"<p>D\u00e9couvrir un bon texte ou apprendre de nouvelles comp\u00e9tences, c&#8217;est possible \u00e0 la Biblioth\u00e8que publique de Nipissing Ouest. Consultez les catalogues, programmes, activit\u00e9s et renseignements en visitant le site de [&hellip;]<\/p>\n","protected":false},"author":4,"featured_media":4461,"parent":715,"menu_order":8,"comment_status":"closed","ping_status":"closed","template":"elementor_theme","meta":{"_acf_changed":false,"_searchwp_excluded":"","footnotes":""},"class_list":["post-765","page","type-page","status-publish","has-post-thumbnail","hentry"],"acf":[],"yoast_head":"<!-- This site is optimized with the Yoast SEO Premium plugin v27.4 (Yoast SEO v27.4) - https:\/\/yoast.com\/product\/yoast-seo-premium-wordpress\/ -->\n<title>Biblioth\u00e8que - West Nipissing Ouest<\/title>\n<meta name=\"robots\" content=\"index, follow, max-snippet:-1, max-image-preview:large, max-video-preview:-1\" \/>\n<link rel=\"canonical\" href=\"https:\/\/www.westnipissing.ca\/fr\/culture-loisirs\/bibliotheques\/\" \/>\n<meta property=\"og:locale\" content=\"fr_FR\" \/>\n<meta property=\"og:type\" content=\"article\" \/>\n<meta property=\"og:title\" content=\"Biblioth\u00e8que\" \/>\n<meta property=\"og:description\" content=\"D\u00e9couvrir un bon texte ou apprendre de nouvelles comp\u00e9tences, c&#8217;est possible \u00e0 la Biblioth\u00e8que publique de Nipissing Ouest. Consultez les catalogues, programmes, activit\u00e9s et renseignements en visitant le site de [&hellip;]\" \/>\n<meta property=\"og:url\" content=\"https:\/\/www.westnipissing.ca\/fr\/culture-loisirs\/bibliotheques\/\" \/>\n<meta property=\"og:site_name\" content=\"West Nipissing Ouest\" \/>\n<meta property=\"article:publisher\" content=\"https:\/\/www.facebook.com\/MunicipalityofWestNipissing\/\" \/>\n<meta property=\"article:modified_time\" content=\"2025-04-24T14:40:31+00:00\" \/>\n<meta property=\"og:image\" content=\"https:\/\/www.westnipissing.ca\/wp-content\/uploads\/2020\/10\/Library-Books-scaled.jpeg\" \/>\n\t<meta property=\"og:image:width\" content=\"2560\" \/>\n\t<meta property=\"og:image:height\" content=\"1709\" \/>\n\t<meta property=\"og:image:type\" content=\"image\/jpeg\" \/>\n<meta name=\"twitter:card\" content=\"summary_large_image\" \/>\n<meta name=\"twitter:site\" content=\"@West_Nipissing\" \/>\n<script type=\"application\/ld+json\" class=\"yoast-schema-graph\">{\"@context\":\"https:\\\/\\\/schema.org\",\"@graph\":[{\"@type\":\"WebPage\",\"@id\":\"https:\\\/\\\/www.westnipissing.ca\\\/fr\\\/culture-loisirs\\\/bibliotheques\\\/\",\"url\":\"https:\\\/\\\/www.westnipissing.ca\\\/fr\\\/culture-loisirs\\\/bibliotheques\\\/\",\"name\":\"Biblioth\u00e8que - West Nipissing Ouest\",\"isPartOf\":{\"@id\":\"https:\\\/\\\/www.westnipissing.ca\\\/fr\\\/#website\"},\"primaryImageOfPage\":{\"@id\":\"https:\\\/\\\/www.westnipissing.ca\\\/fr\\\/culture-loisirs\\\/bibliotheques\\\/#primaryimage\"},\"image\":{\"@id\":\"https:\\\/\\\/www.westnipissing.ca\\\/fr\\\/culture-loisirs\\\/bibliotheques\\\/#primaryimage\"},\"thumbnailUrl\":\"https:\\\/\\\/www.westnipissing.ca\\\/wp-content\\\/uploads\\\/2020\\\/10\\\/Library-Books-scaled.jpeg\",\"datePublished\":\"2020-02-04T19:58:48+00:00\",\"dateModified\":\"2025-04-24T14:40:31+00:00\",\"breadcrumb\":{\"@id\":\"https:\\\/\\\/www.westnipissing.ca\\\/fr\\\/culture-loisirs\\\/bibliotheques\\\/#breadcrumb\"},\"inLanguage\":\"fr-FR\",\"potentialAction\":[{\"@type\":\"ReadAction\",\"target\":[\"https:\\\/\\\/www.westnipissing.ca\\\/fr\\\/culture-loisirs\\\/bibliotheques\\\/\"]}]},{\"@type\":\"ImageObject\",\"inLanguage\":\"fr-FR\",\"@id\":\"https:\\\/\\\/www.westnipissing.ca\\\/fr\\\/culture-loisirs\\\/bibliotheques\\\/#primaryimage\",\"url\":\"https:\\\/\\\/www.westnipissing.ca\\\/wp-content\\\/uploads\\\/2020\\\/10\\\/Library-Books-scaled.jpeg\",\"contentUrl\":\"https:\\\/\\\/www.westnipissing.ca\\\/wp-content\\\/uploads\\\/2020\\\/10\\\/Library-Books-scaled.jpeg\",\"width\":2560,\"height\":1709,\"caption\":\"Woman at the library, she is searching books on the bookshelf and picking a textbook, hand close up\"},{\"@type\":\"BreadcrumbList\",\"@id\":\"https:\\\/\\\/www.westnipissing.ca\\\/fr\\\/culture-loisirs\\\/bibliotheques\\\/#breadcrumb\",\"itemListElement\":[{\"@type\":\"ListItem\",\"position\":1,\"name\":\"Home\",\"item\":\"https:\\\/\\\/www.westnipissing.ca\\\/fr\\\/\"},{\"@type\":\"ListItem\",\"position\":2,\"name\":\"Culture et loisirs\",\"item\":\"https:\\\/\\\/www.westnipissing.ca\\\/fr\\\/culture-loisirs\\\/\"},{\"@type\":\"ListItem\",\"position\":3,\"name\":\"Biblioth\u00e8que\"}]},{\"@type\":\"WebSite\",\"@id\":\"https:\\\/\\\/www.westnipissing.ca\\\/fr\\\/#website\",\"url\":\"https:\\\/\\\/www.westnipissing.ca\\\/fr\\\/\",\"name\":\"West Nipissing Ouest\",\"description\":\"Find your Joie de vivre in West Nipissing.\",\"publisher\":{\"@id\":\"https:\\\/\\\/www.westnipissing.ca\\\/fr\\\/#organization\"},\"potentialAction\":[{\"@type\":\"SearchAction\",\"target\":{\"@type\":\"EntryPoint\",\"urlTemplate\":\"https:\\\/\\\/www.westnipissing.ca\\\/fr\\\/?s={search_term_string}\"},\"query-input\":{\"@type\":\"PropertyValueSpecification\",\"valueRequired\":true,\"valueName\":\"search_term_string\"}}],\"inLanguage\":\"fr-FR\"},{\"@type\":\"Organization\",\"@id\":\"https:\\\/\\\/www.westnipissing.ca\\\/fr\\\/#organization\",\"name\":\"West Nipissing Ouest\",\"url\":\"https:\\\/\\\/www.westnipissing.ca\\\/fr\\\/\",\"logo\":{\"@type\":\"ImageObject\",\"inLanguage\":\"fr-FR\",\"@id\":\"https:\\\/\\\/www.westnipissing.ca\\\/fr\\\/#\\\/schema\\\/logo\\\/image\\\/\",\"url\":\"https:\\\/\\\/www.westnipissing.ca\\\/wp-content\\\/uploads\\\/2024\\\/04\\\/site-logo.jpg\",\"contentUrl\":\"https:\\\/\\\/www.westnipissing.ca\\\/wp-content\\\/uploads\\\/2024\\\/04\\\/site-logo.jpg\",\"width\":700,\"height\":225,\"caption\":\"West Nipissing Ouest\"},\"image\":{\"@id\":\"https:\\\/\\\/www.westnipissing.ca\\\/fr\\\/#\\\/schema\\\/logo\\\/image\\\/\"},\"sameAs\":[\"https:\\\/\\\/www.facebook.com\\\/MunicipalityofWestNipissing\\\/\",\"https:\\\/\\\/x.com\\\/West_Nipissing\",\"https:\\\/\\\/www.youtube.com\\\/channel\\\/UCG6HWMXnA-RBiH-UdZVClHg\"],\"description\":\"Municipality of West Nipissing\",\"email\":\"info@westnipissing.ca\",\"telephone\":\"705-753-2250\",\"legalName\":\"Municipality of West Nipissing\"}]}<\/script>\n<!-- \/ Yoast SEO Premium plugin. -->","yoast_head_json":{"title":"Biblioth\u00e8que - West Nipissing Ouest","robots":{"index":"index","follow":"follow","max-snippet":"max-snippet:-1","max-image-preview":"max-image-preview:large","max-video-preview":"max-video-preview:-1"},"canonical":"https:\/\/www.westnipissing.ca\/fr\/culture-loisirs\/bibliotheques\/","og_locale":"fr_FR","og_type":"article","og_title":"Biblioth\u00e8que","og_description":"D\u00e9couvrir un bon texte ou apprendre de nouvelles comp\u00e9tences, c&#8217;est possible \u00e0 la Biblioth\u00e8que publique de Nipissing Ouest. Consultez les catalogues, programmes, activit\u00e9s et renseignements en visitant le site de [&hellip;]","og_url":"https:\/\/www.westnipissing.ca\/fr\/culture-loisirs\/bibliotheques\/","og_site_name":"West Nipissing Ouest","article_publisher":"https:\/\/www.facebook.com\/MunicipalityofWestNipissing\/","article_modified_time":"2025-04-24T14:40:31+00:00","og_image":[{"width":2560,"height":1709,"url":"https:\/\/www.westnipissing.ca\/wp-content\/uploads\/2020\/10\/Library-Books-scaled.jpeg","type":"image\/jpeg"}],"twitter_card":"summary_large_image","twitter_site":"@West_Nipissing","schema":{"@context":"https:\/\/schema.org","@graph":[{"@type":"WebPage","@id":"https:\/\/www.westnipissing.ca\/fr\/culture-loisirs\/bibliotheques\/","url":"https:\/\/www.westnipissing.ca\/fr\/culture-loisirs\/bibliotheques\/","name":"Biblioth\u00e8que - West Nipissing Ouest","isPartOf":{"@id":"https:\/\/www.westnipissing.ca\/fr\/#website"},"primaryImageOfPage":{"@id":"https:\/\/www.westnipissing.ca\/fr\/culture-loisirs\/bibliotheques\/#primaryimage"},"image":{"@id":"https:\/\/www.westnipissing.ca\/fr\/culture-loisirs\/bibliotheques\/#primaryimage"},"thumbnailUrl":"https:\/\/www.westnipissing.ca\/wp-content\/uploads\/2020\/10\/Library-Books-scaled.jpeg","datePublished":"2020-02-04T19:58:48+00:00","dateModified":"2025-04-24T14:40:31+00:00","breadcrumb":{"@id":"https:\/\/www.westnipissing.ca\/fr\/culture-loisirs\/bibliotheques\/#breadcrumb"},"inLanguage":"fr-FR","potentialAction":[{"@type":"ReadAction","target":["https:\/\/www.westnipissing.ca\/fr\/culture-loisirs\/bibliotheques\/"]}]},{"@type":"ImageObject","inLanguage":"fr-FR","@id":"https:\/\/www.westnipissing.ca\/fr\/culture-loisirs\/bibliotheques\/#primaryimage","url":"https:\/\/www.westnipissing.ca\/wp-content\/uploads\/2020\/10\/Library-Books-scaled.jpeg","contentUrl":"https:\/\/www.westnipissing.ca\/wp-content\/uploads\/2020\/10\/Library-Books-scaled.jpeg","width":2560,"height":1709,"caption":"Woman at the library, she is searching books on the bookshelf and picking a textbook, hand close up"},{"@type":"BreadcrumbList","@id":"https:\/\/www.westnipissing.ca\/fr\/culture-loisirs\/bibliotheques\/#breadcrumb","itemListElement":[{"@type":"ListItem","position":1,"name":"Home","item":"https:\/\/www.westnipissing.ca\/fr\/"},{"@type":"ListItem","position":2,"name":"Culture et loisirs","item":"https:\/\/www.westnipissing.ca\/fr\/culture-loisirs\/"},{"@type":"ListItem","position":3,"name":"Biblioth\u00e8que"}]},{"@type":"WebSite","@id":"https:\/\/www.westnipissing.ca\/fr\/#website","url":"https:\/\/www.westnipissing.ca\/fr\/","name":"West Nipissing Ouest","description":"Find your Joie de vivre in West Nipissing.","publisher":{"@id":"https:\/\/www.westnipissing.ca\/fr\/#organization"},"potentialAction":[{"@type":"SearchAction","target":{"@type":"EntryPoint","urlTemplate":"https:\/\/www.westnipissing.ca\/fr\/?s={search_term_string}"},"query-input":{"@type":"PropertyValueSpecification","valueRequired":true,"valueName":"search_term_string"}}],"inLanguage":"fr-FR"},{"@type":"Organization","@id":"https:\/\/www.westnipissing.ca\/fr\/#organization","name":"West Nipissing Ouest","url":"https:\/\/www.westnipissing.ca\/fr\/","logo":{"@type":"ImageObject","inLanguage":"fr-FR","@id":"https:\/\/www.westnipissing.ca\/fr\/#\/schema\/logo\/image\/","url":"https:\/\/www.westnipissing.ca\/wp-content\/uploads\/2024\/04\/site-logo.jpg","contentUrl":"https:\/\/www.westnipissing.ca\/wp-content\/uploads\/2024\/04\/site-logo.jpg","width":700,"height":225,"caption":"West Nipissing Ouest"},"image":{"@id":"https:\/\/www.westnipissing.ca\/fr\/#\/schema\/logo\/image\/"},"sameAs":["https:\/\/www.facebook.com\/MunicipalityofWestNipissing\/","https:\/\/x.com\/West_Nipissing","https:\/\/www.youtube.com\/channel\/UCG6HWMXnA-RBiH-UdZVClHg"],"description":"Municipality of West Nipissing","email":"info@westnipissing.ca","telephone":"705-753-2250","legalName":"Municipality of West Nipissing"}]}},"publishpress_future_action":{"enabled":false,"date":"2026-04-28 08:56:44","action":"change-status","newStatus":"draft","terms":[],"taxonomy":"translation_priority","extraData":[]},"publishpress_future_workflow_manual_trigger":{"enabledWorkflows":[]},"_links":{"self":[{"href":"https:\/\/www.westnipissing.ca\/fr\/wp-json\/wp\/v2\/pages\/765","targetHints":{"allow":["GET"]}}],"collection":[{"href":"https:\/\/www.westnipissing.ca\/fr\/wp-json\/wp\/v2\/pages"}],"about":[{"href":"https:\/\/www.westnipissing.ca\/fr\/wp-json\/wp\/v2\/types\/page"}],"author":[{"embeddable":true,"href":"https:\/\/www.westnipissing.ca\/fr\/wp-json\/wp\/v2\/users\/4"}],"replies":[{"embeddable":true,"href":"https:\/\/www.westnipissing.ca\/fr\/wp-json\/wp\/v2\/comments?post=765"}],"version-history":[{"count":0,"href":"https:\/\/www.westnipissing.ca\/fr\/wp-json\/wp\/v2\/pages\/765\/revisions"}],"up":[{"embeddable":true,"href":"https:\/\/www.westnipissing.ca\/fr\/wp-json\/wp\/v2\/pages\/715"}],"wp:featuredmedia":[{"embeddable":true,"href":"https:\/\/www.westnipissing.ca\/fr\/wp-json\/wp\/v2\/media\/4461"}],"wp:attachment":[{"href":"https:\/\/www.westnipissing.ca\/fr\/wp-json\/wp\/v2\/media?parent=765"}],"curies":[{"name":"wp","href":"https:\/\/api.w.org\/{rel}","templated":true}]}}