{"id":783,"date":"2020-02-04T15:22:36","date_gmt":"2020-02-04T20:22:36","guid":{"rendered":"http:\/\/westnipissing.ca\/?page_id=783"},"modified":"2025-08-27T15:49:28","modified_gmt":"2025-08-27T19:49:28","slug":"activites-hivernales","status":"publish","type":"page","link":"https:\/\/www.westnipissing.ca\/fr\/culture-loisirs\/en-plein-air\/activites-hivernales\/","title":{"rendered":"Activit\u00e9s hivernales"},"content":{"rendered":"\t\t<div data-elementor-type=\"wp-page\" data-elementor-id=\"783\" class=\"elementor elementor-783 elementor-577\" data-elementor-post-type=\"page\">\n\t\t\t\t<div class=\"elementor-element elementor-element-59a4f30 e-con-full e-flex e-con e-parent\" data-id=\"59a4f30\" data-element_type=\"container\" data-e-type=\"container\">\n\t\t<div data-dce-background-image-url=\"https:\/\/westnipissing.ca\/wp-content\/uploads\/2025\/04\/DSC_0622-winter-promo-Crystal-Falls-1024x683-1.jpg\" class=\"elementor-element elementor-element-72b7c03 e-con-full e-flex e-con e-child\" data-id=\"72b7c03\" data-element_type=\"container\" data-e-type=\"container\" data-settings=\"{&quot;background_background&quot;:&quot;classic&quot;,&quot;background_motion_fx_motion_fx_scrolling&quot;:&quot;yes&quot;,&quot;background_motion_fx_translateY_effect&quot;:&quot;yes&quot;,&quot;background_motion_fx_translateY_speed&quot;:{&quot;unit&quot;:&quot;px&quot;,&quot;size&quot;:4,&quot;sizes&quot;:[]},&quot;background_motion_fx_translateY_affectedRange&quot;:{&quot;unit&quot;:&quot;%&quot;,&quot;size&quot;:&quot;&quot;,&quot;sizes&quot;:{&quot;start&quot;:0,&quot;end&quot;:100}},&quot;background_motion_fx_devices&quot;:[&quot;desktop&quot;,&quot;tablet_extra&quot;,&quot;tablet&quot;,&quot;mobile&quot;]}\">\n\t\t\t\t<\/div>\n\t\t<div class=\"elementor-element elementor-element-aefbe10 e-con-full e-flex e-con e-child\" data-id=\"aefbe10\" data-element_type=\"container\" data-e-type=\"container\">\n\t\t\t\t<div class=\"elementor-element elementor-element-8affeaa elementor-widget elementor-widget-text-editor\" data-id=\"8affeaa\" data-element_type=\"widget\" data-e-type=\"widget\" data-widget_type=\"text-editor.default\">\n\t\t\t\t\t\t\t\t\t<h4 class=\"has-large-font-size\">Profitez de la beaut\u00e9 naturelle de notre communaut\u00e9 toute l\u2019ann\u00e9e.<\/h4>\n<p>Faites du ski de fond dans les magnifiques sentiers dam\u00e9s du Club de ski nordique de Nipissing Ouest ou explorez en raquettes les nombreux kilom\u00e8tres de piste du Club ou au Mus\u00e9e Sturgeon River House.<\/p>\n<p>En famille, venez passer un apr\u00e8s-midi sur l\u2019une des nombreuses patinoires ext\u00e9rieures de Nipissing Ouest.<br \/><br \/>Notre communaut\u00e9 vous propose plus de 330 km de pistes de motoneige qui relient les r\u00e9seaux de sentiers de l\u2019Ontario qui l\u2019avoisinent. Les sentiers locaux sont dam\u00e9s et entretenus par le Club de motoneige de Nipissing Ouest.<\/p>\t\t\t\t\t\t\t\t<\/div>\n\t\t\t\t<\/div>\n\t\t\t\t<\/div>\n\t\t<div class=\"elementor-element elementor-element-2beb2c6 e-con-full e-flex e-con e-parent\" data-id=\"2beb2c6\" data-element_type=\"container\" data-e-type=\"container\">\n\t\t<div class=\"elementor-element elementor-element-c421c0f e-con-full e-flex e-con e-child\" data-id=\"c421c0f\" data-element_type=\"container\" data-e-type=\"container\">\n\t\t\t\t<div class=\"elementor-element elementor-element-002ccbd elementor-widget elementor-widget-text-editor\" data-id=\"002ccbd\" data-element_type=\"widget\" data-e-type=\"widget\" data-widget_type=\"text-editor.default\">\n\t\t\t\t\t\t\t\t\t<h4 class=\"has-large-font-size\">Patinoires ext\u00e9rieures<\/h4>\n<p>Enfilez vos patins et profitez de l\u2019air frais. Fid\u00e8le \u00e0 la tradition canadienne, le Nipissing Ouest poss\u00e8de de nombreuses patinoires ext\u00e9rieures sur lesquelles vous pouvez patiner.<\/p>\n<p>Pour obtenir des renseignements sur les heures d\u2019ouverture et pour trouver une patinoire dans votre communaut\u00e9, voir la page\u00a0<a href=\"https:\/\/www.westnipissing.ca\/fr\/culture-loisirs\/arenas-et-patinoires\/\">Ar\u00e9nas et patinoires.<\/a><\/p>\n<p><em>Cache Bay, rue Railway<\/em><br \/><em>Field, chemin Jarbeau\u00a0<strong>\u00a0<\/strong><\/em><br \/><em>Sturgeon Falls,\u00a0Parc Goulard<\/em>\u00a0\u2013<em>\u00a0rue John<\/em><br \/><em>Lavigne, chemin Caron<\/em><br \/><em>River Valley, rue St. Joseph<\/em><br \/>V<em>erner, rue Principale<\/em><\/p>\t\t\t\t\t\t\t\t<\/div>\n\t\t\t\t<\/div>\n\t\t<div data-dce-background-image-url=\"https:\/\/westnipissing.ca\/wp-content\/uploads\/2025\/04\/DSC_0577-winter-promo-River-Valley-1024x682-1.jpg\" class=\"elementor-element elementor-element-782f7f7 e-con-full e-flex e-con e-child\" data-id=\"782f7f7\" data-element_type=\"container\" data-e-type=\"container\" data-settings=\"{&quot;background_background&quot;:&quot;classic&quot;,&quot;background_motion_fx_motion_fx_scrolling&quot;:&quot;yes&quot;,&quot;background_motion_fx_translateY_effect&quot;:&quot;yes&quot;,&quot;background_motion_fx_translateY_speed&quot;:{&quot;unit&quot;:&quot;px&quot;,&quot;size&quot;:4,&quot;sizes&quot;:[]},&quot;background_motion_fx_translateY_affectedRange&quot;:{&quot;unit&quot;:&quot;%&quot;,&quot;size&quot;:&quot;&quot;,&quot;sizes&quot;:{&quot;start&quot;:0,&quot;end&quot;:100}},&quot;background_motion_fx_devices&quot;:[&quot;desktop&quot;,&quot;tablet_extra&quot;,&quot;tablet&quot;,&quot;mobile&quot;]}\">\n\t\t\t\t<\/div>\n\t\t\t\t<\/div>\n\t\t<div class=\"elementor-element elementor-element-6aa2cd5 e-con-full e-flex e-con e-parent\" data-id=\"6aa2cd5\" data-element_type=\"container\" data-e-type=\"container\">\n\t\t<div data-dce-background-image-url=\"https:\/\/westnipissing.ca\/wp-content\/uploads\/2025\/04\/DSC_1026-winter-promo-Skiing-1536x1022-1.jpg\" class=\"elementor-element elementor-element-c2cd322 e-con-full e-flex e-con e-child\" data-id=\"c2cd322\" data-element_type=\"container\" data-e-type=\"container\" data-settings=\"{&quot;background_background&quot;:&quot;classic&quot;,&quot;background_motion_fx_motion_fx_scrolling&quot;:&quot;yes&quot;,&quot;background_motion_fx_translateY_effect&quot;:&quot;yes&quot;,&quot;background_motion_fx_translateY_speed&quot;:{&quot;unit&quot;:&quot;px&quot;,&quot;size&quot;:4,&quot;sizes&quot;:[]},&quot;background_motion_fx_translateY_affectedRange&quot;:{&quot;unit&quot;:&quot;%&quot;,&quot;size&quot;:&quot;&quot;,&quot;sizes&quot;:{&quot;start&quot;:0,&quot;end&quot;:100}},&quot;background_motion_fx_devices&quot;:[&quot;desktop&quot;,&quot;tablet_extra&quot;,&quot;tablet&quot;,&quot;mobile&quot;]}\">\n\t\t\t\t<\/div>\n\t\t<div class=\"elementor-element elementor-element-75e3d5b e-con-full e-flex e-con e-child\" data-id=\"75e3d5b\" data-element_type=\"container\" data-e-type=\"container\">\n\t\t\t\t<div class=\"elementor-element elementor-element-638b25a elementor-widget elementor-widget-text-editor\" data-id=\"638b25a\" data-element_type=\"widget\" data-e-type=\"widget\" data-widget_type=\"text-editor.default\">\n\t\t\t\t\t\t\t\t\t<h4 class=\"has-large-font-size\">Club de ski nordique de Nipissing Ouest<\/h4><p>Pour obtenir des renseignements sur les services et les sentiers, consultez le site Web du\u00a0<a href=\"https:\/\/sfrgc.ca\/\" target=\"_blank\" rel=\"noreferrer noopener\" aria-label=\"undefined (opens in a new tab)\">Club de p\u00eache et de chasse de Sturgeon Falls<\/a>.<\/p><p>Le Club de ski offre la possibilit\u00e9 de faire du ski de fond dans 13 km de sentiers dam\u00e9s et balis\u00e9s ainsi que de la raquette dans 12 km de pistes de neige compact\u00e9e sur le terrain du Club de p\u00eache et de chasse. Le chalet du Club est chauff\u00e9 et situ\u00e9 \u00e0 environ 4 km au nord de la route transcanadienne 17.<br \/><em><br \/>404, chemin Lac Clair, Sturgeon Falls, ON<\/em><\/p>\t\t\t\t\t\t\t\t<\/div>\n\t\t\t\t<\/div>\n\t\t\t\t<\/div>\n\t\t<div class=\"elementor-element elementor-element-fd0a6e5 e-con-full e-flex e-con e-parent\" data-id=\"fd0a6e5\" data-element_type=\"container\" data-e-type=\"container\">\n\t\t<div class=\"elementor-element elementor-element-0d656c8 e-con-full e-flex e-con e-child\" data-id=\"0d656c8\" data-element_type=\"container\" data-e-type=\"container\">\n\t\t\t\t<div class=\"elementor-element elementor-element-f08e6f1 elementor-widget elementor-widget-text-editor\" data-id=\"f08e6f1\" data-element_type=\"widget\" data-e-type=\"widget\" data-widget_type=\"text-editor.default\">\n\t\t\t\t\t\t\t\t\t<h4>Sentiers au Mus\u00e9e Sturgeon River House<\/h4><p>Le <a href=\"https:\/\/www.westnipissing.ca\/fr\/culture-loisirs\/musee-sturgeon-river-house\/\">Mus\u00e9e Sturgeon River House<\/a> vous offre un sentier de randonn\u00e9e p\u00e9destre ou \u00e0 raquette d\u2019un kilom\u00e8tre avec une vue du pittoresque lac Nipissing.<\/p><p><em>250 chemin Fort Road, Sturgeon Falls, ON<\/em><\/p><p><strong>Frais<\/strong><br \/>Acc\u00e8s aux pistes \u2013 gratuit<\/p><p>* Le Mus\u00e9e Sturgeon River House est ferm\u00e9 jusqu\u2019\u00e0 nouvel ordre. Les sentiers sont ouverts pour des promenades. Veuillez \u00eatre attentif aux autres randonneurs et maintenir une distance physique.<\/p>\t\t\t\t\t\t\t\t<\/div>\n\t\t\t\t<\/div>\n\t\t<div data-dce-background-image-url=\"https:\/\/westnipissing.ca\/wp-content\/uploads\/2025\/04\/Winter-Family-Snow-Angels-1024x678-1.jpg\" class=\"elementor-element elementor-element-4790283 e-con-full e-flex e-con e-child\" data-id=\"4790283\" data-element_type=\"container\" data-e-type=\"container\" data-settings=\"{&quot;background_background&quot;:&quot;classic&quot;,&quot;background_motion_fx_motion_fx_scrolling&quot;:&quot;yes&quot;,&quot;background_motion_fx_translateY_effect&quot;:&quot;yes&quot;,&quot;background_motion_fx_translateY_speed&quot;:{&quot;unit&quot;:&quot;px&quot;,&quot;size&quot;:4,&quot;sizes&quot;:[]},&quot;background_motion_fx_translateY_affectedRange&quot;:{&quot;unit&quot;:&quot;%&quot;,&quot;size&quot;:&quot;&quot;,&quot;sizes&quot;:{&quot;start&quot;:0,&quot;end&quot;:100}},&quot;background_motion_fx_devices&quot;:[&quot;desktop&quot;,&quot;tablet_extra&quot;,&quot;tablet&quot;,&quot;mobile&quot;]}\">\n\t\t\t\t<\/div>\n\t\t\t\t<\/div>\n\t\t<div class=\"elementor-element elementor-element-36d0c58 e-con-full e-flex e-con e-parent\" data-id=\"36d0c58\" data-element_type=\"container\" data-e-type=\"container\">\n\t\t<div data-dce-background-image-url=\"https:\/\/westnipissing.ca\/wp-content\/uploads\/2025\/04\/DSC_1358-winter-promo-Skidoo-1024x683-1.jpg\" class=\"elementor-element elementor-element-43e36b8 e-con-full e-flex e-con e-child\" data-id=\"43e36b8\" data-element_type=\"container\" data-e-type=\"container\" data-settings=\"{&quot;background_background&quot;:&quot;classic&quot;,&quot;background_motion_fx_motion_fx_scrolling&quot;:&quot;yes&quot;,&quot;background_motion_fx_translateY_effect&quot;:&quot;yes&quot;,&quot;background_motion_fx_translateY_speed&quot;:{&quot;unit&quot;:&quot;px&quot;,&quot;size&quot;:4,&quot;sizes&quot;:[]},&quot;background_motion_fx_translateY_affectedRange&quot;:{&quot;unit&quot;:&quot;%&quot;,&quot;size&quot;:&quot;&quot;,&quot;sizes&quot;:{&quot;start&quot;:0,&quot;end&quot;:100}},&quot;background_motion_fx_devices&quot;:[&quot;desktop&quot;,&quot;tablet_extra&quot;,&quot;tablet&quot;,&quot;mobile&quot;]}\">\n\t\t\t\t<\/div>\n\t\t<div class=\"elementor-element elementor-element-2f6122b e-con-full e-flex e-con e-child\" data-id=\"2f6122b\" data-element_type=\"container\" data-e-type=\"container\">\n\t\t\t\t<div class=\"elementor-element elementor-element-716b9c3 elementor-widget elementor-widget-text-editor\" data-id=\"716b9c3\" data-element_type=\"widget\" data-e-type=\"widget\" data-widget_type=\"text-editor.default\">\n\t\t\t\t\t\t\t\t\t<h4 class=\"has-large-font-size\">Motoneige<\/h4><p>Pour obtenir des nouvelles et des renseignements sur les sentiers, consultez la\u00a0<a href=\"https:\/\/www.facebook.com\/Westnipissingsnowmobileclub\">page Facebook du Club de motoneige de Nipissing Ouest.<\/a><\/p><p>Situ\u00e9 dans le district 11 de la F\u00e9d\u00e9ration des clubs de motoneige de l\u2019Ontario (OFSC), le Club de motoneige de Nipissing Ouest pr\u00e9pare et maintien quelque 330 km de pistes qui relient notre communaut\u00e9 aux r\u00e9seaux de sentiers provinciaux de Sudbury, de Temagami, de la Rivi\u00e8re des Fran\u00e7ais et de la fronti\u00e8re Temiskaming\/Qu\u00e9bec.<br \/><br \/>Procurez-vous un permis de sentier sur le site Web de la\u00a0<a href=\"https:\/\/www.ofsc.on.ca\/\" target=\"_blank\" rel=\"noreferrer noopener\" aria-label=\"undefined (opens in a new tab)\">F\u00e9d\u00e9ration des clubs de motoneige de l\u2019Ontario<\/a>\u00a0et faites des aventures dans notre communaut\u00e9 cet hiver.<\/p>\t\t\t\t\t\t\t\t<\/div>\n\t\t\t\t<\/div>\n\t\t\t\t<\/div>\n\t\t\t\t<\/div>\n\t\t","protected":false},"excerpt":{"rendered":"<p>Profitez de la beaut\u00e9 naturelle de notre communaut\u00e9 toute l\u2019ann\u00e9e. Faites du ski de fond dans les magnifiques sentiers dam\u00e9s du Club de ski nordique de Nipissing Ouest ou explorez [&hellip;]<\/p>\n","protected":false},"author":4,"featured_media":24009,"parent":777,"menu_order":4,"comment_status":"closed","ping_status":"closed","template":"elementor_theme","meta":{"_acf_changed":false,"_searchwp_excluded":"","footnotes":""},"class_list":["post-783","page","type-page","status-publish","has-post-thumbnail","hentry"],"acf":[],"yoast_head":"<!-- This site is optimized with the Yoast SEO Premium plugin v27.4 (Yoast SEO v27.4) - https:\/\/yoast.com\/product\/yoast-seo-premium-wordpress\/ -->\n<title>Activit\u00e9s hivernales - West Nipissing Ouest<\/title>\n<meta name=\"robots\" content=\"index, follow, max-snippet:-1, max-image-preview:large, max-video-preview:-1\" \/>\n<link rel=\"canonical\" href=\"https:\/\/www.westnipissing.ca\/fr\/culture-loisirs\/en-plein-air\/activites-hivernales\/\" \/>\n<meta property=\"og:locale\" content=\"fr_FR\" \/>\n<meta property=\"og:type\" content=\"article\" \/>\n<meta property=\"og:title\" content=\"Activit\u00e9s hivernales\" \/>\n<meta property=\"og:description\" content=\"Profitez de la beaut\u00e9 naturelle de notre communaut\u00e9 toute l\u2019ann\u00e9e. Faites du ski de fond dans les magnifiques sentiers dam\u00e9s du Club de ski nordique de Nipissing Ouest ou explorez [&hellip;]\" \/>\n<meta property=\"og:url\" content=\"https:\/\/www.westnipissing.ca\/fr\/culture-loisirs\/en-plein-air\/activites-hivernales\/\" \/>\n<meta property=\"og:site_name\" content=\"West Nipissing Ouest\" \/>\n<meta property=\"article:publisher\" content=\"https:\/\/www.facebook.com\/MunicipalityofWestNipissing\/\" \/>\n<meta property=\"article:modified_time\" content=\"2025-08-27T19:49:28+00:00\" \/>\n<meta property=\"og:image\" content=\"https:\/\/www.westnipissing.ca\/wp-content\/uploads\/2022\/01\/Landing-page-overlay-outdoor-skating.png\" \/>\n\t<meta property=\"og:image:width\" content=\"1600\" \/>\n\t<meta property=\"og:image:height\" content=\"800\" \/>\n\t<meta property=\"og:image:type\" content=\"image\/png\" \/>\n<meta name=\"twitter:card\" content=\"summary_large_image\" \/>\n<meta name=\"twitter:site\" content=\"@West_Nipissing\" \/>\n<meta name=\"twitter:label1\" content=\"Dur\u00e9e de lecture estim\u00e9e\" \/>\n\t<meta name=\"twitter:data1\" content=\"3 minutes\" \/>\n<script type=\"application\/ld+json\" class=\"yoast-schema-graph\">{\"@context\":\"https:\\\/\\\/schema.org\",\"@graph\":[{\"@type\":\"WebPage\",\"@id\":\"https:\\\/\\\/www.westnipissing.ca\\\/fr\\\/culture-loisirs\\\/en-plein-air\\\/activites-hivernales\\\/\",\"url\":\"https:\\\/\\\/www.westnipissing.ca\\\/fr\\\/culture-loisirs\\\/en-plein-air\\\/activites-hivernales\\\/\",\"name\":\"Activit\u00e9s hivernales - West Nipissing Ouest\",\"isPartOf\":{\"@id\":\"https:\\\/\\\/www.westnipissing.ca\\\/fr\\\/#website\"},\"primaryImageOfPage\":{\"@id\":\"https:\\\/\\\/www.westnipissing.ca\\\/fr\\\/culture-loisirs\\\/en-plein-air\\\/activites-hivernales\\\/#primaryimage\"},\"image\":{\"@id\":\"https:\\\/\\\/www.westnipissing.ca\\\/fr\\\/culture-loisirs\\\/en-plein-air\\\/activites-hivernales\\\/#primaryimage\"},\"thumbnailUrl\":\"https:\\\/\\\/www.westnipissing.ca\\\/wp-content\\\/uploads\\\/2022\\\/01\\\/Landing-page-overlay-outdoor-skating.png\",\"datePublished\":\"2020-02-04T20:22:36+00:00\",\"dateModified\":\"2025-08-27T19:49:28+00:00\",\"breadcrumb\":{\"@id\":\"https:\\\/\\\/www.westnipissing.ca\\\/fr\\\/culture-loisirs\\\/en-plein-air\\\/activites-hivernales\\\/#breadcrumb\"},\"inLanguage\":\"fr-FR\",\"potentialAction\":[{\"@type\":\"ReadAction\",\"target\":[\"https:\\\/\\\/www.westnipissing.ca\\\/fr\\\/culture-loisirs\\\/en-plein-air\\\/activites-hivernales\\\/\"]}]},{\"@type\":\"ImageObject\",\"inLanguage\":\"fr-FR\",\"@id\":\"https:\\\/\\\/www.westnipissing.ca\\\/fr\\\/culture-loisirs\\\/en-plein-air\\\/activites-hivernales\\\/#primaryimage\",\"url\":\"https:\\\/\\\/www.westnipissing.ca\\\/wp-content\\\/uploads\\\/2022\\\/01\\\/Landing-page-overlay-outdoor-skating.png\",\"contentUrl\":\"https:\\\/\\\/www.westnipissing.ca\\\/wp-content\\\/uploads\\\/2022\\\/01\\\/Landing-page-overlay-outdoor-skating.png\",\"width\":1600,\"height\":800,\"caption\":\"Image of white skates on an ice surface\"},{\"@type\":\"BreadcrumbList\",\"@id\":\"https:\\\/\\\/www.westnipissing.ca\\\/fr\\\/culture-loisirs\\\/en-plein-air\\\/activites-hivernales\\\/#breadcrumb\",\"itemListElement\":[{\"@type\":\"ListItem\",\"position\":1,\"name\":\"Home\",\"item\":\"https:\\\/\\\/www.westnipissing.ca\\\/fr\\\/\"},{\"@type\":\"ListItem\",\"position\":2,\"name\":\"Culture et loisirs\",\"item\":\"https:\\\/\\\/www.westnipissing.ca\\\/fr\\\/culture-loisirs\\\/\"},{\"@type\":\"ListItem\",\"position\":3,\"name\":\"En plein air\",\"item\":\"https:\\\/\\\/www.westnipissing.ca\\\/fr\\\/culture-loisirs\\\/en-plein-air\\\/\"},{\"@type\":\"ListItem\",\"position\":4,\"name\":\"Activit\u00e9s hivernales\"}]},{\"@type\":\"WebSite\",\"@id\":\"https:\\\/\\\/www.westnipissing.ca\\\/fr\\\/#website\",\"url\":\"https:\\\/\\\/www.westnipissing.ca\\\/fr\\\/\",\"name\":\"West Nipissing Ouest\",\"description\":\"Find your Joie de vivre in West Nipissing.\",\"publisher\":{\"@id\":\"https:\\\/\\\/www.westnipissing.ca\\\/fr\\\/#organization\"},\"potentialAction\":[{\"@type\":\"SearchAction\",\"target\":{\"@type\":\"EntryPoint\",\"urlTemplate\":\"https:\\\/\\\/www.westnipissing.ca\\\/fr\\\/?s={search_term_string}\"},\"query-input\":{\"@type\":\"PropertyValueSpecification\",\"valueRequired\":true,\"valueName\":\"search_term_string\"}}],\"inLanguage\":\"fr-FR\"},{\"@type\":\"Organization\",\"@id\":\"https:\\\/\\\/www.westnipissing.ca\\\/fr\\\/#organization\",\"name\":\"West Nipissing Ouest\",\"url\":\"https:\\\/\\\/www.westnipissing.ca\\\/fr\\\/\",\"logo\":{\"@type\":\"ImageObject\",\"inLanguage\":\"fr-FR\",\"@id\":\"https:\\\/\\\/www.westnipissing.ca\\\/fr\\\/#\\\/schema\\\/logo\\\/image\\\/\",\"url\":\"https:\\\/\\\/www.westnipissing.ca\\\/wp-content\\\/uploads\\\/2024\\\/04\\\/site-logo.png\",\"contentUrl\":\"https:\\\/\\\/www.westnipissing.ca\\\/wp-content\\\/uploads\\\/2024\\\/04\\\/site-logo.png\",\"width\":700,\"height\":225,\"caption\":\"West Nipissing Ouest\"},\"image\":{\"@id\":\"https:\\\/\\\/www.westnipissing.ca\\\/fr\\\/#\\\/schema\\\/logo\\\/image\\\/\"},\"sameAs\":[\"https:\\\/\\\/www.facebook.com\\\/MunicipalityofWestNipissing\\\/\",\"https:\\\/\\\/x.com\\\/West_Nipissing\",\"https:\\\/\\\/www.youtube.com\\\/channel\\\/UCG6HWMXnA-RBiH-UdZVClHg\"],\"description\":\"Municipality of West Nipissing\",\"email\":\"info@westnipissing.ca\",\"telephone\":\"705-753-2250\",\"legalName\":\"Municipality of West Nipissing\"}]}<\/script>\n<!-- \/ Yoast SEO Premium plugin. -->","yoast_head_json":{"title":"Activit\u00e9s hivernales - West Nipissing Ouest","robots":{"index":"index","follow":"follow","max-snippet":"max-snippet:-1","max-image-preview":"max-image-preview:large","max-video-preview":"max-video-preview:-1"},"canonical":"https:\/\/www.westnipissing.ca\/fr\/culture-loisirs\/en-plein-air\/activites-hivernales\/","og_locale":"fr_FR","og_type":"article","og_title":"Activit\u00e9s hivernales","og_description":"Profitez de la beaut\u00e9 naturelle de notre communaut\u00e9 toute l\u2019ann\u00e9e. Faites du ski de fond dans les magnifiques sentiers dam\u00e9s du Club de ski nordique de Nipissing Ouest ou explorez [&hellip;]","og_url":"https:\/\/www.westnipissing.ca\/fr\/culture-loisirs\/en-plein-air\/activites-hivernales\/","og_site_name":"West Nipissing Ouest","article_publisher":"https:\/\/www.facebook.com\/MunicipalityofWestNipissing\/","article_modified_time":"2025-08-27T19:49:28+00:00","og_image":[{"width":1600,"height":800,"url":"https:\/\/www.westnipissing.ca\/wp-content\/uploads\/2022\/01\/Landing-page-overlay-outdoor-skating.png","type":"image\/png"}],"twitter_card":"summary_large_image","twitter_site":"@West_Nipissing","twitter_misc":{"Dur\u00e9e de lecture estim\u00e9e":"3 minutes"},"schema":{"@context":"https:\/\/schema.org","@graph":[{"@type":"WebPage","@id":"https:\/\/www.westnipissing.ca\/fr\/culture-loisirs\/en-plein-air\/activites-hivernales\/","url":"https:\/\/www.westnipissing.ca\/fr\/culture-loisirs\/en-plein-air\/activites-hivernales\/","name":"Activit\u00e9s hivernales - West Nipissing Ouest","isPartOf":{"@id":"https:\/\/www.westnipissing.ca\/fr\/#website"},"primaryImageOfPage":{"@id":"https:\/\/www.westnipissing.ca\/fr\/culture-loisirs\/en-plein-air\/activites-hivernales\/#primaryimage"},"image":{"@id":"https:\/\/www.westnipissing.ca\/fr\/culture-loisirs\/en-plein-air\/activites-hivernales\/#primaryimage"},"thumbnailUrl":"https:\/\/www.westnipissing.ca\/wp-content\/uploads\/2022\/01\/Landing-page-overlay-outdoor-skating.png","datePublished":"2020-02-04T20:22:36+00:00","dateModified":"2025-08-27T19:49:28+00:00","breadcrumb":{"@id":"https:\/\/www.westnipissing.ca\/fr\/culture-loisirs\/en-plein-air\/activites-hivernales\/#breadcrumb"},"inLanguage":"fr-FR","potentialAction":[{"@type":"ReadAction","target":["https:\/\/www.westnipissing.ca\/fr\/culture-loisirs\/en-plein-air\/activites-hivernales\/"]}]},{"@type":"ImageObject","inLanguage":"fr-FR","@id":"https:\/\/www.westnipissing.ca\/fr\/culture-loisirs\/en-plein-air\/activites-hivernales\/#primaryimage","url":"https:\/\/www.westnipissing.ca\/wp-content\/uploads\/2022\/01\/Landing-page-overlay-outdoor-skating.png","contentUrl":"https:\/\/www.westnipissing.ca\/wp-content\/uploads\/2022\/01\/Landing-page-overlay-outdoor-skating.png","width":1600,"height":800,"caption":"Image of white skates on an ice surface"},{"@type":"BreadcrumbList","@id":"https:\/\/www.westnipissing.ca\/fr\/culture-loisirs\/en-plein-air\/activites-hivernales\/#breadcrumb","itemListElement":[{"@type":"ListItem","position":1,"name":"Home","item":"https:\/\/www.westnipissing.ca\/fr\/"},{"@type":"ListItem","position":2,"name":"Culture et loisirs","item":"https:\/\/www.westnipissing.ca\/fr\/culture-loisirs\/"},{"@type":"ListItem","position":3,"name":"En plein air","item":"https:\/\/www.westnipissing.ca\/fr\/culture-loisirs\/en-plein-air\/"},{"@type":"ListItem","position":4,"name":"Activit\u00e9s hivernales"}]},{"@type":"WebSite","@id":"https:\/\/www.westnipissing.ca\/fr\/#website","url":"https:\/\/www.westnipissing.ca\/fr\/","name":"West Nipissing Ouest","description":"Find your Joie de vivre in West Nipissing.","publisher":{"@id":"https:\/\/www.westnipissing.ca\/fr\/#organization"},"potentialAction":[{"@type":"SearchAction","target":{"@type":"EntryPoint","urlTemplate":"https:\/\/www.westnipissing.ca\/fr\/?s={search_term_string}"},"query-input":{"@type":"PropertyValueSpecification","valueRequired":true,"valueName":"search_term_string"}}],"inLanguage":"fr-FR"},{"@type":"Organization","@id":"https:\/\/www.westnipissing.ca\/fr\/#organization","name":"West Nipissing Ouest","url":"https:\/\/www.westnipissing.ca\/fr\/","logo":{"@type":"ImageObject","inLanguage":"fr-FR","@id":"https:\/\/www.westnipissing.ca\/fr\/#\/schema\/logo\/image\/","url":"https:\/\/www.westnipissing.ca\/wp-content\/uploads\/2024\/04\/site-logo.png","contentUrl":"https:\/\/www.westnipissing.ca\/wp-content\/uploads\/2024\/04\/site-logo.png","width":700,"height":225,"caption":"West Nipissing Ouest"},"image":{"@id":"https:\/\/www.westnipissing.ca\/fr\/#\/schema\/logo\/image\/"},"sameAs":["https:\/\/www.facebook.com\/MunicipalityofWestNipissing\/","https:\/\/x.com\/West_Nipissing","https:\/\/www.youtube.com\/channel\/UCG6HWMXnA-RBiH-UdZVClHg"],"description":"Municipality of West Nipissing","email":"info@westnipissing.ca","telephone":"705-753-2250","legalName":"Municipality of West Nipissing"}]}},"publishpress_future_action":{"enabled":false,"date":"2026-04-24 09:09:39","action":"change-status","newStatus":"draft","terms":[],"taxonomy":"translation_priority","extraData":[]},"publishpress_future_workflow_manual_trigger":{"enabledWorkflows":[]},"_links":{"self":[{"href":"https:\/\/www.westnipissing.ca\/fr\/wp-json\/wp\/v2\/pages\/783","targetHints":{"allow":["GET"]}}],"collection":[{"href":"https:\/\/www.westnipissing.ca\/fr\/wp-json\/wp\/v2\/pages"}],"about":[{"href":"https:\/\/www.westnipissing.ca\/fr\/wp-json\/wp\/v2\/types\/page"}],"author":[{"embeddable":true,"href":"https:\/\/www.westnipissing.ca\/fr\/wp-json\/wp\/v2\/users\/4"}],"replies":[{"embeddable":true,"href":"https:\/\/www.westnipissing.ca\/fr\/wp-json\/wp\/v2\/comments?post=783"}],"version-history":[{"count":0,"href":"https:\/\/www.westnipissing.ca\/fr\/wp-json\/wp\/v2\/pages\/783\/revisions"}],"up":[{"embeddable":true,"href":"https:\/\/www.westnipissing.ca\/fr\/wp-json\/wp\/v2\/pages\/777"}],"wp:featuredmedia":[{"embeddable":true,"href":"https:\/\/www.westnipissing.ca\/fr\/wp-json\/wp\/v2\/media\/24009"}],"wp:attachment":[{"href":"https:\/\/www.westnipissing.ca\/fr\/wp-json\/wp\/v2\/media?parent=783"}],"curies":[{"name":"wp","href":"https:\/\/api.w.org\/{rel}","templated":true}]}}