{"id":785,"date":"2020-02-04T15:23:28","date_gmt":"2020-02-04T20:23:28","guid":{"rendered":"http:\/\/westnipissing.ca\/?page_id=785"},"modified":"2025-11-14T13:10:40","modified_gmt":"2025-11-14T18:10:40","slug":"activites-dete","status":"publish","type":"page","link":"https:\/\/www.westnipissing.ca\/fr\/culture-loisirs\/en-plein-air\/activites-dete\/","title":{"rendered":"Activit\u00e9s d\u2019\u00e9t\u00e9"},"content":{"rendered":"\t\t<div data-elementor-type=\"wp-page\" data-elementor-id=\"785\" class=\"elementor elementor-785 elementor-579\" data-elementor-post-type=\"page\">\n\t\t\t\t<div class=\"elementor-element elementor-element-4d93f74 e-flex e-con-boxed e-con e-parent\" data-id=\"4d93f74\" data-element_type=\"container\" data-e-type=\"container\">\n\t\t\t\t\t<div class=\"e-con-inner\">\n\t\t\t\t<div class=\"elementor-element elementor-element-94a277e elementor-widget elementor-widget-heading\" data-id=\"94a277e\" data-element_type=\"widget\" data-e-type=\"widget\" data-widget_type=\"heading.default\">\n\t\t\t\t\t<h2 class=\"elementor-heading-title elementor-size-default\">Profitez pleinement de l\u2019\u00e9t\u00e9 \u00e0 Nipissing Ouest.<\/h2>\t\t\t\t<\/div>\n\t\t\t\t<div class=\"elementor-element elementor-element-3022b5d elementor-widget elementor-widget-text-editor\" data-id=\"3022b5d\" data-element_type=\"widget\" data-e-type=\"widget\" data-widget_type=\"text-editor.default\">\n\t\t\t\t\t\t\t\t\t<div class=\"wp-block-column is-layout-flow wp-block-column-is-layout-flow\">\n<p class=\"has-text-align-center\">Faites une baignade \u00e0 la plage, ou \u00e0 la piscine municipale, qui comprend aussi un bain tourbillon et un sauna. D\u00e9couvrez la p\u00eache et la chasse dans le Nipissing Ouest. Mordu du plein air? Faites du camping et passez la nuit sous les \u00e9toiles dans notre Municipalit\u00e9.<\/p>\n<\/div>\t\t\t\t\t\t\t\t<\/div>\n\t\t\t\t\t<\/div>\n\t\t\t\t<\/div>\n\t\t<div class=\"elementor-element elementor-element-b9e594f e-con-full e-flex e-con e-parent\" data-id=\"b9e594f\" data-element_type=\"container\" data-e-type=\"container\">\n\t\t<div data-dce-background-image-url=\"https:\/\/westnipissing.ca\/wp-content\/uploads\/2025\/04\/AdobeStock_206873721-scaled-1.jpeg\" class=\"elementor-element elementor-element-e818134 e-con-full e-flex e-con e-child\" data-id=\"e818134\" data-element_type=\"container\" data-e-type=\"container\" data-settings=\"{&quot;background_background&quot;:&quot;classic&quot;,&quot;background_motion_fx_motion_fx_scrolling&quot;:&quot;yes&quot;,&quot;background_motion_fx_translateY_effect&quot;:&quot;yes&quot;,&quot;background_motion_fx_translateY_speed&quot;:{&quot;unit&quot;:&quot;px&quot;,&quot;size&quot;:4,&quot;sizes&quot;:[]},&quot;background_motion_fx_translateY_affectedRange&quot;:{&quot;unit&quot;:&quot;%&quot;,&quot;size&quot;:&quot;&quot;,&quot;sizes&quot;:{&quot;start&quot;:0,&quot;end&quot;:100}},&quot;background_motion_fx_devices&quot;:[&quot;desktop&quot;,&quot;tablet_extra&quot;,&quot;tablet&quot;,&quot;mobile&quot;]}\">\n\t\t\t\t<\/div>\n\t\t<div class=\"elementor-element elementor-element-7ea9125 e-con-full e-flex e-con e-child\" data-id=\"7ea9125\" data-element_type=\"container\" data-e-type=\"container\">\n\t\t\t\t<div class=\"elementor-element elementor-element-a233366 elementor-widget elementor-widget-text-editor\" data-id=\"a233366\" data-element_type=\"widget\" data-e-type=\"widget\" data-widget_type=\"text-editor.default\">\n\t\t\t\t\t\t\t\t\t<h4 class=\"has-large-font-size\">Rafra\u00eechissez-vous \u00e0 un parc de jets d\u2019eau ou une plage publique.<\/h4>\n<p><a href=\"https:\/\/www.westnipissing.ca\/fr\/culture-loisirs\/plages-et-quaies\/\">Plages et quaies<\/a><\/p>\n<p><a href=\"https:\/\/www.westnipissing.ca\/fr\/culture-loisirs\/parcs-et-terrains-de-jeux\/\">Parcs et terrains de jeux<\/a><\/p>\n<p><a href=\"https:\/\/www.westnipissing.ca\/fr\/culture-loisirs\/piscine-et-sante-physique\/\">Piscine et sant\u00e9 physique<\/a><\/p>\n<p><a href=\"https:\/\/www.westnipissing.ca\/fr\/culture-loisirs\/en-plein-air\/chasse-peche-et-nature\/\">Chasse, p\u00eache et nature<\/a><\/p>\n<p><a href=\"https:\/\/www.westnipissing.ca\/fr\/culture-loisirs\/visiteurs\/\">H\u00e9bergements et Restaurants<\/a><\/p>\t\t\t\t\t\t\t\t<\/div>\n\t\t\t\t<\/div>\n\t\t\t\t<\/div>\n\t\t<div class=\"elementor-element elementor-element-37d0cb9 e-con-full e-flex e-con e-parent\" data-id=\"37d0cb9\" data-element_type=\"container\" data-e-type=\"container\">\n\t\t<div class=\"elementor-element elementor-element-ead6190 e-con-full e-flex e-con e-child\" data-id=\"ead6190\" data-element_type=\"container\" data-e-type=\"container\">\n\t\t\t\t<div class=\"elementor-element elementor-element-9b9d508 elementor-widget elementor-widget-text-editor\" data-id=\"9b9d508\" data-element_type=\"widget\" data-e-type=\"widget\" data-widget_type=\"text-editor.default\">\n\t\t\t\t\t\t\t\t\t<h4 class=\"has-large-font-size\">Cyclisme<\/h4>\n<p>La V\u00e9loroute Voyageur longe plus de 645 kilom\u00e8tres en Ontario et raccorde 29 communaut\u00e9s de Sudbury \u00e0 Ottawa.<\/p>\n<p>Pour en apprendre davantage, veuillez visiter\u00a0<a href=\"https:\/\/discoveryroutes.ca\/french\/\" target=\"_blank\" rel=\"noreferrer noopener\">Discovery Routes<\/a>.<\/p>\t\t\t\t\t\t\t\t<\/div>\n\t\t\t\t<\/div>\n\t\t<div data-dce-background-image-url=\"https:\/\/westnipissing.ca\/wp-content\/uploads\/2025\/04\/CR_CyclingDiscoveryRoutes-1024x682-1.jpg\" class=\"elementor-element elementor-element-1b236ad e-con-full e-flex e-con e-child\" data-id=\"1b236ad\" data-element_type=\"container\" data-e-type=\"container\" data-settings=\"{&quot;background_background&quot;:&quot;classic&quot;,&quot;background_motion_fx_motion_fx_scrolling&quot;:&quot;yes&quot;,&quot;background_motion_fx_translateY_effect&quot;:&quot;yes&quot;,&quot;background_motion_fx_translateY_speed&quot;:{&quot;unit&quot;:&quot;px&quot;,&quot;size&quot;:4,&quot;sizes&quot;:[]},&quot;background_motion_fx_translateY_affectedRange&quot;:{&quot;unit&quot;:&quot;%&quot;,&quot;size&quot;:&quot;&quot;,&quot;sizes&quot;:{&quot;start&quot;:0,&quot;end&quot;:100}},&quot;background_motion_fx_devices&quot;:[&quot;desktop&quot;,&quot;tablet_extra&quot;,&quot;tablet&quot;,&quot;mobile&quot;]}\">\n\t\t\t\t<\/div>\n\t\t\t\t<\/div>\n\t\t<div class=\"elementor-element elementor-element-060f351 e-con-full e-flex e-con e-parent\" data-id=\"060f351\" data-element_type=\"container\" data-e-type=\"container\">\n\t\t<div data-dce-background-image-url=\"https:\/\/westnipissing.ca\/wp-content\/uploads\/2025\/04\/WN-02194-1536x1063-1.jpg\" class=\"elementor-element elementor-element-ad9d687 e-con-full e-flex e-con e-child\" data-id=\"ad9d687\" data-element_type=\"container\" data-e-type=\"container\" data-settings=\"{&quot;background_background&quot;:&quot;classic&quot;,&quot;background_motion_fx_motion_fx_scrolling&quot;:&quot;yes&quot;,&quot;background_motion_fx_translateY_effect&quot;:&quot;yes&quot;,&quot;background_motion_fx_translateY_speed&quot;:{&quot;unit&quot;:&quot;px&quot;,&quot;size&quot;:4,&quot;sizes&quot;:[]},&quot;background_motion_fx_translateY_affectedRange&quot;:{&quot;unit&quot;:&quot;%&quot;,&quot;size&quot;:&quot;&quot;,&quot;sizes&quot;:{&quot;start&quot;:0,&quot;end&quot;:100}},&quot;background_motion_fx_devices&quot;:[&quot;desktop&quot;,&quot;tablet_extra&quot;,&quot;tablet&quot;,&quot;mobile&quot;]}\">\n\t\t\t\t<\/div>\n\t\t<div class=\"elementor-element elementor-element-875e4a5 e-con-full e-flex e-con e-child\" data-id=\"875e4a5\" data-element_type=\"container\" data-e-type=\"container\">\n\t\t\t\t<div class=\"elementor-element elementor-element-a86e510 elementor-widget elementor-widget-text-editor\" data-id=\"a86e510\" data-element_type=\"widget\" data-e-type=\"widget\" data-widget_type=\"text-editor.default\">\n\t\t\t\t\t\t\t\t\t<h4 class=\"has-large-font-size\">Golf<\/h4>\n<p><strong>Club de golf Laurentide<br \/><\/strong>Bordant la rivi\u00e8re Sturgeon, le Club de golf Laurentide, terrain \u00e0 18 trous, est reconnu pour ses verts d\u2019agrostide et ses all\u00e9es vallonn\u00e9es de p\u00e2turin. Pour obtenir des renseignements sur le terrain, les frais et les activit\u00e9s, consultez le site Web du Club de golf Laurentide.<br \/><br \/>65, chemin Goulard, Sturgeon Falls, ON P2B 2R7 \u2022 705-753-0983<br \/><a href=\"http:\/\/www.laurentidegolfclub.com\/\" target=\"_blank\" rel=\"noreferrer noopener\" aria-label=\"undefined (opens in a new tab)\">laurentidegolfclub.com<\/a><\/p>\n<p><strong>Club de golf municipal de Verner<br \/><\/strong>Fond\u00e9 en 1968, le Club de golf de Verner veille \u00e0 l\u2019entretien d\u2019un magnifique terrain de golf \u00e0 9 trous qui convient \u00e0 tous les joueurs, peu importe leur niveau de comp\u00e9tence. Pour obtenir des renseignements sur le terrain, les frais et les activit\u00e9s, consultez le site Web du Club de golf de Verner.<br \/><br \/>2, route 575, Verner, ON P0H 2M0 \u2022 705-594-2396<br \/><a href=\"https:\/\/vernergolfclub.com\/\" target=\"_blank\" rel=\"noreferrer noopener\" aria-label=\"undefined (opens in a new tab)\">vernergolfclub.com<\/a><\/p>\t\t\t\t\t\t\t\t<\/div>\n\t\t\t\t<\/div>\n\t\t\t\t<\/div>\n\t\t<div class=\"elementor-element elementor-element-9b1641f e-con-full e-flex e-con e-parent\" data-id=\"9b1641f\" data-element_type=\"container\" data-e-type=\"container\">\n\t\t<div class=\"elementor-element elementor-element-535fe20 e-con-full e-flex e-con e-child\" data-id=\"535fe20\" data-element_type=\"container\" data-e-type=\"container\">\n\t\t\t\t<div class=\"elementor-element elementor-element-98a0c29 elementor-widget elementor-widget-text-editor\" data-id=\"98a0c29\" data-element_type=\"widget\" data-e-type=\"widget\" data-widget_type=\"text-editor.default\">\n\t\t\t\t\t\t\t\t\t<h4 class=\"p1\">VTT et marquage de sentiers<\/h4>\n<p class=\"p1\">Le Club de VTT de Nipissing Ouest encourage la conduite s\u00e9curitaire et responsable de VTT et veille \u00e0 l\u2019am\u00e9nagement et \u00e0 l\u2019identification de sentiers partag\u00e9s dans la Municipalit\u00e9 de Nipissing Ouest et les r\u00e9gions avoisinantes.<\/p>\n<p class=\"p1\">Pour obtenir un compl\u00e9ment d\u2019information et des cartes de sentiers, veuillez consulter le site Web du Club de VTT de Nipissing Ouest.<\/p>\n<p class=\"p1\">C.P. 3375 Sturgeon Falls, ON P2B 3K7<br \/>705-753-2685 ou 705-475-2592<br \/><a href=\"http:\/\/www.wnatvclub.ca\">wnatvclub.ca<\/a><\/p>\t\t\t\t\t\t\t\t<\/div>\n\t\t\t\t<\/div>\n\t\t<div data-dce-background-image-url=\"https:\/\/westnipissing.ca\/wp-content\/uploads\/2025\/04\/dsc_0240atv-1024x731-1.jpg\" class=\"elementor-element elementor-element-6f3d9f5 e-con-full e-flex e-con e-child\" data-id=\"6f3d9f5\" data-element_type=\"container\" data-e-type=\"container\" data-settings=\"{&quot;background_background&quot;:&quot;classic&quot;,&quot;background_motion_fx_motion_fx_scrolling&quot;:&quot;yes&quot;,&quot;background_motion_fx_translateY_effect&quot;:&quot;yes&quot;,&quot;background_motion_fx_translateY_speed&quot;:{&quot;unit&quot;:&quot;px&quot;,&quot;size&quot;:4,&quot;sizes&quot;:[]},&quot;background_motion_fx_translateY_affectedRange&quot;:{&quot;unit&quot;:&quot;%&quot;,&quot;size&quot;:&quot;&quot;,&quot;sizes&quot;:{&quot;start&quot;:0,&quot;end&quot;:100}},&quot;background_motion_fx_devices&quot;:[&quot;desktop&quot;,&quot;tablet_extra&quot;,&quot;tablet&quot;,&quot;mobile&quot;]}\">\n\t\t\t\t<\/div>\n\t\t\t\t<\/div>\n\t\t<div class=\"elementor-element elementor-element-2fc2228 e-con-full e-flex e-con e-parent\" data-id=\"2fc2228\" data-element_type=\"container\" data-e-type=\"container\">\n\t\t<div data-dce-background-image-url=\"https:\/\/westnipissing.ca\/wp-content\/uploads\/2025\/04\/Bird-of-Hope-1536x747-1.jpg\" class=\"elementor-element elementor-element-ddf177e e-con-full e-flex e-con e-child\" data-id=\"ddf177e\" data-element_type=\"container\" data-e-type=\"container\" data-settings=\"{&quot;background_background&quot;:&quot;classic&quot;,&quot;background_motion_fx_motion_fx_scrolling&quot;:&quot;yes&quot;,&quot;background_motion_fx_translateY_effect&quot;:&quot;yes&quot;,&quot;background_motion_fx_translateY_speed&quot;:{&quot;unit&quot;:&quot;px&quot;,&quot;size&quot;:4,&quot;sizes&quot;:[]},&quot;background_motion_fx_translateY_affectedRange&quot;:{&quot;unit&quot;:&quot;%&quot;,&quot;size&quot;:&quot;&quot;,&quot;sizes&quot;:{&quot;start&quot;:0,&quot;end&quot;:100}},&quot;background_motion_fx_devices&quot;:[&quot;desktop&quot;,&quot;tablet_extra&quot;,&quot;tablet&quot;,&quot;mobile&quot;]}\">\n\t\t\t\t<\/div>\n\t\t<div class=\"elementor-element elementor-element-a52cd8a e-con-full e-flex e-con e-child\" data-id=\"a52cd8a\" data-element_type=\"container\" data-e-type=\"container\">\n\t\t\t\t<div class=\"elementor-element elementor-element-001bfcf elementor-widget elementor-widget-text-editor\" data-id=\"001bfcf\" data-element_type=\"widget\" data-e-type=\"widget\" data-widget_type=\"text-editor.default\">\n\t\t\t\t\t\t\t\t\t<h4 class=\"has-large-font-size\">Murales au centre-ville<\/h4>\n<p>Promenez-vous dans les charmantes rues du centre-ville de West Nipissing et d\u00e9couvrez une collection color\u00e9e d\u2019\u0153uvres d\u2019art de divers artistes locaux. Visitez la page de\u00a0<a href=\"https:\/\/www.westnipissing.ca\/fr\/culture-loisirs\/arts-et-culture\/promenade-artistique-au-centre-ville\/\">promenade artistique au centre-ville<\/a>\u00a0pour en savoir plus sur chaque oeuvre et son inspiration.<\/p>\t\t\t\t\t\t\t\t<\/div>\n\t\t\t\t<\/div>\n\t\t\t\t<\/div>\n\t\t\t\t<\/div>\n\t\t","protected":false},"excerpt":{"rendered":"<p>Profitez pleinement de l\u2019\u00e9t\u00e9 \u00e0 Nipissing Ouest. Faites une baignade \u00e0 la plage, ou \u00e0 la piscine municipale, qui comprend aussi un bain tourbillon et un sauna. D\u00e9couvrez la p\u00eache [&hellip;]<\/p>\n","protected":false},"author":4,"featured_media":0,"parent":777,"menu_order":3,"comment_status":"closed","ping_status":"closed","template":"elementor_theme","meta":{"_acf_changed":false,"_searchwp_excluded":"","footnotes":""},"class_list":["post-785","page","type-page","status-publish","hentry"],"acf":[],"yoast_head":"<!-- This site is optimized with the Yoast SEO Premium plugin v27.4 (Yoast SEO v27.4) - https:\/\/yoast.com\/product\/yoast-seo-premium-wordpress\/ -->\n<title>Activit\u00e9s d\u2019\u00e9t\u00e9 - West Nipissing Ouest<\/title>\n<meta name=\"robots\" content=\"index, follow, max-snippet:-1, max-image-preview:large, max-video-preview:-1\" \/>\n<link rel=\"canonical\" href=\"https:\/\/www.westnipissing.ca\/fr\/culture-loisirs\/en-plein-air\/activites-dete\/\" \/>\n<meta property=\"og:locale\" content=\"fr_FR\" \/>\n<meta property=\"og:type\" content=\"article\" \/>\n<meta property=\"og:title\" content=\"Activit\u00e9s d\u2019\u00e9t\u00e9\" \/>\n<meta property=\"og:description\" content=\"Profitez pleinement de l\u2019\u00e9t\u00e9 \u00e0 Nipissing Ouest. Faites une baignade \u00e0 la plage, ou \u00e0 la piscine municipale, qui comprend aussi un bain tourbillon et un sauna. D\u00e9couvrez la p\u00eache [&hellip;]\" \/>\n<meta property=\"og:url\" content=\"https:\/\/www.westnipissing.ca\/fr\/culture-loisirs\/en-plein-air\/activites-dete\/\" \/>\n<meta property=\"og:site_name\" content=\"West Nipissing Ouest\" \/>\n<meta property=\"article:publisher\" content=\"https:\/\/www.facebook.com\/MunicipalityofWestNipissing\/\" \/>\n<meta property=\"article:modified_time\" content=\"2025-11-14T18:10:40+00:00\" \/>\n<meta property=\"og:image\" content=\"https:\/\/www.westnipissing.ca\/wp-content\/uploads\/2026\/01\/WNO-Logo-Full-Colour-Horizontial-Yoast.png\" \/>\n\t<meta property=\"og:image:width\" content=\"1200\" \/>\n\t<meta property=\"og:image:height\" content=\"470\" \/>\n\t<meta property=\"og:image:type\" content=\"image\/png\" \/>\n<meta name=\"twitter:card\" content=\"summary_large_image\" \/>\n<meta name=\"twitter:site\" content=\"@West_Nipissing\" \/>\n<meta name=\"twitter:label1\" content=\"Dur\u00e9e de lecture estim\u00e9e\" \/>\n\t<meta name=\"twitter:data1\" content=\"3 minutes\" \/>\n<script type=\"application\/ld+json\" class=\"yoast-schema-graph\">{\"@context\":\"https:\\\/\\\/schema.org\",\"@graph\":[{\"@type\":\"WebPage\",\"@id\":\"https:\\\/\\\/www.westnipissing.ca\\\/fr\\\/culture-loisirs\\\/en-plein-air\\\/activites-dete\\\/\",\"url\":\"https:\\\/\\\/www.westnipissing.ca\\\/fr\\\/culture-loisirs\\\/en-plein-air\\\/activites-dete\\\/\",\"name\":\"Activit\u00e9s d\u2019\u00e9t\u00e9 - West Nipissing Ouest\",\"isPartOf\":{\"@id\":\"https:\\\/\\\/www.westnipissing.ca\\\/fr\\\/#website\"},\"datePublished\":\"2020-02-04T20:23:28+00:00\",\"dateModified\":\"2025-11-14T18:10:40+00:00\",\"breadcrumb\":{\"@id\":\"https:\\\/\\\/www.westnipissing.ca\\\/fr\\\/culture-loisirs\\\/en-plein-air\\\/activites-dete\\\/#breadcrumb\"},\"inLanguage\":\"fr-FR\",\"potentialAction\":[{\"@type\":\"ReadAction\",\"target\":[\"https:\\\/\\\/www.westnipissing.ca\\\/fr\\\/culture-loisirs\\\/en-plein-air\\\/activites-dete\\\/\"]}]},{\"@type\":\"BreadcrumbList\",\"@id\":\"https:\\\/\\\/www.westnipissing.ca\\\/fr\\\/culture-loisirs\\\/en-plein-air\\\/activites-dete\\\/#breadcrumb\",\"itemListElement\":[{\"@type\":\"ListItem\",\"position\":1,\"name\":\"Home\",\"item\":\"https:\\\/\\\/www.westnipissing.ca\\\/fr\\\/\"},{\"@type\":\"ListItem\",\"position\":2,\"name\":\"Culture et loisirs\",\"item\":\"https:\\\/\\\/www.westnipissing.ca\\\/fr\\\/culture-loisirs\\\/\"},{\"@type\":\"ListItem\",\"position\":3,\"name\":\"En plein air\",\"item\":\"https:\\\/\\\/www.westnipissing.ca\\\/fr\\\/culture-loisirs\\\/en-plein-air\\\/\"},{\"@type\":\"ListItem\",\"position\":4,\"name\":\"Activit\u00e9s d\u2019\u00e9t\u00e9\"}]},{\"@type\":\"WebSite\",\"@id\":\"https:\\\/\\\/www.westnipissing.ca\\\/fr\\\/#website\",\"url\":\"https:\\\/\\\/www.westnipissing.ca\\\/fr\\\/\",\"name\":\"West Nipissing Ouest\",\"description\":\"Find your Joie de vivre in West Nipissing.\",\"publisher\":{\"@id\":\"https:\\\/\\\/www.westnipissing.ca\\\/fr\\\/#organization\"},\"potentialAction\":[{\"@type\":\"SearchAction\",\"target\":{\"@type\":\"EntryPoint\",\"urlTemplate\":\"https:\\\/\\\/www.westnipissing.ca\\\/fr\\\/?s={search_term_string}\"},\"query-input\":{\"@type\":\"PropertyValueSpecification\",\"valueRequired\":true,\"valueName\":\"search_term_string\"}}],\"inLanguage\":\"fr-FR\"},{\"@type\":\"Organization\",\"@id\":\"https:\\\/\\\/www.westnipissing.ca\\\/fr\\\/#organization\",\"name\":\"West Nipissing Ouest\",\"url\":\"https:\\\/\\\/www.westnipissing.ca\\\/fr\\\/\",\"logo\":{\"@type\":\"ImageObject\",\"inLanguage\":\"fr-FR\",\"@id\":\"https:\\\/\\\/www.westnipissing.ca\\\/fr\\\/#\\\/schema\\\/logo\\\/image\\\/\",\"url\":\"https:\\\/\\\/www.westnipissing.ca\\\/wp-content\\\/uploads\\\/2024\\\/04\\\/site-logo.png\",\"contentUrl\":\"https:\\\/\\\/www.westnipissing.ca\\\/wp-content\\\/uploads\\\/2024\\\/04\\\/site-logo.png\",\"width\":700,\"height\":225,\"caption\":\"West Nipissing Ouest\"},\"image\":{\"@id\":\"https:\\\/\\\/www.westnipissing.ca\\\/fr\\\/#\\\/schema\\\/logo\\\/image\\\/\"},\"sameAs\":[\"https:\\\/\\\/www.facebook.com\\\/MunicipalityofWestNipissing\\\/\",\"https:\\\/\\\/x.com\\\/West_Nipissing\",\"https:\\\/\\\/www.youtube.com\\\/channel\\\/UCG6HWMXnA-RBiH-UdZVClHg\"],\"description\":\"Municipality of West Nipissing\",\"email\":\"info@westnipissing.ca\",\"telephone\":\"705-753-2250\",\"legalName\":\"Municipality of West Nipissing\"}]}<\/script>\n<!-- \/ Yoast SEO Premium plugin. -->","yoast_head_json":{"title":"Activit\u00e9s d\u2019\u00e9t\u00e9 - West Nipissing Ouest","robots":{"index":"index","follow":"follow","max-snippet":"max-snippet:-1","max-image-preview":"max-image-preview:large","max-video-preview":"max-video-preview:-1"},"canonical":"https:\/\/www.westnipissing.ca\/fr\/culture-loisirs\/en-plein-air\/activites-dete\/","og_locale":"fr_FR","og_type":"article","og_title":"Activit\u00e9s d\u2019\u00e9t\u00e9","og_description":"Profitez pleinement de l\u2019\u00e9t\u00e9 \u00e0 Nipissing Ouest. Faites une baignade \u00e0 la plage, ou \u00e0 la piscine municipale, qui comprend aussi un bain tourbillon et un sauna. D\u00e9couvrez la p\u00eache [&hellip;]","og_url":"https:\/\/www.westnipissing.ca\/fr\/culture-loisirs\/en-plein-air\/activites-dete\/","og_site_name":"West Nipissing Ouest","article_publisher":"https:\/\/www.facebook.com\/MunicipalityofWestNipissing\/","article_modified_time":"2025-11-14T18:10:40+00:00","og_image":[{"width":1200,"height":470,"url":"https:\/\/www.westnipissing.ca\/wp-content\/uploads\/2026\/01\/WNO-Logo-Full-Colour-Horizontial-Yoast.png","type":"image\/png"}],"twitter_card":"summary_large_image","twitter_site":"@West_Nipissing","twitter_misc":{"Dur\u00e9e de lecture estim\u00e9e":"3 minutes"},"schema":{"@context":"https:\/\/schema.org","@graph":[{"@type":"WebPage","@id":"https:\/\/www.westnipissing.ca\/fr\/culture-loisirs\/en-plein-air\/activites-dete\/","url":"https:\/\/www.westnipissing.ca\/fr\/culture-loisirs\/en-plein-air\/activites-dete\/","name":"Activit\u00e9s d\u2019\u00e9t\u00e9 - West Nipissing Ouest","isPartOf":{"@id":"https:\/\/www.westnipissing.ca\/fr\/#website"},"datePublished":"2020-02-04T20:23:28+00:00","dateModified":"2025-11-14T18:10:40+00:00","breadcrumb":{"@id":"https:\/\/www.westnipissing.ca\/fr\/culture-loisirs\/en-plein-air\/activites-dete\/#breadcrumb"},"inLanguage":"fr-FR","potentialAction":[{"@type":"ReadAction","target":["https:\/\/www.westnipissing.ca\/fr\/culture-loisirs\/en-plein-air\/activites-dete\/"]}]},{"@type":"BreadcrumbList","@id":"https:\/\/www.westnipissing.ca\/fr\/culture-loisirs\/en-plein-air\/activites-dete\/#breadcrumb","itemListElement":[{"@type":"ListItem","position":1,"name":"Home","item":"https:\/\/www.westnipissing.ca\/fr\/"},{"@type":"ListItem","position":2,"name":"Culture et loisirs","item":"https:\/\/www.westnipissing.ca\/fr\/culture-loisirs\/"},{"@type":"ListItem","position":3,"name":"En plein air","item":"https:\/\/www.westnipissing.ca\/fr\/culture-loisirs\/en-plein-air\/"},{"@type":"ListItem","position":4,"name":"Activit\u00e9s d\u2019\u00e9t\u00e9"}]},{"@type":"WebSite","@id":"https:\/\/www.westnipissing.ca\/fr\/#website","url":"https:\/\/www.westnipissing.ca\/fr\/","name":"West Nipissing Ouest","description":"Find your Joie de vivre in West Nipissing.","publisher":{"@id":"https:\/\/www.westnipissing.ca\/fr\/#organization"},"potentialAction":[{"@type":"SearchAction","target":{"@type":"EntryPoint","urlTemplate":"https:\/\/www.westnipissing.ca\/fr\/?s={search_term_string}"},"query-input":{"@type":"PropertyValueSpecification","valueRequired":true,"valueName":"search_term_string"}}],"inLanguage":"fr-FR"},{"@type":"Organization","@id":"https:\/\/www.westnipissing.ca\/fr\/#organization","name":"West Nipissing Ouest","url":"https:\/\/www.westnipissing.ca\/fr\/","logo":{"@type":"ImageObject","inLanguage":"fr-FR","@id":"https:\/\/www.westnipissing.ca\/fr\/#\/schema\/logo\/image\/","url":"https:\/\/www.westnipissing.ca\/wp-content\/uploads\/2024\/04\/site-logo.png","contentUrl":"https:\/\/www.westnipissing.ca\/wp-content\/uploads\/2024\/04\/site-logo.png","width":700,"height":225,"caption":"West Nipissing Ouest"},"image":{"@id":"https:\/\/www.westnipissing.ca\/fr\/#\/schema\/logo\/image\/"},"sameAs":["https:\/\/www.facebook.com\/MunicipalityofWestNipissing\/","https:\/\/x.com\/West_Nipissing","https:\/\/www.youtube.com\/channel\/UCG6HWMXnA-RBiH-UdZVClHg"],"description":"Municipality of West Nipissing","email":"info@westnipissing.ca","telephone":"705-753-2250","legalName":"Municipality of West Nipissing"}]}},"publishpress_future_action":{"enabled":false,"date":"2026-04-25 21:51:05","action":"change-status","newStatus":"draft","terms":[],"taxonomy":"translation_priority","extraData":[]},"publishpress_future_workflow_manual_trigger":{"enabledWorkflows":[]},"_links":{"self":[{"href":"https:\/\/www.westnipissing.ca\/fr\/wp-json\/wp\/v2\/pages\/785","targetHints":{"allow":["GET"]}}],"collection":[{"href":"https:\/\/www.westnipissing.ca\/fr\/wp-json\/wp\/v2\/pages"}],"about":[{"href":"https:\/\/www.westnipissing.ca\/fr\/wp-json\/wp\/v2\/types\/page"}],"author":[{"embeddable":true,"href":"https:\/\/www.westnipissing.ca\/fr\/wp-json\/wp\/v2\/users\/4"}],"replies":[{"embeddable":true,"href":"https:\/\/www.westnipissing.ca\/fr\/wp-json\/wp\/v2\/comments?post=785"}],"version-history":[{"count":0,"href":"https:\/\/www.westnipissing.ca\/fr\/wp-json\/wp\/v2\/pages\/785\/revisions"}],"up":[{"embeddable":true,"href":"https:\/\/www.westnipissing.ca\/fr\/wp-json\/wp\/v2\/pages\/777"}],"wp:attachment":[{"href":"https:\/\/www.westnipissing.ca\/fr\/wp-json\/wp\/v2\/media?parent=785"}],"curies":[{"name":"wp","href":"https:\/\/api.w.org\/{rel}","templated":true}]}}